{"id":34550,"date":"2023-08-24T13:07:42","date_gmt":"2023-08-24T11:07:42","guid":{"rendered":"https:\/\/einheit-bernburg.de\/content\/?page_id=34550"},"modified":"2025-12-16T23:44:07","modified_gmt":"2025-12-16T22:44:07","slug":"kader-u-zielstellung-g-junioren-sv-einheit-bernburg","status":"publish","type":"page","link":"https:\/\/einheit-bernburg.de\/content\/?page_id=34550","title":{"rendered":"Kader u. Zielstellung G-Junioren"},"content":{"rendered":"<h1 class=\"aufm\">Spg. Einheit Bernburg-Eintracht B\/G Pei\u00dfen<\/h1>\n<h3>Bambini Fair-Play &#8211; Liga 2025\/26<\/h3>\n<p><strong>Es tut sich wieder was bei uns &#8211; Wir bieten wieder Bambini-Training an<\/strong><br \/>\nEin Team, das jetzt seit einem Jahr gemeinsam trainiert und bei dem sich inzwischen auch weitere Spieler melden. Stephan R\u00fchlicke hat sich der Mannschaft angenommen, weil er in dieser Altersgruppe jetzt auch seinen j\u00fcngerer Sohn an das Fu\u00dfballspielen heranf\u00fchren m\u00f6chte. Dazu hat sich mit Tobias Bl\u00e4ttermann ein weiterer Vati gefunden, der auch aktiver Fu\u00dfballer ist und\u00a0 sich nun gemeinsam mit &#8222;R\u00fchli&#8220; um die Allerj\u00fcngsten unserer beiden Vereine k\u00fcmmern will.<br \/>\nGesucht werden Kinder haupts\u00e4chlich <strong>ab Jahrgang 2019<\/strong> und j\u00fcnger. Ein Teil dieser Kinder trainiert schon seit der letzten Saison zusammen, nahm aber nicht am Spielbetrieb des KFV Fu\u00dfball teil. Das wird in dieser Saison anders, denn man wird in Turnierform auf viele andere Gegner des Salzlandkreises treffen.<br \/>\n<span style=\"color: #0000ff;\"><strong>Also liebe Eltern, es tut sich wieder etwas in unserer Spielgemeinschaft. Macht Gebrauch von unserem Trainingsangebot und kommt mit Euren Kindern vorbei zum Schnuppern!<\/strong><\/span><\/p>\n<hr \/>\n<div class=\"su-table su-table-alternate\">\n<table style=\"width: 89.658%;height: 408px\">\n<tbody>\n<tr style=\"height: 72px\">\n<td style=\"width: 25%;height: 72px\"><strong>Ansprechpartner<\/strong><\/td>\n<td style=\"width: 74.084%;height: 72px\">Lothar Kral (Jugendleiter &#8211; Einheit)<br \/>\nTel.: 03471 \/ 311868, Mobil: 0162 \/ 435 66 23<br \/>\nPhilipp Krebs (Jugendleiter &#8211; Pei\u00dfen) Mobil: 0173 \/ 695 11 50<\/td>\n<\/tr>\n<tr style=\"height: 120px\">\n<td style=\"width: 25%;height: 120px\"><strong>Trainingszeiten<\/strong><\/td>\n<td style=\"width: 74.084%;height: 120px\">Dienstag: 16:30 Uhr &#8211; 18:00 Uhr Einheit-Sportplatz<br \/>\nDonnerstag: 16:30 Uhr &#8211; 18:00 Uhr Sportplatz &#8211; Pei\u00dfen<\/td>\n<\/tr>\n<tr style=\"height: 72px\">\n<td style=\"width: 25%;height: 72px\"><strong>Hallentraining<\/strong><\/td>\n<td style=\"width: 74.084%;height: 72px\">Dienstag 16:30 Uhr &#8211; 18:00 Uhr\u00a0 Sporthalle Goethe-Schule<br \/>\n14.10.2025 &#8211; 17.03.2026<\/td>\n<\/tr>\n<tr style=\"height: 24px\">\n<td style=\"width: 25%;height: 24px\"><strong>Trainer\u00a0\u00a0\u00a0\u00a0\u00a0\u00a0\u00a0\u00a0\u00a0\u00a0\u00a0\u00a0 Pei\u00dfen<\/strong>\/Einheit<strong><br \/>\n<\/strong><\/td>\n<td style=\"width: 74.084%;height: 24px\"><span lang=\"EN-US\">Stephan R\u00fchlicke\u00a0\u00a0\u00a0\u00a0\u00a0\u00a0\u00a0\u00a0\u00a0\u00a0\u00a0\u00a0\u00a0\u00a0\u00a0\u00a0\u00a0\u00a0\u00a0\u00a0\u00a0\u00a0 Mobil: 0163 &#8211; 554 49 39<\/span><\/td>\n<\/tr>\n<tr style=\"height: 24px\">\n<td style=\"width: 25%;height: 24px\"><strong>Co &#8211; Trainer \u00a0 \u00a0<\/strong> <strong>Pei\u00dfen<\/strong>\/Einheit<strong><br \/>\n<\/strong><\/td>\n<td style=\"width: 74.084%;height: 24px\"><span lang=\"EN-US\">Tobias Bl\u00e4ttermann \u00a0\u00a0\u00a0\u00a0\u00a0\u00a0\u00a0\u00a0\u00a0\u00a0\u00a0\u00a0\u00a0\u00a0\u00a0\u00a0\u00a0 Mobil: 0172 &#8211; 320 40 44<br \/>\n<\/span><\/td>\n<\/tr>\n<tr style=\"height: 48px\">\n<td style=\"width: 25%;height: 48px\"><strong>Zielstellung<\/strong><\/td>\n<td style=\"width: 74.084%;height: 48px\">Den Kindern spielerisch das Fu\u00dfballspielen vermitteln, wobei jederzeit der Spa\u00df im Vordergrund stehen soll und muss. Erstmals Teilnahme am Spielbetrieb<\/td>\n<\/tr>\n<\/tbody>\n<\/table>\n<\/div>\n<hr \/>\n<h3>Kader<\/h3>\n\n<table id=\"tablepress-148\" class=\"tablepress tablepress-id-148\" aria-describedby=\"tablepress-148-description\">\n<thead>\n<tr class=\"row-1 odd\">\n\t<th class=\"column-1\">Name<\/th><th class=\"column-2\">Vorname<\/th><th class=\"column-3\">Jahrgang<\/th><th class=\"column-4\">Herkunft<\/th><th class=\"column-5\"><\/th><th class=\"column-6\"><\/th><th class=\"column-7\"><\/th><th class=\"column-8\"><\/th>\n<\/tr>\n<\/thead>\n<tbody>\n<tr class=\"row-2 even\">\n\t<td class=\"column-1\">Grill<\/td><td class=\"column-2\">Moritz<\/td><td class=\"column-3\">2020<\/td><td class=\"column-4\">SV Einheit<\/td><td class=\"column-5\"><\/td><td class=\"column-6\"><\/td><td class=\"column-7\"><\/td><td class=\"column-8\"><\/td>\n<\/tr>\n<tr class=\"row-3 odd\">\n\t<td class=\"column-1\">Friesen<\/td><td class=\"column-2\">Ben<\/td><td class=\"column-3\">2019<\/td><td class=\"column-4\">SV Einheit<\/td><td class=\"column-5\"><\/td><td class=\"column-6\"><\/td><td class=\"column-7\"><\/td><td class=\"column-8\"><\/td>\n<\/tr>\n<tr class=\"row-4 even\">\n\t<td class=\"column-1\">Jensen<\/td><td class=\"column-2\">Tim<\/td><td class=\"column-3\">2020<\/td><td class=\"column-4\">SV Einheit<\/td><td class=\"column-5\"><\/td><td class=\"column-6\"><\/td><td class=\"column-7\"><\/td><td class=\"column-8\"><\/td>\n<\/tr>\n<tr class=\"row-5 odd\">\n\t<td class=\"column-1\">Homann<\/td><td class=\"column-2\">Luca<\/td><td class=\"column-3\">2020<\/td><td class=\"column-4\">SV Einheit<\/td><td class=\"column-5\"><\/td><td class=\"column-6\"><\/td><td class=\"column-7\"><\/td><td class=\"column-8\"><\/td>\n<\/tr>\n<tr class=\"row-6 even\">\n\t<td class=\"column-1\">Soto<\/td><td class=\"column-2\">Lian Emilio<\/td><td class=\"column-3\">2020<\/td><td class=\"column-4\"><\/td><td class=\"column-5\"><\/td><td class=\"column-6\"><\/td><td class=\"column-7\"><\/td><td class=\"column-8\"><\/td>\n<\/tr>\n<tr class=\"row-7 odd\">\n\t<td class=\"column-1\">Wagner<\/td><td class=\"column-2\">Merle Luisa<\/td><td class=\"column-3\">2020<\/td><td class=\"column-4\">SV Einheit<\/td><td class=\"column-5\"><\/td><td class=\"column-6\"><\/td><td class=\"column-7\"><\/td><td class=\"column-8\"><\/td>\n<\/tr>\n<tr class=\"row-8 even\">\n\t<td class=\"column-1\"><\/td><td class=\"column-2\"><\/td><td class=\"column-3\"><\/td><td class=\"column-4\"><\/td><td class=\"column-5\"><\/td><td class=\"column-6\"><\/td><td class=\"column-7\"><\/td><td class=\"column-8\"><\/td>\n<\/tr>\n<tr class=\"row-9 odd\">\n\t<td class=\"column-1\">Annuseit<\/td><td class=\"column-2\">Maurice<\/td><td class=\"column-3\">2020<\/td><td class=\"column-4\">Eintracht Pei\u00dfen<\/td><td class=\"column-5\"><\/td><td class=\"column-6\"><\/td><td class=\"column-7\"><\/td><td class=\"column-8\"><\/td>\n<\/tr>\n<tr class=\"row-10 even\">\n\t<td class=\"column-1\">Bl\u00e4ttermann<\/td><td class=\"column-2\">Max<\/td><td class=\"column-3\">2020<\/td><td class=\"column-4\">Eintracht Pei\u00dfen<\/td><td class=\"column-5\"><\/td><td class=\"column-6\"><\/td><td class=\"column-7\"><\/td><td class=\"column-8\"><\/td>\n<\/tr>\n<tr class=\"row-11 odd\">\n\t<td class=\"column-1\">B\u00f6rner<\/td><td class=\"column-2\">Theo<\/td><td class=\"column-3\">2020<\/td><td class=\"column-4\">Eintracht Pei\u00dfen<\/td><td class=\"column-5\"><\/td><td class=\"column-6\"><\/td><td class=\"column-7\"><\/td><td class=\"column-8\"><\/td>\n<\/tr>\n<tr class=\"row-12 even\">\n\t<td class=\"column-1\">Matthies<\/td><td class=\"column-2\">Joris<\/td><td class=\"column-3\">2019<\/td><td class=\"column-4\">Eintracht Pei\u00dfen<\/td><td class=\"column-5\"><\/td><td class=\"column-6\"><\/td><td class=\"column-7\"><\/td><td class=\"column-8\"><\/td>\n<\/tr>\n<tr class=\"row-13 odd\">\n\t<td class=\"column-1\">Nowak<\/td><td class=\"column-2\">Hannes<\/td><td class=\"column-3\">2020<\/td><td class=\"column-4\">Eintracht Pei\u00dfen<\/td><td class=\"column-5\"><\/td><td class=\"column-6\"><\/td><td class=\"column-7\"><\/td><td class=\"column-8\"><\/td>\n<\/tr>\n<tr class=\"row-14 even\">\n\t<td class=\"column-1\">Rabitz<\/td><td class=\"column-2\">Fritz<\/td><td class=\"column-3\">2020<\/td><td class=\"column-4\">Eintracht Pei\u00dfen<\/td><td class=\"column-5\"><\/td><td class=\"column-6\"><\/td><td class=\"column-7\"><\/td><td class=\"column-8\"><\/td>\n<\/tr>\n<tr class=\"row-15 odd\">\n\t<td class=\"column-1\">Schulz<\/td><td class=\"column-2\">Karl<\/td><td class=\"column-3\">2019 setzt zurZt .aus<\/td><td class=\"column-4\">SV Einheit \/ setzt aus<\/td><td class=\"column-5\"><\/td><td class=\"column-6\"><\/td><td class=\"column-7\"><\/td><td class=\"column-8\"><\/td>\n<\/tr>\n<tr class=\"row-16 even\">\n\t<td class=\"column-1\">Zengerling<\/td><td class=\"column-2\">Jonah<\/td><td class=\"column-3\">2018<\/td><td class=\"column-4\">Eintracht Pei\u00dfen<\/td><td class=\"column-5\"><\/td><td class=\"column-6\"><\/td><td class=\"column-7\"><\/td><td class=\"column-8\"><\/td>\n<\/tr>\n<\/tbody>\n<\/table>\n<span id=\"tablepress-148-description\" class=\"tablepress-table-description tablepress-table-description-id-148\"><\/span>\n\n","protected":false},"excerpt":{"rendered":"<p>Spg. Einheit Bernburg-Eintracht B\/G Pei\u00dfen Bambini Fair-Play &#8211; Liga 2025\/26 Es tut sich wieder was bei uns &#8211; Wir bieten wieder Bambini-Training an Ein Team, das jetzt seit einem Jahr gemeinsam trainiert und bei dem sich inzwischen auch weitere Spieler melden. Stephan R\u00fchlicke hat sich der Mannschaft angenommen, weil er in dieser Altersgruppe jetzt auch [&hellip;]<\/p>\n","protected":false},"author":3,"featured_media":0,"parent":34548,"menu_order":0,"comment_status":"closed","ping_status":"closed","template":"","meta":{"footnotes":""},"_links":{"self":[{"href":"https:\/\/einheit-bernburg.de\/content\/index.php?rest_route=\/wp\/v2\/pages\/34550"}],"collection":[{"href":"https:\/\/einheit-bernburg.de\/content\/index.php?rest_route=\/wp\/v2\/pages"}],"about":[{"href":"https:\/\/einheit-bernburg.de\/content\/index.php?rest_route=\/wp\/v2\/types\/page"}],"author":[{"embeddable":true,"href":"https:\/\/einheit-bernburg.de\/content\/index.php?rest_route=\/wp\/v2\/users\/3"}],"replies":[{"embeddable":true,"href":"https:\/\/einheit-bernburg.de\/content\/index.php?rest_route=%2Fwp%2Fv2%2Fcomments&post=34550"}],"version-history":[{"count":26,"href":"https:\/\/einheit-bernburg.de\/content\/index.php?rest_route=\/wp\/v2\/pages\/34550\/revisions"}],"predecessor-version":[{"id":43981,"href":"https:\/\/einheit-bernburg.de\/content\/index.php?rest_route=\/wp\/v2\/pages\/34550\/revisions\/43981"}],"up":[{"embeddable":true,"href":"https:\/\/einheit-bernburg.de\/content\/index.php?rest_route=\/wp\/v2\/pages\/34548"}],"wp:attachment":[{"href":"https:\/\/einheit-bernburg.de\/content\/index.php?rest_route=%2Fwp%2Fv2%2Fmedia&parent=34550"}],"curies":[{"name":"wp","href":"https:\/\/api.w.org\/{rel}","templated":true}]}}