{"id":3524,"date":"2016-07-27T13:12:03","date_gmt":"2016-07-27T11:12:03","guid":{"rendered":"http:\/\/einheit-bernburg.de\/content\/?page_id=3524"},"modified":"2016-07-27T13:12:03","modified_gmt":"2016-07-27T11:12:03","slug":"archiv-kader-u-zielstellung-d1-junioren-201516","status":"publish","type":"page","link":"https:\/\/einheit-bernburg.de\/content\/?page_id=3524","title":{"rendered":"Archiv Kader u. Zielstellung D1-Junioren 2015\/16"},"content":{"rendered":"<h1>TV Askania Bernburg<\/h1>\n<h3>Verbands-Talentliga S\u00fcd \u2013 2015\/16<\/h3>\n<p>War es im ersten Jahr Talenteliga noch die komplette Einheit D &#8211; Junioren des Jahrgangs 2004 als Team der KOOP, die diese neue Form der Talentf\u00f6rderung auf den Weg brachte, kommt man in diesem Spieljahr dem Auftrag dieses Vorhabens schon sehr viel n\u00e4her. Immerhin kommen die Spieler dieser Mannschaft jetzt aus mehreren Vereinen, wie Askania und Einheit Bernburg, K\u00f6then, Baalberge, K\u00f6nnern&#8230;Auch die Trainer dieser Mannschaft sind neu.<\/p>\n<p>W\u00fcnschen wir diesem neu aufgestellten Team f\u00fcr das neue Spieljahr alles Gute und viel Erfolg!<\/p>\n<hr \/>\n<div class=\"su-table su-table-alternate\">\n<table>\n<tbody>\n<tr>\n<td style=\"width: 25%\"><strong>Ansprechpartner<\/strong><\/td>\n<td>Lothar Kral (Sportlicher Leiter) Tel.: 03471 \/ 311868, Mobil: 0177 \/ 939 42 32<\/p>\n<p>Markus Becker (Jugendleiter &#8211; Askania) Mobil: 0160 \/ 973 796 29<\/td>\n<\/tr>\n<tr>\n<td style=\"width: 25%\"><strong>Trainingszeit<\/strong><\/td>\n<td>Montag u. Mittwoch 16:30 &#8211; 18:00 Uhr Askania &#8211; Sportplatz (parallel zum St\u00fctzpunkttraining)<\/p>\n<p>Donnerstag 16:30 &#8211; 18:00 Uhr (nur D1) Askania &#8211; Sportplatz<\/td>\n<\/tr>\n<tr>\n<td style=\"width: 25%\"><strong>Trainer<\/strong><\/td>\n<td>Benni Lehmeyer\u00a0\u00a0\u00a0\u00a0\u00a0\u00a0\u00a0\u00a0 Mobil: 0177 &#8211; 656 03 85<\/p>\n<p>Matthias Oehme\u00a0\u00a0\u00a0\u00a0\u00a0\u00a0\u00a0\u00a0 Mobil: 0172 &#8211; 898 48 74<\/td>\n<\/tr>\n<tr>\n<td style=\"width: 25%\"><strong>Zielstellung<\/strong><\/td>\n<td>Sich in der Talenteliga etablieren und weiter entwickeln<\/td>\n<\/tr>\n<\/tbody>\n<\/table>\n<\/div>\n<hr \/>\n<h3>Kader<\/h3>\n\n<table id=\"tablepress-8\" class=\"tablepress tablepress-id-8\">\n<thead>\n<tr class=\"row-1 odd\">\n\t<th class=\"column-1\">Name<\/th><th class=\"column-2\">Vorname<\/th><th class=\"column-3\">Geb. - Datum<\/th><th class=\"column-4\">Vereinszugeh\u00f6rigkeit<\/th><th class=\"column-5\"><\/th><th class=\"column-6\"><\/th><th class=\"column-7\"><\/th><th class=\"column-8\"><\/th>\n<\/tr>\n<\/thead>\n<tbody>\n<tr class=\"row-2 even\">\n\t<td class=\"column-1\">Becker<\/td><td class=\"column-2\">Tim<\/td><td class=\"column-3\">29.04.2004<\/td><td class=\"column-4\">Einheit<\/td><td class=\"column-5\"><\/td><td class=\"column-6\"><\/td><td class=\"column-7\"><\/td><td class=\"column-8\"><\/td>\n<\/tr>\n<tr class=\"row-3 odd\">\n\t<td class=\"column-1\">Bindszus<\/td><td class=\"column-2\">Luca Leon<\/td><td class=\"column-3\">07.12.2004<\/td><td class=\"column-4\">Askania<\/td><td class=\"column-5\"><\/td><td class=\"column-6\"><\/td><td class=\"column-7\"><\/td><td class=\"column-8\"><\/td>\n<\/tr>\n<tr class=\"row-4 even\">\n\t<td class=\"column-1\">Bornemann<\/td><td class=\"column-2\">Robin<\/td><td class=\"column-3\">02.08.2003<\/td><td class=\"column-4\">Askania<\/td><td class=\"column-5\"><\/td><td class=\"column-6\"><\/td><td class=\"column-7\"><\/td><td class=\"column-8\"><\/td>\n<\/tr>\n<tr class=\"row-5 odd\">\n\t<td class=\"column-1\">Christmann<\/td><td class=\"column-2\">Jamie<\/td><td class=\"column-3\">31.12.2003<\/td><td class=\"column-4\">Einheit<\/td><td class=\"column-5\"><\/td><td class=\"column-6\"><\/td><td class=\"column-7\"><\/td><td class=\"column-8\"><\/td>\n<\/tr>\n<tr class=\"row-6 even\">\n\t<td class=\"column-1\">D\u00f6ring<\/td><td class=\"column-2\">Jamie N.<\/td><td class=\"column-3\">25.03.2003<\/td><td class=\"column-4\">Einheit\u00a0\u00a0\u00a0\u00a0\u00a0\u00a0\u00a0\u00a0\u00a0\u00a0\u00a0\u00a0\u00a0\u00a0\u00a0<\/td><td class=\"column-5\"><\/td><td class=\"column-6\"><\/td><td class=\"column-7\"><\/td><td class=\"column-8\"><\/td>\n<\/tr>\n<tr class=\"row-7 odd\">\n\t<td class=\"column-1\">G\u00fczel<\/td><td class=\"column-2\">Tim<\/td><td class=\"column-3\">17.05.2003<\/td><td class=\"column-4\">Einheit<\/td><td class=\"column-5\"><\/td><td class=\"column-6\"><\/td><td class=\"column-7\"><\/td><td class=\"column-8\"><\/td>\n<\/tr>\n<tr class=\"row-8 even\">\n\t<td class=\"column-1\">Heine<\/td><td class=\"column-2\">Joris<\/td><td class=\"column-3\">31.05.2003<\/td><td class=\"column-4\">Askania<\/td><td class=\"column-5\"><\/td><td class=\"column-6\"><\/td><td class=\"column-7\"><\/td><td class=\"column-8\"><\/td>\n<\/tr>\n<tr class=\"row-9 odd\">\n\t<td class=\"column-1\">Heller<\/td><td class=\"column-2\">Eric<\/td><td class=\"column-3\">25.08.2004<\/td><td class=\"column-4\">Askania<\/td><td class=\"column-5\"><\/td><td class=\"column-6\"><\/td><td class=\"column-7\"><\/td><td class=\"column-8\"><\/td>\n<\/tr>\n<tr class=\"row-10 even\">\n\t<td class=\"column-1\">Jazek<\/td><td class=\"column-2\">Florian<\/td><td class=\"column-3\">24.07.2003<\/td><td class=\"column-4\">Askania<\/td><td class=\"column-5\"><\/td><td class=\"column-6\"><\/td><td class=\"column-7\"><\/td><td class=\"column-8\"><\/td>\n<\/tr>\n<tr class=\"row-11 odd\">\n\t<td class=\"column-1\">K\u00f6rner<\/td><td class=\"column-2\">Jann Jonas<\/td><td class=\"column-3\">15.10.2003<\/td><td class=\"column-4\">Askania<\/td><td class=\"column-5\"><\/td><td class=\"column-6\"><\/td><td class=\"column-7\"><\/td><td class=\"column-8\"><\/td>\n<\/tr>\n<tr class=\"row-12 even\">\n\t<td class=\"column-1\">Krishteyn<\/td><td class=\"column-2\">Arthur<\/td><td class=\"column-3\">06.06.2004<\/td><td class=\"column-4\">Askania<\/td><td class=\"column-5\"><\/td><td class=\"column-6\"><\/td><td class=\"column-7\"><\/td><td class=\"column-8\"><\/td>\n<\/tr>\n<tr class=\"row-13 odd\">\n\t<td class=\"column-1\">Muhlack<\/td><td class=\"column-2\">Arved<\/td><td class=\"column-3\">22.10.2003<\/td><td class=\"column-4\">Askania<\/td><td class=\"column-5\"><\/td><td class=\"column-6\"><\/td><td class=\"column-7\"><\/td><td class=\"column-8\"><\/td>\n<\/tr>\n<tr class=\"row-14 even\">\n\t<td class=\"column-1\">Schmidt<\/td><td class=\"column-2\">Roman<\/td><td class=\"column-3\">22.08.2003<\/td><td class=\"column-4\">Askania<\/td><td class=\"column-5\"><\/td><td class=\"column-6\"><\/td><td class=\"column-7\"><\/td><td class=\"column-8\"><\/td>\n<\/tr>\n<tr class=\"row-15 odd\">\n\t<td class=\"column-1\">Tausch<\/td><td class=\"column-2\">Niklas<\/td><td class=\"column-3\">02.09.2003<\/td><td class=\"column-4\">Askania<\/td><td class=\"column-5\"><\/td><td class=\"column-6\"><\/td><td class=\"column-7\"><\/td><td class=\"column-8\"><\/td>\n<\/tr>\n<tr class=\"row-16 even\">\n\t<td class=\"column-1\">Tolias<\/td><td class=\"column-2\">Ioannis<\/td><td class=\"column-3\">23.05.2004<\/td><td class=\"column-4\">Askania<\/td><td class=\"column-5\"><\/td><td class=\"column-6\"><\/td><td class=\"column-7\"><\/td><td class=\"column-8\"><\/td>\n<\/tr>\n<tr class=\"row-17 odd\">\n\t<td class=\"column-1\">Tolias<\/td><td class=\"column-2\">Nikolaos<\/td><td class=\"column-3\">23.05.2004<\/td><td class=\"column-4\">Askania<\/td><td class=\"column-5\"><\/td><td class=\"column-6\"><\/td><td class=\"column-7\"><\/td><td class=\"column-8\"><\/td>\n<\/tr>\n<tr class=\"row-18 even\">\n\t<td class=\"column-1\">Wedding<\/td><td class=\"column-2\">Pascal<\/td><td class=\"column-3\">04.07.2003<\/td><td class=\"column-4\">Askania<\/td><td class=\"column-5\"><\/td><td class=\"column-6\"><\/td><td class=\"column-7\"><\/td><td class=\"column-8\"><\/td>\n<\/tr>\n<tr class=\"row-19 odd\">\n\t<td class=\"column-1\">Zenker<\/td><td class=\"column-2\">Yannis<\/td><td class=\"column-3\">21.09.2003<\/td><td class=\"column-4\">Askania<\/td><td class=\"column-5\"><\/td><td class=\"column-6\"><\/td><td class=\"column-7\"><\/td><td class=\"column-8\"><\/td>\n<\/tr>\n<\/tbody>\n<\/table>\n\n","protected":false},"excerpt":{"rendered":"<p>TV Askania Bernburg Verbands-Talentliga S\u00fcd \u2013 2015\/16 War es im ersten Jahr Talenteliga noch die komplette Einheit D &#8211; Junioren des Jahrgangs 2004 als Team der KOOP, die diese neue Form der Talentf\u00f6rderung auf den Weg brachte, kommt man in diesem Spieljahr dem Auftrag dieses Vorhabens schon sehr viel n\u00e4her. Immerhin kommen die Spieler dieser [&hellip;]<\/p>\n","protected":false},"author":3,"featured_media":0,"parent":3516,"menu_order":0,"comment_status":"closed","ping_status":"closed","template":"","meta":{"footnotes":""},"_links":{"self":[{"href":"https:\/\/einheit-bernburg.de\/content\/index.php?rest_route=\/wp\/v2\/pages\/3524"}],"collection":[{"href":"https:\/\/einheit-bernburg.de\/content\/index.php?rest_route=\/wp\/v2\/pages"}],"about":[{"href":"https:\/\/einheit-bernburg.de\/content\/index.php?rest_route=\/wp\/v2\/types\/page"}],"author":[{"embeddable":true,"href":"https:\/\/einheit-bernburg.de\/content\/index.php?rest_route=\/wp\/v2\/users\/3"}],"replies":[{"embeddable":true,"href":"https:\/\/einheit-bernburg.de\/content\/index.php?rest_route=%2Fwp%2Fv2%2Fcomments&post=3524"}],"version-history":[{"count":1,"href":"https:\/\/einheit-bernburg.de\/content\/index.php?rest_route=\/wp\/v2\/pages\/3524\/revisions"}],"predecessor-version":[{"id":3596,"href":"https:\/\/einheit-bernburg.de\/content\/index.php?rest_route=\/wp\/v2\/pages\/3524\/revisions\/3596"}],"up":[{"embeddable":true,"href":"https:\/\/einheit-bernburg.de\/content\/index.php?rest_route=\/wp\/v2\/pages\/3516"}],"wp:attachment":[{"href":"https:\/\/einheit-bernburg.de\/content\/index.php?rest_route=%2Fwp%2Fv2%2Fmedia&parent=3524"}],"curies":[{"name":"wp","href":"https:\/\/api.w.org\/{rel}","templated":true}]}}