{"id":37601,"date":"2024-07-09T09:55:44","date_gmt":"2024-07-09T07:55:44","guid":{"rendered":"https:\/\/einheit-bernburg.de\/content\/?page_id=37601"},"modified":"2024-07-09T09:55:45","modified_gmt":"2024-07-09T07:55:45","slug":"kader-u-zielstellung","status":"publish","type":"page","link":"https:\/\/einheit-bernburg.de\/content\/?page_id=37601","title":{"rendered":"Archiv Kader u. Zielstellung 1. Herren 2023\/24"},"content":{"rendered":"<table style=\"height: 1335px; width: 95.8398%;\" border=\"0\" width=\"872\" cellspacing=\"2\" cellpadding=\"0\">\n<tbody>\n<tr style=\"height: 489px;\">\n<td style=\"width: 100%; height: 489px;\" align=\"left\" valign=\"top\">\n<div class=\"content\">\n<h1 class=\"aufm\">SV Einheit Bernburg<\/h1>\n<h3 class=\"aufm\">Landesklasse &#8211; 2023\/24<\/h3>\n<p>28 Jahre musste der SV Einheit warten, um nach dem Abstieg 1995 aus der Landesliga, wieder auf Landesebene zu spielen. Mehrfach war man dran in den letzten 10 Jahren, aber es reichte am Ende immer nur zu zweiten und dritten Pl\u00e4tzen.<br \/>\nJetzt war es endlich soweit, mit nur einer kappen Saisonniederlage am 2.Spieltag der Salzlandliga, aber auf Augenh\u00f6he mit zwei weiteren Mitkonkurrenten, sicherte man sich am letzten Spieltag verdient die Kreismeisterschaft und den damit verbundenen Aufstieg in die Landesklasse.<br \/>\nIm Einheitlager ist man sich v\u00f6llig im Klaren, dass es erstmal um den Klassenerhalt gehen wird. Immerhin werden nach Rot-Wei\u00df Alsleben noch drei weitere Absteiger gesucht. Das wird schwer, aber mit dem vorhandenen Kader nicht unm\u00f6glich. Wie hoch die Trauben h\u00e4ngen, zeigte auch das Auftaktspiel in der neuen Spielklasse. Es wird also notwendig sein, dass das Team weitestgehend alle Leistungstr\u00e4ger zu den Punktspielen und auch zum Training zur Verf\u00fcgung haben muss. Konnte man das Fehlen solcher Spieler in der Salzlandliga noch kompensieren, wird das jetzt, bei allem Respekt vor allen anderen Spieler, ab sofort nur schwer m\u00f6glich.<br \/>\n<strong>Also M\u00e4nner stellt mal die eine oder andere Sache zur\u00fcck, wenn der Punktspieltag naht. Dann schaffen wir das!<\/strong><br \/>\nWir w\u00fcnschen dem gesamten Kollektiv eine weitestgehend verletzungsfreie und erfolgreiche Saison 2023\/24!<\/p>\n<\/div>\n<\/td>\n<\/tr>\n<tr style=\"height: 562px;\">\n<td style=\"width: 100%; height: 562px;\" align=\"left\" valign=\"top\">\n<div class=\"content\">\n<p>&nbsp;<\/p>\n<div class=\"su-table su-table-alternate\">\n<table style=\"width: 72.5687%\">\n<tbody>\n<tr>\n<td style=\"width: 27.9376%\"><strong>Ansprechpartner<\/strong><\/td>\n<td style=\"width: 70.5965%\">Norbert Lehmann (Sportlicher Leiter Herrenbereich)<br \/>\nMobil: 0177 \/ 867 08 08<\/td>\n<\/tr>\n<tr>\n<td style=\"width: 27.9376%\"><strong>Trainingszeiten<\/strong><\/td>\n<td style=\"width: 70.5965%\">Dienstag 18:30 Uhr &#8211; 20:00 Uhr (Einheit-Sportplatz)<br \/>\nDonnerstag 18:30 Uhr &#8211; 20:00 Uhr (Einheit-Sportplatz)<\/td>\n<\/tr>\n<tr>\n<td style=\"width: 27.9376%\"><strong>Hallentraining<br \/>\n<\/strong><\/td>\n<td style=\"width: 70.5965%\">Donnerstag\u00a0 19:00 &#8211; 20:30 Uhr Sporthalle &#8222;T\u00f6pferwiese&#8220;<br \/>\nab 30.11.2023 bis 08.02.2024<\/td>\n<\/tr>\n<tr>\n<td style=\"width: 27.9376%\"><strong>Kunstrasen<br \/>\n<\/strong><\/td>\n<td style=\"width: 70.5965%\">ab wenn das Flutlicht notwendig wird<\/td>\n<\/tr>\n<tr>\n<td style=\"width: 27.9376%\"><strong>Trainer<\/strong><\/td>\n<td style=\"width: 70.5965%\">Marcel Lehmann\u00a0\u00a0 Mobil: 0178 \/ 40 73 826<\/td>\n<\/tr>\n<tr>\n<td style=\"width: 27.9376%\"><strong>Co-Trainer<\/strong><\/td>\n<td style=\"width: 70.5965%\">Mathias M\u00fcller\u00a0\u00a0\u00a0\u00a0\u00a0 Mobil: 0173 \/ 296 61 82<\/td>\n<\/tr>\n<tr>\n<td style=\"width: 27.9376%\"><strong>Co-Trainer<\/strong><\/td>\n<td style=\"width: 70.5965%\">Nils Nietschmann<\/td>\n<\/tr>\n<tr>\n<td style=\"width: 27.9376%\"><strong>Betreuerin\/<\/strong><br \/>\n<strong>Physiotherapeutin<\/strong><\/td>\n<td style=\"width: 70.5965%\">Nicole Lutze<\/td>\n<\/tr>\n<tr>\n<td style=\"width: 27.9376%\"><strong>Zielstellung<\/strong><\/td>\n<td style=\"width: 70.5965%\">Klassenerhalt<\/td>\n<\/tr>\n<\/tbody>\n<\/table>\n<\/div>\n<\/div>\n<p>&nbsp;<\/td>\n<\/tr>\n<tr style=\"height: 284px;\">\n<td style=\"width: 100%; height: 284px;\" align=\"left\" valign=\"top\">\n<div class=\"content\">\n<h3>Kader<\/h3>\n\n<table id=\"tablepress-114\" class=\"tablepress tablepress-id-114\">\n<thead>\n<tr class=\"row-1 odd\">\n\t<th class=\"column-1\">Name<\/th><th class=\"column-2\">Vorname<\/th><th class=\"column-3\">Jahrgang<\/th><th class=\"column-4\">Zug\u00e4nge (woher)<\/th>\n<\/tr>\n<\/thead>\n<tbody>\n<tr class=\"row-2 even\">\n\t<td class=\"column-1\">Beck<\/td><td class=\"column-2\">Robert<\/td><td class=\"column-3\">1996<\/td><td class=\"column-4\">ETW - SVE 2.Herren  <\/td>\n<\/tr>\n<tr class=\"row-3 odd\">\n\t<td class=\"column-1\">Apel<\/td><td class=\"column-2\">Tim<\/td><td class=\"column-3\">2000<\/td><td class=\"column-4\"><\/td>\n<\/tr>\n<tr class=\"row-4 even\">\n\t<td class=\"column-1\">Bertram<\/td><td class=\"column-2\">Erik<\/td><td class=\"column-3\">2000<\/td><td class=\"column-4\"><\/td>\n<\/tr>\n<tr class=\"row-5 odd\">\n\t<td class=\"column-1\">Bettinger<\/td><td class=\"column-2\">Bj\u00f6rn<\/td><td class=\"column-3\">1985<\/td><td class=\"column-4\"><\/td>\n<\/tr>\n<tr class=\"row-6 even\">\n\t<td class=\"column-1\">Dietz<\/td><td class=\"column-2\">Julian<\/td><td class=\"column-3\">2003<\/td><td class=\"column-4\">Z\u00f6rbiger FC<\/td>\n<\/tr>\n<tr class=\"row-7 odd\">\n\t<td class=\"column-1\">Dolg<\/td><td class=\"column-2\">Niclas<\/td><td class=\"column-3\">2000<\/td><td class=\"column-4\"><\/td>\n<\/tr>\n<tr class=\"row-8 even\">\n\t<td class=\"column-1\">D\u00f6lle<\/td><td class=\"column-2\">Arndt Endres<\/td><td class=\"column-3\">2001<\/td><td class=\"column-4\">SV Union Heyrohtsberge<\/td>\n<\/tr>\n<tr class=\"row-9 odd\">\n\t<td class=\"column-1\">Hahn<\/td><td class=\"column-2\">Eric<\/td><td class=\"column-3\">1999<\/td><td class=\"column-4\"><\/td>\n<\/tr>\n<tr class=\"row-10 even\">\n\t<td class=\"column-1\">Helbig<\/td><td class=\"column-2\">Matthias<\/td><td class=\"column-3\">1986<\/td><td class=\"column-4\"><\/td>\n<\/tr>\n<tr class=\"row-11 odd\">\n\t<td class=\"column-1\">Helmstedt<\/td><td class=\"column-2\">Marcus<\/td><td class=\"column-3\">1995<\/td><td class=\"column-4\">CFC Germania 03<\/td>\n<\/tr>\n<tr class=\"row-12 even\">\n\t<td class=\"column-1\">K\u00e4ding<\/td><td class=\"column-2\">Eric<\/td><td class=\"column-3\">1995<\/td><td class=\"column-4\"><\/td>\n<\/tr>\n<tr class=\"row-13 odd\">\n\t<td class=\"column-1\">Kre\u00df<\/td><td class=\"column-2\">Hannes<\/td><td class=\"column-3\">2002<\/td><td class=\"column-4\"><\/td>\n<\/tr>\n<tr class=\"row-14 even\">\n\t<td class=\"column-1\">Krug<\/td><td class=\"column-2\">Mathias<\/td><td class=\"column-3\">1988<\/td><td class=\"column-4\"><\/td>\n<\/tr>\n<tr class=\"row-15 odd\">\n\t<td class=\"column-1\">Kr\u00fcger<\/td><td class=\"column-2\">Dennis<\/td><td class=\"column-3\">1993<\/td><td class=\"column-4\">SV G\u00f6lzau 1924<\/td>\n<\/tr>\n<tr class=\"row-16 even\">\n\t<td class=\"column-1\">Kuhn<\/td><td class=\"column-2\">Benjamin<\/td><td class=\"column-3\">1988<\/td><td class=\"column-4\"><\/td>\n<\/tr>\n<tr class=\"row-17 odd\">\n\t<td class=\"column-1\">M\u00fcller<\/td><td class=\"column-2\">Denny<\/td><td class=\"column-3\">1988<\/td><td class=\"column-4\"><\/td>\n<\/tr>\n<tr class=\"row-18 even\">\n\t<td class=\"column-1\">Nachtigall<\/td><td class=\"column-2\">Til<\/td><td class=\"column-3\">2000<\/td><td class=\"column-4\"><\/td>\n<\/tr>\n<tr class=\"row-19 odd\">\n\t<td class=\"column-1\">Okubire<\/td><td class=\"column-2\">Charles<\/td><td class=\"column-3\">1995<\/td><td class=\"column-4\"><\/td>\n<\/tr>\n<tr class=\"row-20 even\">\n\t<td class=\"column-1\">Salehzada<\/td><td class=\"column-2\">Wais<\/td><td class=\"column-3\">2000<\/td><td class=\"column-4\"><\/td>\n<\/tr>\n<tr class=\"row-21 odd\">\n\t<td class=\"column-1\">Schule<\/td><td class=\"column-2\">Marco<\/td><td class=\"column-3\">1986<\/td><td class=\"column-4\"><\/td>\n<\/tr>\n<tr class=\"row-22 even\">\n\t<td class=\"column-1\">Schwarz<\/td><td class=\"column-2\">Mario <\/td><td class=\"column-3\">2001<\/td><td class=\"column-4\"><\/td>\n<\/tr>\n<tr class=\"row-23 odd\">\n\t<td class=\"column-1\">Shami<\/td><td class=\"column-2\">Mohamad<\/td><td class=\"column-3\">1999<\/td><td class=\"column-4\"><\/td>\n<\/tr>\n<tr class=\"row-24 even\">\n\t<td class=\"column-1\">Steckhahn<\/td><td class=\"column-2\">Julian<\/td><td class=\"column-3\">1993<\/td><td class=\"column-4\"><\/td>\n<\/tr>\n<tr class=\"row-25 odd\">\n\t<td class=\"column-1\">Teutloff<\/td><td class=\"column-2\">Maik<\/td><td class=\"column-3\">1990<\/td><td class=\"column-4\"><\/td>\n<\/tr>\n<tr class=\"row-26 even\">\n\t<td class=\"column-1\">Walcer<\/td><td class=\"column-2\">Niklas<\/td><td class=\"column-3\">2000<\/td><td class=\"column-4\"><\/td>\n<\/tr>\n<tr class=\"row-27 odd\">\n\t<td class=\"column-1\">Wendel<\/td><td class=\"column-2\">Nils<\/td><td class=\"column-3\">1996<\/td><td class=\"column-4\"><\/td>\n<\/tr>\n<tr class=\"row-28 even\">\n\t<td class=\"column-1\">Westpal<\/td><td class=\"column-2\">Tobias<\/td><td class=\"column-3\">2001<\/td><td class=\"column-4\"><\/td>\n<\/tr>\n<\/tbody>\n<\/table>\n\n<h3>Zug\u00e4nge<\/h3>\n<p>Marcus Helmstedt (CFC Germania 03), Dennis Kr\u00fcger (SV G\u00f6lzau 1924), Arndt Endres D\u00f6lle (SV Union Heyrothsberge), Julian Dietz (Z\u00f6rbiger FC)<\/p>\n<h3>Abg\u00e4nge<\/h3>\n<p>Nils Nietschmann (zieht sich aus Verletzungsgr\u00fcnden erstmal zur\u00fcck), Matthias Wiedensee (SC Bernburg &#8211; Kleinfeldteam), Stefan Claus Thol (Laufbahn in der 1.Herren beendet)<\/p>\n<\/div>\n<\/td>\n<\/tr>\n<\/tbody>\n<\/table>\n<p>&nbsp;<\/p>\n","protected":false},"excerpt":{"rendered":"<p>SV Einheit Bernburg Landesklasse &#8211; 2023\/24 28 Jahre musste der SV Einheit warten, um nach dem Abstieg 1995 aus der Landesliga, wieder auf Landesebene zu spielen. Mehrfach war man dran in den letzten 10 Jahren, aber es reichte am Ende immer nur zu zweiten und dritten Pl\u00e4tzen. Jetzt war es endlich soweit, mit nur einer [&hellip;]<\/p>\n","protected":false},"author":3,"featured_media":0,"parent":37570,"menu_order":0,"comment_status":"closed","ping_status":"closed","template":"","meta":{"footnotes":""},"_links":{"self":[{"href":"https:\/\/einheit-bernburg.de\/content\/index.php?rest_route=\/wp\/v2\/pages\/37601"}],"collection":[{"href":"https:\/\/einheit-bernburg.de\/content\/index.php?rest_route=\/wp\/v2\/pages"}],"about":[{"href":"https:\/\/einheit-bernburg.de\/content\/index.php?rest_route=\/wp\/v2\/types\/page"}],"author":[{"embeddable":true,"href":"https:\/\/einheit-bernburg.de\/content\/index.php?rest_route=\/wp\/v2\/users\/3"}],"replies":[{"embeddable":true,"href":"https:\/\/einheit-bernburg.de\/content\/index.php?rest_route=%2Fwp%2Fv2%2Fcomments&post=37601"}],"version-history":[{"count":1,"href":"https:\/\/einheit-bernburg.de\/content\/index.php?rest_route=\/wp\/v2\/pages\/37601\/revisions"}],"predecessor-version":[{"id":37602,"href":"https:\/\/einheit-bernburg.de\/content\/index.php?rest_route=\/wp\/v2\/pages\/37601\/revisions\/37602"}],"up":[{"embeddable":true,"href":"https:\/\/einheit-bernburg.de\/content\/index.php?rest_route=\/wp\/v2\/pages\/37570"}],"wp:attachment":[{"href":"https:\/\/einheit-bernburg.de\/content\/index.php?rest_route=%2Fwp%2Fv2%2Fmedia&parent=37601"}],"curies":[{"name":"wp","href":"https:\/\/api.w.org\/{rel}","templated":true}]}}