{"id":37759,"date":"2024-08-05T14:53:53","date_gmt":"2024-08-05T12:53:53","guid":{"rendered":"https:\/\/einheit-bernburg.de\/content\/?page_id=37759"},"modified":"2024-08-05T14:53:53","modified_gmt":"2024-08-05T12:53:53","slug":"kader-u-zielstellung-d3-junioren","status":"publish","type":"page","link":"https:\/\/einheit-bernburg.de\/content\/?page_id=37759","title":{"rendered":"Archiv Kader u. Zielstellung A-Junioren 2023\/24"},"content":{"rendered":"<h1 class=\"aufm\">SV Einheit Bernburg<\/h1>\n<h3>Landesliga \u2013 2023\/24 &#8211; Staffel 2<\/h3>\n<p>Die Mannschaft setzt sich nach wie vor zusammen aus B &#8211; u. A &#8211; Junioren Spielern, allerdings sind die Jungs jetzt ein Jahr \u00e4lter geworden und geh\u00f6ren nun haupts\u00e4chlich den \u00e4lteren Jahrg\u00e4ngen dieser Altersklassen an.\u00a0 Mit drei A-Jugendlichen Neuzug\u00e4ngen vom SC Bernburg (von denen zwei aber erst Ende September spielen k\u00f6nnen) l\u00e4sst uns das hoffen, dass wir die Landesliga-Saison 2023\/24 etwas besser gestalten k\u00f6nnen, als letztes Spieljahr, wo wir lediglich zwei Punkte holten, obwohl hier und da gute Ans\u00e4tze auch nicht zu \u00fcbersehen waren. Andreas Kre\u00df ist als Trainer leider nicht mehr dabei, daf\u00fcr springt Tim Schr\u00f6ter als Co-Trainer in die Bresche. Thomas Schr\u00f6ter bleibt weiter verantwortlicher Trainer der Mannschaft, wobei wir immer noch weitere Unterst\u00fctzung suchen. Also wer bereit ist, mit jungen Leuten zu arbeiten, ist gern gesehen!<br \/>\nWir w\u00fcnschen dem gesamten Kollektiv eine erfolgreiche Saison in der Landesliga Staffel 2!<\/p>\n<hr \/>\n<div class=\"su-table su-table-alternate\">\n<table style=\"height: 344px;width: 704px\" width=\"702\">\n<tbody>\n<tr>\n<td style=\"width: 173px\"><strong>Ansprechpartner<\/strong><\/td>\n<td style=\"width: 531px\">Lothar Kral (Jugendleiter)<br \/>\nTel.: 03471 \/ 311868, Mobil: 0162 \/ 435 66 23<\/td>\n<\/tr>\n<tr>\n<td style=\"width: 173px\"><strong>Trainingszeit<\/strong><\/td>\n<td style=\"width: 531px\">Mittwoch, 16:30 Uhr \u2013 18:00 Uhr Einheit-Sportplatz<\/td>\n<\/tr>\n<tr>\n<td style=\"width: 173px\"><strong> Winter<\/strong><\/td>\n<td style=\"width: 531px\"><\/td>\n<\/tr>\n<tr>\n<td style=\"width: 173px\"><strong>Hallentraining<br \/>\n<\/strong><\/td>\n<td style=\"width: 531px\">Mittwoch, 19:00 &#8211; 20:30 Uhr Sporthalle T\u00f6pferwiese<br \/>\n22.11.2023 &#8211; 28.02.2024<\/td>\n<\/tr>\n<tr>\n<td style=\"width: 173px\"><strong>Kunstrasen<br \/>\n<\/strong><\/td>\n<td style=\"width: 531px\"><\/td>\n<\/tr>\n<tr>\n<td style=\"width: 173px\"><strong>Trainer<\/strong><\/td>\n<td style=\"width: 531px\">Thomas Schr\u00f6ter\u00a0\u00a0\u00a0\u00a0 Mobil: 0170 \/ 939 02 38<\/td>\n<\/tr>\n<tr>\n<td style=\"width: 173px\"><strong>Co &#8211; Trainer<br \/>\n<\/strong><\/td>\n<td style=\"width: 531px\">Tim Schr\u00f6ter \u00a0 \u00a0 \u00a0 \u00a0 \u00a0\u00a0 Mobil: 0151 \/ 729 198 75<\/td>\n<\/tr>\n<tr>\n<td style=\"width: 173px\"><strong>Betreuer<\/strong><\/td>\n<td style=\"width: 531px\"><\/td>\n<\/tr>\n<tr>\n<td style=\"width: 173px\"><strong>Zielstellung<\/strong><\/td>\n<td style=\"width: 531px\"><\/td>\n<\/tr>\n<\/tbody>\n<\/table>\n<\/div>\n<hr \/>\n<h3>Kader<\/h3>\n\n<table id=\"tablepress-116\" class=\"tablepress tablepress-id-116\">\n<thead>\n<tr class=\"row-1 odd\">\n\t<th class=\"column-1\">Name<\/th><th class=\"column-2\">Vorname<\/th><th class=\"column-3\">Jahrgang<\/th><th class=\"column-4\">Vereinszugeh\u00f6rigkeit<\/th><th class=\"column-5\"><\/th><th class=\"column-6\"><\/th><th class=\"column-7\"><\/th><th class=\"column-8\"><\/th>\n<\/tr>\n<\/thead>\n<tbody>\n<tr class=\"row-2 even\">\n\t<td class=\"column-1\">Adugna Beri<\/td><td class=\"column-2\">Signi<\/td><td class=\"column-3\">2005<\/td><td class=\"column-4\">SV Einheit Bernburg<\/td><td class=\"column-5\"><\/td><td class=\"column-6\"><\/td><td class=\"column-7\"><\/td><td class=\"column-8\"><\/td>\n<\/tr>\n<tr class=\"row-3 odd\">\n\t<td class=\"column-1\">Ehrich<\/td><td class=\"column-2\">Jannis<\/td><td class=\"column-3\">2005<\/td><td class=\"column-4\">SV Einheit Bernburg<\/td><td class=\"column-5\"><\/td><td class=\"column-6\"><\/td><td class=\"column-7\"><\/td><td class=\"column-8\"><\/td>\n<\/tr>\n<tr class=\"row-4 even\">\n\t<td class=\"column-1\">Doley<\/td><td class=\"column-2\">Leon<\/td><td class=\"column-3\">2006<\/td><td class=\"column-4\">SC Bernburg<\/td><td class=\"column-5\"><\/td><td class=\"column-6\"><\/td><td class=\"column-7\"><\/td><td class=\"column-8\"><\/td>\n<\/tr>\n<tr class=\"row-5 odd\">\n\t<td class=\"column-1\">Hammermann<\/td><td class=\"column-2\">Moritz Emanuel<\/td><td class=\"column-3\">2005<\/td><td class=\"column-4\">SV Einheit Bernburg<\/td><td class=\"column-5\"><\/td><td class=\"column-6\"><\/td><td class=\"column-7\"><\/td><td class=\"column-8\"><\/td>\n<\/tr>\n<tr class=\"row-6 even\">\n\t<td class=\"column-1\">Hellmann<\/td><td class=\"column-2\">Florian<\/td><td class=\"column-3\">2006<\/td><td class=\"column-4\">SC Bernburg<\/td><td class=\"column-5\"><\/td><td class=\"column-6\"><\/td><td class=\"column-7\"><\/td><td class=\"column-8\"><\/td>\n<\/tr>\n<tr class=\"row-7 odd\">\n\t<td class=\"column-1\">Holze<\/td><td class=\"column-2\">Benedikt<\/td><td class=\"column-3\">2005<\/td><td class=\"column-4\">SV Einheit Bernburg<\/td><td class=\"column-5\"><\/td><td class=\"column-6\"><\/td><td class=\"column-7\"><\/td><td class=\"column-8\"><\/td>\n<\/tr>\n<tr class=\"row-8 even\">\n\t<td class=\"column-1\">Jende<\/td><td class=\"column-2\">Sebastian<\/td><td class=\"column-3\">2005<\/td><td class=\"column-4\">SC Bernburg<\/td><td class=\"column-5\"><\/td><td class=\"column-6\"><\/td><td class=\"column-7\"><\/td><td class=\"column-8\"><\/td>\n<\/tr>\n<tr class=\"row-9 odd\">\n\t<td class=\"column-1\">Kononov<\/td><td class=\"column-2\">Ilia<\/td><td class=\"column-3\">2005<\/td><td class=\"column-4\">SV Einheit Bernburg<\/td><td class=\"column-5\"><\/td><td class=\"column-6\"><\/td><td class=\"column-7\"><\/td><td class=\"column-8\"><\/td>\n<\/tr>\n<tr class=\"row-10 even\">\n\t<td class=\"column-1\">Reinke<\/td><td class=\"column-2\">Maximilian<\/td><td class=\"column-3\">2005<\/td><td class=\"column-4\">SV Einheit Bernburg<\/td><td class=\"column-5\"><\/td><td class=\"column-6\"><\/td><td class=\"column-7\"><\/td><td class=\"column-8\"><\/td>\n<\/tr>\n<tr class=\"row-11 odd\">\n\t<td class=\"column-1\">Dimovic<\/td><td class=\"column-2\">Jovica<\/td><td class=\"column-3\">2006<\/td><td class=\"column-4\">SV Einheit Bernburg<\/td><td class=\"column-5\"><\/td><td class=\"column-6\"><\/td><td class=\"column-7\"><\/td><td class=\"column-8\"><\/td>\n<\/tr>\n<tr class=\"row-12 even\">\n\t<td class=\"column-1\">Kathe<\/td><td class=\"column-2\">Torben<\/td><td class=\"column-3\">2006<\/td><td class=\"column-4\">SC Bernburg<\/td><td class=\"column-5\"><\/td><td class=\"column-6\"><\/td><td class=\"column-7\"><\/td><td class=\"column-8\"><\/td>\n<\/tr>\n<tr class=\"row-13 odd\">\n\t<td class=\"column-1\">Kaufmann<\/td><td class=\"column-2\">S\u00f6ren<\/td><td class=\"column-3\">2006<\/td><td class=\"column-4\">SV 09 Sta\u00dffurt<\/td><td class=\"column-5\"><\/td><td class=\"column-6\"><\/td><td class=\"column-7\"><\/td><td class=\"column-8\"><\/td>\n<\/tr>\n<tr class=\"row-14 even\">\n\t<td class=\"column-1\">Lill<\/td><td class=\"column-2\">Julien<\/td><td class=\"column-3\">2006<\/td><td class=\"column-4\">SC Bernburg<\/td><td class=\"column-5\"><\/td><td class=\"column-6\"><\/td><td class=\"column-7\"><\/td><td class=\"column-8\"><\/td>\n<\/tr>\n<tr class=\"row-15 odd\">\n\t<td class=\"column-1\">Matthias<\/td><td class=\"column-2\">Phillip<\/td><td class=\"column-3\">2006<\/td><td class=\"column-4\">SV Einheit Bernburg<\/td><td class=\"column-5\"><\/td><td class=\"column-6\"><\/td><td class=\"column-7\"><\/td><td class=\"column-8\"><\/td>\n<\/tr>\n<tr class=\"row-16 even\">\n\t<td class=\"column-1\">Schoon<\/td><td class=\"column-2\">Leonardo<\/td><td class=\"column-3\">2006<\/td><td class=\"column-4\">SV Einheit Bernburg<\/td><td class=\"column-5\"><\/td><td class=\"column-6\"><\/td><td class=\"column-7\"><\/td><td class=\"column-8\"><\/td>\n<\/tr>\n<tr class=\"row-17 odd\">\n\t<td class=\"column-1\">Stolz<\/td><td class=\"column-2\">Jan - Malte<\/td><td class=\"column-3\">2006<\/td><td class=\"column-4\">SV Einheit Bernburg<\/td><td class=\"column-5\"><\/td><td class=\"column-6\"><\/td><td class=\"column-7\"><\/td><td class=\"column-8\"><\/td>\n<\/tr>\n<tr class=\"row-18 even\">\n\t<td class=\"column-1\">Hammermann<\/td><td class=\"column-2\">Theodor<\/td><td class=\"column-3\">2007<\/td><td class=\"column-4\">SV Einheit Bernburg<\/td><td class=\"column-5\"><\/td><td class=\"column-6\"><\/td><td class=\"column-7\"><\/td><td class=\"column-8\"><\/td>\n<\/tr>\n<tr class=\"row-19 odd\">\n\t<td class=\"column-1\">Henze<\/td><td class=\"column-2\">Lucas<\/td><td class=\"column-3\">2007<\/td><td class=\"column-4\">SV Einheit Bernburg<\/td><td class=\"column-5\"><\/td><td class=\"column-6\"><\/td><td class=\"column-7\"><\/td><td class=\"column-8\"><\/td>\n<\/tr>\n<tr class=\"row-20 even\">\n\t<td class=\"column-1\">Kupka<\/td><td class=\"column-2\">Nevio<\/td><td class=\"column-3\">2007<\/td><td class=\"column-4\">SV Einheit Bernburg<\/td><td class=\"column-5\"><\/td><td class=\"column-6\"><\/td><td class=\"column-7\"><\/td><td class=\"column-8\"><\/td>\n<\/tr>\n<tr class=\"row-21 odd\">\n\t<td class=\"column-1\">M\u00fcller<\/td><td class=\"column-2\">Jakob<\/td><td class=\"column-3\">2007<\/td><td class=\"column-4\">SV Einheit Bernburg<\/td><td class=\"column-5\"><\/td><td class=\"column-6\"><\/td><td class=\"column-7\"><\/td><td class=\"column-8\"><\/td>\n<\/tr>\n<tr class=\"row-22 even\">\n\t<td class=\"column-1\">M\u00fcller<\/td><td class=\"column-2\">Timon<\/td><td class=\"column-3\">2007<\/td><td class=\"column-4\">SV Einheit Bernburg<\/td><td class=\"column-5\"><\/td><td class=\"column-6\"><\/td><td class=\"column-7\"><\/td><td class=\"column-8\"><\/td>\n<\/tr>\n<tr class=\"row-23 odd\">\n\t<td class=\"column-1\">Richter<\/td><td class=\"column-2\">Janne Till<\/td><td class=\"column-3\">2007<\/td><td class=\"column-4\">SV Einheit Bernburg<\/td><td class=\"column-5\"><\/td><td class=\"column-6\"><\/td><td class=\"column-7\"><\/td><td class=\"column-8\"><\/td>\n<\/tr>\n<tr class=\"row-24 even\">\n\t<td class=\"column-1\">Schoon<\/td><td class=\"column-2\">Christian<\/td><td class=\"column-3\">2007<\/td><td class=\"column-4\">SV Einheit Bernburg<\/td><td class=\"column-5\"><\/td><td class=\"column-6\"><\/td><td class=\"column-7\"><\/td><td class=\"column-8\"><\/td>\n<\/tr>\n<\/tbody>\n<\/table>\n\n<p><strong>Zug\u00e4nge:<\/strong><br \/>\nLeon Doley, Florian Hellmann, Sebastian Jende (alle SC Bernburg), Lucas Henze (Einheit &#8211; reaktiviert)<\/p>\n<p><strong>Abg\u00e4nge:<\/strong><br \/>\nLukas Ilgenstein (2.Herren), Jonas Habenreich (FSV Drohndorf\/Mehringen), Valentin Vincent M\u00fcller (unbekannt), Fabian Leidel (unbekannt)<\/p>\n","protected":false},"excerpt":{"rendered":"<p>SV Einheit Bernburg Landesliga \u2013 2023\/24 &#8211; Staffel 2 Die Mannschaft setzt sich nach wie vor zusammen aus B &#8211; u. A &#8211; Junioren Spielern, allerdings sind die Jungs jetzt ein Jahr \u00e4lter geworden und geh\u00f6ren nun haupts\u00e4chlich den \u00e4lteren Jahrg\u00e4ngen dieser Altersklassen an.\u00a0 Mit drei A-Jugendlichen Neuzug\u00e4ngen vom SC Bernburg (von denen zwei aber [&hellip;]<\/p>\n","protected":false},"author":3,"featured_media":0,"parent":37749,"menu_order":0,"comment_status":"closed","ping_status":"closed","template":"","meta":{"footnotes":""},"_links":{"self":[{"href":"https:\/\/einheit-bernburg.de\/content\/index.php?rest_route=\/wp\/v2\/pages\/37759"}],"collection":[{"href":"https:\/\/einheit-bernburg.de\/content\/index.php?rest_route=\/wp\/v2\/pages"}],"about":[{"href":"https:\/\/einheit-bernburg.de\/content\/index.php?rest_route=\/wp\/v2\/types\/page"}],"author":[{"embeddable":true,"href":"https:\/\/einheit-bernburg.de\/content\/index.php?rest_route=\/wp\/v2\/users\/3"}],"replies":[{"embeddable":true,"href":"https:\/\/einheit-bernburg.de\/content\/index.php?rest_route=%2Fwp%2Fv2%2Fcomments&post=37759"}],"version-history":[{"count":1,"href":"https:\/\/einheit-bernburg.de\/content\/index.php?rest_route=\/wp\/v2\/pages\/37759\/revisions"}],"predecessor-version":[{"id":37760,"href":"https:\/\/einheit-bernburg.de\/content\/index.php?rest_route=\/wp\/v2\/pages\/37759\/revisions\/37760"}],"up":[{"embeddable":true,"href":"https:\/\/einheit-bernburg.de\/content\/index.php?rest_route=\/wp\/v2\/pages\/37749"}],"wp:attachment":[{"href":"https:\/\/einheit-bernburg.de\/content\/index.php?rest_route=%2Fwp%2Fv2%2Fmedia&parent=37759"}],"curies":[{"name":"wp","href":"https:\/\/api.w.org\/{rel}","templated":true}]}}