{"id":37778,"date":"2024-08-06T08:59:52","date_gmt":"2024-08-06T06:59:52","guid":{"rendered":"https:\/\/einheit-bernburg.de\/content\/?page_id=37778"},"modified":"2024-08-06T08:59:52","modified_gmt":"2024-08-06T06:59:52","slug":"kader-u-zielstellung-d3-junioren","status":"publish","type":"page","link":"https:\/\/einheit-bernburg.de\/content\/?page_id=37778","title":{"rendered":"Archiv Kader u. Zielstellung B1-Junioren 2023\/24"},"content":{"rendered":"<h1 class=\"aufm\">SV Einheit Bernburg<\/h1>\n<h3>Kreisoberliga \u2013 2023\/24<\/h3>\n<p>Diese Mannschaft spielte in der vergangenen Saison in der C &#8211; Junioren Landesliga eine ganz starke Rolle und geh\u00f6rte vom ersten bis zum letzten Spieltag zu den vier Spitzenteams ihrer Staffel. Das animierte die Verantwortlichen des SV Einheit erneut einen Antrag f\u00fcr die Landesliga der B-Junioren zu stellen. Leider wurde dem vom FSA diesmal nicht stattgegeben. Wer wei\u00df aber, f\u00fcr was es gut ist, die erste Saison in der h\u00f6heren Altersklasse in der Kreisoberliga anzugehen. Immerhin spielt man hier in einer Kreisunion mit\u00a0 6 Magdeburger Teams. Und das kann auch ganz interessant werden. Der Kader unserer Mannschaft ist nach drei Abg\u00e4ngen aber auch vier Zug\u00e4ngen ziemlich gleich geblieben und sollte wieder eine gute Rolle spielen. Und vielleicht schafft man sogar den direkten Aufstieg in die Landesliga.<br \/>\nWir w\u00fcnschen dem gesamten Kollektiv viel Erfolg f\u00fcr die neue Saison!<\/p>\n<hr \/>\n<div class=\"su-table su-table-alternate\">\n<table style=\"height: 292px;width: 55.2249%\" width=\"648\">\n<tbody>\n<tr>\n<td style=\"width: 24.1205%\"><strong>Ansprechpartner<\/strong><\/td>\n<td style=\"width: 74.6506%\">Lothar Kral (Jugendleiter)<br \/>\nTel.: 03471 \/ 311868, Mobil: 0162 \/ 435 66 23<\/td>\n<\/tr>\n<tr>\n<td style=\"width: 24.1205%\"><strong>Trainingszeiten<\/strong><\/td>\n<td style=\"width: 74.6506%\">M0 u. Mi, 16:30 Uhr \u2013 18:00 Uhr Einheit-Sportplatz<\/td>\n<\/tr>\n<tr>\n<td style=\"width: 24.1205%\"><strong>\u00a0<\/strong><\/td>\n<td style=\"width: 74.6506%\"><strong>Winter<\/strong><\/td>\n<\/tr>\n<tr>\n<td style=\"width: 24.1205%\"><strong>Hallentraining<br \/>\n<\/strong><\/td>\n<td style=\"width: 74.6506%\">Donnerstag 17:30 Uhr &#8211; 19:00 Uhr<br \/>\n10.11.2023 &#8211; 22.02.2024<\/td>\n<\/tr>\n<tr>\n<td style=\"width: 24.1205%\"><strong>Kunstrasen<br \/>\n<\/strong><\/td>\n<td style=\"width: 74.6506%\"><\/td>\n<\/tr>\n<tr>\n<td style=\"width: 24.1205%\"><strong>Trainer<\/strong><\/td>\n<td style=\"width: 74.6506%\">Matthias Lorenz\u00a0\u00a0\u00a0\u00a0\u00a0\u00a0\u00a0\u00a0\u00a0\u00a0\u00a0\u00a0\u00a0\u00a0\u00a0\u00a0\u00a0 Mobil: 0173 \/ 561 26 37<\/td>\n<\/tr>\n<tr>\n<td style=\"width: 24.1205%\"><strong>Co-Trainer<br \/>\n<\/strong><\/td>\n<td style=\"width: 74.6506%\">Gernot P\u00fclicher\u00a0\u00a0\u00a0\u00a0\u00a0\u00a0\u00a0\u00a0\u00a0\u00a0\u00a0\u00a0\u00a0\u00a0\u00a0\u00a0\u00a0\u00a0 Mobil: 0173 \/ 374 47 02<\/td>\n<\/tr>\n<tr>\n<td style=\"width: 24.1205%\"><strong>Co-Trainer<\/strong><\/td>\n<td style=\"width: 74.6506%\">Martin Weile\u00a0\u00a0\u00a0\u00a0\u00a0\u00a0\u00a0\u00a0\u00a0\u00a0\u00a0\u00a0\u00a0\u00a0\u00a0\u00a0\u00a0\u00a0\u00a0\u00a0\u00a0\u00a0\u00a0 Mobil: 0177 \/ 777 19 62<\/td>\n<\/tr>\n<tr>\n<td style=\"width: 24.1205%\"><strong> Betreuer<\/strong><\/td>\n<td style=\"width: 74.6506%\">Enrico Schaaf\u00a0\u00a0\u00a0\u00a0\u00a0\u00a0\u00a0\u00a0\u00a0\u00a0\u00a0\u00a0\u00a0\u00a0\u00a0\u00a0\u00a0\u00a0\u00a0\u00a0\u00a0\u00a0 Mobil: 0179 \/ 610 33 49<\/td>\n<\/tr>\n<tr>\n<td style=\"width: 24.1205%\"><strong>Zielstellung<\/strong><\/td>\n<td style=\"width: 74.6506%\"><\/td>\n<\/tr>\n<\/tbody>\n<\/table>\n<\/div>\n<hr \/>\n<h3>Kader<\/h3>\n\n<table id=\"tablepress-117\" class=\"tablepress tablepress-id-117\">\n<thead>\n<tr class=\"row-1 odd\">\n\t<th class=\"column-1\">Name<\/th><th class=\"column-2\">Vorname<\/th><th class=\"column-3\">Jahrgang<\/th><th class=\"column-4\">Herkunft<\/th><th class=\"column-5\"><\/th><th class=\"column-6\"><\/th><th class=\"column-7\"><\/th><th class=\"column-8\"><\/th><th class=\"column-9\"><\/th>\n<\/tr>\n<\/thead>\n<tbody>\n<tr class=\"row-2 even\">\n\t<td class=\"column-1\">Albrecht<\/td><td class=\"column-2\">Fabrice Noel<\/td><td class=\"column-3\">2008<\/td><td class=\"column-4\">aus C1<\/td><td class=\"column-5\"><\/td><td class=\"column-6\"><\/td><td class=\"column-7\"><\/td><td class=\"column-8\"><\/td><td class=\"column-9\"><\/td>\n<\/tr>\n<tr class=\"row-3 odd\">\n\t<td class=\"column-1\">B\u00f6rnicke<\/td><td class=\"column-2\">Tom Ulrich<\/td><td class=\"column-3\">2007<\/td><td class=\"column-4\">GS SV 08 Baalberge<\/td><td class=\"column-5\"><\/td><td class=\"column-6\"><\/td><td class=\"column-7\"><\/td><td class=\"column-8\"><\/td><td class=\"column-9\"><\/td>\n<\/tr>\n<tr class=\"row-4 even\">\n\t<td class=\"column-1\">Deckert<\/td><td class=\"column-2\">Julian<\/td><td class=\"column-3\">2008<\/td><td class=\"column-4\">aus C1<\/td><td class=\"column-5\"><\/td><td class=\"column-6\"><\/td><td class=\"column-7\"><\/td><td class=\"column-8\"><\/td><td class=\"column-9\"><\/td>\n<\/tr>\n<tr class=\"row-5 odd\">\n\t<td class=\"column-1\">Desivojevic<\/td><td class=\"column-2\">Vukasin<\/td><td class=\"column-3\">2008<\/td><td class=\"column-4\">aus C1<\/td><td class=\"column-5\"><\/td><td class=\"column-6\"><\/td><td class=\"column-7\"><\/td><td class=\"column-8\"><\/td><td class=\"column-9\"><\/td>\n<\/tr>\n<tr class=\"row-6 even\">\n\t<td class=\"column-1\">Drefs<\/td><td class=\"column-2\">Leonard<\/td><td class=\"column-3\">2008<\/td><td class=\"column-4\">aus C1<\/td><td class=\"column-5\"><\/td><td class=\"column-6\"><\/td><td class=\"column-7\"><\/td><td class=\"column-8\"><\/td><td class=\"column-9\"><\/td>\n<\/tr>\n<tr class=\"row-7 odd\">\n\t<td class=\"column-1\">Hein<\/td><td class=\"column-2\">Denis Connor<\/td><td class=\"column-3\">2008 <\/td><td class=\"column-4\">aus C1<\/td><td class=\"column-5\"><\/td><td class=\"column-6\"><\/td><td class=\"column-7\"><\/td><td class=\"column-8\"><\/td><td class=\"column-9\"><\/td>\n<\/tr>\n<tr class=\"row-8 even\">\n\t<td class=\"column-1\">Kersten<\/td><td class=\"column-2\">hannes <\/td><td class=\"column-3\">2008<\/td><td class=\"column-4\">aus C1<\/td><td class=\"column-5\"><\/td><td class=\"column-6\"><\/td><td class=\"column-7\"><\/td><td class=\"column-8\"><\/td><td class=\"column-9\"><\/td>\n<\/tr>\n<tr class=\"row-9 odd\">\n\t<td class=\"column-1\">Kohl<\/td><td class=\"column-2\">William<\/td><td class=\"column-3\">2008<\/td><td class=\"column-4\">aus C1<\/td><td class=\"column-5\"><\/td><td class=\"column-6\"><\/td><td class=\"column-7\"><\/td><td class=\"column-8\"><\/td><td class=\"column-9\"><\/td>\n<\/tr>\n<tr class=\"row-10 even\">\n\t<td class=\"column-1\">Kommritz<\/td><td class=\"column-2\">Bennit<\/td><td class=\"column-3\">2008<\/td><td class=\"column-4\">aus C1<\/td><td class=\"column-5\"><\/td><td class=\"column-6\"><\/td><td class=\"column-7\"><\/td><td class=\"column-8\"><\/td><td class=\"column-9\"><\/td>\n<\/tr>\n<tr class=\"row-11 odd\">\n\t<td class=\"column-1\">Krug<\/td><td class=\"column-2\">Yves Jason<\/td><td class=\"column-3\">\"008<\/td><td class=\"column-4\">aus C1<\/td><td class=\"column-5\"><\/td><td class=\"column-6\"><\/td><td class=\"column-7\"><\/td><td class=\"column-8\"><\/td><td class=\"column-9\"><\/td>\n<\/tr>\n<tr class=\"row-12 even\">\n\t<td class=\"column-1\">Letz<\/td><td class=\"column-2\">Finn<\/td><td class=\"column-3\">2008<\/td><td class=\"column-4\">aus C1<\/td><td class=\"column-5\"><\/td><td class=\"column-6\"><\/td><td class=\"column-7\"><\/td><td class=\"column-8\"><\/td><td class=\"column-9\"><\/td>\n<\/tr>\n<tr class=\"row-13 odd\">\n\t<td class=\"column-1\">Lorenz <\/td><td class=\"column-2\">Maurice<\/td><td class=\"column-3\">2008<\/td><td class=\"column-4\">aus C1<\/td><td class=\"column-5\"><\/td><td class=\"column-6\"><\/td><td class=\"column-7\"><\/td><td class=\"column-8\"><\/td><td class=\"column-9\"><\/td>\n<\/tr>\n<tr class=\"row-14 even\">\n\t<td class=\"column-1\">Malz<\/td><td class=\"column-2\">Lenny<\/td><td class=\"column-3\">2008<\/td><td class=\"column-4\">aus C1<\/td><td class=\"column-5\"><\/td><td class=\"column-6\"><\/td><td class=\"column-7\"><\/td><td class=\"column-8\"><\/td><td class=\"column-9\"><\/td>\n<\/tr>\n<tr class=\"row-15 odd\">\n\t<td class=\"column-1\">Merker<\/td><td class=\"column-2\">Jonas<\/td><td class=\"column-3\">2007<\/td><td class=\"column-4\">1.FSV Nienburg<\/td><td class=\"column-5\"><\/td><td class=\"column-6\"><\/td><td class=\"column-7\"><\/td><td class=\"column-8\"><\/td><td class=\"column-9\"><\/td>\n<\/tr>\n<tr class=\"row-16 even\">\n\t<td class=\"column-1\">P\u00fclicher<\/td><td class=\"column-2\">Niklas<\/td><td class=\"column-3\">2007<\/td><td class=\"column-4\">zur\u00fcck vom GS SC<\/td><td class=\"column-5\"><\/td><td class=\"column-6\"><\/td><td class=\"column-7\"><\/td><td class=\"column-8\"><\/td><td class=\"column-9\"><\/td>\n<\/tr>\n<tr class=\"row-17 odd\">\n\t<td class=\"column-1\">Schaaf<\/td><td class=\"column-2\">Dennis<\/td><td class=\"column-3\">2007<\/td><td class=\"column-4\">zur\u00fcck vom GS SC<\/td><td class=\"column-5\"><\/td><td class=\"column-6\"><\/td><td class=\"column-7\"><\/td><td class=\"column-8\"><\/td><td class=\"column-9\"><\/td>\n<\/tr>\n<tr class=\"row-18 even\">\n\t<td class=\"column-1\">Zavatta<\/td><td class=\"column-2\">Cosimo Damiano<\/td><td class=\"column-3\">2007<\/td><td class=\"column-4\">aus C1<\/td><td class=\"column-5\"><\/td><td class=\"column-6\"><\/td><td class=\"column-7\"><\/td><td class=\"column-8\"><\/td><td class=\"column-9\"><\/td>\n<\/tr>\n<tr class=\"row-19 odd\">\n\t<td class=\"column-1\"><\/td><td class=\"column-2\"><\/td><td class=\"column-3\"><\/td><td class=\"column-4\"><\/td><td class=\"column-5\"><\/td><td class=\"column-6\"><\/td><td class=\"column-7\"><\/td><td class=\"column-8\"><\/td><td class=\"column-9\"><\/td>\n<\/tr>\n<tr class=\"row-20 even\">\n\t<td class=\"column-1\">Fleck<\/td><td class=\"column-2\">Arvid<\/td><td class=\"column-3\">2009<\/td><td class=\"column-4\">aus C1<\/td><td class=\"column-5\"><\/td><td class=\"column-6\"><\/td><td class=\"column-7\"><\/td><td class=\"column-8\"><\/td><td class=\"column-9\"><\/td>\n<\/tr>\n<tr class=\"row-21 odd\">\n\t<td class=\"column-1\">Morgenstern<\/td><td class=\"column-2\">Ilyas<\/td><td class=\"column-3\">2009<\/td><td class=\"column-4\">GS Eiche Pobzig<\/td><td class=\"column-5\"><\/td><td class=\"column-6\"><\/td><td class=\"column-7\"><\/td><td class=\"column-8\"><\/td><td class=\"column-9\"><\/td>\n<\/tr>\n<tr class=\"row-22 even\">\n\t<td class=\"column-1\">Scheffler <\/td><td class=\"column-2\">Rocco<\/td><td class=\"column-3\">2009<\/td><td class=\"column-4\">aus C1<\/td><td class=\"column-5\"><\/td><td class=\"column-6\"><\/td><td class=\"column-7\"><\/td><td class=\"column-8\"><\/td><td class=\"column-9\"><\/td>\n<\/tr>\n<tr class=\"row-23 odd\">\n\t<td class=\"column-1\"><\/td><td class=\"column-2\"><\/td><td class=\"column-3\"><\/td><td class=\"column-4\"><\/td><td class=\"column-5\"><\/td><td class=\"column-6\"><\/td><td class=\"column-7\"><\/td><td class=\"column-8\"><\/td><td class=\"column-9\"><\/td>\n<\/tr>\n<tr class=\"row-24 even\">\n\t<td class=\"column-1\"><\/td><td class=\"column-2\"><\/td><td class=\"column-3\"><\/td><td class=\"column-4\"><\/td><td class=\"column-5\"><\/td><td class=\"column-6\"><\/td><td class=\"column-7\"><\/td><td class=\"column-8\"><\/td><td class=\"column-9\"><\/td>\n<\/tr>\n<\/tbody>\n<\/table>\n\n<p><strong>Zug\u00e4nge:<br \/>\n<\/strong>Jonas Merker (1.FSV Nienburg)<strong>, <\/strong>Tom Ulrich B\u00f6rnicke (GS SV 08 Baalberge), Niklas P\u00fclicher, Dennis Schaaf (beide zur\u00fcck vom GS beim SC Bernburg)<strong><br \/>\n<\/strong><\/p>\n<p><strong>Abg\u00e4nge:<br \/>\n<\/strong>Julius G\u00fcnther (VfB Germania Halberstadt), Maximilian Asche (SC Bernburg), Timofii Nedilko<strong><br \/>\n<\/strong><\/p>\n","protected":false},"excerpt":{"rendered":"<p>SV Einheit Bernburg Kreisoberliga \u2013 2023\/24 Diese Mannschaft spielte in der vergangenen Saison in der C &#8211; Junioren Landesliga eine ganz starke Rolle und geh\u00f6rte vom ersten bis zum letzten Spieltag zu den vier Spitzenteams ihrer Staffel. Das animierte die Verantwortlichen des SV Einheit erneut einen Antrag f\u00fcr die Landesliga der B-Junioren zu stellen. Leider [&hellip;]<\/p>\n","protected":false},"author":3,"featured_media":0,"parent":37771,"menu_order":0,"comment_status":"closed","ping_status":"closed","template":"","meta":{"footnotes":""},"_links":{"self":[{"href":"https:\/\/einheit-bernburg.de\/content\/index.php?rest_route=\/wp\/v2\/pages\/37778"}],"collection":[{"href":"https:\/\/einheit-bernburg.de\/content\/index.php?rest_route=\/wp\/v2\/pages"}],"about":[{"href":"https:\/\/einheit-bernburg.de\/content\/index.php?rest_route=\/wp\/v2\/types\/page"}],"author":[{"embeddable":true,"href":"https:\/\/einheit-bernburg.de\/content\/index.php?rest_route=\/wp\/v2\/users\/3"}],"replies":[{"embeddable":true,"href":"https:\/\/einheit-bernburg.de\/content\/index.php?rest_route=%2Fwp%2Fv2%2Fcomments&post=37778"}],"version-history":[{"count":1,"href":"https:\/\/einheit-bernburg.de\/content\/index.php?rest_route=\/wp\/v2\/pages\/37778\/revisions"}],"predecessor-version":[{"id":37779,"href":"https:\/\/einheit-bernburg.de\/content\/index.php?rest_route=\/wp\/v2\/pages\/37778\/revisions\/37779"}],"up":[{"embeddable":true,"href":"https:\/\/einheit-bernburg.de\/content\/index.php?rest_route=\/wp\/v2\/pages\/37771"}],"wp:attachment":[{"href":"https:\/\/einheit-bernburg.de\/content\/index.php?rest_route=%2Fwp%2Fv2%2Fmedia&parent=37778"}],"curies":[{"name":"wp","href":"https:\/\/api.w.org\/{rel}","templated":true}]}}