{"id":37854,"date":"2024-08-06T09:43:49","date_gmt":"2024-08-06T07:43:49","guid":{"rendered":"https:\/\/einheit-bernburg.de\/content\/?page_id=37854"},"modified":"2024-08-06T09:43:49","modified_gmt":"2024-08-06T07:43:49","slug":"kader-u-zielstellung-e2-junioren","status":"publish","type":"page","link":"https:\/\/einheit-bernburg.de\/content\/?page_id=37854","title":{"rendered":"Archiv Kader u. Zielstellung D1-Junioren 2023\/24"},"content":{"rendered":"<h1 class=\"aufm\">SV Einheit Bernburg<\/h1>\n<h3>1.Kreisklasse St. 1 \u2013 2023\/24<\/h3>\n<p>Die Mannschaft bleibt, wie schon in den letzten Jahren kaderm\u00e4\u00dfig weitestgehend zusammen Ist aber nun eine Jahrgangsmannschaft bestehend aus \u00e4lteren D &#8211; Spielern. Nach einem schwierigen ersten Jahr in dieser Altersklasse, in dem das Team erst in den letzten Wochen sein wahres Leistungsverm\u00f6gen zeigte, soll in dieser Saison diese Steigerung fortgesetzt werden. Allerdings mussten auch zwei Spieler altersm\u00e4\u00dfig hoch in die C &#8211; Junioren und einer wechselte zum SC Bernburg in die Landesliga.<br \/>\nWir w\u00fcnschen dem gesamten Team\u00a0 viel Erfolg!<\/p>\n<hr \/>\n<div class=\"su-table su-table-alternate\">\n<table style=\"width: 636px\">\n<tbody>\n<tr>\n<td style=\"width: 158px\"><strong>Ansprechpartner<\/strong><\/td>\n<td style=\"width: 478px\">Lothar Kral (Jugendleiter)<br \/>\nTel.: 03471 \/ 311868\u00a0\u00a0 Mobil: 0162 \/ 435 66 23<\/td>\n<\/tr>\n<tr>\n<td style=\"width: 158px\"><strong>Trainingszeit<\/strong><\/td>\n<td style=\"width: 478px\">Mo u. Do 17:00 Uhr &#8211; 18:30 Uhr Einheit &#8211; Sportplatz<\/td>\n<\/tr>\n<tr>\n<td style=\"width: 158px\"><strong>\u00a0<\/strong><\/td>\n<td style=\"width: 478px\"><strong>Winter<\/strong><\/td>\n<\/tr>\n<tr>\n<td style=\"width: 158px\"><strong>Hallentraining<br \/>\n<\/strong><\/td>\n<td style=\"width: 478px\">Freitag !7:: Uhr &#8211; 18:30 Uhr Sporthalle &#8222;T\u00f6pferwiese&#8220;<br \/>\n03.11.2023 &#8211; 15.03.2024<\/td>\n<\/tr>\n<tr>\n<td style=\"width: 158px\"><strong>Kunstrasen<br \/>\n<\/strong><\/td>\n<td style=\"width: 478px\"><\/td>\n<\/tr>\n<tr>\n<td style=\"width: 158px\"><strong>Trainer<\/strong><\/td>\n<td style=\"width: 478px\">Marc Wiltner \u00a0 \u00a0 \u00a0 \u00a0 \u00a0 \u00a0 \u00a0 \u00a0 \u00a0 Mobil: 0157 &#8211; 582 300 65<\/td>\n<\/tr>\n<tr>\n<td style=\"width: 158px\"><strong>Trainer<\/strong><\/td>\n<td style=\"width: 478px\">Christian M\u00fcller\u00a0\u00a0\u00a0\u00a0\u00a0\u00a0\u00a0\u00a0\u00a0\u00a0\u00a0\u00a0\u00a0 Mobil: <a class=\"commLink\" title=\"0151-701 927 30\" data-atip=\"commlink::mobile||C|A\" data-commdata=\"{&quot;type&quot;:&quot;mobile&quot;,&quot;number&quot;:&quot;004915170192730&quot;}\" data-l_mouse_cl=\"ServiceCommunication::handleCommLinkClick\"><span style=\"color: #333333\">0151 &#8211; 701 927 30<\/span> <\/a><\/td>\n<\/tr>\n<tr>\n<td style=\"width: 158px\"><strong>Co &#8211; Trainer<br \/>\n<\/strong><\/td>\n<td style=\"width: 478px\"><\/td>\n<\/tr>\n<tr>\n<td style=\"width: 158px\"><strong>Zielstellung<\/strong><\/td>\n<td style=\"width: 478px\">Die Mannschaft einfach nur weiter entwickeln<\/td>\n<\/tr>\n<\/tbody>\n<\/table>\n<\/div>\n<hr \/>\n<h3>Kader<\/h3>\n\n<table id=\"tablepress-120\" class=\"tablepress tablepress-id-120\">\n<thead>\n<tr class=\"row-1 odd\">\n\t<th class=\"column-1\">Angermann<\/th><th class=\"column-2\">Max Elias<\/th><th class=\"column-3\">2011<\/th><th class=\"column-4\">SV Einheit<\/th>\n<\/tr>\n<\/thead>\n<tbody>\n<tr class=\"row-2 even\">\n\t<td class=\"column-1\">Demir<\/td><td class=\"column-2\">Safed Danel<\/td><td class=\"column-3\">2011<\/td><td class=\"column-4\">SV Einheit<\/td>\n<\/tr>\n<tr class=\"row-3 odd\">\n\t<td class=\"column-1\">Frroku<\/td><td class=\"column-2\">Luis Shkurt<\/td><td class=\"column-3\">2011<\/td><td class=\"column-4\">SV Einheit<\/td>\n<\/tr>\n<tr class=\"row-4 even\">\n\t<td class=\"column-1\">Hasan<\/td><td class=\"column-2\">Sadar Salar Hasan<\/td><td class=\"column-3\">2011<\/td><td class=\"column-4\">SV Einheit<\/td>\n<\/tr>\n<tr class=\"row-5 odd\">\n\t<td class=\"column-1\">Janek<\/td><td class=\"column-2\">Finja Minett<\/td><td class=\"column-3\">2011<\/td><td class=\"column-4\">SV Einheit<\/td>\n<\/tr>\n<tr class=\"row-6 even\">\n\t<td class=\"column-1\">Korn<\/td><td class=\"column-2\">Laurin<\/td><td class=\"column-3\">2011<\/td><td class=\"column-4\">SV Einheit<\/td>\n<\/tr>\n<tr class=\"row-7 odd\">\n\t<td class=\"column-1\">Krug<\/td><td class=\"column-2\">Lionel Mathias<\/td><td class=\"column-3\">2011<\/td><td class=\"column-4\">SV Einheit<\/td>\n<\/tr>\n<tr class=\"row-8 even\">\n\t<td class=\"column-1\">Kurbneshi<\/td><td class=\"column-2\">Adrian<\/td><td class=\"column-3\">2011<\/td><td class=\"column-4\">SV Einheit<\/td>\n<\/tr>\n<tr class=\"row-9 odd\">\n\t<td class=\"column-1\">M\u00fcller<\/td><td class=\"column-2\">Toni<\/td><td class=\"column-3\">2011<\/td><td class=\"column-4\">SV Einheit<\/td>\n<\/tr>\n<tr class=\"row-10 even\">\n\t<td class=\"column-1\">Schulz<\/td><td class=\"column-2\">Max<\/td><td class=\"column-3\">2011<\/td><td class=\"column-4\">SV Einheit<\/td>\n<\/tr>\n<tr class=\"row-11 odd\">\n\t<td class=\"column-1\">Sluschny<\/td><td class=\"column-2\">Jason Ryan<\/td><td class=\"column-3\">2011<\/td><td class=\"column-4\">SV Einheit<\/td>\n<\/tr>\n<tr class=\"row-12 even\">\n\t<td class=\"column-1\">Tila<\/td><td class=\"column-2\">Deizi<\/td><td class=\"column-3\">2011<\/td><td class=\"column-4\">SV Einheit<\/td>\n<\/tr>\n<tr class=\"row-13 odd\">\n\t<td class=\"column-1\">Tymchuk<\/td><td class=\"column-2\">Juri<\/td><td class=\"column-3\">2011<\/td><td class=\"column-4\">SV Einheit \/ Ukraine<\/td>\n<\/tr>\n<tr class=\"row-14 even\">\n\t<td class=\"column-1\">Weschke<\/td><td class=\"column-2\">Maximilian<\/td><td class=\"column-3\">2011<\/td><td class=\"column-4\">SV Einheit<\/td>\n<\/tr>\n<tr class=\"row-15 odd\">\n\t<td class=\"column-1\"><\/td><td class=\"column-2\"><\/td><td class=\"column-3\"><\/td><td class=\"column-4\"><\/td>\n<\/tr>\n<tr class=\"row-16 even\">\n\t<td class=\"column-1\"><\/td><td class=\"column-2\"><\/td><td class=\"column-3\"><\/td><td class=\"column-4\"><\/td>\n<\/tr>\n<\/tbody>\n<\/table>\n\n","protected":false},"excerpt":{"rendered":"<p>SV Einheit Bernburg 1.Kreisklasse St. 1 \u2013 2023\/24 Die Mannschaft bleibt, wie schon in den letzten Jahren kaderm\u00e4\u00dfig weitestgehend zusammen Ist aber nun eine Jahrgangsmannschaft bestehend aus \u00e4lteren D &#8211; Spielern. Nach einem schwierigen ersten Jahr in dieser Altersklasse, in dem das Team erst in den letzten Wochen sein wahres Leistungsverm\u00f6gen zeigte, soll in dieser [&hellip;]<\/p>\n","protected":false},"author":3,"featured_media":0,"parent":37840,"menu_order":0,"comment_status":"closed","ping_status":"closed","template":"","meta":{"footnotes":""},"_links":{"self":[{"href":"https:\/\/einheit-bernburg.de\/content\/index.php?rest_route=\/wp\/v2\/pages\/37854"}],"collection":[{"href":"https:\/\/einheit-bernburg.de\/content\/index.php?rest_route=\/wp\/v2\/pages"}],"about":[{"href":"https:\/\/einheit-bernburg.de\/content\/index.php?rest_route=\/wp\/v2\/types\/page"}],"author":[{"embeddable":true,"href":"https:\/\/einheit-bernburg.de\/content\/index.php?rest_route=\/wp\/v2\/users\/3"}],"replies":[{"embeddable":true,"href":"https:\/\/einheit-bernburg.de\/content\/index.php?rest_route=%2Fwp%2Fv2%2Fcomments&post=37854"}],"version-history":[{"count":1,"href":"https:\/\/einheit-bernburg.de\/content\/index.php?rest_route=\/wp\/v2\/pages\/37854\/revisions"}],"predecessor-version":[{"id":37856,"href":"https:\/\/einheit-bernburg.de\/content\/index.php?rest_route=\/wp\/v2\/pages\/37854\/revisions\/37856"}],"up":[{"embeddable":true,"href":"https:\/\/einheit-bernburg.de\/content\/index.php?rest_route=\/wp\/v2\/pages\/37840"}],"wp:attachment":[{"href":"https:\/\/einheit-bernburg.de\/content\/index.php?rest_route=%2Fwp%2Fv2%2Fmedia&parent=37854"}],"curies":[{"name":"wp","href":"https:\/\/api.w.org\/{rel}","templated":true}]}}