{"id":37930,"date":"2024-08-12T08:41:06","date_gmt":"2024-08-12T06:41:06","guid":{"rendered":"https:\/\/einheit-bernburg.de\/content\/?page_id=37930"},"modified":"2024-08-12T08:41:06","modified_gmt":"2024-08-12T06:41:06","slug":"kader-u-zielstellung-g-junioren-sv-einheit-bernburg","status":"publish","type":"page","link":"https:\/\/einheit-bernburg.de\/content\/?page_id=37930","title":{"rendered":"Archiv Kader u. Zielstellung E2 \u2013 Junioren 2023\/24"},"content":{"rendered":"<h1 class=\"aufm\">Spg. Einheit Bernburg II. \/ Eintracht Pei\u00dfen<\/h1>\n<h3 class=\"aufm\">1.Kreisklasse &#8211; Staffel 3<\/h3>\n<p>Diese Mannschaft hat als F-Junioren Team in den letzten beiden Jahren eine sehr positive Entwicklung genommen. Jetzt sind die Jungs in der n\u00e4chsth\u00f6heren Altersklasse, bei den E &#8211; Junioren angekommen. Und auch hier wollen wir diese Entwicklung fortsetzen. Mal schauen, wie die Umstellung auf das gr\u00f6\u00dfere Spielfeld gelingt und wie man sich, als komplett j\u00fcngerer Jahrgang dieser Altersklasse, gegen zum Teil k\u00f6rperlich und altersm\u00e4\u00dfig \u00fcberlegene Gegner schl\u00e4gt. Auf jeden Fall blickt das Trainerteam optimistisch in die Zukunft.<strong><br \/>\nWir w\u00fcnschen den Trainern mit ihrem Kollektiv eine erfolgreiche Saison.<\/strong><\/p>\n<div class=\"su-table su-table-alternate\">\n<table style=\"width: 78.0468%\">\n<tbody>\n<tr>\n<td style=\"width: 22.8216%\"><strong>Ansprechpartner<\/strong><\/td>\n<td style=\"width: 76.072%\"><strong>Lothar Kral<\/strong> (Jugendleiter-Einheit)<br \/>\nFestnetz 03471 &#8211; 311898,\u00a0 Mobil: 0162 &#8211; 435 66 23<br \/>\n<strong>Phillip Krebs<\/strong> (Jugendleiter-Eintracht)<br \/>\nMobil: 0173 \/ 695 11 50<\/td>\n<\/tr>\n<tr>\n<td style=\"width: 22.8216%\"><strong>Trainingszeit<\/strong><\/td>\n<td style=\"width: 76.072%\">Mo u. Do 16:30 Uhr \u2013 18:00 Uhr Einheit &#8211; Sportplatz<\/td>\n<\/tr>\n<tr>\n<td style=\"width: 22.8216%\"><strong>Hallentraining<br \/>\n<\/strong><\/td>\n<td style=\"width: 76.072%\"><span style=\"color: #00000a\">Donnerstag !6:00 Uhr &#8211; 17:30 Uhr Sporthalle T\u00f6pferwiese<br \/>\n09.11.2023 &#8211; 14.03.2024<br \/>\n<\/span><\/td>\n<\/tr>\n<tr>\n<td style=\"width: 22.8216%\"><strong>Kunstrasen<\/strong><\/td>\n<td style=\"width: 76.072%\"><\/td>\n<\/tr>\n<tr>\n<td style=\"width: 22.8216%\"><strong>Trainer<\/strong><\/td>\n<td style=\"width: 76.072%\"><span lang=\"EN-US\">Lothar Kral \u00a0\u00a0\u00a0\u00a0\u00a0\u00a0\u00a0\u00a0\u00a0\u00a0\u00a0\u00a0\u00a0\u00a0\u00a0\u00a0\u00a0 Mobil: 0162 &#8211; 435 66 23<br \/>\n<\/span><\/td>\n<\/tr>\n<tr>\n<td style=\"width: 22.8216%\"><strong>Trainer<\/strong><\/td>\n<td style=\"width: 76.072%\"><span lang=\"EN-US\">Mathias Leidel \u00a0\u00a0\u00a0\u00a0\u00a0\u00a0\u00a0\u00a0\u00a0\u00a0\u00a0 Mobil: 0170 &#8211; 722 71 68<br \/>\n<\/span><\/td>\n<\/tr>\n<tr>\n<td style=\"width: 22.8216%\"><strong>Co &#8211; Trainer<br \/>\n<\/strong><\/td>\n<td style=\"width: 76.072%\"><span lang=\"EN-US\">Dirk Seewald\u00a0\u00a0\u00a0\u00a0\u00a0\u00a0\u00a0\u00a0\u00a0\u00a0\u00a0\u00a0\u00a0\u00a0\u00a0 Mobil: 0172 &#8211; 365 72 82<br \/>\n<\/span><\/td>\n<\/tr>\n<tr>\n<td style=\"width: 22.8216%\"><strong>Co &#8211; Trainer<br \/>\n<\/strong><\/td>\n<td style=\"width: 76.072%\"><span lang=\"EN-US\">G\u00fcnter Ernst\u00a0\u00a0\u00a0\u00a0\u00a0\u00a0\u00a0\u00a0\u00a0\u00a0\u00a0\u00a0\u00a0\u00a0\u00a0 Mobil: 0162 &#8211; 402 33 47<br \/>\n<\/span><\/td>\n<\/tr>\n<tr>\n<td style=\"width: 22.8216%\"><strong>Zielstellung<\/strong><\/td>\n<td style=\"width: 76.072%\">Sich als komplett j\u00fcngerer Jahrgang behaupten u. sich spietechnisch weiter entwickeln<\/td>\n<\/tr>\n<\/tbody>\n<\/table>\n<\/div>\n<hr \/>\n<h3>Kader<\/h3>\n\n<table id=\"tablepress-123\" class=\"tablepress tablepress-id-123\">\n<thead>\n<tr class=\"row-1 odd\">\n\t<th class=\"column-1\">Name<\/th><th class=\"column-2\">Vorname<\/th><th class=\"column-3\">Jahrgang<\/th><th class=\"column-4\">Herkunft<\/th><th class=\"column-5\"><\/th><th class=\"column-6\"><\/th><th class=\"column-7\"><\/th><th class=\"column-8\"><\/th>\n<\/tr>\n<\/thead>\n<tbody>\n<tr class=\"row-2 even\">\n\t<td class=\"column-1\">Apel<\/td><td class=\"column-2\">Finn<\/td><td class=\"column-3\">2014<\/td><td class=\"column-4\">SV Einheit<\/td><td class=\"column-5\"><\/td><td class=\"column-6\"><\/td><td class=\"column-7\"><\/td><td class=\"column-8\"><\/td>\n<\/tr>\n<tr class=\"row-3 odd\">\n\t<td class=\"column-1\">Ballerstein<\/td><td class=\"column-2\">Leander<\/td><td class=\"column-3\">2014<\/td><td class=\"column-4\">SV Einheit<\/td><td class=\"column-5\"><\/td><td class=\"column-6\"><\/td><td class=\"column-7\"><\/td><td class=\"column-8\"><\/td>\n<\/tr>\n<tr class=\"row-4 even\">\n\t<td class=\"column-1\">Becker<\/td><td class=\"column-2\">Lenny<\/td><td class=\"column-3\">2014<\/td><td class=\"column-4\">SV Einheit<\/td><td class=\"column-5\"><\/td><td class=\"column-6\"><\/td><td class=\"column-7\"><\/td><td class=\"column-8\"><\/td>\n<\/tr>\n<tr class=\"row-5 odd\">\n\t<td class=\"column-1\">Brauns<\/td><td class=\"column-2\">Bennet<\/td><td class=\"column-3\">2014<\/td><td class=\"column-4\"> SV Einheit<\/td><td class=\"column-5\"><\/td><td class=\"column-6\"><\/td><td class=\"column-7\"><\/td><td class=\"column-8\"><\/td>\n<\/tr>\n<tr class=\"row-6 even\">\n\t<td class=\"column-1\">Ehrich<\/td><td class=\"column-2\">Ruben<\/td><td class=\"column-3\">2014<\/td><td class=\"column-4\">SV Einheit<\/td><td class=\"column-5\"><\/td><td class=\"column-6\"><\/td><td class=\"column-7\"><\/td><td class=\"column-8\"><\/td>\n<\/tr>\n<tr class=\"row-7 odd\">\n\t<td class=\"column-1\">Fischer<\/td><td class=\"column-2\">Niklas<\/td><td class=\"column-3\">2014<\/td><td class=\"column-4\">SV Einheit<\/td><td class=\"column-5\"><\/td><td class=\"column-6\"><\/td><td class=\"column-7\"><\/td><td class=\"column-8\"><\/td>\n<\/tr>\n<tr class=\"row-8 even\">\n\t<td class=\"column-1\">Kl\u00f6pzig<\/td><td class=\"column-2\">Emil<\/td><td class=\"column-3\">2014<\/td><td class=\"column-4\">SV Einheit<\/td><td class=\"column-5\"><\/td><td class=\"column-6\"><\/td><td class=\"column-7\"><\/td><td class=\"column-8\"><\/td>\n<\/tr>\n<tr class=\"row-9 odd\">\n\t<td class=\"column-1\">Melnychuk<\/td><td class=\"column-2\">Taras<\/td><td class=\"column-3\">2014<\/td><td class=\"column-4\">SV Einheit<\/td><td class=\"column-5\"><\/td><td class=\"column-6\"><\/td><td class=\"column-7\"><\/td><td class=\"column-8\"><\/td>\n<\/tr>\n<tr class=\"row-10 even\">\n\t<td class=\"column-1\">Negash<\/td><td class=\"column-2\">Mussa<\/td><td class=\"column-3\">2014<\/td><td class=\"column-4\">SV Einheit<\/td><td class=\"column-5\"><\/td><td class=\"column-6\"><\/td><td class=\"column-7\"><\/td><td class=\"column-8\"><\/td>\n<\/tr>\n<tr class=\"row-11 odd\">\n\t<td class=\"column-1\">Safi<\/td><td class=\"column-2\">Mohammad Omar<\/td><td class=\"column-3\">2014<\/td><td class=\"column-4\">SV Einheit<\/td><td class=\"column-5\"><\/td><td class=\"column-6\"><\/td><td class=\"column-7\"><\/td><td class=\"column-8\"><\/td>\n<\/tr>\n<tr class=\"row-12 even\">\n\t<td class=\"column-1\">Schmelzer<\/td><td class=\"column-2\">Davin<\/td><td class=\"column-3\">2014<\/td><td class=\"column-4\">SV Einheit<\/td><td class=\"column-5\"><\/td><td class=\"column-6\"><\/td><td class=\"column-7\"><\/td><td class=\"column-8\"><\/td>\n<\/tr>\n<tr class=\"row-13 odd\">\n\t<td class=\"column-1\">Seewald<\/td><td class=\"column-2\">Dominik<\/td><td class=\"column-3\">2014<\/td><td class=\"column-4\">SV Einheit<\/td><td class=\"column-5\"><\/td><td class=\"column-6\"><\/td><td class=\"column-7\"><\/td><td class=\"column-8\"><\/td>\n<\/tr>\n<tr class=\"row-14 even\">\n\t<td class=\"column-1\">Tila<\/td><td class=\"column-2\">Fernando<\/td><td class=\"column-3\">2014<\/td><td class=\"column-4\">SV Einheit<\/td><td class=\"column-5\"><\/td><td class=\"column-6\"><\/td><td class=\"column-7\"><\/td><td class=\"column-8\"><\/td>\n<\/tr>\n<tr class=\"row-15 odd\">\n\t<td class=\"column-1\">Zetsch<\/td><td class=\"column-2\">Pepe<\/td><td class=\"column-3\">2014<\/td><td class=\"column-4\">SV Einheit<\/td><td class=\"column-5\"><\/td><td class=\"column-6\"><\/td><td class=\"column-7\"><\/td><td class=\"column-8\"><\/td>\n<\/tr>\n<tr class=\"row-16 even\">\n\t<td class=\"column-1\"><\/td><td class=\"column-2\"><\/td><td class=\"column-3\"><\/td><td class=\"column-4\"><\/td><td class=\"column-5\"><\/td><td class=\"column-6\"><\/td><td class=\"column-7\"><\/td><td class=\"column-8\"><\/td>\n<\/tr>\n<tr class=\"row-17 odd\">\n\t<td class=\"column-1\">Pega<\/td><td class=\"column-2\">Max<\/td><td class=\"column-3\">2014<\/td><td class=\"column-4\">Eintracht Pei\u00dfen<\/td><td class=\"column-5\"><\/td><td class=\"column-6\"><\/td><td class=\"column-7\"><\/td><td class=\"column-8\"><\/td>\n<\/tr>\n<tr class=\"row-18 even\">\n\t<td class=\"column-1\">Ru\u00df<\/td><td class=\"column-2\">Alexander<\/td><td class=\"column-3\">2014<\/td><td class=\"column-4\">Eintracht Pei\u00dfen<\/td><td class=\"column-5\"><\/td><td class=\"column-6\"><\/td><td class=\"column-7\"><\/td><td class=\"column-8\"><\/td>\n<\/tr>\n<tr class=\"row-19 odd\">\n\t<td class=\"column-1\">Schwarz <\/td><td class=\"column-2\">Oskar<\/td><td class=\"column-3\">2014<\/td><td class=\"column-4\">Eintracht Pei\u00dfen<\/td><td class=\"column-5\"><\/td><td class=\"column-6\"><\/td><td class=\"column-7\"><\/td><td class=\"column-8\"><\/td>\n<\/tr>\n<tr class=\"row-20 even\">\n\t<td class=\"column-1\"><\/td><td class=\"column-2\"><\/td><td class=\"column-3\"><\/td><td class=\"column-4\"><\/td><td class=\"column-5\"><\/td><td class=\"column-6\"><\/td><td class=\"column-7\"><\/td><td class=\"column-8\"><\/td>\n<\/tr>\n<tr class=\"row-21 odd\">\n\t<td class=\"column-1\">Nowak<\/td><td class=\"column-2\">Michel<\/td><td class=\"column-3\">2015<\/td><td class=\"column-4\">Eintracht Pei\u00dfen<\/td><td class=\"column-5\"><\/td><td class=\"column-6\"><\/td><td class=\"column-7\"><\/td><td class=\"column-8\"><\/td>\n<\/tr>\n<tr class=\"row-22 even\">\n\t<td class=\"column-1\">Maiwald<\/td><td class=\"column-2\">Oliver<\/td><td class=\"column-3\">2015<\/td><td class=\"column-4\">SV Einheit<\/td><td class=\"column-5\"><\/td><td class=\"column-6\"><\/td><td class=\"column-7\"><\/td><td class=\"column-8\"><\/td>\n<\/tr>\n<\/tbody>\n<\/table>\n\n<p><strong>Zug\u00e4nge: <\/strong>Adam, Finn<strong><br \/>\n<\/strong><\/p>\n<p><strong>Abg\u00e4nge: <\/strong>Herhe Caspar, Jan (Abmeldung)<strong><br \/>\n<\/strong><\/p>\n","protected":false},"excerpt":{"rendered":"<p>Spg. Einheit Bernburg II. \/ Eintracht Pei\u00dfen 1.Kreisklasse &#8211; Staffel 3 Diese Mannschaft hat als F-Junioren Team in den letzten beiden Jahren eine sehr positive Entwicklung genommen. Jetzt sind die Jungs in der n\u00e4chsth\u00f6heren Altersklasse, bei den E &#8211; Junioren angekommen. Und auch hier wollen wir diese Entwicklung fortsetzen. Mal schauen, wie die Umstellung auf [&hellip;]<\/p>\n","protected":false},"author":3,"featured_media":0,"parent":37917,"menu_order":0,"comment_status":"closed","ping_status":"closed","template":"","meta":{"footnotes":""},"_links":{"self":[{"href":"https:\/\/einheit-bernburg.de\/content\/index.php?rest_route=\/wp\/v2\/pages\/37930"}],"collection":[{"href":"https:\/\/einheit-bernburg.de\/content\/index.php?rest_route=\/wp\/v2\/pages"}],"about":[{"href":"https:\/\/einheit-bernburg.de\/content\/index.php?rest_route=\/wp\/v2\/types\/page"}],"author":[{"embeddable":true,"href":"https:\/\/einheit-bernburg.de\/content\/index.php?rest_route=\/wp\/v2\/users\/3"}],"replies":[{"embeddable":true,"href":"https:\/\/einheit-bernburg.de\/content\/index.php?rest_route=%2Fwp%2Fv2%2Fcomments&post=37930"}],"version-history":[{"count":1,"href":"https:\/\/einheit-bernburg.de\/content\/index.php?rest_route=\/wp\/v2\/pages\/37930\/revisions"}],"predecessor-version":[{"id":37931,"href":"https:\/\/einheit-bernburg.de\/content\/index.php?rest_route=\/wp\/v2\/pages\/37930\/revisions\/37931"}],"up":[{"embeddable":true,"href":"https:\/\/einheit-bernburg.de\/content\/index.php?rest_route=\/wp\/v2\/pages\/37917"}],"wp:attachment":[{"href":"https:\/\/einheit-bernburg.de\/content\/index.php?rest_route=%2Fwp%2Fv2%2Fmedia&parent=37930"}],"curies":[{"name":"wp","href":"https:\/\/api.w.org\/{rel}","templated":true}]}}