{"id":37960,"date":"2024-08-12T14:30:08","date_gmt":"2024-08-12T12:30:08","guid":{"rendered":"https:\/\/einheit-bernburg.de\/content\/?page_id=37960"},"modified":"2024-08-12T14:30:08","modified_gmt":"2024-08-12T12:30:08","slug":"kader-u-zielstellung-g-junioren-sv-einheit-bernburg","status":"publish","type":"page","link":"https:\/\/einheit-bernburg.de\/content\/?page_id=37960","title":{"rendered":"Archiv Kader u. Zielstellung F-Junioren 2023\/24"},"content":{"rendered":"<h1 class=\"aufm\">Spg. Einheit Bernburg-Eintracht B\/G Pei\u00dfen<\/h1>\n<h3>F-Junioren Fair-Play &#8211; Liga 2023\/24<\/h3>\n<p>In der zur\u00fcckliegenden Saison wurde ein guter Grundstein gelegt f\u00fcr die F &#8211; Junioren des aktuellen Spieljahres. Die Jungs nahmen vor allem als Team B eine sehr gute Entwicklung und werden, verst\u00e4rkt mit einigen Jungs, die aus dem letzten G-Junioren Team hochr\u00fccken, auch in diesem Spieljahr wieder eine gute Rolle spielen.<br \/>\n<strong>Wir w\u00fcnschen Euch viel Erfolg bei den zuk\u00fcnftigen Turnieren der Fair Play-Liga!<\/strong><\/p>\n<hr \/>\n<div class=\"su-table su-table-alternate\">\n<table style=\"width: 89.658%;height: 408px\">\n<tbody>\n<tr style=\"height: 72px\">\n<td style=\"width: 25%;height: 72px\"><strong>Ansprechpartner<\/strong><\/td>\n<td style=\"width: 74.084%;height: 72px\">Lothar Kral (Jugendleiter &#8211; Einheit))<br \/>\nTel.: 03471 \/ 311868, Mobil: 0162 \/ 435 66 23<br \/>\nPhilipp Krebs (Jugendleiter &#8211; Pei\u00dfen) Mobil: 0173 \/ 695 11 50<\/td>\n<\/tr>\n<tr style=\"height: 96px\">\n<td style=\"width: 25%;height: 96px\"><strong>Trainingszeiten<\/strong><\/td>\n<td style=\"width: 74.084%;height: 96px\">Dienstag\u00a0\u00a0\u00a0\u00a0\u00a0 16:30 Uhr &#8211; 18:00 Uhr Einheit &#8211; Sportplatz<br \/>\nDonnerstag 16:30 Uhr &#8211; 18:00 Uhr Sportplatz &#8211; Pei\u00dfen<br \/>\n<span style=\"color: #0000ff\"><em>F\u00fcr Pei\u00dfener u. Bernburger Kinder besteht jederzeit die M\u00f6glichkeit <strong>am jeweiligen Training des Partnervereins<\/strong> teilzunehmen. (Di Einheit \/ Do Pei\u00dfen)<br \/>\n<\/em><\/span><\/td>\n<\/tr>\n<tr style=\"height: 96px\">\n<td style=\"width: 25%;height: 96px\"><strong>Hallentraining<\/strong><\/td>\n<td style=\"width: 74.084%;height: 96px\">Dienstag: 16:00 Uhr &#8211; 18:00 Uhr Sporthalle Goetheschule<strong><br \/>\n<\/strong>10.10.2023 &#8211; 20.03.2024<br \/>\nFreitag: 16:00 Uhr &#8211; 17:00 Uhr Sporthalle T\u00f6pferwiese<br \/>\n03.11.2023 &#8211; 15.03.2024<\/td>\n<\/tr>\n<tr style=\"height: 24px\">\n<td style=\"width: 25%;height: 24px\"><strong>Trainer<\/strong><\/td>\n<td style=\"width: 74.084%;height: 24px\"><span lang=\"EN-US\">Stephan R\u00fchlicke\u00a0\u00a0\u00a0\u00a0\u00a0\u00a0\u00a0\u00a0 Mobil: 0163 &#8211; 554 49 39<\/span><\/td>\n<\/tr>\n<tr style=\"height: 24px\">\n<td style=\"width: 25%;height: 24px\"><strong>Trainer<\/strong><\/td>\n<td style=\"width: 74.084%;height: 24px\"><span lang=\"EN-US\">Florian Stein\u00a0\u00a0\u00a0\u00a0\u00a0\u00a0\u00a0\u00a0\u00a0\u00a0\u00a0\u00a0\u00a0\u00a0\u00a0\u00a0\u00a0 Mobil: 0179 &#8211; 104 36 92<\/span><\/td>\n<\/tr>\n<tr style=\"height: 24px\">\n<td style=\"width: 25%;height: 24px\"><strong> Co &#8211; Trainer<\/strong><\/td>\n<td style=\"width: 74.084%;height: 24px\">Matthias Griese u. Frank Huth<\/td>\n<\/tr>\n<tr style=\"height: 24px\">\n<td style=\"width: 25%;height: 24px\"><strong>Mannschaftsleiter<\/strong><\/td>\n<td style=\"width: 74.084%;height: 24px\"><\/td>\n<\/tr>\n<tr style=\"height: 48px\">\n<td style=\"width: 25%;height: 48px\"><strong>Zielstellung<\/strong><\/td>\n<td style=\"width: 74.084%;height: 48px\">Den Kindern spielerisch das Fu\u00dfballspielen vermitteln, wobei jederzeit der Spa\u00df im Vordergrund stehen soll und muss.<\/td>\n<\/tr>\n<\/tbody>\n<\/table>\n<\/div>\n<hr \/>\n<h3>Kader<\/h3>\n\n<table id=\"tablepress-124\" class=\"tablepress tablepress-id-124\" aria-describedby=\"tablepress-124-description\">\n<thead>\n<tr class=\"row-1 odd\">\n\t<th class=\"column-1\">Name<\/th><th class=\"column-2\">Vorname<\/th><th class=\"column-3\">Jahrgang<\/th><th class=\"column-4\">Herkunft<\/th><th class=\"column-5\"><\/th><th class=\"column-6\"><\/th><th class=\"column-7\"><\/th><th class=\"column-8\"><\/th>\n<\/tr>\n<\/thead>\n<tbody>\n<tr class=\"row-2 even\">\n\t<td class=\"column-1\">F\u00fcrtig<\/td><td class=\"column-2\">Jan - Louis<\/td><td class=\"column-3\">2015<\/td><td class=\"column-4\">Einheit<\/td><td class=\"column-5\"><\/td><td class=\"column-6\"><\/td><td class=\"column-7\"><\/td><td class=\"column-8\"><\/td>\n<\/tr>\n<tr class=\"row-3 odd\">\n\t<td class=\"column-1\">J\u00f6rdens<\/td><td class=\"column-2\">Leon Jason<\/td><td class=\"column-3\">2015<\/td><td class=\"column-4\">Einheit<\/td><td class=\"column-5\"><\/td><td class=\"column-6\"><\/td><td class=\"column-7\"><\/td><td class=\"column-8\"><\/td>\n<\/tr>\n<tr class=\"row-4 even\">\n\t<td class=\"column-1\">Herold<\/td><td class=\"column-2\">Flynn<\/td><td class=\"column-3\">2015<\/td><td class=\"column-4\">Einheit<\/td><td class=\"column-5\"><\/td><td class=\"column-6\"><\/td><td class=\"column-7\"><\/td><td class=\"column-8\"><\/td>\n<\/tr>\n<tr class=\"row-5 odd\">\n\t<td class=\"column-1\">Hirsch<\/td><td class=\"column-2\">Tommy<\/td><td class=\"column-3\">2015<\/td><td class=\"column-4\">Einheit<\/td><td class=\"column-5\"><\/td><td class=\"column-6\"><\/td><td class=\"column-7\"><\/td><td class=\"column-8\"><\/td>\n<\/tr>\n<tr class=\"row-6 even\">\n\t<td class=\"column-1\">Maiwald<\/td><td class=\"column-2\">Oliver<\/td><td class=\"column-3\">2015<\/td><td class=\"column-4\">Einheit<\/td><td class=\"column-5\"><\/td><td class=\"column-6\"><\/td><td class=\"column-7\"><\/td><td class=\"column-8\"><\/td>\n<\/tr>\n<tr class=\"row-7 odd\">\n\t<td class=\"column-1\">Brauns<\/td><td class=\"column-2\">Emil<\/td><td class=\"column-3\">2015<\/td><td class=\"column-4\">Pei\u00dfen<\/td><td class=\"column-5\"><\/td><td class=\"column-6\"><\/td><td class=\"column-7\"><\/td><td class=\"column-8\"><\/td>\n<\/tr>\n<tr class=\"row-8 even\">\n\t<td class=\"column-1\">Nowack<\/td><td class=\"column-2\">Michel<\/td><td class=\"column-3\">2015<\/td><td class=\"column-4\">Pei\u00dfen<\/td><td class=\"column-5\"><\/td><td class=\"column-6\"><\/td><td class=\"column-7\"><\/td><td class=\"column-8\"><\/td>\n<\/tr>\n<tr class=\"row-9 odd\">\n\t<td class=\"column-1\">Redemske<\/td><td class=\"column-2\">Yannik<\/td><td class=\"column-3\">2015<\/td><td class=\"column-4\">Pei\u00dfen<\/td><td class=\"column-5\"><\/td><td class=\"column-6\"><\/td><td class=\"column-7\"><\/td><td class=\"column-8\"><\/td>\n<\/tr>\n<tr class=\"row-10 even\">\n\t<td class=\"column-1\">Al Ali<\/td><td class=\"column-2\">Muhammad<\/td><td class=\"column-3\">2016<\/td><td class=\"column-4\">Einheit<\/td><td class=\"column-5\"><\/td><td class=\"column-6\"><\/td><td class=\"column-7\"><\/td><td class=\"column-8\"><\/td>\n<\/tr>\n<tr class=\"row-11 odd\">\n\t<td class=\"column-1\">Al Ali<\/td><td class=\"column-2\">Walid<\/td><td class=\"column-3\">2016<\/td><td class=\"column-4\">Einheit<\/td><td class=\"column-5\"><\/td><td class=\"column-6\"><\/td><td class=\"column-7\"><\/td><td class=\"column-8\"><\/td>\n<\/tr>\n<tr class=\"row-12 even\">\n\t<td class=\"column-1\">Friesen<\/td><td class=\"column-2\">Noah<\/td><td class=\"column-3\">2016<\/td><td class=\"column-4\">Einheit<\/td><td class=\"column-5\"><\/td><td class=\"column-6\"><\/td><td class=\"column-7\"><\/td><td class=\"column-8\"><\/td>\n<\/tr>\n<tr class=\"row-13 odd\">\n\t<td class=\"column-1\">Osman<\/td><td class=\"column-2\">Taim<\/td><td class=\"column-3\">2016<\/td><td class=\"column-4\">Einheit<\/td><td class=\"column-5\"><\/td><td class=\"column-6\"><\/td><td class=\"column-7\"><\/td><td class=\"column-8\"><\/td>\n<\/tr>\n<tr class=\"row-14 even\">\n\t<td class=\"column-1\">Neumeister<\/td><td class=\"column-2\">Noah Joel<\/td><td class=\"column-3\">2016<\/td><td class=\"column-4\">Einheit<\/td><td class=\"column-5\"><\/td><td class=\"column-6\"><\/td><td class=\"column-7\"><\/td><td class=\"column-8\"><\/td>\n<\/tr>\n<tr class=\"row-15 odd\">\n\t<td class=\"column-1\">Schade<\/td><td class=\"column-2\">Felix<\/td><td class=\"column-3\">2016<\/td><td class=\"column-4\">Einheit<\/td><td class=\"column-5\"><\/td><td class=\"column-6\"><\/td><td class=\"column-7\"><\/td><td class=\"column-8\"><\/td>\n<\/tr>\n<tr class=\"row-16 even\">\n\t<td class=\"column-1\">Siegmann<\/td><td class=\"column-2\">Jacob<\/td><td class=\"column-3\">2016<\/td><td class=\"column-4\">Einheit<\/td><td class=\"column-5\"><\/td><td class=\"column-6\"><\/td><td class=\"column-7\"><\/td><td class=\"column-8\"><\/td>\n<\/tr>\n<tr class=\"row-17 odd\">\n\t<td class=\"column-1\">Sperlich<\/td><td class=\"column-2\">Karl Frederik<\/td><td class=\"column-3\">2016<\/td><td class=\"column-4\">Einheit<\/td><td class=\"column-5\"><\/td><td class=\"column-6\"><\/td><td class=\"column-7\"><\/td><td class=\"column-8\"><\/td>\n<\/tr>\n<tr class=\"row-18 even\">\n\t<td class=\"column-1\">Huth<\/td><td class=\"column-2\">Jakob<\/td><td class=\"column-3\">2016<\/td><td class=\"column-4\">Pei\u00dfen<\/td><td class=\"column-5\"><\/td><td class=\"column-6\"><\/td><td class=\"column-7\"><\/td><td class=\"column-8\"><\/td>\n<\/tr>\n<tr class=\"row-19 odd\">\n\t<td class=\"column-1\">Pelka<\/td><td class=\"column-2\">Hannes<\/td><td class=\"column-3\">2016<\/td><td class=\"column-4\">Pei\u00dfen<\/td><td class=\"column-5\"><\/td><td class=\"column-6\"><\/td><td class=\"column-7\"><\/td><td class=\"column-8\"><\/td>\n<\/tr>\n<tr class=\"row-20 even\">\n\t<td class=\"column-1\">Schulz<\/td><td class=\"column-2\">Ole<\/td><td class=\"column-3\">2016<\/td><td class=\"column-4\">Pei\u00dfen<\/td><td class=\"column-5\"><\/td><td class=\"column-6\"><\/td><td class=\"column-7\"><\/td><td class=\"column-8\"><\/td>\n<\/tr>\n<\/tbody>\n<\/table>\n<span id=\"tablepress-124-description\" class=\"tablepress-table-description tablepress-table-description-id-124\"><\/span>\n\n","protected":false},"excerpt":{"rendered":"<p>Spg. Einheit Bernburg-Eintracht B\/G Pei\u00dfen F-Junioren Fair-Play &#8211; Liga 2023\/24 In der zur\u00fcckliegenden Saison wurde ein guter Grundstein gelegt f\u00fcr die F &#8211; Junioren des aktuellen Spieljahres. Die Jungs nahmen vor allem als Team B eine sehr gute Entwicklung und werden, verst\u00e4rkt mit einigen Jungs, die aus dem letzten G-Junioren Team hochr\u00fccken, auch in diesem [&hellip;]<\/p>\n","protected":false},"author":3,"featured_media":0,"parent":37948,"menu_order":0,"comment_status":"closed","ping_status":"closed","template":"","meta":{"footnotes":""},"_links":{"self":[{"href":"https:\/\/einheit-bernburg.de\/content\/index.php?rest_route=\/wp\/v2\/pages\/37960"}],"collection":[{"href":"https:\/\/einheit-bernburg.de\/content\/index.php?rest_route=\/wp\/v2\/pages"}],"about":[{"href":"https:\/\/einheit-bernburg.de\/content\/index.php?rest_route=\/wp\/v2\/types\/page"}],"author":[{"embeddable":true,"href":"https:\/\/einheit-bernburg.de\/content\/index.php?rest_route=\/wp\/v2\/users\/3"}],"replies":[{"embeddable":true,"href":"https:\/\/einheit-bernburg.de\/content\/index.php?rest_route=%2Fwp%2Fv2%2Fcomments&post=37960"}],"version-history":[{"count":1,"href":"https:\/\/einheit-bernburg.de\/content\/index.php?rest_route=\/wp\/v2\/pages\/37960\/revisions"}],"predecessor-version":[{"id":37961,"href":"https:\/\/einheit-bernburg.de\/content\/index.php?rest_route=\/wp\/v2\/pages\/37960\/revisions\/37961"}],"up":[{"embeddable":true,"href":"https:\/\/einheit-bernburg.de\/content\/index.php?rest_route=\/wp\/v2\/pages\/37948"}],"wp:attachment":[{"href":"https:\/\/einheit-bernburg.de\/content\/index.php?rest_route=%2Fwp%2Fv2%2Fmedia&parent=37960"}],"curies":[{"name":"wp","href":"https:\/\/api.w.org\/{rel}","templated":true}]}}