{"id":3884,"date":"2016-07-29T08:41:30","date_gmt":"2016-07-29T06:41:30","guid":{"rendered":"http:\/\/einheit-bernburg.de\/content\/?page_id=3884"},"modified":"2016-07-29T08:41:30","modified_gmt":"2016-07-29T06:41:30","slug":"archiv-kader-u-zielstellung-g-junioren-sv-einheit-bernburg-201516","status":"publish","type":"page","link":"https:\/\/einheit-bernburg.de\/content\/?page_id=3884","title":{"rendered":"Archiv Kader u. Zielstellung G-Junioren SV Einheit Bernburg 2015\/16"},"content":{"rendered":"<h1 class=\"aufm\">SV Einheit Bernburg<\/h1>\n<h3>2015\/16<\/h3>\n<p>Da der TV Askania Bernburg in der laufenden Saison wieder eine eigene Bambinimannschaft unterh\u00e4lt, tritt auch der SV Einheit Bernburg in diesem Jahr als eigenst\u00e4ndiger Verein im Rahmen der KOOP Einheit &#8211; Askania auf.<\/p>\n<p>Auch in der anlaufenden Spielserie geht es in der Fairplay &#8211; Liga f\u00fcr die Kinder wieder darum, Spa\u00df am Spiel zu vermitteln und nat\u00fcrlich ganz langsam, ohne Wertung und ohne jeden Erfolgsdruck das Fu\u00dfballspielen zu erlernen.<\/p>\n<p>Leider hat mit Ronny Beier einer der bew\u00e4hrten Trainer dieser Altersklasse die Mannschaft Richtung F &#8211; Junioren verlassen, steht aber, da beide Altersklassen zu gleicher Zeit trainieren, in Notf\u00e4llen auch f\u00fcr die Bambinis zur Verf\u00fcgung. <em>Trotzdem w\u00e4re es sch\u00f6n und wichtig, wenn sich aus dem Elternkreis interessierte Vatis finden w\u00fcrden, die Christian B\u00fcttner, der aus beruflichen Gr\u00fcnden nicht immer anwesend sein kann, beim Training und auch bei den Spielen unterst\u00fctzen wollen.<\/em><\/p>\n<p>Interessierte Kinder k\u00f6nnen jederzeit an den Trainingstagen in diese Sportart hinein schnuppern. Wir freuen uns auf einen regen Zulauf.<\/p>\n<p><em>F\u00fcr das neue Spieljahr w\u00fcnschen wir viel Freude beim Erlernen dieses Sports!<\/em><\/p>\n<hr \/>\n<div class=\"su-table su-table-alternate\">\n<table>\n<tbody>\n<tr>\n<td style=\"width: 25%\"><strong>Ansprechpartner<\/strong><\/td>\n<td>Lothar Kral (Sportlicher Leiter)<\/p>\n<p>Tel.: 03471 \/ 311868, Mobil: 0177 \/ 939 42 32<\/td>\n<\/tr>\n<tr>\n<td style=\"width: 25%\"><strong>Trainingszeit<\/strong><\/td>\n<td>Montag 16:30 Uhr &#8211; 18:00 Uhr Askania &#8211; Sportplatz<\/td>\n<\/tr>\n<tr>\n<td style=\"width: 25%\"><strong>Trainer<\/strong><\/td>\n<td>Christian B\u00fcttner\u00a0\u00a0\u00a0\u00a0\u00a0\u00a0\u00a0 Mobil: 0178 \/ 611 50 85<\/p>\n<p>Herr Kippka (?)<\/td>\n<\/tr>\n<tr>\n<td style=\"width: 25%\"><strong>Co &#8211; Trainer<\/strong><\/td>\n<td><\/td>\n<\/tr>\n<tr>\n<td style=\"width: 25%\"><strong>Zielstellung<\/strong><\/td>\n<td>Spa\u00df und Spielfreude am Fu\u00dfballspiel entwickeln und f\u00f6rdern<\/td>\n<\/tr>\n<\/tbody>\n<\/table>\n<\/div>\n<hr \/>\n<h3>Kader<\/h3>\n\n<table id=\"tablepress-15\" class=\"tablepress tablepress-id-15\">\n<thead>\n<tr class=\"row-1 odd\">\n\t<th class=\"column-1\">Name<\/th><th class=\"column-2\">Vorname<\/th><th class=\"column-3\">Jahrgang<\/th><th class=\"column-4\">Herkunft<\/th><th class=\"column-5\"><\/th><th class=\"column-6\"><\/th><th class=\"column-7\"><\/th><th class=\"column-8\"><\/th>\n<\/tr>\n<\/thead>\n<tbody>\n<tr class=\"row-2 even\">\n\t<td class=\"column-1\">K\u00e4mmerer<\/td><td class=\"column-2\">Rico<\/td><td class=\"column-3\">2009<\/td><td class=\"column-4\">SV Einheit<\/td><td class=\"column-5\"><\/td><td class=\"column-6\"><\/td><td class=\"column-7\"><\/td><td class=\"column-8\"><\/td>\n<\/tr>\n<tr class=\"row-3 odd\">\n\t<td class=\"column-1\">Kipka<\/td><td class=\"column-2\">Max<\/td><td class=\"column-3\">2009<\/td><td class=\"column-4\">SV Einheit<\/td><td class=\"column-5\"><\/td><td class=\"column-6\"><\/td><td class=\"column-7\"><\/td><td class=\"column-8\"><\/td>\n<\/tr>\n<tr class=\"row-4 even\">\n\t<td class=\"column-1\">Richter<\/td><td class=\"column-2\">Bastian<\/td><td class=\"column-3\">2009<\/td><td class=\"column-4\">SV Einheit<\/td><td class=\"column-5\"><\/td><td class=\"column-6\"><\/td><td class=\"column-7\"><\/td><td class=\"column-8\"><\/td>\n<\/tr>\n<tr class=\"row-5 odd\">\n\t<td class=\"column-1\">Schwarzer<\/td><td class=\"column-2\">Nils<\/td><td class=\"column-3\">2009<\/td><td class=\"column-4\">SV Einheit<\/td><td class=\"column-5\"><\/td><td class=\"column-6\"><\/td><td class=\"column-7\"><\/td><td class=\"column-8\"><\/td>\n<\/tr>\n<tr class=\"row-6 even\">\n\t<td class=\"column-1\">Wieczorek<\/td><td class=\"column-2\">Moritz Veith<\/td><td class=\"column-3\">2009<\/td><td class=\"column-4\">SV Einheit<\/td><td class=\"column-5\"><\/td><td class=\"column-6\"><\/td><td class=\"column-7\"><\/td><td class=\"column-8\"><\/td>\n<\/tr>\n<tr class=\"row-7 odd\">\n\t<td class=\"column-1\">Rosenbach<\/td><td class=\"column-2\">Lenny<\/td><td class=\"column-3\">2009<\/td><td class=\"column-4\">SV Einheit<\/td><td class=\"column-5\"><\/td><td class=\"column-6\"><\/td><td class=\"column-7\"><\/td><td class=\"column-8\"><\/td>\n<\/tr>\n<tr class=\"row-8 even\">\n\t<td class=\"column-1\">Querfurt<\/td><td class=\"column-2\">Luis<\/td><td class=\"column-3\">2009<\/td><td class=\"column-4\">SV Einheit<\/td><td class=\"column-5\"><\/td><td class=\"column-6\"><\/td><td class=\"column-7\"><\/td><td class=\"column-8\"><\/td>\n<\/tr>\n<tr class=\"row-9 odd\">\n\t<td class=\"column-1\">Wurg<\/td><td class=\"column-2\">Angelo Kevin<\/td><td class=\"column-3\">2010<\/td><td class=\"column-4\">SV Einheit<\/td><td class=\"column-5\"><\/td><td class=\"column-6\"><\/td><td class=\"column-7\"><\/td><td class=\"column-8\"><\/td>\n<\/tr>\n<tr class=\"row-10 even\">\n\t<td class=\"column-1\">G\u00fcnther<\/td><td class=\"column-2\">Julius<\/td><td class=\"column-3\">2009<\/td><td class=\"column-4\">SV Einheit<\/td><td class=\"column-5\"><\/td><td class=\"column-6\"><\/td><td class=\"column-7\"><\/td><td class=\"column-8\"><\/td>\n<\/tr>\n<tr class=\"row-11 odd\">\n\t<td class=\"column-1\">Scheffler<\/td><td class=\"column-2\">Rocco<\/td><td class=\"column-3\">2009<\/td><td class=\"column-4\">SV Einheit<\/td><td class=\"column-5\"><\/td><td class=\"column-6\"><\/td><td class=\"column-7\"><\/td><td class=\"column-8\"><\/td>\n<\/tr>\n<tr class=\"row-12 even\">\n\t<td class=\"column-1\">Wiedensee<\/td><td class=\"column-2\">Erik<\/td><td class=\"column-3\">2009<\/td><td class=\"column-4\">SV Einheit<\/td><td class=\"column-5\"><\/td><td class=\"column-6\"><\/td><td class=\"column-7\"><\/td><td class=\"column-8\"><\/td>\n<\/tr>\n<\/tbody>\n<\/table>\n\n","protected":false},"excerpt":{"rendered":"<p>SV Einheit Bernburg 2015\/16 Da der TV Askania Bernburg in der laufenden Saison wieder eine eigene Bambinimannschaft unterh\u00e4lt, tritt auch der SV Einheit Bernburg in diesem Jahr als eigenst\u00e4ndiger Verein im Rahmen der KOOP Einheit &#8211; Askania auf. Auch in der anlaufenden Spielserie geht es in der Fairplay &#8211; Liga f\u00fcr die Kinder wieder darum, [&hellip;]<\/p>\n","protected":false},"author":3,"featured_media":0,"parent":3872,"menu_order":0,"comment_status":"closed","ping_status":"closed","template":"","meta":{"footnotes":""},"_links":{"self":[{"href":"https:\/\/einheit-bernburg.de\/content\/index.php?rest_route=\/wp\/v2\/pages\/3884"}],"collection":[{"href":"https:\/\/einheit-bernburg.de\/content\/index.php?rest_route=\/wp\/v2\/pages"}],"about":[{"href":"https:\/\/einheit-bernburg.de\/content\/index.php?rest_route=\/wp\/v2\/types\/page"}],"author":[{"embeddable":true,"href":"https:\/\/einheit-bernburg.de\/content\/index.php?rest_route=\/wp\/v2\/users\/3"}],"replies":[{"embeddable":true,"href":"https:\/\/einheit-bernburg.de\/content\/index.php?rest_route=%2Fwp%2Fv2%2Fcomments&post=3884"}],"version-history":[{"count":1,"href":"https:\/\/einheit-bernburg.de\/content\/index.php?rest_route=\/wp\/v2\/pages\/3884\/revisions"}],"predecessor-version":[{"id":3895,"href":"https:\/\/einheit-bernburg.de\/content\/index.php?rest_route=\/wp\/v2\/pages\/3884\/revisions\/3895"}],"up":[{"embeddable":true,"href":"https:\/\/einheit-bernburg.de\/content\/index.php?rest_route=\/wp\/v2\/pages\/3872"}],"wp:attachment":[{"href":"https:\/\/einheit-bernburg.de\/content\/index.php?rest_route=%2Fwp%2Fv2%2Fmedia&parent=3884"}],"curies":[{"name":"wp","href":"https:\/\/api.w.org\/{rel}","templated":true}]}}