{"id":3887,"date":"2016-07-29T08:41:30","date_gmt":"2016-07-29T06:41:30","guid":{"rendered":"http:\/\/einheit-bernburg.de\/content\/?page_id=3887"},"modified":"2016-07-29T08:41:30","modified_gmt":"2016-07-29T06:41:30","slug":"archiv-kader-u-zielstellung-g-junioren-tv-askania-bernburg-201516","status":"publish","type":"page","link":"https:\/\/einheit-bernburg.de\/content\/?page_id=3887","title":{"rendered":"Archiv Kader u. Zielstellung G-Junioren TV Askania Bernburg 2015\/16"},"content":{"rendered":"<h1 class=\"aufm\">TV Askania Bernburg<\/h1>\n<h3>2015\/16<\/h3>\n<p>Die Bambinis des TV Askania Bernburg laufen in dieser Saison erstmals wieder als eigenst\u00e4ndige Mannschaft im Rahmen der KOOP Einheit Askania auf. Die jungen Kicker werden hier von erfahrenen Trainern an das Fu\u00dfballspielen herangef\u00fchrt, wollen aber noch nicht den Turnieren der Fairplay &#8211; Liga (ohne Wertung &#8211;\u00a0 der Spa\u00df soll im Vordergrund stehen) teilnehmen.<\/p>\n<p>Wir w\u00fcnschen viel Erfolg f\u00fcr das neue Spieljahr!<\/p>\n<hr \/>\n<div class=\"su-table su-table-alternate\">\n<table>\n<tbody>\n<tr>\n<td style=\"width: 25%\"><strong>Ansprechpartner<\/strong><\/td>\n<td>Markus Becker (Jugendleiter &#8211; Askania) Mobil: 0160 \/ 973 796 29<\/td>\n<\/tr>\n<tr>\n<td style=\"width: 25%\"><strong>Trainingszeit<\/strong><\/td>\n<td>Montag 16:30 Uhr &#8211; 17:30 Uhr Askania &#8211; Sportplatz<\/td>\n<\/tr>\n<tr>\n<td style=\"width: 25%\"><strong>Trainer<\/strong><\/td>\n<td>Holger Schmidt Mobil: 0177 \/ 870 18 75<\/p>\n<p>Enrico Pietzsch\u00a0 Mobil: 0177 \/ 894 39 16<\/td>\n<\/tr>\n<tr>\n<td style=\"width: 25%\"><strong>Co &#8211; Trainer<\/strong><\/td>\n<td><\/td>\n<\/tr>\n<tr>\n<td style=\"width: 25%\"><strong>Zielstellung<\/strong><\/td>\n<td>Spa\u00df und Spielfreude am Fu\u00dfballspiel entwickeln und f\u00f6rdern<\/td>\n<\/tr>\n<\/tbody>\n<\/table>\n<\/div>\n<hr \/>\n<h3>Kader<\/h3>\n<p>&nbsp;<\/p>\n","protected":false},"excerpt":{"rendered":"<p>TV Askania Bernburg 2015\/16 Die Bambinis des TV Askania Bernburg laufen in dieser Saison erstmals wieder als eigenst\u00e4ndige Mannschaft im Rahmen der KOOP Einheit Askania auf. Die jungen Kicker werden hier von erfahrenen Trainern an das Fu\u00dfballspielen herangef\u00fchrt, wollen aber noch nicht den Turnieren der Fairplay &#8211; Liga (ohne Wertung &#8211;\u00a0 der Spa\u00df soll im [&hellip;]<\/p>\n","protected":false},"author":3,"featured_media":0,"parent":3885,"menu_order":0,"comment_status":"closed","ping_status":"closed","template":"","meta":{"footnotes":""},"_links":{"self":[{"href":"https:\/\/einheit-bernburg.de\/content\/index.php?rest_route=\/wp\/v2\/pages\/3887"}],"collection":[{"href":"https:\/\/einheit-bernburg.de\/content\/index.php?rest_route=\/wp\/v2\/pages"}],"about":[{"href":"https:\/\/einheit-bernburg.de\/content\/index.php?rest_route=\/wp\/v2\/types\/page"}],"author":[{"embeddable":true,"href":"https:\/\/einheit-bernburg.de\/content\/index.php?rest_route=\/wp\/v2\/users\/3"}],"replies":[{"embeddable":true,"href":"https:\/\/einheit-bernburg.de\/content\/index.php?rest_route=%2Fwp%2Fv2%2Fcomments&post=3887"}],"version-history":[{"count":1,"href":"https:\/\/einheit-bernburg.de\/content\/index.php?rest_route=\/wp\/v2\/pages\/3887\/revisions"}],"predecessor-version":[{"id":3897,"href":"https:\/\/einheit-bernburg.de\/content\/index.php?rest_route=\/wp\/v2\/pages\/3887\/revisions\/3897"}],"up":[{"embeddable":true,"href":"https:\/\/einheit-bernburg.de\/content\/index.php?rest_route=\/wp\/v2\/pages\/3885"}],"wp:attachment":[{"href":"https:\/\/einheit-bernburg.de\/content\/index.php?rest_route=%2Fwp%2Fv2%2Fmedia&parent=3887"}],"curies":[{"name":"wp","href":"https:\/\/api.w.org\/{rel}","templated":true}]}}