{"id":39,"date":"2015-08-30T22:25:06","date_gmt":"2015-08-30T21:25:06","guid":{"rendered":"http:\/\/einheit-bernburg.de\/wordpress\/?page_id=39"},"modified":"2021-06-30T08:20:12","modified_gmt":"2021-06-30T06:20:12","slug":"b-junioren-02","status":"publish","type":"page","link":"https:\/\/einheit-bernburg.de\/content\/?page_id=39","title":{"rendered":"Archiv C1-Junioren 2020\/21"},"content":{"rendered":"<h1 class=\"aufm\">TV Askania Bernburg<\/h1>\n<h3 class=\"aufm\">Landesliga Staffel 2 &#8211; 2020\/21<\/h3>\n<p><strong><a href=\"http:\/\/einheit-bernburg.de\/content\/wp-content\/uploads\/2020\/08\/C1-2020-21.jpeg\"><noscript><img decoding=\"async\" class=\"alignnone wp-image-24592 size-large\" src=\"http:\/\/einheit-bernburg.de\/content\/wp-content\/uploads\/2020\/08\/C1-2020-21-1024x693.jpeg\" alt width=\"1024\" height=\"693\" srcset=\"https:\/\/einheit-bernburg.de\/content\/wp-content\/uploads\/2020\/08\/C1-2020-21-1024x693.jpeg 1024w, https:\/\/einheit-bernburg.de\/content\/wp-content\/uploads\/2020\/08\/C1-2020-21-300x203.jpeg 300w, https:\/\/einheit-bernburg.de\/content\/wp-content\/uploads\/2020\/08\/C1-2020-21-768x520.jpeg 768w, https:\/\/einheit-bernburg.de\/content\/wp-content\/uploads\/2020\/08\/C1-2020-21-1080x731.jpeg 1080w\" sizes=\"(max-width: 1024px) 100vw, 1024px\"><\/noscript><img decoding=\"async\" class=\"alignnone wp-image-24592 size-large lazyload\" src=\"data:image\/svg+xml,%3Csvg%20xmlns%3D%22http%3A%2F%2Fwww.w3.org%2F2000%2Fsvg%22%20viewBox%3D%220%200%201024%20693%22%3E%3C%2Fsvg%3E\" alt width=\"1024\" height=\"693\" srcset=\"data:image\/svg+xml,%3Csvg%20xmlns%3D%22http%3A%2F%2Fwww.w3.org%2F2000%2Fsvg%22%20viewBox%3D%220%200%201024%20693%22%3E%3C%2Fsvg%3E 1024w\" sizes=\"(max-width: 1024px) 100vw, 1024px\" data-srcset=\"https:\/\/einheit-bernburg.de\/content\/wp-content\/uploads\/2020\/08\/C1-2020-21-1024x693.jpeg 1024w, https:\/\/einheit-bernburg.de\/content\/wp-content\/uploads\/2020\/08\/C1-2020-21-300x203.jpeg 300w, https:\/\/einheit-bernburg.de\/content\/wp-content\/uploads\/2020\/08\/C1-2020-21-768x520.jpeg 768w, https:\/\/einheit-bernburg.de\/content\/wp-content\/uploads\/2020\/08\/C1-2020-21-1080x731.jpeg 1080w\" data-src=\"http:\/\/einheit-bernburg.de\/content\/wp-content\/uploads\/2020\/08\/C1-2020-21-1024x693.jpeg\"><\/a><\/strong><\/p>\n<p>vorn v. l.:<br>\nErik <span class=\"cmp_parsed_location\" data-cmp_parsed_location_name=\"Triebel\" data-cmp_parsed_location_weather=\"K14178700\" data-cmp_parsed_location_other=\"0\" data-ce-class=\"Locations\">Triebel<\/span>, Mihai Alexandru Sidorov, Maurice Schmidt, Timo G\u00fcnther, Fynn Maurice R\u00f6der, Fritz <span class=\"cmp_parsed_location\" data-cmp_parsed_location_name=\"Eisfeld\" data-cmp_parsed_location_weather=\"K16069012\" data-cmp_parsed_location_other=\"0\" data-ce-class=\"Locations\">Eisfeld<\/span>, Tyler Kumbu, Erik Hobusch, Nicklas Bergmann<\/p>\n<p>hinten v.l.:<br>\nMatthias Hobusch, Anton Conrad, Jeremy Schneider, Florian Hellmann, Elias Pascal Beck, Fynn B\u00f6hlert, Dirk Hellmann<\/p>\n<hr>\n<p><span style=\"text-decoration: underline;\"><a class=\"submenu\" href=\"http:\/\/einheit-bernburg.de\/content\/?page_id=442\" target=\"_blank\" rel=\"noopener noreferrer\"><noscript><img decoding=\"async\" src=\"http:\/\/einheit-bernburg.de\/off\/images\/redsys\/link.gif\" alt border=\"0\"><\/noscript><img decoding=\"async\" src=\"data:image\/gif;base64,R0lGODlhAQABAIAAAAAAAP\/\/\/yH5BAEAAAAALAAAAAABAAEAAAIBRAA7\" alt border=\"0\" data-src=\"http:\/\/einheit-bernburg.de\/off\/images\/redsys\/link.gif\" class=\" lazyload\"><\/a><\/span><a class=\"submenu\" href=\"http:\/\/einheit-bernburg.de\/content\/?page_id=442\" target=\"_blank\" rel=\"noopener noreferrer\">&nbsp;Kader u. Zielstellung<\/a><\/p>\n<p><a class=\"submenu\" href=\"http:\/\/www.fussball.de\/spieltagsuebersicht\/landesliga-a-jun-staffel-6-sachsen-anhalt-a-junioren-landesliga-a-junioren-saison1516-sachsen-anhalt\/-\/staffel\/01OPP4VDC8000001VV0AG813VSIPV1RQ-G#!\/section\/stage\" target=\"_blank\" rel=\"noopener noreferrer\"><noscript><img decoding=\"async\" src=\"http:\/\/einheit-bernburg.de\/off\/images\/redsys\/link.gif\" alt border=\"0\"><\/noscript><img decoding=\"async\" src=\"data:image\/gif;base64,R0lGODlhAQABAIAAAAAAAP\/\/\/yH5BAEAAAAALAAAAAABAAEAAAIBRAA7\" alt border=\"0\" data-src=\"http:\/\/einheit-bernburg.de\/off\/images\/redsys\/link.gif\" class=\" lazyload\"><\/a> <a href=\"http:\/\/www.fussball.de\/spieltagsuebersicht\/c-junioren-landesliga-st-2-sachsen-anhalt-c-junioren-landesliga-c-junioren-saison2021-sachsen-anhalt\/-\/staffel\/02BG40IULK000004VS5489B3VVF7RL35-G#!\/\">Spielplan u. Tabelle<\/a><\/p>\n<p><a class=\"submenu\" href=\"http:\/\/www.fussball.de\/spieltagsuebersicht\/landesliga-a-jun-staffel-6-sachsen-anhalt-a-junioren-landesliga-a-junioren-saison1516-sachsen-anhalt\/-\/staffel\/01OPP4VDC8000001VV0AG813VSIPV1RQ-G#!\/section\/stage\" target=\"_blank\" rel=\"noopener noreferrer\"><noscript><img decoding=\"async\" src=\"http:\/\/einheit-bernburg.de\/off\/images\/redsys\/link.gif\" alt border=\"0\"><\/noscript><img decoding=\"async\" src=\"data:image\/gif;base64,R0lGODlhAQABAIAAAAAAAP\/\/\/yH5BAEAAAAALAAAAAABAAEAAAIBRAA7\" alt border=\"0\" data-src=\"http:\/\/einheit-bernburg.de\/off\/images\/redsys\/link.gif\" class=\" lazyload\"><\/a> <a href=\"http:\/\/einheit-bernburg.de\/content\/wp-content\/uploads\/2020\/07\/20-07-27_RTP-2020-2021-Junioren-2.pdf\">RTP-NW (Land) 2020\/21<\/a>&nbsp; <a class=\"submenu\" href=\"http:\/\/www.fussball.de\/spieltagsuebersicht\/landesliga-a-jun-staffel-6-sachsen-anhalt-a-junioren-landesliga-a-junioren-saison1516-sachsen-anhalt\/-\/staffel\/01OPP4VDC8000001VV0AG813VSIPV1RQ-G#!\/section\/stage\" target=\"_blank\" rel=\"noopener noreferrer\"><noscript><img decoding=\"async\" class src=\"http:\/\/einheit-bernburg.de\/off\/images\/redsys\/link.gif\" alt border=\"0\"><\/noscript><img decoding=\"async\" class=\" lazyload\" src=\"data:image\/gif;base64,R0lGODlhAQABAIAAAAAAAP\/\/\/yH5BAEAAAAALAAAAAABAAEAAAIBRAA7\" alt border=\"0\" data-src=\"http:\/\/einheit-bernburg.de\/off\/images\/redsys\/link.gif\"><\/a> <a href=\"http:\/\/einheit-bernburg.de\/content\/wp-content\/uploads\/2020\/07\/RTP-NW-Kreis-1.pdf\">RTP-NW (Salzlandkreis) 2020\/21<\/a><\/p>\n<p><strong>\u00dcber die abgelaufene Saison 2019\/20 kann man sich ausf\u00fchrlich im Archiv informieren<\/strong>.<\/p>\n<hr>\n<h1>News u. Spielberichte<\/h1>\n<hr>\n<p><span style=\"text-decoration: underline;\"><strong>31.10.2020<\/strong> Ansto\u00df:<strong> 10:00 Uhr &#8211; Landesliga St.2<\/strong><\/span><br>\nMSV Eisleben &#8211; TV Askania Bernburg<\/p>\n<hr>\n<p><span style=\"text-decoration: underline;\"><strong>11.10.2020&nbsp;<\/strong><strong> &#8211; 6.ST &#8211; Landesliga St.2<\/strong><\/span><br>\nTV Askania Bernburg &#8211; JSG Wernigerode I. <strong>7:1 (2:1)<\/strong><\/p>\n<p><strong>Verdienter 7:1 Sieg gegen die JSG Wernigerode<\/strong><u><br>\n<\/u>Nachdem die letzten Spiele mit einer durchaus zu lockeren Einstellung, sowie fehlender Spannung und Konzentration leider verloren gingen, griff das Team am Sonntag zu Hause gegen die JSG Wernigerode hochmotiviert an \u2013 eine Mannschaft, die immer pr\u00e4sent war und Druck machte.<br>\nDoch mit Druck kam unser Team sehr gut zurecht. Kompaktheit in der Abwehr, Kreativit\u00e4t und Einsatzfreude, sowie tolle Abschl\u00fcsse pr\u00e4gten das Bild des Spiels.<br>\nSo konnte das Team schon in der 6. Minute durch ein Tor von Anton in F\u00fchrung gehen. In der Folge kam in der 8. Minute das 2:0 wieder durch Anton hinzu.<br>\nDer Gegner lie\u00df sich jedoch durch diese beiden Tore nicht aus der Ruhe bringen und erzielte in der 19. Minute den Anschlusstreffer.<br>\nWir stellten in der Halbzeit nur minimal um, was uns wie erhofft einen deutlich verbesserten Schub im Mittelfeld nach vorn, als auch in der dortigen Defensivarbeit und im Angriff brachte und damit weitere und auch tolle Tore generierte (Tyler 40\u2018, Franz 49\u2018, 60\u2018, Anton 63\u2018 und nochmal Franz 70\u2018).<br>\nDie Mannschaft arbeitete bis zum Schluss konzentriert und zeigte Engagement in jeder Situation, da Wernigerode sonst noch Tore erzielt h\u00e4tte.<br>\nVielen Dank an dieser Stelle an Franz und Nils, die uns in diesem Spiel ausgeholfen haben und auch an die anderen Spieler, die unser Team immer wieder mal tatkr\u00e4ftig unterst\u00fctzen!<br>\nIn der Summe war es spielerisch wie auch taktisch sehr gut umgesetzt vom Team. Die Kurve zeigt nach oben. Die n\u00e4chsten Spiele k\u00f6nnen kommen. Prima Leistung!<\/p>\n<hr>\n<p><span style=\"text-decoration: underline;\"><strong>04.10.2020 &#8211;&nbsp; 5.ST &#8211; Landesliga St<\/strong>.<strong>2<\/strong><\/span><br>\nBlankenburger FV &#8211; TV Askania Bernburg&nbsp; <strong>4:2 (1:1)<\/strong><\/p>\n<p><strong>Vertr\u00e4umte und unkonzentrierte Mannschaft auf dem Platz<\/strong><br>\nGespielt wurde am Sonntag beim Blankenburger FV auf Kunstrasen. Es war ein Spiel, das man sehr leichtfertig aus der Hand gegeben hat. So wurde auch verdient mit 2:4 verloren. Zum \u00c4rger der Zuschauenden war eine vertr\u00e4umte (mit einigen Ausnahmen) und nicht konzentrierte Mannschaft auf dem Platz.<br>\nEs wurden viel zu viele einfache Fehler gemacht. Zwar schossen Torben das 0:1 und Florian das 2:4 f\u00fcr uns, aber es war insgesamt eine sehr schlechte Leistung von einigen. Wir haben unsere Lehren daraus gezogen und werden weiter hart trainieren. Vielen Dank an Leon und Maximilian f\u00fcrs aushelfen.<\/p>\n<p>Es spielten:<br>\nTimo, Elias, Fynn B., Maurice, Erik H., Florian, Tyler, Maximilian, Torben, Johnny, Fritz, Mihai und Leon<\/p>\n<hr>\n<p><span style=\"text-decoration: underline;\"><strong>27.09.2020<\/strong> Ansto\u00df: <strong>11:00 Uhr &#8211;<\/strong> <strong>4.ST &#8211; Landesliga St.2<\/strong><\/span><br>\nTV Askania Bernburg &#8211; Union 1861 Sch\u00f6nebeck U15 <strong>1:2 (0:1)<\/strong><\/p>\n<p><strong>Das Spiel aus den H\u00e4nden gegeben<\/strong><u><br>\n<\/u>Das Ergebnis des 1:2 zu Hause gegen Union Sch\u00f6nebeck spricht nicht wirklich f\u00fcr sich. Es ist vielleicht auch nicht wichtig, <u>dass<\/u> das Spiel verloren wurde. Viel wichtiger ist es, <u>wie<\/u> dieses verloren wurde. Denn die Art und Weise, wie die Niederlage eingefahren wurde, l\u00e4sst kommende Siege aktuell doch eher in einem nicht so hellen Licht zeichnen.<br>\nSch\u00f6n war zu sehen, wie der Anschlusstreffer von Torben kurz vor dem Ende der Partie herausgespielt und vollendet wurde. Davon h\u00e4tte die Mannschaft von Anfang an mehr gebraucht. Zeit zum Aufholen und zum Ausgleich gab es an dieser Stelle kaum noch, obwohl sich das Team dann richtig gut engagierte.<br>\nKlar war w\u00e4hrend des Spiels und der Analyse danach, dass es insbesondere an der f\u00fcr einen Sieg erforderlichen Einstellung \u2013 hier muss betont werden, dass dies <u>nicht f\u00fcr alle<\/u> Spieler zutrifft \u2013 gelegen haben d\u00fcrfte, dass dieses Spiel aus den H\u00e4nden gegeben wurde.<br>\nDurchaus h\u00e4tte die Mannschaft auch mit einem 1:5 verlieren k\u00f6nnen, wenn nicht Spieler &#8211; die immer auch ihr Bestes geben wollen und auf dem Platz dann auch geben \u2013 noch Schlimmeres in einigen Situationen verhindert h\u00e4tten.<br>\nEs ist an dieser Stelle angebracht, dass diesen Spielern Lob und Anerkennung auch einmal in diesem Rahmen gegeben werden, weil sie vor allem konstant und in Verantwortung f\u00fcr die gesamte Mannschaft bei jedem Spiel, aber auch im Training abliefern, weil sie einfach \u201eBock\u201c auf Fu\u00dfball haben und dies auch auf den Platz transportieren. Leider ist zu beobachten, dass diese F\u00e4higkeiten noch nicht bei allen Spielern in diesem Umfang ausgebaut sind und sich somit ein paar wenige immer wieder f\u00fcr die gesamte Mannschaft aufreiben (m\u00fcssen!) \u2026<br>\nEs w\u00e4re m\u00fc\u00dfig an dieser Stelle eine Spielanalyse niederzuschreiben und auf die Fehler einzugehen. Das wei\u00df jeder Spieler auch f\u00fcr sich selbst. Wichtig ist, dass hieran eigenverantwortlich gearbeitet wird. Jeder f\u00fcr sich und jeder f\u00fcr das Team. Es n\u00fctzt der Mannschaft nicht, wenn sich Spieler hinter der Leistung von anderen (immer wieder) verstecken und darauf ausruhen, dass das Spiel von diesen schon irgendwie geschaukelt wird.<br>\nFu\u00dfball ist und bleibt ein Laufspiel \u2013 mit und vor allem auch ohne Ball! \u00dcber die <u>gesamte<\/u> Spielzeit einer Partie und bei <u>allen<\/u>!<br>\nIn diesem Sinne \u2013 wir freuen uns auf die n\u00e4chsten Trainingseinheiten mit dem Team und auf die kommenden Spiele und Siege \ud83d\ude42<\/p>\n<hr>\n<p><span style=\"text-decoration: underline;\"><strong>20.09.2020 <\/strong>Ansto\u00df: <strong>11:00 Uhr 3.ST &#8211; Landesliga St<\/strong>.<strong>2<\/strong><\/span><br>\nVfB Germania Halberstadt II. &#8211; TV Askania Bernburg <strong>0:3 (0:1<\/strong><\/p>\n<p><strong>Mit geschlossener Mannschaftsleistung zum klaren Sieg<\/strong><br>\nAlle Spieler waren hoch motiviert und hatten Lust auf dem dortigen Kunstrasenplatz zu spielen. Jeder engagierte sich f\u00fcr seine Teamkollegen. Der Spirit in der Mannschaft stimmte. Tolle Laufarbeit und gutes Passverhalten lieferten die Grundlage f\u00fcr das Endergebnis von 3:0.<br>\nDie Tore hierzu erzielten: Mihai mit einem Fernschuss \u00fcber den Torwart hinweg (2.), Anton nach einer Einzelaktion im Strafraum (44.) und Florian mit einem Kopfball nach Eckball (45.).<br>\nMit dieser geschlossenen Mannschaftsleistung sind auch die anderen Spiele ganz sicher zu gewinnen.<\/p>\n<hr>\n<p><span style=\"text-decoration: underline;\"><strong>12.09.2020 2.ST &#8211; Landesliga St<\/strong><\/span>.<strong>2<\/strong><br>\nSG Harz-Ilsenburg &#8211; TV Askania Bernburg <strong>2:1 (1:1)<\/strong><\/p>\n<p><em>Kurzbericht:<\/em><br>\n<strong>Unserem dezierten Team fehlte das n\u00f6tige Engagement<\/strong><br>\nAm Freitagabend ging es zum Punktspiel in den Harz zur SG Harz-<span data-cmp_parsed_location_name=\"Ilsenburg\" data-cmp_parsed_location_weather=\"K15369016\" data-cmp_parsed_location_other=\"0\" data-ce-class=\"Locations\">Ilsenburg<\/span>.. Auf Grund von Krankheit und Verletzungen mussten wir leider auf 3 Spieler verzichten, darunter die beiden Innenverteitiger, was unsere Aufstellung und unser gewohntes Spiel doch erheblich durcheinander brachte. Der Gegner spielte einen sehr einfachen Fu\u00dfball, dem wir uns leider anschlossen. Es wurde mit fehlenden Einsatz und ohne Mut gespielt. Wir schafften es nicht den Schalter umzulegen. Hatten allerdings trotz des schlechten Spiels genug M\u00f6glichkeiten Tore zu erzielen, die aber zu leichtfertig vergeben wurden. Auf Grund mangelnden Einsatzes kam eine unn\u00f6tige 2:1 Ausw\u00e4hrtsniederlage zu Stande. Den zwischenzeitlichen Anschlusstreffer erzielte Anton Conrad. Vielen Dank f\u00fcrs kurzfristige Aushelfen der 3 Spieler.<\/p>\n<p>Es spielten :<br>\nFynn R., Johnny, Jeremy, Florian, Timo, Maurice, Tyler, Franz, Mihai, Fritz, Anton, Niklas, Nils und Torben<\/p>\n<hr>\n<p><span style=\"text-decoration: underline;\"><strong>06.09.2020 1.ST &#8211; Landesliga St.2<\/strong><\/span><br>\nTV Askania Bernburg &#8211; SV 09 Sta\u00dffurt <strong>5:1 (3:1)<br>\n<\/strong><\/p>\n<p><em>Kurzbericht:<\/em><br>\n<strong>Mit hoher Motivation zum klaren Sieg<\/strong><br>\nNach dem sehr guten Start beim Testspiel gegen Halle Ammendorf erwarteten wir zum ersten Punkzspiel&nbsp; zu Hause die Mannschaft des SV 09 Sta\u00dffurt. Los ging es um 10.30 Uhr. Das Team stand gut in allen Bereichen. Alle waren hochmotiviert und gaben ihr Bestes.<br>\nKonditionell ist die Mannschaft auf gutem Weg und zeigte dies sehr positiv auf dem Platz. Eine hohe Laufbereitschaft und Spielfreude im Team pr\u00e4gten das Spielgeschehen.<br>\nAuch beim Pressen des Gegners verhielt sich jeder Einzelne, als auch das Team im Verbund taktisch hervorragend.<br>\nLetzten Endes kr\u00f6nte sich die Mannschaft durch Tore von Tyler, Anton (2x), Mihai und Fritz mit einem 5:1 Sieg.<br>\n<strong>Tolle Leistung. Weiter so!<\/strong><\/p>\n<hr>\n<p><strong>Testspiel:<\/strong><\/p>\n<p><span style=\"text-decoration: underline;\">Sonntag, <strong>30.08.2020<\/strong>&nbsp; Ansto\u00df: <strong>10:30 Uhr<\/strong>&nbsp; Spielort: Einheit-Sportplatz<\/span><br>\nTV Askania Bernburg &#8211; BSV Halle-Ammendorf <strong>5:2 (3:0)<\/strong><\/p>\n<p>Gespielt wurde auf dem Einheit Sportplatz. Wir wussten das es ein schwieriges Spiel werden kann. Die neu formierte Mannschaft hatte erst einmal gemeinsam Training und f\u00fcr die neuen Spieler war es schon eine kleine Umstellung gegen k\u00f6rperlich gr\u00f6\u00dfere zu spielen. Aber wir m\u00fcssen der kompletten Mannschaft ein gro\u00dfes Lob aussprechen. Es wurde mit viel Einsatz, Mut und Leidenschaft gespielt, was sich dann auch in sch\u00f6nen herausgespielten Toren ansehen lie\u00df. Die Tore in H\u00e4lfte 1 schossen: Anton 7. u. 13. Minute, sowie in der Fritz 14. Minute.<br>\nWir stellten dann etwas um, um Spielern eine kleine Pause zu geben. Das nutze der Gegner clever aus und erzielte die Anschlusstreffer zum 3:1 und 3:2, weil auch die Kr\u00e4fte etwas schwanden. Aber die Jungs sammelten sich wieder und spielten dann wieder den Fussball aus der 1. Halbzeit. Anton mit seinen Treffern 3 und 4 in der 45. u. 70. Spielminute sorgte f\u00fcr den Endstand.<br>\nAm Ende war es ein hochverdienter Sieg &#8211; er h\u00e4tten auch noch 3-4 Tore h\u00f6her ausfallen k\u00f6nnen. Wir Trainer sind f\u00fcr das erste Spiel sehr zufrieden. Die neuen Spieler wurden gut integriert und haben sich f\u00fcr ihre Leistung belohnt, weiter so.<\/p>\n<p>Es spielten :<br>\nFynn R, Maurice, Fynn B., Elias, Jeremy, Mihai, Tyler, Florian, Erik H, Fritz, Anton, Niklas, Maximilian, Leon, Nils<\/p>\n<hr>\n<hr>\n<p><span style=\"text-decoration: underline;\"><strong>14.07.2020 Kreispokal &#8211; Finalturnier &#8211; 2.Platz f\u00fcr KOOP-Team<\/strong><\/span><br>\nSpielort: Sparkassen-Arena des TV Askania Bernburg<br>\n<em><a href=\"http:\/\/www.fussball.de\/spieltagsuebersicht\/finale-c-jugend-kreis-salzland-c-junioren-kreispokal-c-junioren-saison1920-sachsen-anhalt\/-\/staffel\/02BDJ3S3RG000000VS5489B3VVF7RL35-C#!\/\">(Ergebnisse &#8211; Tabelle)<\/a><\/em><\/p>\n<div>\n<div><strong>Das um 1 Tor bessere Torverh\u00e4ltnis bringt Sch\u00f6nebeck den Pokalsieg<\/strong><br>\n<em>(d.h.) <\/em>Am <span class=\"cmp_parsed_date\" data-cmp_parsed_date=\"2020-07-15\" data-ce-class=\"Dates\">15.7.20<\/span> fand das Kreispokalfinale des Salzlandkreises der C-Junioren auf heimischem Rasen statt. Gespielt wurde in Turnierform, da die bisherigen Ansetzungen des Halbfinalspiels zwischen <span class=\"cmp_parsed_location\" data-cmp_parsed_location_name=\"Sch\u00f6nebeck\" data-cmp_parsed_location_weather=\"K15367023\" data-cmp_parsed_location_other=\"1\" data-ce-class=\"Locations\">Sch\u00f6nebeck<\/span> und <span class=\"cmp_parsed_location\" data-cmp_parsed_location_name=\"Calbe\" data-cmp_parsed_location_weather=\"K15367006\" data-cmp_parsed_location_other=\"0\" data-ce-class=\"Locations\">Calbe<\/span> in der geplanten Form bisher aus unterschiedlichsten Gr\u00fcnden nicht stattfinden konnten. Der TVA stand mit seiner Mannschaft zuvor wegen Nichtantritts der Bodetalmannschaft ohnehin schon im Finale.<\/div>\n<div>Im Turnier (Modus jeder gegen jeden, Spielzeit pro Spiel 35 Min.) waren neben unserer C1 Mannschaft noch Union <span class=\"cmp_parsed_location\" data-cmp_parsed_location_name=\"Sch\u00f6nebeck\" data-cmp_parsed_location_weather=\"K15367023\" data-cmp_parsed_location_other=\"1\" data-ce-class=\"Locations\">Sch\u00f6nebeck<\/span> und die TSG <span class=\"cmp_parsed_location\" data-cmp_parsed_location_name=\"Calbe\" data-cmp_parsed_location_weather=\"K15367006\" data-cmp_parsed_location_other=\"0\" data-ce-class=\"Locations\">Calbe<\/span> vertreten.<\/div>\n<div>Das erste Spiel gegen <span class=\"cmp_parsed_location\" data-cmp_parsed_location_name=\"Calbe\" data-cmp_parsed_location_weather=\"K15367006\" data-cmp_parsed_location_other=\"0\" data-ce-class=\"Locations\">Calbe<\/span> gewannen wir klar mit 3:0 nach Toren von Erik T. (im 16er nach Querpass von Anton), von Luis (als Kopfballtor auch im 16er) und Niclas W. (nachdem er zwei Spieler im 16er ausgedribbelt und den Ball anschlie\u00dfend ins lange Eck geschossen hatte).<\/div>\n<div>Einige Tore w\u00e4ren schon auch mehr drin gewesen. Herausgespielte Aktionen und Chancen hierzu hatten wir genug.<\/div>\n<div><span class=\"cmp_parsed_location\" data-cmp_parsed_location_name=\"Sch\u00f6nebeck\" data-cmp_parsed_location_weather=\"K15367023\" data-cmp_parsed_location_other=\"1\" data-ce-class=\"Locations\">Sch\u00f6nebeck<\/span> gewann im Anschluss daran das Spiel gegen <span class=\"cmp_parsed_location\" data-cmp_parsed_location_name=\"Calbe\" data-cmp_parsed_location_weather=\"K15367006\" data-cmp_parsed_location_other=\"0\" data-ce-class=\"Locations\">Calbe<\/span> mit 4:0.<\/div>\n<div>Im darauffolgenden Spiel gegen Union war die Mannschaftsleistung unseres Teams nicht ganz so geschlossen. Konzentration, Spannung, aber auch die notwendige Kreativit\u00e4t und Laufbereitschaft lie\u00dfen nach.<\/div>\n<div>Nichts desto trotz erzielte Niclas W. einen sehenswerten Treffer vom 16er aus in die linke obere Seite des gegnerischen Tores. Das Spiel wurde zusehends k\u00f6rperlicher, sodass es in der Folge auch zu einer roten Karte gegen Union kam.<\/div>\n<div>Leider mussten wir ein Gegentor aufgrund eines Strafsto\u00dfes hinnehmen (der Schiedsrichter entschied hier gegen die Entscheidung des Linienrichters auf Strafsto\u00df nach Gutd\u00fcnken, obwohl das Foul vor der Strafraumlinie stattfand \u2013 eine Absprache\/Kommunikation zwischen Linienrichter und Schiedsrichter fand hierzu vor der Entscheidung nicht statt und war vom Schiedsrichter auch nicht gew\u00fcnscht\/zugelassen), der zum 1:1 ausglich und somit nach Schlusspfiff den Pokalgewinn f\u00fcr Union aufgrund des besseren Torverh\u00e4ltnisses markierte .<\/div>\n<\/div>\n<hr>\n<p>&nbsp;<\/p>\n","protected":false},"excerpt":{"rendered":"<p>TV Askania Bernburg Landesliga Staffel 2 &#8211; 2020\/21 vorn v. l.: Erik Triebel, Mihai Alexandru Sidorov, Maurice Schmidt, Timo G\u00fcnther, Fynn Maurice R\u00f6der, Fritz Eisfeld, Tyler Kumbu, Erik Hobusch, Nicklas Bergmann hinten v.l.: Matthias Hobusch, Anton Conrad, Jeremy Schneider, Florian Hellmann, Elias Pascal Beck, Fynn B\u00f6hlert, Dirk Hellmann &nbsp;Kader u. Zielstellung Spielplan u. Tabelle RTP-NW [&hellip;]<\/p>\n","protected":false},"author":1,"featured_media":0,"parent":26310,"menu_order":5,"comment_status":"closed","ping_status":"open","template":"","meta":{"footnotes":""},"_links":{"self":[{"href":"https:\/\/einheit-bernburg.de\/content\/index.php?rest_route=\/wp\/v2\/pages\/39"}],"collection":[{"href":"https:\/\/einheit-bernburg.de\/content\/index.php?rest_route=\/wp\/v2\/pages"}],"about":[{"href":"https:\/\/einheit-bernburg.de\/content\/index.php?rest_route=\/wp\/v2\/types\/page"}],"author":[{"embeddable":true,"href":"https:\/\/einheit-bernburg.de\/content\/index.php?rest_route=\/wp\/v2\/users\/1"}],"replies":[{"embeddable":true,"href":"https:\/\/einheit-bernburg.de\/content\/index.php?rest_route=%2Fwp%2Fv2%2Fcomments&post=39"}],"version-history":[{"count":452,"href":"https:\/\/einheit-bernburg.de\/content\/index.php?rest_route=\/wp\/v2\/pages\/39\/revisions"}],"predecessor-version":[{"id":26541,"href":"https:\/\/einheit-bernburg.de\/content\/index.php?rest_route=\/wp\/v2\/pages\/39\/revisions\/26541"}],"up":[{"embeddable":true,"href":"https:\/\/einheit-bernburg.de\/content\/index.php?rest_route=\/wp\/v2\/pages\/26310"}],"wp:attachment":[{"href":"https:\/\/einheit-bernburg.de\/content\/index.php?rest_route=%2Fwp%2Fv2%2Fmedia&parent=39"}],"curies":[{"name":"wp","href":"https:\/\/api.w.org\/{rel}","templated":true}]}}