{"id":3957,"date":"2016-07-29T08:41:30","date_gmt":"2016-07-29T06:41:30","guid":{"rendered":"http:\/\/einheit-bernburg.de\/content\/?page_id=3957"},"modified":"2016-07-29T08:41:30","modified_gmt":"2016-07-29T06:41:30","slug":"archiv-kader-u-zielstellung-f1-junioren-201516","status":"publish","type":"page","link":"https:\/\/einheit-bernburg.de\/content\/?page_id=3957","title":{"rendered":"Archiv Kader u. Zielstellung F1-Junioren 2015\/16"},"content":{"rendered":"<h1 class=\"aufm\">SV Einheit Bernburg<\/h1>\n<h3>Kreisoberliga &#8211; 2015\/16<\/h3>\n<p>Diese Mannschaft hat nun schon ein Jahr F &#8211; Junioren hinter sich und sie hat sich im ersten Jahr bravour\u00f6s geschlagen. Immerhin schaffte es das Team zwischendurch schon bis in die Kreisoberliga und belegte in der Endabrechnung um die Kreismeisterschaft einen guten 8.Platz unter 20 Teams.<\/p>\n<p>Kreisoberliga, dass soll f\u00fcr diese Jahrgangsmannschaft in diesem Spieljahr der Standard werden und vielleicht ist ja sogar, bei entsprechender Entwicklung, noch mehr drin und man kann in den Kampf um die Medaillen eingreifen. Das w\u00fcrde jedenfalls der jahrelangen gro\u00dfen Tradition dieser Altersklasse \u00a0in unserem Verein bzw. jetzt der KOOP gerecht werden.<\/p>\n<p><em>Bei der Umsetzung dieser Vorhaben w\u00fcnschen wir dem gesamten Kollektiv viel Erfolg!<\/em><\/p>\n<hr \/>\n<div class=\"su-table su-table-alternate\">\n<table>\n<tbody>\n<tr>\n<td style=\"width: 25%\"><strong>Ansprechpartner<\/strong><\/td>\n<td>Lothar Kral (Sportlicher Leiter) Tel.: 03471 \/ 311868,<br \/>\nMobil: 0177 \/ 939 42 32<\/p>\n<p>Markus Becker (Jugendleiter &#8211; Askania) Mobil: 0160 \/ 973 796 29<\/td>\n<\/tr>\n<tr>\n<td style=\"width: 25%\"><strong>Trainingszeit<\/strong><\/td>\n<td>Montag u. Freitag 16:30 Uhr &#8211; 18:00 Uhr Einheit &#8211; Sportplatz<\/p>\n<p>Montag u. Donnerstag 16:00 Uhr &#8211; 17:15 Uhr Sporthalle T\u00f6pferwiese<\/td>\n<\/tr>\n<tr>\n<td style=\"width: 25%\"><strong>Trainer<\/strong><\/td>\n<td>Maik M\u00fcller\u00a0\u00a0\u00a0\u00a0\u00a0\u00a0\u00a0\u00a0\u00a0\u00a0\u00a0\u00a0\u00a0\u00a0\u00a0 Mobil: 0174 \/ 320 70 71<\/td>\n<\/tr>\n<tr>\n<td style=\"width: 25%\"><strong>Co &#8211; Trainer<\/strong><\/td>\n<td><\/td>\n<\/tr>\n<tr>\n<td style=\"width: 25%\"><strong>Zielstellung<\/strong><\/td>\n<td>&#8222;Wir haben in dieser Saison viel vor, sind wir doch jetzt die Gro\u00dfen in der F Jugend!&#8220;, so ein Zitat von Trainer M. M\u00fcller. Soll wohl hei\u00dfen, Kreisoberliga oder noch mehr?<\/td>\n<\/tr>\n<\/tbody>\n<\/table>\n<\/div>\n<hr \/>\n<h3>Kader<\/h3>\n\n<table id=\"tablepress-13\" class=\"tablepress tablepress-id-13\">\n<thead>\n<tr class=\"row-1 odd\">\n\t<th class=\"column-1\">Name<\/th><th class=\"column-2\">Vorname<\/th><th class=\"column-3\">Geb.-Datum<\/th><th class=\"column-4\">Herkunft<\/th><th class=\"column-5\"><\/th><th class=\"column-6\"><\/th><th class=\"column-7\"><\/th><th class=\"column-8\"><\/th><th class=\"column-9\"><\/th>\n<\/tr>\n<\/thead>\n<tbody>\n<tr class=\"row-2 even\">\n\t<td class=\"column-1\">Beck<\/td><td class=\"column-2\">Elias<\/td><td class=\"column-3\">2007<\/td><td class=\"column-4\">SV Einheit<\/td><td class=\"column-5\"><\/td><td class=\"column-6\"><\/td><td class=\"column-7\"><\/td><td class=\"column-8\"><\/td><td class=\"column-9\"><\/td>\n<\/tr>\n<tr class=\"row-3 odd\">\n\t<td class=\"column-1\">Ehrhardt<\/td><td class=\"column-2\">Louis<\/td><td class=\"column-3\">2007<\/td><td class=\"column-4\">SV Einheit<\/td><td class=\"column-5\"><\/td><td class=\"column-6\"><\/td><td class=\"column-7\"><\/td><td class=\"column-8\"><\/td><td class=\"column-9\"><\/td>\n<\/tr>\n<tr class=\"row-4 even\">\n\t<td class=\"column-1\">Hammermann<\/td><td class=\"column-2\">Theodor Albert<\/td><td class=\"column-3\">2007<\/td><td class=\"column-4\">SV Einheit<\/td><td class=\"column-5\"><\/td><td class=\"column-6\"><\/td><td class=\"column-7\"><\/td><td class=\"column-8\"><\/td><td class=\"column-9\"><\/td>\n<\/tr>\n<tr class=\"row-5 odd\">\n\t<td class=\"column-1\">Hackelbusch<\/td><td class=\"column-2\">Justi Maurice<\/td><td class=\"column-3\">2007<\/td><td class=\"column-4\">SV Einheit<\/td><td class=\"column-5\"><\/td><td class=\"column-6\"><\/td><td class=\"column-7\"><\/td><td class=\"column-8\"><\/td><td class=\"column-9\"><\/td>\n<\/tr>\n<tr class=\"row-6 even\">\n\t<td class=\"column-1\">Henze<\/td><td class=\"column-2\">Florian<\/td><td class=\"column-3\">2007<\/td><td class=\"column-4\">SV Einheit<\/td><td class=\"column-5\"><\/td><td class=\"column-6\"><\/td><td class=\"column-7\"><\/td><td class=\"column-8\"><\/td><td class=\"column-9\"><\/td>\n<\/tr>\n<tr class=\"row-7 odd\">\n\t<td class=\"column-1\">Henze<\/td><td class=\"column-2\">Lucas<\/td><td class=\"column-3\">2007<\/td><td class=\"column-4\">SV Einheit<\/td><td class=\"column-5\"><\/td><td class=\"column-6\"><\/td><td class=\"column-7\"><\/td><td class=\"column-8\"><\/td><td class=\"column-9\"><\/td>\n<\/tr>\n<tr class=\"row-8 even\">\n\t<td class=\"column-1\">Hoffmann<\/td><td class=\"column-2\">Jason Ren\u00e9<\/td><td class=\"column-3\">2007<\/td><td class=\"column-4\">SV Einheit<\/td><td class=\"column-5\"><\/td><td class=\"column-6\"><\/td><td class=\"column-7\"><\/td><td class=\"column-8\"><\/td><td class=\"column-9\"><\/td>\n<\/tr>\n<tr class=\"row-9 odd\">\n\t<td class=\"column-1\">Jende<\/td><td class=\"column-2\">Daniel<\/td><td class=\"column-3\">2007<\/td><td class=\"column-4\">SV Einheit<\/td><td class=\"column-5\"><\/td><td class=\"column-6\"><\/td><td class=\"column-7\"><\/td><td class=\"column-8\"><\/td><td class=\"column-9\"><\/td>\n<\/tr>\n<tr class=\"row-10 even\">\n\t<td class=\"column-1\">M\u00fcller<\/td><td class=\"column-2\">Jakob<\/td><td class=\"column-3\">2007<\/td><td class=\"column-4\">SV Einheit<\/td><td class=\"column-5\"><\/td><td class=\"column-6\"><\/td><td class=\"column-7\"><\/td><td class=\"column-8\"><\/td><td class=\"column-9\"><\/td>\n<\/tr>\n<tr class=\"row-11 odd\">\n\t<td class=\"column-1\">M\u00fcller<\/td><td class=\"column-2\">Timon<\/td><td class=\"column-3\">2007<\/td><td class=\"column-4\">SV Einheit<\/td><td class=\"column-5\"><\/td><td class=\"column-6\"><\/td><td class=\"column-7\"><\/td><td class=\"column-8\"><\/td><td class=\"column-9\"><\/td>\n<\/tr>\n<tr class=\"row-12 even\">\n\t<td class=\"column-1\">M\u00fcller<\/td><td class=\"column-2\">Vincent<\/td><td class=\"column-3\">2007<\/td><td class=\"column-4\">SV Einheit<\/td><td class=\"column-5\"><\/td><td class=\"column-6\"><\/td><td class=\"column-7\"><\/td><td class=\"column-8\"><\/td><td class=\"column-9\"><\/td>\n<\/tr>\n<tr class=\"row-13 odd\">\n\t<td class=\"column-1\">Richter<\/td><td class=\"column-2\">Janne Till<\/td><td class=\"column-3\">2007<\/td><td class=\"column-4\">SV Einheit<\/td><td class=\"column-5\"><\/td><td class=\"column-6\"><\/td><td class=\"column-7\"><\/td><td class=\"column-8\"><\/td><td class=\"column-9\"><\/td>\n<\/tr>\n<tr class=\"row-14 even\">\n\t<td class=\"column-1\">Schaaf<\/td><td class=\"column-2\">Dennis<\/td><td class=\"column-3\">2007<\/td><td class=\"column-4\">SV Einheit<\/td><td class=\"column-5\"><\/td><td class=\"column-6\"><\/td><td class=\"column-7\"><\/td><td class=\"column-8\"><\/td><td class=\"column-9\"><\/td>\n<\/tr>\n<tr class=\"row-15 odd\">\n\t<td class=\"column-1\">Schmitz<\/td><td class=\"column-2\">Jeremy<\/td><td class=\"column-3\">2007<\/td><td class=\"column-4\">SV Einheit<\/td><td class=\"column-5\"><\/td><td class=\"column-6\"><\/td><td class=\"column-7\"><\/td><td class=\"column-8\"><\/td><td class=\"column-9\"><\/td>\n<\/tr>\n<tr class=\"row-16 even\">\n\t<td class=\"column-1\">Schneider<\/td><td class=\"column-2\">Jeremy<\/td><td class=\"column-3\">2007<\/td><td class=\"column-4\">SV Einheit<\/td><td class=\"column-5\"><\/td><td class=\"column-6\"><\/td><td class=\"column-7\"><\/td><td class=\"column-8\"><\/td><td class=\"column-9\"><\/td>\n<\/tr>\n<tr class=\"row-17 odd\">\n\t<td class=\"column-1\">Schoon<\/td><td class=\"column-2\">Christian<\/td><td class=\"column-3\">2007<\/td><td class=\"column-4\">SV Einheit<\/td><td class=\"column-5\"><\/td><td class=\"column-6\"><\/td><td class=\"column-7\"><\/td><td class=\"column-8\"><\/td><td class=\"column-9\"><\/td>\n<\/tr>\n<tr class=\"row-18 even\">\n\t<td class=\"column-1\">P\u00fclicher<\/td><td class=\"column-2\">Niklas<\/td><td class=\"column-3\">2007<\/td><td class=\"column-4\">SV Einheit<\/td><td class=\"column-5\"><\/td><td class=\"column-6\"><\/td><td class=\"column-7\"><\/td><td class=\"column-8\"><\/td><td class=\"column-9\"><\/td>\n<\/tr>\n<tr class=\"row-19 odd\">\n\t<td class=\"column-1\">Z\u00f6llner<\/td><td class=\"column-2\">Julius Walter<\/td><td class=\"column-3\">2007<\/td><td class=\"column-4\">SV Einheit<\/td><td class=\"column-5\"><\/td><td class=\"column-6\"><\/td><td class=\"column-7\"><\/td><td class=\"column-8\"><\/td><td class=\"column-9\"><\/td>\n<\/tr>\n<\/tbody>\n<\/table>\n\n","protected":false},"excerpt":{"rendered":"<p>SV Einheit Bernburg Kreisoberliga &#8211; 2015\/16 Diese Mannschaft hat nun schon ein Jahr F &#8211; Junioren hinter sich und sie hat sich im ersten Jahr bravour\u00f6s geschlagen. Immerhin schaffte es das Team zwischendurch schon bis in die Kreisoberliga und belegte in der Endabrechnung um die Kreismeisterschaft einen guten 8.Platz unter 20 Teams. Kreisoberliga, dass soll [&hellip;]<\/p>\n","protected":false},"author":3,"featured_media":0,"parent":3959,"menu_order":0,"comment_status":"closed","ping_status":"closed","template":"","meta":{"footnotes":""},"_links":{"self":[{"href":"https:\/\/einheit-bernburg.de\/content\/index.php?rest_route=\/wp\/v2\/pages\/3957"}],"collection":[{"href":"https:\/\/einheit-bernburg.de\/content\/index.php?rest_route=\/wp\/v2\/pages"}],"about":[{"href":"https:\/\/einheit-bernburg.de\/content\/index.php?rest_route=\/wp\/v2\/types\/page"}],"author":[{"embeddable":true,"href":"https:\/\/einheit-bernburg.de\/content\/index.php?rest_route=\/wp\/v2\/users\/3"}],"replies":[{"embeddable":true,"href":"https:\/\/einheit-bernburg.de\/content\/index.php?rest_route=%2Fwp%2Fv2%2Fcomments&post=3957"}],"version-history":[{"count":1,"href":"https:\/\/einheit-bernburg.de\/content\/index.php?rest_route=\/wp\/v2\/pages\/3957\/revisions"}],"predecessor-version":[{"id":4018,"href":"https:\/\/einheit-bernburg.de\/content\/index.php?rest_route=\/wp\/v2\/pages\/3957\/revisions\/4018"}],"up":[{"embeddable":true,"href":"https:\/\/einheit-bernburg.de\/content\/index.php?rest_route=\/wp\/v2\/pages\/3959"}],"wp:attachment":[{"href":"https:\/\/einheit-bernburg.de\/content\/index.php?rest_route=%2Fwp%2Fv2%2Fmedia&parent=3957"}],"curies":[{"name":"wp","href":"https:\/\/api.w.org\/{rel}","templated":true}]}}