{"id":4041,"date":"2016-07-29T08:52:40","date_gmt":"2016-07-29T06:52:40","guid":{"rendered":"http:\/\/einheit-bernburg.de\/content\/?page_id=4041"},"modified":"2026-03-11T16:56:19","modified_gmt":"2026-03-11T15:56:19","slug":"kader-u-zielstellung-g-junioren-sv-einheit-bernburg","status":"publish","type":"page","link":"https:\/\/einheit-bernburg.de\/content\/?page_id=4041","title":{"rendered":"Kader u. Zielstellung F-Junioren"},"content":{"rendered":"<h1 class=\"aufm\">Spg. Einheit Bernburg-Eintracht B\/G Pei\u00dfen<\/h1>\n<h3>F-Junioren Fair-Play &#8211; Liga 2025\/26<\/h3>\n<p>Auch in der aktuellen Saison gehen die F &#8211; Junioren wieder als Spielgemeinschaft Einheit Bernburg\/Eintracht Pei\u00dfen in das Spielgeschehen der Fair-Play &#8211; Liga. Wahrscheinlich sto\u00dfen auch noch Kinder aus Preu\u00dflitz dazu. Die letzj\u00e4hrigen F &#8211; Junioren sind zum gr\u00f6\u00dften Teil eine Altersklasse h\u00f6her, zu den E &#8211; Junioren, geklettert. Einige wenige Kinder sind aus dem Kader \u00fcbrig geblieben, was bedeutet, dass ein Neuaufbau stattfinden muss. Auch die Trainer sind mit ihren Jungs mit in die E-Jugend \u00fcbergesiedelt, so dass ein neuer Trainer gesucht wurde. Dieser hat sich mit Wais Salehzada, auch Spieler der 1.Herren des SV Einheit, gefunden. Auch ein zuverl\u00e4ssiger Co-Trainer mit Sven Weise z\u00e4hlt inzwischen zum Team und der bringt auch noch einige Jungs vom TSV Preu\u00dflitz mit, die den Kader verst\u00e4rken.<br \/>\nWir hoffen nun auf eine gute Entwicklung der Kinder, aber auch die ihres ehrgeizigen Trainers und seines Co, die neu in einer solchen Funktion sind. Aber das wird, da sind wir uns ganz sicher. Doch zun\u00e4chst soll vor allem der Spa\u00df an diesem Sport ganz im Vordergrund stehen!<br \/>\n<strong>Wir w\u00fcnschen Euch viel Erfolg bei den zuk\u00fcnftigen Turnieren der Fair Play-Liga!<\/strong><\/p>\n<hr \/>\n<table style=\"width: 10px; height: 21px;\">\n<tbody>\n<tr>\n<td style=\"width: 0px;\" colspan=\"2\"><\/td>\n<\/tr>\n<\/tbody>\n<\/table>\n<div class=\"su-table su-table-alternate\">\n<table style=\"width: 89.658%;height: 360px\">\n<tbody>\n<tr style=\"height: 72px\">\n<td style=\"width: 25%;height: 72px\"><strong>Ansprechpartner<\/strong><\/td>\n<td style=\"width: 74.084%;height: 72px\">Lothar Kral (Jugendleiter &#8211; Einheit)<br \/>\nTel.: 03471 \/ 311868, Mobil: 0162 \/ 435 66 23<br \/>\nPhilipp Krebs (Jugendleiter &#8211; Pei\u00dfen) Mobil: 0173 \/ 695 11 50<\/td>\n<\/tr>\n<tr>\n<td style=\"width: 25%\"><strong>Trainigszeiten<\/strong><\/td>\n<td style=\"width: 74.084%\">Montag\u00a0 \u00a0 \u00a0 \u00a0 \u00a0 \u00a016:30 Uhr &#8211; 18:00 Uhr Sportplatz Preu\u00dflitz<br \/>\nDonnerstag\u00a0 \u00a0 16:00 Uhr &#8211; 17:30 Uhr Einheit &#8211; Sportplatz<\/td>\n<\/tr>\n<tr style=\"height: 96px\">\n<td style=\"width: 25%;height: 96px\"><strong>Hallentraining<\/strong><\/td>\n<td style=\"width: 74.084%;height: 96px\">Mittwoch: 17:00 Uhr &#8211; 18:00 Uhr Sporthalle Goetheschule<strong><br \/>\n<\/strong>14.10.2025 &#8211; 18.03.2026<br \/>\nFreitag: 16:00 Uhr &#8211; 17:00 Uhr Sporthalle T\u00f6pferwiese<br \/>\n07.11.2025 &#8211; 13.03.2026<\/td>\n<\/tr>\n<tr style=\"height: 24px\">\n<td style=\"width: 25%;height: 24px\"><strong>Trainer<\/strong><\/td>\n<td style=\"width: 74.084%;height: 24px\"><span lang=\"EN-US\">Wais Salehzada\u00a0 \u00a0 \u00a0 \u00a0 \u00a0 \u00a0 \u00a0 Mobil: 0170 &#8211; 855 92 07<\/span><\/td>\n<\/tr>\n<tr style=\"height: 24px\">\n<td style=\"width: 25%;height: 24px\"><strong> Co &#8211; Trainer<\/strong><\/td>\n<td style=\"width: 74.084%;height: 24px\">Sven Weise\u00a0 \u00a0 \u00a0 \u00a0 \u00a0 \u00a0 \u00a0 \u00a0 \u00a0 \u00a0 \u00a0 Mobil: 01573 &#8211; 753 44 17<\/td>\n<\/tr>\n<tr style=\"height: 24px\">\n<td style=\"width: 25%;height: 24px\"><strong>Mannschaftsleiter<\/strong><\/td>\n<td style=\"width: 74.084%;height: 24px\"><\/td>\n<\/tr>\n<tr style=\"height: 48px\">\n<td style=\"width: 25%;height: 48px\"><strong>Zielstellung<\/strong><\/td>\n<td style=\"width: 74.084%;height: 48px\">Den Kindern spielerisch das Fu\u00dfballspielen vermitteln, wobei jederzeit der Spa\u00df im Vordergrund stehen soll und muss.<\/td>\n<\/tr>\n<\/tbody>\n<\/table>\n<\/div>\n<hr \/>\n<h3>Kader<\/h3>\n\n<table id=\"tablepress-147\" class=\"tablepress tablepress-id-147\" aria-describedby=\"tablepress-147-description\">\n<thead>\n<tr class=\"row-1 odd\">\n\t<th class=\"column-1\">Name<\/th><th class=\"column-2\">Vorname<\/th><th class=\"column-3\">Jahrgang<\/th><th class=\"column-4\">Herkunft<\/th><th class=\"column-5\"><\/th><th class=\"column-6\"><\/th><th class=\"column-7\"><\/th><th class=\"column-8\"><\/th>\n<\/tr>\n<\/thead>\n<tbody>\n<tr class=\"row-2 even\">\n\t<td class=\"column-1\">Asfha<\/td><td class=\"column-2\">Lamek<\/td><td class=\"column-3\">2019<\/td><td class=\"column-4\">Einheit \/ <\/td><td class=\"column-5\"><\/td><td class=\"column-6\"><\/td><td class=\"column-7\"><\/td><td class=\"column-8\"><\/td>\n<\/tr>\n<tr class=\"row-3 odd\">\n\t<td class=\"column-1\">Grill<\/td><td class=\"column-2\">Tom<\/td><td class=\"column-3\">2017<\/td><td class=\"column-4\">Einheit<\/td><td class=\"column-5\"><\/td><td class=\"column-6\"><\/td><td class=\"column-7\"><\/td><td class=\"column-8\"><\/td>\n<\/tr>\n<tr class=\"row-4 even\">\n\t<td class=\"column-1\">Haidari<\/td><td class=\"column-2\">Mohammed Zekria<\/td><td class=\"column-3\">2018<\/td><td class=\"column-4\">Einheit \/ AFG<\/td><td class=\"column-5\"><\/td><td class=\"column-6\"><\/td><td class=\"column-7\"><\/td><td class=\"column-8\"><\/td>\n<\/tr>\n<tr class=\"row-5 odd\">\n\t<td class=\"column-1\">Krebs<\/td><td class=\"column-2\">Lion<\/td><td class=\"column-3\">2017<\/td><td class=\"column-4\">Einheit<\/td><td class=\"column-5\"><\/td><td class=\"column-6\"><\/td><td class=\"column-7\"><\/td><td class=\"column-8\"><\/td>\n<\/tr>\n<tr class=\"row-6 even\">\n\t<td class=\"column-1\">Sattler<\/td><td class=\"column-2\">Tobi<\/td><td class=\"column-3\">2017<\/td><td class=\"column-4\">Einheit<\/td><td class=\"column-5\"><\/td><td class=\"column-6\"><\/td><td class=\"column-7\"><\/td><td class=\"column-8\"><\/td>\n<\/tr>\n<tr class=\"row-7 odd\">\n\t<td class=\"column-1\">Brauns<\/td><td class=\"column-2\">Karl<\/td><td class=\"column-3\">2018<\/td><td class=\"column-4\">Eintracht Pei\u00dfen<\/td><td class=\"column-5\"><\/td><td class=\"column-6\"><\/td><td class=\"column-7\"><\/td><td class=\"column-8\"><\/td>\n<\/tr>\n<tr class=\"row-8 even\">\n\t<td class=\"column-1\">Graul<\/td><td class=\"column-2\">Milan<\/td><td class=\"column-3\">2017<\/td><td class=\"column-4\">GS TSV Preu\u00dflitz<\/td><td class=\"column-5\"><\/td><td class=\"column-6\"><\/td><td class=\"column-7\"><\/td><td class=\"column-8\"><\/td>\n<\/tr>\n<tr class=\"row-9 odd\">\n\t<td class=\"column-1\">Pelka<\/td><td class=\"column-2\">Theo<\/td><td class=\"column-3\">2018<\/td><td class=\"column-4\">Einheit<\/td><td class=\"column-5\"><\/td><td class=\"column-6\"><\/td><td class=\"column-7\"><\/td><td class=\"column-8\"><\/td>\n<\/tr>\n<tr class=\"row-10 even\">\n\t<td class=\"column-1\">Reisel<\/td><td class=\"column-2\">Lian<\/td><td class=\"column-3\">2017<\/td><td class=\"column-4\">Einheit<\/td><td class=\"column-5\"><\/td><td class=\"column-6\"><\/td><td class=\"column-7\"><\/td><td class=\"column-8\"><\/td>\n<\/tr>\n<tr class=\"row-11 odd\">\n\t<td class=\"column-1\">Skonieczny<\/td><td class=\"column-2\">Tristan<\/td><td class=\"column-3\">2018<\/td><td class=\"column-4\">Einheit<\/td><td class=\"column-5\"><\/td><td class=\"column-6\"><\/td><td class=\"column-7\"><\/td><td class=\"column-8\"><\/td>\n<\/tr>\n<tr class=\"row-12 even\">\n\t<td class=\"column-1\">Schwarz<\/td><td class=\"column-2\">Felix<\/td><td class=\"column-3\">2017<\/td><td class=\"column-4\">GS TSV Preu\u00dflitz<\/td><td class=\"column-5\"><\/td><td class=\"column-6\"><\/td><td class=\"column-7\"><\/td><td class=\"column-8\"><\/td>\n<\/tr>\n<tr class=\"row-13 odd\">\n\t<td class=\"column-1\">Stoye<\/td><td class=\"column-2\">Linus<\/td><td class=\"column-3\">2017<\/td><td class=\"column-4\">GS TSV Preu\u00dflitz<\/td><td class=\"column-5\"><\/td><td class=\"column-6\"><\/td><td class=\"column-7\"><\/td><td class=\"column-8\"><\/td>\n<\/tr>\n<tr class=\"row-14 even\">\n\t<td class=\"column-1\">Zherebetskyi<\/td><td class=\"column-2\">Hryhorii<\/td><td class=\"column-3\">2018<\/td><td class=\"column-4\">Einheit \/ UA<\/td><td class=\"column-5\"><\/td><td class=\"column-6\"><\/td><td class=\"column-7\"><\/td><td class=\"column-8\"><\/td>\n<\/tr>\n<tr class=\"row-15 odd\">\n\t<td class=\"column-1\">Solar<\/td><td class=\"column-2\">Sam<\/td><td class=\"column-3\">2016<\/td><td class=\"column-4\">GS TSV Preu\u00dflitz<\/td><td class=\"column-5\"><\/td><td class=\"column-6\"><\/td><td class=\"column-7\"><\/td><td class=\"column-8\"><\/td>\n<\/tr>\n<tr class=\"row-16 even\">\n\t<td class=\"column-1\"><\/td><td class=\"column-2\"><\/td><td class=\"column-3\"><\/td><td class=\"column-4\"><\/td><td class=\"column-5\"><\/td><td class=\"column-6\"><\/td><td class=\"column-7\"><\/td><td class=\"column-8\"><\/td>\n<\/tr>\n<\/tbody>\n<\/table>\n<span id=\"tablepress-147-description\" class=\"tablepress-table-description tablepress-table-description-id-147\"><\/span>\n\n","protected":false},"excerpt":{"rendered":"<p>Spg. Einheit Bernburg-Eintracht B\/G Pei\u00dfen F-Junioren Fair-Play &#8211; Liga 2025\/26 Auch in der aktuellen Saison gehen die F &#8211; Junioren wieder als Spielgemeinschaft Einheit Bernburg\/Eintracht Pei\u00dfen in das Spielgeschehen der Fair-Play &#8211; Liga. Wahrscheinlich sto\u00dfen auch noch Kinder aus Preu\u00dflitz dazu. Die letzj\u00e4hrigen F &#8211; Junioren sind zum gr\u00f6\u00dften Teil eine Altersklasse h\u00f6her, zu den [&hellip;]<\/p>\n","protected":false},"author":3,"featured_media":0,"parent":4029,"menu_order":0,"comment_status":"closed","ping_status":"closed","template":"","meta":{"footnotes":""},"_links":{"self":[{"href":"https:\/\/einheit-bernburg.de\/content\/index.php?rest_route=\/wp\/v2\/pages\/4041"}],"collection":[{"href":"https:\/\/einheit-bernburg.de\/content\/index.php?rest_route=\/wp\/v2\/pages"}],"about":[{"href":"https:\/\/einheit-bernburg.de\/content\/index.php?rest_route=\/wp\/v2\/types\/page"}],"author":[{"embeddable":true,"href":"https:\/\/einheit-bernburg.de\/content\/index.php?rest_route=\/wp\/v2\/users\/3"}],"replies":[{"embeddable":true,"href":"https:\/\/einheit-bernburg.de\/content\/index.php?rest_route=%2Fwp%2Fv2%2Fcomments&post=4041"}],"version-history":[{"count":75,"href":"https:\/\/einheit-bernburg.de\/content\/index.php?rest_route=\/wp\/v2\/pages\/4041\/revisions"}],"predecessor-version":[{"id":44715,"href":"https:\/\/einheit-bernburg.de\/content\/index.php?rest_route=\/wp\/v2\/pages\/4041\/revisions\/44715"}],"up":[{"embeddable":true,"href":"https:\/\/einheit-bernburg.de\/content\/index.php?rest_route=\/wp\/v2\/pages\/4029"}],"wp:attachment":[{"href":"https:\/\/einheit-bernburg.de\/content\/index.php?rest_route=%2Fwp%2Fv2%2Fmedia&parent=4041"}],"curies":[{"name":"wp","href":"https:\/\/api.w.org\/{rel}","templated":true}]}}