{"id":41858,"date":"2025-07-16T08:32:29","date_gmt":"2025-07-16T06:32:29","guid":{"rendered":"https:\/\/einheit-bernburg.de\/content\/?page_id=41858"},"modified":"2025-07-16T08:32:29","modified_gmt":"2025-07-16T06:32:29","slug":"kader-u-zielstellung","status":"publish","type":"page","link":"https:\/\/einheit-bernburg.de\/content\/?page_id=41858","title":{"rendered":"Archiv Kader u. Zielstellung 1. Herren 2024\/25"},"content":{"rendered":"<table style=\"height: 1335px; width: 95.8398%;\" border=\"0\" width=\"872\" cellspacing=\"2\" cellpadding=\"0\">\n<tbody>\n<tr style=\"height: 489px;\">\n<td style=\"width: 100%; height: 489px;\" align=\"left\" valign=\"top\">\n<div class=\"content\">\n<h1 class=\"aufm\">SV Einheit Bernburg<\/h1>\n<h3 class=\"aufm\">Landesklasse &#8211; 2024\/25<\/h3>\n<p>Unsere 1.Herren war in der vergangenen Saison erstmals nach 28 Jahren im Fu\u00dfball \u00fcber unserer Kreisgrenze hinaus vertreten. Der Aufstieg wurde da entsprechend geb\u00fchrend gefeiert und das erste Landesklassenjahr in der Staffel 4 konnte mit einem respektablen 6.Platz abgeschlossen werden.<br \/>\nF\u00fcr die aktuelle Saison hat der FSA nun eine Umgruppierung der Landesklassenstaffeln vorgenommen. Damit zog er sich einigen Unmaut durch die Vereine zu, weil er es damit nicht jedem Team gerecht werden lassen konnte. So geht unsere Mannschaft jetzt in der Staffel 5 an den Start und hat es, gemeinsam mit Nienburg und Pl\u00f6tzkau aus dem SLK, mit Mannschaften aus Halle und dem Saalekreis zu tun. Alles mehr oder minder uns unbekannte Teams, wobei man noch nicht wei\u00df, was auf unsere M\u00e4nner zukommt. Zudem gehen enige Einnahme tr\u00e4chte Kreisderbys verloren und die anfallenden Fahrtkosten werden auch h\u00f6her.<br \/>\nSei es drum. Jetzt ist es so und unsere M\u00e4nner m\u00fcssen sich auch in dieser neuen Staffel, die man von vornherein vielleicht etwas spielst\u00e4rker eingesch\u00e4tzt hat behaupten. Den Kader dazu sollte unser Team haben, auch wenn mit Marcus Helmstedt ein Leistungstr\u00e4ger die Mannschaft praktisch im letzten Moment noch verlassen hat und noch einmal in K\u00f6then in der Verbandsliga eine neue Herausforderung sucht. Daf\u00fcr gibt es aber auch einge Neuzug\u00e4nge, die den Kader nicht nur verbreitern, sondern auch vor allem im Offensiven Bereich, verst\u00e4rken k\u00f6nnen.<br \/>\nNun wollen wir hoffen, das unser Team, das weiter von der bew\u00e4hrten F\u00fchrung um Cheftrainer Marcel Lehmann begleitet wird, auch in neuer Umgebung besteht.<br \/>\nWir w\u00fcnschen dem gesamten Kollektiv eine weitestgehend verletzungsfreie und erfolgreiche Saison 2024\/25!<\/p>\n<\/div>\n<\/td>\n<\/tr>\n<tr style=\"height: 562px;\">\n<td style=\"width: 100%; height: 562px;\" align=\"left\" valign=\"top\">\n<div class=\"content\">\n<p>&nbsp;<\/p>\n<div class=\"su-table su-table-alternate\">\n<table style=\"width: 72.5687%;height: 312px\">\n<tbody>\n<tr style=\"height: 48px\">\n<td style=\"width: 27.9376%;height: 48px\"><strong>Ansprechpartner<\/strong><\/td>\n<td style=\"width: 70.5965%;height: 48px\">Norbert Lehmann (Sportlicher Leiter Herrenbereich)<br \/>\nMobil: 0172 \/ 938 88 89<\/td>\n<\/tr>\n<tr style=\"height: 48px\">\n<td style=\"width: 27.9376%;height: 48px\"><strong>Trainingszeiten<\/strong><\/td>\n<td style=\"width: 70.5965%;height: 48px\">Dienstag 18:30 Uhr &#8211; 20:00 Uhr (Einheit-Sportplatz)<br \/>\nDonnerstag 18:30 Uhr &#8211; 20:00 Uhr (Einheit-Sportplatz)<\/td>\n<\/tr>\n<tr style=\"height: 48px\">\n<td style=\"width: 27.9376%;height: 48px\"><strong>Hallentraining<br \/>\n<\/strong><\/td>\n<td style=\"width: 70.5965%;height: 48px\">Donnerstag\u00a0 19:00 &#8211; 20:30 Uhr Sporthalle &#8222;T\u00f6pferwiese&#8220;<br \/>\nab 28.11.2024 bis 06.02.2025<\/td>\n<\/tr>\n<tr style=\"height: 24px\">\n<td style=\"width: 27.9376%;height: 24px\"><strong>Kunstrasen<br \/>\n<\/strong><\/td>\n<td style=\"width: 70.5965%;height: 24px\">ab wenn das Flutlicht notwendig wird<\/td>\n<\/tr>\n<tr style=\"height: 24px\">\n<td style=\"width: 27.9376%;height: 24px\"><strong>Trainer<\/strong><\/td>\n<td style=\"width: 70.5965%;height: 24px\">Marcel Lehmann\u00a0\u00a0 Mobil: 0173 \/ 619 98 59<\/td>\n<\/tr>\n<tr style=\"height: 24px\">\n<td style=\"width: 27.9376%;height: 24px\"><strong>Co-Trainer<\/strong><\/td>\n<td style=\"width: 70.5965%;height: 24px\">Mathias M\u00fcller\u00a0\u00a0\u00a0\u00a0\u00a0 Mobil: 0173 \/ 296 61 82<\/td>\n<\/tr>\n<tr>\n<td style=\"width: 27.9376%\"><strong>Co-Trainer<\/strong><\/td>\n<td style=\"width: 70.5965%\"><\/td>\n<\/tr>\n<tr style=\"height: 48px\">\n<td style=\"width: 27.9376%;height: 48px\"><strong>Betreuerin\/<\/strong><br \/>\n<strong>Physiotherapeutin<\/strong><\/td>\n<td style=\"width: 70.5965%;height: 48px\">Nicole Lutze<\/td>\n<\/tr>\n<tr style=\"height: 24px\">\n<td style=\"width: 27.9376%;height: 24px\"><strong>Zielstellung<\/strong><\/td>\n<td style=\"width: 70.5965%;height: 24px\">Klassenerhalt<\/td>\n<\/tr>\n<\/tbody>\n<\/table>\n<\/div>\n<\/div>\n<p>&nbsp;<\/td>\n<\/tr>\n<tr style=\"height: 284px;\">\n<td style=\"width: 100%; height: 284px;\" align=\"left\" valign=\"top\">\n<div class=\"content\">\n<h3>Kader<\/h3>\n\n<table id=\"tablepress-126\" class=\"tablepress tablepress-id-126\">\n<thead>\n<tr class=\"row-1 odd\">\n\t<th class=\"column-1\">Name<\/th><th class=\"column-2\">Vorname<\/th><th class=\"column-3\">Jahrgang<\/th><th class=\"column-4\">Zug\u00e4nge (woher)<\/th>\n<\/tr>\n<\/thead>\n<tbody>\n<tr class=\"row-2 even\">\n\t<td class=\"column-1\">Beck<\/td><td class=\"column-2\">Robert<\/td><td class=\"column-3\">1996<\/td><td class=\"column-4\">ETW - SVE 2.Herren  <\/td>\n<\/tr>\n<tr class=\"row-3 odd\">\n\t<td class=\"column-1\">Apel<\/td><td class=\"column-2\">Tim<\/td><td class=\"column-3\">2000<\/td><td class=\"column-4\"><\/td>\n<\/tr>\n<tr class=\"row-4 even\">\n\t<td class=\"column-1\">Arapovic<\/td><td class=\"column-2\">Kenan<\/td><td class=\"column-3\">1999<\/td><td class=\"column-4\"><\/td>\n<\/tr>\n<tr class=\"row-5 odd\">\n\t<td class=\"column-1\">Bertram<\/td><td class=\"column-2\">Erik<\/td><td class=\"column-3\">2000<\/td><td class=\"column-4\"><\/td>\n<\/tr>\n<tr class=\"row-6 even\">\n\t<td class=\"column-1\">Dolg<\/td><td class=\"column-2\">Niclas<\/td><td class=\"column-3\">2000<\/td><td class=\"column-4\"><\/td>\n<\/tr>\n<tr class=\"row-7 odd\">\n\t<td class=\"column-1\">D\u00f6lle<\/td><td class=\"column-2\">Arndt Endres<\/td><td class=\"column-3\">2001<\/td><td class=\"column-4\"><\/td>\n<\/tr>\n<tr class=\"row-8 even\">\n\t<td class=\"column-1\">Ehrich<\/td><td class=\"column-2\">Jannis<\/td><td class=\"column-3\">2005<\/td><td class=\"column-4\">A-Junioren<\/td>\n<\/tr>\n<tr class=\"row-9 odd\">\n\t<td class=\"column-1\">Eisner<\/td><td class=\"column-2\">Mick<\/td><td class=\"column-3\">2002<\/td><td class=\"column-4\">FSV Eiche Pobzig<\/td>\n<\/tr>\n<tr class=\"row-10 even\">\n\t<td class=\"column-1\">Fischer<\/td><td class=\"column-2\">Sebastian<\/td><td class=\"column-3\">2001<\/td><td class=\"column-4\">FSV Eiche Pobzig<\/td>\n<\/tr>\n<tr class=\"row-11 odd\">\n\t<td class=\"column-1\">Habenreich<\/td><td class=\"column-2\">Jonas<\/td><td class=\"column-3\">2005<\/td><td class=\"column-4\">FSV Drohndorf-Mehringen<\/td>\n<\/tr>\n<tr class=\"row-12 even\">\n\t<td class=\"column-1\">Hadzic<\/td><td class=\"column-2\">Nihad<\/td><td class=\"column-3\">1998<\/td><td class=\"column-4\"><\/td>\n<\/tr>\n<tr class=\"row-13 odd\">\n\t<td class=\"column-1\">Hahn<\/td><td class=\"column-2\">Eric<\/td><td class=\"column-3\">1999<\/td><td class=\"column-4\"><\/td>\n<\/tr>\n<tr class=\"row-14 even\">\n\t<td class=\"column-1\">Helbig<\/td><td class=\"column-2\">Matthias<\/td><td class=\"column-3\">1986<\/td><td class=\"column-4\"><\/td>\n<\/tr>\n<tr class=\"row-15 odd\">\n\t<td class=\"column-1\">Holze<\/td><td class=\"column-2\">Benedikt<\/td><td class=\"column-3\">2005<\/td><td class=\"column-4\">A-Junioren<\/td>\n<\/tr>\n<tr class=\"row-16 even\">\n\t<td class=\"column-1\">K\u00e4ding<\/td><td class=\"column-2\">Eric<\/td><td class=\"column-3\">1995<\/td><td class=\"column-4\"><\/td>\n<\/tr>\n<tr class=\"row-17 odd\">\n\t<td class=\"column-1\">Kre\u00df<\/td><td class=\"column-2\">Hannes<\/td><td class=\"column-3\">2002<\/td><td class=\"column-4\"><\/td>\n<\/tr>\n<tr class=\"row-18 even\">\n\t<td class=\"column-1\">Krug<\/td><td class=\"column-2\">Mathias<\/td><td class=\"column-3\">1988<\/td><td class=\"column-4\"><\/td>\n<\/tr>\n<tr class=\"row-19 odd\">\n\t<td class=\"column-1\">Kr\u00fcger<\/td><td class=\"column-2\">Dennis<\/td><td class=\"column-3\">1993<\/td><td class=\"column-4\"><\/td>\n<\/tr>\n<tr class=\"row-20 even\">\n\t<td class=\"column-1\">Kuhn<\/td><td class=\"column-2\">Benjamin<\/td><td class=\"column-3\">1988<\/td><td class=\"column-4\"><\/td>\n<\/tr>\n<tr class=\"row-21 odd\">\n\t<td class=\"column-1\">Nachtigall<\/td><td class=\"column-2\">Til<\/td><td class=\"column-3\">2000<\/td><td class=\"column-4\"><\/td>\n<\/tr>\n<tr class=\"row-22 even\">\n\t<td class=\"column-1\">Okubire<\/td><td class=\"column-2\">Charles<\/td><td class=\"column-3\">1995<\/td><td class=\"column-4\"><\/td>\n<\/tr>\n<tr class=\"row-23 odd\">\n\t<td class=\"column-1\">Reinke<\/td><td class=\"column-2\">Maximilian<\/td><td class=\"column-3\">2005<\/td><td class=\"column-4\"><\/td>\n<\/tr>\n<tr class=\"row-24 even\">\n\t<td class=\"column-1\">Salehzada<\/td><td class=\"column-2\">Wais<\/td><td class=\"column-3\">2000<\/td><td class=\"column-4\"><\/td>\n<\/tr>\n<tr class=\"row-25 odd\">\n\t<td class=\"column-1\">Schule<\/td><td class=\"column-2\">Marco<\/td><td class=\"column-3\">1986<\/td><td class=\"column-4\"><\/td>\n<\/tr>\n<tr class=\"row-26 even\">\n\t<td class=\"column-1\">Schwarz<\/td><td class=\"column-2\">Mario <\/td><td class=\"column-3\">2001<\/td><td class=\"column-4\"><\/td>\n<\/tr>\n<tr class=\"row-27 odd\">\n\t<td class=\"column-1\">Shami<\/td><td class=\"column-2\">Mohamad<\/td><td class=\"column-3\">1999<\/td><td class=\"column-4\"><\/td>\n<\/tr>\n<tr class=\"row-28 even\">\n\t<td class=\"column-1\">Steckhahn<\/td><td class=\"column-2\">Julian<\/td><td class=\"column-3\">1993<\/td><td class=\"column-4\"><\/td>\n<\/tr>\n<tr class=\"row-29 odd\">\n\t<td class=\"column-1\">Teutloff<\/td><td class=\"column-2\">Maik<\/td><td class=\"column-3\">1990<\/td><td class=\"column-4\"><\/td>\n<\/tr>\n<tr class=\"row-30 even\">\n\t<td class=\"column-1\">Walcer<\/td><td class=\"column-2\">Niklas<\/td><td class=\"column-3\">2000<\/td><td class=\"column-4\"><\/td>\n<\/tr>\n<tr class=\"row-31 odd\">\n\t<td class=\"column-1\">Walter<\/td><td class=\"column-2\">Tim<\/td><td class=\"column-3\">2000<\/td><td class=\"column-4\">SV 09 Sta\u00dffurt II<\/td>\n<\/tr>\n<tr class=\"row-32 even\">\n\t<td class=\"column-1\">Wendel<\/td><td class=\"column-2\">Nils<\/td><td class=\"column-3\">1996<\/td><td class=\"column-4\"><\/td>\n<\/tr>\n<tr class=\"row-33 odd\">\n\t<td class=\"column-1\">Westphal<\/td><td class=\"column-2\">Tobias<\/td><td class=\"column-3\">2001<\/td><td class=\"column-4\"><\/td>\n<\/tr>\n<\/tbody>\n<\/table>\n\n<h3>Zug\u00e4nge<\/h3>\n<p>Sebastian Fischer (FSV Eiche Pobzig), Mick Eisner (FSV Eiche Pobzig), Tim Walter (SV 09 Sta\u00dffurt II), Jonas Habenreich (FSV Drohndorf-Mehringen), Kenan Arapovic, Nihad Hadzic<\/p>\n<h3>Abg\u00e4nge<\/h3>\n<p>Marcus Helmstedt (CFC Germania 03), Julian Dietz (unbekannt), Denny M\u00fcller (Laufbahn in der 1.Herren beendet)<\/p>\n<\/div>\n<\/td>\n<\/tr>\n<\/tbody>\n<\/table>\n<p>&nbsp;<\/p>\n","protected":false},"excerpt":{"rendered":"<p>SV Einheit Bernburg Landesklasse &#8211; 2024\/25 Unsere 1.Herren war in der vergangenen Saison erstmals nach 28 Jahren im Fu\u00dfball \u00fcber unserer Kreisgrenze hinaus vertreten. Der Aufstieg wurde da entsprechend geb\u00fchrend gefeiert und das erste Landesklassenjahr in der Staffel 4 konnte mit einem respektablen 6.Platz abgeschlossen werden. F\u00fcr die aktuelle Saison hat der FSA nun eine [&hellip;]<\/p>\n","protected":false},"author":3,"featured_media":0,"parent":41826,"menu_order":0,"comment_status":"closed","ping_status":"closed","template":"","meta":{"footnotes":""},"_links":{"self":[{"href":"https:\/\/einheit-bernburg.de\/content\/index.php?rest_route=\/wp\/v2\/pages\/41858"}],"collection":[{"href":"https:\/\/einheit-bernburg.de\/content\/index.php?rest_route=\/wp\/v2\/pages"}],"about":[{"href":"https:\/\/einheit-bernburg.de\/content\/index.php?rest_route=\/wp\/v2\/types\/page"}],"author":[{"embeddable":true,"href":"https:\/\/einheit-bernburg.de\/content\/index.php?rest_route=\/wp\/v2\/users\/3"}],"replies":[{"embeddable":true,"href":"https:\/\/einheit-bernburg.de\/content\/index.php?rest_route=%2Fwp%2Fv2%2Fcomments&post=41858"}],"version-history":[{"count":1,"href":"https:\/\/einheit-bernburg.de\/content\/index.php?rest_route=\/wp\/v2\/pages\/41858\/revisions"}],"predecessor-version":[{"id":41859,"href":"https:\/\/einheit-bernburg.de\/content\/index.php?rest_route=\/wp\/v2\/pages\/41858\/revisions\/41859"}],"up":[{"embeddable":true,"href":"https:\/\/einheit-bernburg.de\/content\/index.php?rest_route=\/wp\/v2\/pages\/41826"}],"wp:attachment":[{"href":"https:\/\/einheit-bernburg.de\/content\/index.php?rest_route=%2Fwp%2Fv2%2Fmedia&parent=41858"}],"curies":[{"name":"wp","href":"https:\/\/api.w.org\/{rel}","templated":true}]}}