{"id":41935,"date":"2025-07-16T08:43:10","date_gmt":"2025-07-16T06:43:10","guid":{"rendered":"https:\/\/einheit-bernburg.de\/content\/?page_id=41935"},"modified":"2025-07-16T08:43:10","modified_gmt":"2025-07-16T06:43:10","slug":"kader-u-zielstellung","status":"publish","type":"page","link":"https:\/\/einheit-bernburg.de\/content\/?page_id=41935","title":{"rendered":"Archiv Kader u. Zielstellung 2. Herren 2024\/25"},"content":{"rendered":"<h1>Ssg. Einheit Bernburg II.\/Sportlust Gr\u00f6na<\/h1>\n<h3>1. Kreisklasse\u00a0 2024\/25<\/h3>\n<p>Die Mannschaft kann in der aktuellen Saison noch nicht an die Leistungen der beiden voran gegangenen Spieljahre ankn\u00fcpfen und hat trotz gro\u00dfem und eigentlich best\u00e4ndigem Kader immer wieder Aufstellungsprobleme am Wochenende. Das sollte in den n\u00e4chsten Wochen schnellstens abgestellt werden, dann findet man auch zu alter St\u00e4rke zur\u00fcck. Da sind nat\u00fcrlich auch die Verantwortlichen der 1.Herren und des Einheit-Traditionsteams gefordert, die sich auch immer wieder gern mal bei der Einheitreserve bedienen, das aber nicht in Doppelbelastung ausarten bzw. in Einbahnstra\u00dfenfu\u00dfball m\u00fcnden sollte. Wir w\u00fcnschen dem Team um Trainer Marc Wiltner eine erfolgreiche Saison!<strong><br \/>\n<\/strong><em>Herr Marc Wiltenr wurde inzwischen beim SC Bernburg als Trainer vorgestellt und hat den SV Einheit verlassen.<\/em><\/p>\n<p>Neues Trainergespann vorgestellt: Ricardo Kupka \/ Thorsten Rehfeld<\/p>\n<hr \/>\n<div class=\"su-table su-table-alternate\">\n<table style=\"width: 54.9109%;height: 306px\">\n<tbody>\n<tr style=\"height: 120px\">\n<td style=\"width: 28.6497%;height: 120px\"><strong>Ansprechpartner<\/strong><\/td>\n<td style=\"height: 120px;width: 83.0469%\">Norbert Lehmann (Vermittler Herrenbereich)<br \/>\nMobil: 0172 \/ 938 88 89<\/td>\n<\/tr>\n<tr style=\"height: 24px\">\n<td style=\"width: 28.6497%;height: 24px\"><strong>Trainingszeiten<\/strong><\/td>\n<td style=\"height: 24px;width: 83.0469%\">Montag u. Mittwoch 18:30 &#8211; 20:00 Uhr (Einheit-Sportplatz)<\/td>\n<\/tr>\n<tr style=\"height: 24px\">\n<td style=\"width: 28.6497%;height: 24px\"><strong>\u00a0<\/strong><\/td>\n<td style=\"height: 24px;width: 83.0469%\"><strong>Winter<br \/>\n<\/strong>ab 17:30 Uhr evtl. Kunstrasenplatz<strong><br \/>\n<\/strong><\/td>\n<\/tr>\n<tr style=\"height: 48px\">\n<td style=\"width: 28.6497%;height: 48px\"><strong>Hallentraining<br \/>\n<\/strong><\/td>\n<td style=\"height: 48px;width: 83.0469%\">Mittwoch 19:00 Uhr &#8211; 20:30 Uhr Sporthalle T\u00f6pferwiese<br \/>\n27.11.2024 &#8211; 26.02.2025<\/td>\n<\/tr>\n<tr style=\"height: 24px\">\n<td style=\"width: 28.6497%;height: 24px\"><strong>Trainer<\/strong><\/td>\n<td style=\"height: 24px;width: 83.0469%\">Ricardo Kupka &#8211; Mobil: 01525 &#8211; 580 36 19<\/td>\n<\/tr>\n<tr style=\"height: 18px\">\n<td style=\"width: 28.6497%;height: 18px\"><strong>Trainer<br \/>\n<\/strong><\/td>\n<td style=\"height: 18px;width: 83.0469%\">Thorsten Rehfeld &#8211; Mobil: 01577 &#8211; 373 87 12<\/td>\n<\/tr>\n<tr style=\"height: 24px\">\n<td style=\"width: 28.6497%;height: 24px\"><strong>Betreuer<\/strong><\/td>\n<td style=\"height: 24px;width: 83.0469%\"><\/td>\n<\/tr>\n<tr style=\"height: 24px\">\n<td style=\"width: 28.6497%;height: 24px\"><strong>Zielstellung<\/strong><\/td>\n<td style=\"height: 24px;width: 83.0469%\">Ein Platz im Mittelfeld<\/td>\n<\/tr>\n<\/tbody>\n<\/table>\n<\/div>\n<hr \/>\n<h3>Kader<\/h3>\n\n<table id=\"tablepress-115\" class=\"tablepress tablepress-id-115\">\n<thead>\n<tr class=\"row-1 odd\">\n\t<th class=\"column-1\">Name<\/th><th class=\"column-2\">Vorname<\/th><th class=\"column-3\">Jahrgang<\/th><th class=\"column-4\">Zug\u00e4nge (woher)<\/th>\n<\/tr>\n<\/thead>\n<tbody>\n<tr class=\"row-2 even\">\n\t<td class=\"column-1\">Einheit<\/td><td class=\"column-2\"><\/td><td class=\"column-3\"><\/td><td class=\"column-4\"><\/td>\n<\/tr>\n<tr class=\"row-3 odd\">\n\t<td class=\"column-1\">Apel<\/td><td class=\"column-2\">Michael<\/td><td class=\"column-3\">1990<\/td><td class=\"column-4\"><\/td>\n<\/tr>\n<tr class=\"row-4 even\">\n\t<td class=\"column-1\">Beck<\/td><td class=\"column-2\">Robert<\/td><td class=\"column-3\">1996<\/td><td class=\"column-4\"><\/td>\n<\/tr>\n<tr class=\"row-5 odd\">\n\t<td class=\"column-1\">Beckmann<\/td><td class=\"column-2\">Mathias<\/td><td class=\"column-3\">1988<\/td><td class=\"column-4\"><\/td>\n<\/tr>\n<tr class=\"row-6 even\">\n\t<td class=\"column-1\">Engelke<\/td><td class=\"column-2\">Sebastian<\/td><td class=\"column-3\">1983<\/td><td class=\"column-4\"><\/td>\n<\/tr>\n<tr class=\"row-7 odd\">\n\t<td class=\"column-1\">Hasan<\/td><td class=\"column-2\">Danar Salar Hasan<\/td><td class=\"column-3\">2002<\/td><td class=\"column-4\">Irak<\/td>\n<\/tr>\n<tr class=\"row-8 even\">\n\t<td class=\"column-1\">Henke<\/td><td class=\"column-2\">Maximilian Frank<\/td><td class=\"column-3\">1998<\/td><td class=\"column-4\">Jahn Gerbitz<\/td>\n<\/tr>\n<tr class=\"row-9 odd\">\n\t<td class=\"column-1\">Hoffmann<\/td><td class=\"column-2\">Nico<\/td><td class=\"column-3\">2993<\/td><td class=\"column-4\">Sportlust Gr\u00f6na<\/td>\n<\/tr>\n<tr class=\"row-10 even\">\n\t<td class=\"column-1\">Homri<\/td><td class=\"column-2\">Amin<\/td><td class=\"column-3\">2002<\/td><td class=\"column-4\"><\/td>\n<\/tr>\n<tr class=\"row-11 odd\">\n\t<td class=\"column-1\">Homri<\/td><td class=\"column-2\">Habib<\/td><td class=\"column-3\">1994<\/td><td class=\"column-4\"><\/td>\n<\/tr>\n<tr class=\"row-12 even\">\n\t<td class=\"column-1\">Ihloff<\/td><td class=\"column-2\">Luca Ferenc<\/td><td class=\"column-3\">2002<\/td><td class=\"column-4\"><\/td>\n<\/tr>\n<tr class=\"row-13 odd\">\n\t<td class=\"column-1\">Kupka <\/td><td class=\"column-2\">Leroy<\/td><td class=\"column-3\">1997<\/td><td class=\"column-4\"><\/td>\n<\/tr>\n<tr class=\"row-14 even\">\n\t<td class=\"column-1\">Kupka<\/td><td class=\"column-2\">Nevio<\/td><td class=\"column-3\">2007<\/td><td class=\"column-4\">Einheit A-Jun.<\/td>\n<\/tr>\n<tr class=\"row-15 odd\">\n\t<td class=\"column-1\">Kupka<\/td><td class=\"column-2\">Ricardo<\/td><td class=\"column-3\">1989<\/td><td class=\"column-4\"><\/td>\n<\/tr>\n<tr class=\"row-16 even\">\n\t<td class=\"column-1\">Landgrabe<\/td><td class=\"column-2\">Christian<\/td><td class=\"column-3\">1987<\/td><td class=\"column-4\"><\/td>\n<\/tr>\n<tr class=\"row-17 odd\">\n\t<td class=\"column-1\">Mehrholz<\/td><td class=\"column-2\">Philipp<\/td><td class=\"column-3\">1992<\/td><td class=\"column-4\"><\/td>\n<\/tr>\n<tr class=\"row-18 even\">\n\t<td class=\"column-1\">Okubire<\/td><td class=\"column-2\">Charles<\/td><td class=\"column-3\">1995<\/td><td class=\"column-4\"><\/td>\n<\/tr>\n<tr class=\"row-19 odd\">\n\t<td class=\"column-1\">Olschinka<\/td><td class=\"column-2\">Max - Jonas<\/td><td class=\"column-3\">2000<\/td><td class=\"column-4\"><\/td>\n<\/tr>\n<tr class=\"row-20 even\">\n\t<td class=\"column-1\">Reinhard<\/td><td class=\"column-2\">Tom<\/td><td class=\"column-3\">1994<\/td><td class=\"column-4\">Okt.'23 reaktiviert<\/td>\n<\/tr>\n<tr class=\"row-21 odd\">\n\t<td class=\"column-1\">Schr\u00f6ter<\/td><td class=\"column-2\">Oliver<\/td><td class=\"column-3\">2004<\/td><td class=\"column-4\">bisher vereislos<\/td>\n<\/tr>\n<tr class=\"row-22 even\">\n\t<td class=\"column-1\">Shami<\/td><td class=\"column-2\">Nael<\/td><td class=\"column-3\">1995<\/td><td class=\"column-4\"><\/td>\n<\/tr>\n<tr class=\"row-23 odd\">\n\t<td class=\"column-1\">Souschek<\/td><td class=\"column-2\">Jonas<\/td><td class=\"column-3\">1997<\/td><td class=\"column-4\"><\/td>\n<\/tr>\n<tr class=\"row-24 even\">\n\t<td class=\"column-1\">Spinn<\/td><td class=\"column-2\">Sebastian<\/td><td class=\"column-3\">1983<\/td><td class=\"column-4\">Spotlust Gr\u00f6na<\/td>\n<\/tr>\n<tr class=\"row-25 odd\">\n\t<td class=\"column-1\">Thiele<\/td><td class=\"column-2\">Karl<\/td><td class=\"column-3\">1994<\/td><td class=\"column-4\"><\/td>\n<\/tr>\n<tr class=\"row-26 even\">\n\t<td class=\"column-1\">Voigt<\/td><td class=\"column-2\">Ren\u00e9<\/td><td class=\"column-3\">1986<\/td><td class=\"column-4\"><\/td>\n<\/tr>\n<tr class=\"row-27 odd\">\n\t<td class=\"column-1\">Wieczorek<\/td><td class=\"column-2\">Michael<\/td><td class=\"column-3\">1984<\/td><td class=\"column-4\"><\/td>\n<\/tr>\n<tr class=\"row-28 even\">\n\t<td class=\"column-1\">Zimmermann<\/td><td class=\"column-2\">Leon<\/td><td class=\"column-3\">2001<\/td><td class=\"column-4\"><\/td>\n<\/tr>\n<tr class=\"row-29 odd\">\n\t<td class=\"column-1\">Sportlust Gr\u00f6na<\/td><td class=\"column-2\"><\/td><td class=\"column-3\"><\/td><td class=\"column-4\"><\/td>\n<\/tr>\n<tr class=\"row-30 even\">\n\t<td class=\"column-1\">Blechschmidt<\/td><td class=\"column-2\">Florian<\/td><td class=\"column-3\">1986<\/td><td class=\"column-4\"><\/td>\n<\/tr>\n<tr class=\"row-31 odd\">\n\t<td class=\"column-1\">Block<\/td><td class=\"column-2\">Tobias<\/td><td class=\"column-3\">1986<\/td><td class=\"column-4\"><\/td>\n<\/tr>\n<tr class=\"row-32 even\">\n\t<td class=\"column-1\">Hoffmann<\/td><td class=\"column-2\">Enrico<\/td><td class=\"column-3\">1985<\/td><td class=\"column-4\"><\/td>\n<\/tr>\n<tr class=\"row-33 odd\">\n\t<td class=\"column-1\">Pfl\u00fcger<\/td><td class=\"column-2\">J\u00f6rgen<\/td><td class=\"column-3\">1989<\/td><td class=\"column-4\"><\/td>\n<\/tr>\n<tr class=\"row-34 even\">\n\t<td class=\"column-1\">Stier<\/td><td class=\"column-2\">Mario<\/td><td class=\"column-3\">1983<\/td><td class=\"column-4\"><\/td>\n<\/tr>\n<tr class=\"row-35 odd\">\n\t<td class=\"column-1\"><\/td><td class=\"column-2\"><\/td><td class=\"column-3\"><\/td><td class=\"column-4\"><\/td>\n<\/tr>\n<\/tbody>\n<\/table>\n\n<p><span style=\"text-decoration: underline;\"><strong>Zug\u00e4nge:<\/strong><\/span><strong><br \/>\n<\/strong>Nico Hoffmann, Sebastian Spinn (beide SV Sportlust Gr\u00f6na)<strong>, <\/strong>Oliver Schr\u00f6ter<strong>,<br \/>\n<\/strong>Danar Salar Hasan Hasan (Irak)<strong>, <\/strong>Maximilian Frank Henke (Jahn Gerbitz)<strong>, <\/strong>Nevio Kupka (SVE A-Jun.) Luca Ferenc Ihloff<strong><br \/>\n<\/strong><br \/>\n<span style=\"text-decoration: underline;\"><strong>Abg\u00e4nge:<\/strong><\/span> Phillip Langer (unbekannt), David Brotte (unbekannt)<\/p>\n","protected":false},"excerpt":{"rendered":"<p>Ssg. Einheit Bernburg II.\/Sportlust Gr\u00f6na 1. Kreisklasse\u00a0 2024\/25 Die Mannschaft kann in der aktuellen Saison noch nicht an die Leistungen der beiden voran gegangenen Spieljahre ankn\u00fcpfen und hat trotz gro\u00dfem und eigentlich best\u00e4ndigem Kader immer wieder Aufstellungsprobleme am Wochenende. Das sollte in den n\u00e4chsten Wochen schnellstens abgestellt werden, dann findet man auch zu alter St\u00e4rke [&hellip;]<\/p>\n","protected":false},"author":3,"featured_media":0,"parent":41881,"menu_order":0,"comment_status":"closed","ping_status":"closed","template":"","meta":{"footnotes":""},"_links":{"self":[{"href":"https:\/\/einheit-bernburg.de\/content\/index.php?rest_route=\/wp\/v2\/pages\/41935"}],"collection":[{"href":"https:\/\/einheit-bernburg.de\/content\/index.php?rest_route=\/wp\/v2\/pages"}],"about":[{"href":"https:\/\/einheit-bernburg.de\/content\/index.php?rest_route=\/wp\/v2\/types\/page"}],"author":[{"embeddable":true,"href":"https:\/\/einheit-bernburg.de\/content\/index.php?rest_route=\/wp\/v2\/users\/3"}],"replies":[{"embeddable":true,"href":"https:\/\/einheit-bernburg.de\/content\/index.php?rest_route=%2Fwp%2Fv2%2Fcomments&post=41935"}],"version-history":[{"count":1,"href":"https:\/\/einheit-bernburg.de\/content\/index.php?rest_route=\/wp\/v2\/pages\/41935\/revisions"}],"predecessor-version":[{"id":41936,"href":"https:\/\/einheit-bernburg.de\/content\/index.php?rest_route=\/wp\/v2\/pages\/41935\/revisions\/41936"}],"up":[{"embeddable":true,"href":"https:\/\/einheit-bernburg.de\/content\/index.php?rest_route=\/wp\/v2\/pages\/41881"}],"wp:attachment":[{"href":"https:\/\/einheit-bernburg.de\/content\/index.php?rest_route=%2Fwp%2Fv2%2Fmedia&parent=41935"}],"curies":[{"name":"wp","href":"https:\/\/api.w.org\/{rel}","templated":true}]}}