{"id":41983,"date":"2025-07-17T10:53:13","date_gmt":"2025-07-17T08:53:13","guid":{"rendered":"https:\/\/einheit-bernburg.de\/content\/?page_id=41983"},"modified":"2025-07-17T10:53:13","modified_gmt":"2025-07-17T08:53:13","slug":"kader-u-zielstellung-d3-junioren","status":"publish","type":"page","link":"https:\/\/einheit-bernburg.de\/content\/?page_id=41983","title":{"rendered":"Archiv Kader u. Zielstellung A-Junioren 2024\/25"},"content":{"rendered":"<h1 class=\"aufm\">NSG Einheit Bernburg\/SV Pl\u00f6tzkau<\/h1>\n<h3>Landesliga \u2013 2024\/25 &#8211; Staffel 2<\/h3>\n<p>Diese neuformierte\u00a0 A\u00a0 &#8211; Jugend setzt sich zusammen haupts\u00e4chlich aus den Jungs von Einheit die aus der letzten Spielserie \u00fcbrig sind, welche gemeinsam erstmals mit den Spielern des SV Pl\u00f6tzkau 1921 eine Nachwuchsspielgemeinschaft bilden. Ein neues Projekt, das es beiden Vereinen erm\u00f6glicht, immer eine spielf\u00e4hige und leistungsstarke Mannschaft in die Meisterschaftsspiele zu schicken. Neben Thomas Schr\u00f6ter (Einheit) wird die Mannschaft von Denny K\u00fcnstner Lehmann (Pl\u00f6tzkau) betreut werden und erf\u00e4hrt damit eine Portion Plansicherheit mehr.<br \/>\nWir w\u00fcnschen diesem neu gebildeten Team ein schnelle gemeinsame Findungsphase und hoffen auf tolle Spiele. Viel Erfolg M\u00e4nner!<\/p>\n<hr \/>\n<div class=\"su-table su-table-alternate\">\n<table style=\"height: 344px;width: 704px\" width=\"702\">\n<tbody>\n<tr>\n<td style=\"width: 173px\"><strong>Ansprechpartner<\/strong><\/td>\n<td style=\"width: 531px\">Lothar Kral (Jugendleiter) &#8211; Mobil: 0162 435 66 23<\/td>\n<\/tr>\n<tr>\n<td style=\"width: 173px\"><strong>Trainingszeit<\/strong><\/td>\n<td style=\"width: 531px\">Mittwoch, 18:30 Uhr \u2013 20:00 Uhr Einheit-Sportplatz<\/td>\n<\/tr>\n<tr>\n<td style=\"width: 173px\"><strong> Winter<\/strong><\/td>\n<td style=\"width: 531px\"><\/td>\n<\/tr>\n<tr>\n<td style=\"width: 173px\"><strong>Hallentraining<br \/>\n<\/strong><\/td>\n<td style=\"width: 531px\">Dienstag, 18:30 &#8211; 20:00 Uhr Sporthalle T\u00f6pferwiese<br \/>\n26.11.2024 &#8211; 25.02.2025<\/td>\n<\/tr>\n<tr>\n<td style=\"width: 173px\"><strong>Kunstrasen<br \/>\n<\/strong><\/td>\n<td style=\"width: 531px\">Montag &#8211; Sportplatz Pl\u00f6tzkau<\/p>\n<p>evtl. Mittwoch ab 18:00 Uhr mit 2.Herren<\/td>\n<\/tr>\n<tr>\n<td style=\"width: 173px\"><strong>Trainer<\/strong><\/td>\n<td style=\"width: 531px\">Thomas Schr\u00f6ter\u00a0\u00a0\u00a0\u00a0\u00a0\u00a0\u00a0\u00a0\u00a0\u00a0\u00a0\u00a0\u00a0\u00a0\u00a0\u00a0\u00a0\u00a0\u00a0\u00a0 Mobil: 0170 \/ 939 02 38\u00a0 (Einheit)<\/td>\n<\/tr>\n<tr>\n<td style=\"width: 173px\"><strong>Trainer<br \/>\n<\/strong><\/td>\n<td style=\"width: 531px\">Denny K\u00fcnstner-Lehmann\u00a0\u00a0\u00a0 Mobil: 0178 \/ 334 08 51\u00a0 (Pl\u00f6tzkau)<\/td>\n<\/tr>\n<tr>\n<td style=\"width: 173px\"><strong>Co &#8211; Trainer<br \/>\n<\/strong><\/td>\n<td style=\"width: 531px\">Tim Schr\u00f6ter \u00a0 \u00a0 \u00a0 \u00a0 \u00a0\u00a0\u00a0\u00a0\u00a0\u00a0\u00a0\u00a0\u00a0\u00a0\u00a0\u00a0\u00a0\u00a0\u00a0\u00a0\u00a0\u00a0\u00a0 Mobil: 0151 \/ 729 198 75 (Einheit)<\/td>\n<\/tr>\n<tr>\n<td style=\"width: 173px\"><strong>Betreuer<\/strong><\/td>\n<td style=\"width: 531px\"><\/td>\n<\/tr>\n<tr>\n<td style=\"width: 173px\"><strong>Zielstellung<\/strong><\/td>\n<td style=\"width: 531px\">Eine gute Rolle in der Landesliga spielen<\/td>\n<\/tr>\n<\/tbody>\n<\/table>\n<\/div>\n<hr \/>\n<h3>Kader<\/h3>\n\n<table id=\"tablepress-128\" class=\"tablepress tablepress-id-128\">\n<thead>\n<tr class=\"row-1 odd\">\n\t<th class=\"column-1\">Name<\/th><th class=\"column-2\">Vorname<\/th><th class=\"column-3\">Jahrgang<\/th><th class=\"column-4\">Vereinszugeh\u00f6rigkeit<\/th><th class=\"column-5\"><\/th><th class=\"column-6\"><\/th><th class=\"column-7\"><\/th><th class=\"column-8\"><\/th>\n<\/tr>\n<\/thead>\n<tbody>\n<tr class=\"row-2 even\">\n\t<td class=\"column-1\">Einheit Bernburg<\/td><td class=\"column-2\"><\/td><td class=\"column-3\"><\/td><td class=\"column-4\">SV Einheit Bernburg<\/td><td class=\"column-5\"><\/td><td class=\"column-6\"><\/td><td class=\"column-7\"><\/td><td class=\"column-8\"><\/td>\n<\/tr>\n<tr class=\"row-3 odd\">\n\t<td class=\"column-1\">Doley<\/td><td class=\"column-2\">Leon<\/td><td class=\"column-3\">2006<\/td><td class=\"column-4\"><\/td><td class=\"column-5\"><\/td><td class=\"column-6\"><\/td><td class=\"column-7\"><\/td><td class=\"column-8\"><\/td>\n<\/tr>\n<tr class=\"row-4 even\">\n\t<td class=\"column-1\">Hellmann<\/td><td class=\"column-2\">Florian<\/td><td class=\"column-3\">2006<\/td><td class=\"column-4\"><\/td><td class=\"column-5\"><\/td><td class=\"column-6\"><\/td><td class=\"column-7\"><\/td><td class=\"column-8\"><\/td>\n<\/tr>\n<tr class=\"row-5 odd\">\n\t<td class=\"column-1\">Dimovic<\/td><td class=\"column-2\">Jovica<\/td><td class=\"column-3\">2006<\/td><td class=\"column-4\">SV Einheit Bernburg<\/td><td class=\"column-5\"><\/td><td class=\"column-6\"><\/td><td class=\"column-7\"><\/td><td class=\"column-8\"><\/td>\n<\/tr>\n<tr class=\"row-6 even\">\n\t<td class=\"column-1\">Kathe<\/td><td class=\"column-2\">Torben<\/td><td class=\"column-3\">2006<\/td><td class=\"column-4\">SC Bernburg<\/td><td class=\"column-5\"><\/td><td class=\"column-6\"><\/td><td class=\"column-7\"><\/td><td class=\"column-8\"><\/td>\n<\/tr>\n<tr class=\"row-7 odd\">\n\t<td class=\"column-1\">Kaufmann<\/td><td class=\"column-2\">S\u00f6ren<\/td><td class=\"column-3\">2006<\/td><td class=\"column-4\">SV 09 Sta\u00dffurt<\/td><td class=\"column-5\"><\/td><td class=\"column-6\"><\/td><td class=\"column-7\"><\/td><td class=\"column-8\"><\/td>\n<\/tr>\n<tr class=\"row-8 even\">\n\t<td class=\"column-1\">Kersten<\/td><td class=\"column-2\">Nils<\/td><td class=\"column-3\">2006<\/td><td class=\"column-4\">SC Bernburg<\/td><td class=\"column-5\"><\/td><td class=\"column-6\"><\/td><td class=\"column-7\"><\/td><td class=\"column-8\"><\/td>\n<\/tr>\n<tr class=\"row-9 odd\">\n\t<td class=\"column-1\">Lill<\/td><td class=\"column-2\">Julien<\/td><td class=\"column-3\">2006<\/td><td class=\"column-4\">SC Bernburg<\/td><td class=\"column-5\"><\/td><td class=\"column-6\"><\/td><td class=\"column-7\"><\/td><td class=\"column-8\"><\/td>\n<\/tr>\n<tr class=\"row-10 even\">\n\t<td class=\"column-1\">Matthias<\/td><td class=\"column-2\">Phillip<\/td><td class=\"column-3\">2006<\/td><td class=\"column-4\">SV Einheit Bernburg<\/td><td class=\"column-5\"><\/td><td class=\"column-6\"><\/td><td class=\"column-7\"><\/td><td class=\"column-8\"><\/td>\n<\/tr>\n<tr class=\"row-11 odd\">\n\t<td class=\"column-1\">Schoon<\/td><td class=\"column-2\">Leonardo<\/td><td class=\"column-3\">2006<\/td><td class=\"column-4\">SV Einheit Bernburg<\/td><td class=\"column-5\"><\/td><td class=\"column-6\"><\/td><td class=\"column-7\"><\/td><td class=\"column-8\"><\/td>\n<\/tr>\n<tr class=\"row-12 even\">\n\t<td class=\"column-1\">Stolz<\/td><td class=\"column-2\">Jan - Malte<\/td><td class=\"column-3\">2006<\/td><td class=\"column-4\">SV Einheit Bernburg<\/td><td class=\"column-5\"><\/td><td class=\"column-6\"><\/td><td class=\"column-7\"><\/td><td class=\"column-8\"><\/td>\n<\/tr>\n<tr class=\"row-13 odd\">\n\t<td class=\"column-1\">Hammermann<\/td><td class=\"column-2\">Theodor<\/td><td class=\"column-3\">2007<\/td><td class=\"column-4\">SV Einheit Bernburg<\/td><td class=\"column-5\"><\/td><td class=\"column-6\"><\/td><td class=\"column-7\"><\/td><td class=\"column-8\"><\/td>\n<\/tr>\n<tr class=\"row-14 even\">\n\t<td class=\"column-1\">Henze<\/td><td class=\"column-2\">Lucas<\/td><td class=\"column-3\">2007<\/td><td class=\"column-4\">SV Einheit Bernburg<\/td><td class=\"column-5\"><\/td><td class=\"column-6\"><\/td><td class=\"column-7\"><\/td><td class=\"column-8\"><\/td>\n<\/tr>\n<tr class=\"row-15 odd\">\n\t<td class=\"column-1\">Kupka<\/td><td class=\"column-2\">Nevio<\/td><td class=\"column-3\">2007<\/td><td class=\"column-4\">SV Einheit Bernburg<\/td><td class=\"column-5\"><\/td><td class=\"column-6\"><\/td><td class=\"column-7\"><\/td><td class=\"column-8\"><\/td>\n<\/tr>\n<tr class=\"row-16 even\">\n\t<td class=\"column-1\">M\u00fcller<\/td><td class=\"column-2\">Jakob<\/td><td class=\"column-3\">2007<\/td><td class=\"column-4\">SV Einheit Bernburg<\/td><td class=\"column-5\"><\/td><td class=\"column-6\"><\/td><td class=\"column-7\"><\/td><td class=\"column-8\"><\/td>\n<\/tr>\n<tr class=\"row-17 odd\">\n\t<td class=\"column-1\">M\u00fcller<\/td><td class=\"column-2\">Timon<\/td><td class=\"column-3\">2007<\/td><td class=\"column-4\">SV Einheit Bernburg<\/td><td class=\"column-5\"><\/td><td class=\"column-6\"><\/td><td class=\"column-7\"><\/td><td class=\"column-8\"><\/td>\n<\/tr>\n<tr class=\"row-18 even\">\n\t<td class=\"column-1\">Richter<\/td><td class=\"column-2\">Janne Till<\/td><td class=\"column-3\">2007<\/td><td class=\"column-4\">SV Einheit Bernburg<\/td><td class=\"column-5\"><\/td><td class=\"column-6\"><\/td><td class=\"column-7\"><\/td><td class=\"column-8\"><\/td>\n<\/tr>\n<tr class=\"row-19 odd\">\n\t<td class=\"column-1\">Schaaf<\/td><td class=\"column-2\">Dennis<\/td><td class=\"column-3\">2007<\/td><td class=\"column-4\">SV Einheit Bernburg<\/td><td class=\"column-5\"><\/td><td class=\"column-6\"><\/td><td class=\"column-7\"><\/td><td class=\"column-8\"><\/td>\n<\/tr>\n<tr class=\"row-20 even\">\n\t<td class=\"column-1\">Schoon<\/td><td class=\"column-2\">Christian<\/td><td class=\"column-3\">2007<\/td><td class=\"column-4\">SV Einheit Bernburg<\/td><td class=\"column-5\"><\/td><td class=\"column-6\"><\/td><td class=\"column-7\"><\/td><td class=\"column-8\"><\/td>\n<\/tr>\n<tr class=\"row-21 odd\">\n\t<td class=\"column-1\">Weise<\/td><td class=\"column-2\">Ian<\/td><td class=\"column-3\">2007<\/td><td class=\"column-4\">SV Mo\u00dfbach<\/td><td class=\"column-5\"><\/td><td class=\"column-6\"><\/td><td class=\"column-7\"><\/td><td class=\"column-8\"><\/td>\n<\/tr>\n<tr class=\"row-22 even\">\n\t<td class=\"column-1\"><\/td><td class=\"column-2\"><\/td><td class=\"column-3\"><\/td><td class=\"column-4\"><\/td><td class=\"column-5\"><\/td><td class=\"column-6\"><\/td><td class=\"column-7\"><\/td><td class=\"column-8\"><\/td>\n<\/tr>\n<tr class=\"row-23 odd\">\n\t<td class=\"column-1\">SV Pl\u00f6tzkau 1921<\/td><td class=\"column-2\"><\/td><td class=\"column-3\"><\/td><td class=\"column-4\"><\/td><td class=\"column-5\"><\/td><td class=\"column-6\"><\/td><td class=\"column-7\"><\/td><td class=\"column-8\"><\/td>\n<\/tr>\n<tr class=\"row-24 even\">\n\t<td class=\"column-1\">Bartel<\/td><td class=\"column-2\">Luis Leonard<\/td><td class=\"column-3\">2007<\/td><td class=\"column-4\">SV Pl\u00f6tzkau 1921<\/td><td class=\"column-5\"><\/td><td class=\"column-6\"><\/td><td class=\"column-7\"><\/td><td class=\"column-8\"><\/td>\n<\/tr>\n<tr class=\"row-25 odd\">\n\t<td class=\"column-1\">Ellermann<\/td><td class=\"column-2\">Leon Niklas<\/td><td class=\"column-3\">2007<\/td><td class=\"column-4\">SV Pl\u00f6tzkau 1921<\/td><td class=\"column-5\"><\/td><td class=\"column-6\"><\/td><td class=\"column-7\"><\/td><td class=\"column-8\"><\/td>\n<\/tr>\n<tr class=\"row-26 even\">\n\t<td class=\"column-1\">Fricke<\/td><td class=\"column-2\">Toni Haiko<\/td><td class=\"column-3\">2007<\/td><td class=\"column-4\">SV Pl\u00f6tzkau 1921<\/td><td class=\"column-5\"><\/td><td class=\"column-6\"><\/td><td class=\"column-7\"><\/td><td class=\"column-8\"><\/td>\n<\/tr>\n<tr class=\"row-27 odd\">\n\t<td class=\"column-1\">Fromme<\/td><td class=\"column-2\">Luke<\/td><td class=\"column-3\">2007<\/td><td class=\"column-4\">SV Pl\u00f6tzkau 1921<\/td><td class=\"column-5\"><\/td><td class=\"column-6\"><\/td><td class=\"column-7\"><\/td><td class=\"column-8\"><\/td>\n<\/tr>\n<tr class=\"row-28 even\">\n\t<td class=\"column-1\">Gelbke<\/td><td class=\"column-2\">Tim<\/td><td class=\"column-3\">2007<\/td><td class=\"column-4\">SV Pl\u00f6tzkau 1921<\/td><td class=\"column-5\"><\/td><td class=\"column-6\"><\/td><td class=\"column-7\"><\/td><td class=\"column-8\"><\/td>\n<\/tr>\n<tr class=\"row-29 odd\">\n\t<td class=\"column-1\">Krahl<\/td><td class=\"column-2\">Kevin<\/td><td class=\"column-3\">2006<\/td><td class=\"column-4\">SV Pl\u00f6tzkau 1921<\/td><td class=\"column-5\"><\/td><td class=\"column-6\"><\/td><td class=\"column-7\"><\/td><td class=\"column-8\"><\/td>\n<\/tr>\n<tr class=\"row-30 even\">\n\t<td class=\"column-1\">Wenzel<\/td><td class=\"column-2\">Tyler<\/td><td class=\"column-3\">2007<\/td><td class=\"column-4\">SV Pl\u00f6tzkau 1921<\/td><td class=\"column-5\"><\/td><td class=\"column-6\"><\/td><td class=\"column-7\"><\/td><td class=\"column-8\"><\/td>\n<\/tr>\n<\/tbody>\n<\/table>\n\n<p><strong>Einheit-Zug\u00e4nge:<\/strong><br \/>\nTorben Kathe, Nils Kersten, Julien Lill (alle SC Bernburg), S\u00f6ren Kaufmann (SV 09 Sta\u00dffurt), Lucas Henze (Einheit &#8211; reaktiviert), Dennis Schaaf (Einheit, war 1 Jahr GS beim SC Bernburg), Ian Weise (SV Mo\u00dfbach)<\/p>\n<p><strong>Abg\u00e4nge:<\/strong><br \/>\nJannis Ehrich, Moritz Hammermann, Benedikt Holze, Sebastian Jende, Maximilian Reinke (alle SVE Herren), Ilia Kononov (unbekannt)<\/p>\n","protected":false},"excerpt":{"rendered":"<p>NSG Einheit Bernburg\/SV Pl\u00f6tzkau Landesliga \u2013 2024\/25 &#8211; Staffel 2 Diese neuformierte\u00a0 A\u00a0 &#8211; Jugend setzt sich zusammen haupts\u00e4chlich aus den Jungs von Einheit die aus der letzten Spielserie \u00fcbrig sind, welche gemeinsam erstmals mit den Spielern des SV Pl\u00f6tzkau 1921 eine Nachwuchsspielgemeinschaft bilden. Ein neues Projekt, das es beiden Vereinen erm\u00f6glicht, immer eine spielf\u00e4hige [&hellip;]<\/p>\n","protected":false},"author":3,"featured_media":0,"parent":41963,"menu_order":0,"comment_status":"closed","ping_status":"closed","template":"","meta":{"footnotes":""},"_links":{"self":[{"href":"https:\/\/einheit-bernburg.de\/content\/index.php?rest_route=\/wp\/v2\/pages\/41983"}],"collection":[{"href":"https:\/\/einheit-bernburg.de\/content\/index.php?rest_route=\/wp\/v2\/pages"}],"about":[{"href":"https:\/\/einheit-bernburg.de\/content\/index.php?rest_route=\/wp\/v2\/types\/page"}],"author":[{"embeddable":true,"href":"https:\/\/einheit-bernburg.de\/content\/index.php?rest_route=\/wp\/v2\/users\/3"}],"replies":[{"embeddable":true,"href":"https:\/\/einheit-bernburg.de\/content\/index.php?rest_route=%2Fwp%2Fv2%2Fcomments&post=41983"}],"version-history":[{"count":1,"href":"https:\/\/einheit-bernburg.de\/content\/index.php?rest_route=\/wp\/v2\/pages\/41983\/revisions"}],"predecessor-version":[{"id":41984,"href":"https:\/\/einheit-bernburg.de\/content\/index.php?rest_route=\/wp\/v2\/pages\/41983\/revisions\/41984"}],"up":[{"embeddable":true,"href":"https:\/\/einheit-bernburg.de\/content\/index.php?rest_route=\/wp\/v2\/pages\/41963"}],"wp:attachment":[{"href":"https:\/\/einheit-bernburg.de\/content\/index.php?rest_route=%2Fwp%2Fv2%2Fmedia&parent=41983"}],"curies":[{"name":"wp","href":"https:\/\/api.w.org\/{rel}","templated":true}]}}