{"id":41996,"date":"2025-07-17T14:20:41","date_gmt":"2025-07-17T12:20:41","guid":{"rendered":"https:\/\/einheit-bernburg.de\/content\/?page_id=41996"},"modified":"2025-07-17T14:21:28","modified_gmt":"2025-07-17T12:21:28","slug":"d3-junioren-2-2-2","status":"publish","type":"page","link":"https:\/\/einheit-bernburg.de\/content\/?page_id=41996","title":{"rendered":"Archiv B2-Junioren 2024\/25"},"content":{"rendered":"<h1 class=\"aufm\">SV Einheit Bernburg II.<\/h1>\n<h3 class=\"aufm\">Kreisoberliga 2024\/25<\/h3>\n<p><strong><a href=\"https:\/\/einheit-bernburg.de\/content\/wp-content\/uploads\/2024\/10\/B2-Jun._27.10.2024.jpg\"><noscript><img decoding=\"async\" class=\"alignnone wp-image-39073 size-full\" src=\"https:\/\/einheit-bernburg.de\/content\/wp-content\/uploads\/2024\/10\/B2-Jun._27.10.2024.jpg\" alt width=\"1500\" height=\"992\" srcset=\"https:\/\/einheit-bernburg.de\/content\/wp-content\/uploads\/2024\/10\/B2-Jun._27.10.2024.jpg 1500w, https:\/\/einheit-bernburg.de\/content\/wp-content\/uploads\/2024\/10\/B2-Jun._27.10.2024-300x198.jpg 300w, https:\/\/einheit-bernburg.de\/content\/wp-content\/uploads\/2024\/10\/B2-Jun._27.10.2024-1024x677.jpg 1024w, https:\/\/einheit-bernburg.de\/content\/wp-content\/uploads\/2024\/10\/B2-Jun._27.10.2024-768x508.jpg 768w, https:\/\/einheit-bernburg.de\/content\/wp-content\/uploads\/2024\/10\/B2-Jun._27.10.2024-1080x714.jpg 1080w\" sizes=\"(max-width: 1500px) 100vw, 1500px\"><\/noscript><img decoding=\"async\" class=\"alignnone wp-image-39073 size-full lazyload\" src=\"data:image\/svg+xml,%3Csvg%20xmlns%3D%22http%3A%2F%2Fwww.w3.org%2F2000%2Fsvg%22%20viewBox%3D%220%200%201500%20992%22%3E%3C%2Fsvg%3E\" alt width=\"1500\" height=\"992\" srcset=\"data:image\/svg+xml,%3Csvg%20xmlns%3D%22http%3A%2F%2Fwww.w3.org%2F2000%2Fsvg%22%20viewBox%3D%220%200%201500%20992%22%3E%3C%2Fsvg%3E 1500w\" sizes=\"(max-width: 1500px) 100vw, 1500px\" data-srcset=\"https:\/\/einheit-bernburg.de\/content\/wp-content\/uploads\/2024\/10\/B2-Jun._27.10.2024.jpg 1500w, https:\/\/einheit-bernburg.de\/content\/wp-content\/uploads\/2024\/10\/B2-Jun._27.10.2024-300x198.jpg 300w, https:\/\/einheit-bernburg.de\/content\/wp-content\/uploads\/2024\/10\/B2-Jun._27.10.2024-1024x677.jpg 1024w, https:\/\/einheit-bernburg.de\/content\/wp-content\/uploads\/2024\/10\/B2-Jun._27.10.2024-768x508.jpg 768w, https:\/\/einheit-bernburg.de\/content\/wp-content\/uploads\/2024\/10\/B2-Jun._27.10.2024-1080x714.jpg 1080w\" data-src=\"https:\/\/einheit-bernburg.de\/content\/wp-content\/uploads\/2024\/10\/B2-Jun._27.10.2024.jpg\"><\/a><\/strong><\/p>\n<div dir=\"auto\">Hinten v.l.:<br>\nEric M\u00fcller, Luca Littig, Lenny Zabel, Arin Aziz, Jannik Demir, Yaroslav Naidenko, Luca Schwarz, Franz Hammermann<\/div>\n<div dir=\"auto\">Vorn v.l.:<br>\nSerschan Mehmedi, Gino Baake, Rawan Ismael, Senay Merhawi, Lucas Fiedler, Ahmad Fadel<\/div>\n<hr>\n<p><a class=\"submenu\" href=\"http:\/\/einheit-bernburg.de\/content\/?page_id=557\" target=\"_blank\" rel=\"noopener noreferrer\"><noscript><img decoding=\"async\" src=\"http:\/\/einheit-bernburg.de\/off\/images\/redsys\/link.gif\" alt border=\"0\"><\/noscript><img decoding=\"async\" src=\"data:image\/gif;base64,R0lGODlhAQABAIAAAAAAAP\/\/\/yH5BAEAAAAALAAAAAABAAEAAAIBRAA7\" alt border=\"0\" data-src=\"http:\/\/einheit-bernburg.de\/off\/images\/redsys\/link.gif\" class=\" lazyload\"><\/a> <a href=\"https:\/\/einheit-bernburg.de\/content\/?page_id=42006\" target=\"_blank\" rel=\"noopener\">Kader u. Zielstellung<\/a><\/p>\n<p><a class=\"submenu\" href=\"http:\/\/einheit-bernburg.de\/content\/?page_id=557\" target=\"_blank\" rel=\"noopener noreferrer\"><noscript><img decoding=\"async\" src=\"http:\/\/einheit-bernburg.de\/off\/images\/redsys\/link.gif\" alt border=\"0\"><\/noscript><img decoding=\"async\" src=\"data:image\/gif;base64,R0lGODlhAQABAIAAAAAAAP\/\/\/yH5BAEAAAAALAAAAAABAAEAAAIBRAA7\" alt border=\"0\" data-src=\"http:\/\/einheit-bernburg.de\/off\/images\/redsys\/link.gif\" class=\" lazyload\"><\/a> <a href=\"https:\/\/www.fussball.de\/spieltagsuebersicht\/kreisoberliga-b-junioren-slk-kreis-salzland-b-junioren-1kreisklasse-b-junioren-saison2425-sachsen-anhalt\/-\/staffel\/02PHG2VN4G00000AVS5489B4VVIKJMJS-G#!\/section\/matches\">Spielplan u. Tabelle<\/a><\/p>\n<p><a class=\"submenu\" href=\"http:\/\/einheit-bernburg.de\/content\/?page_id=557\" target=\"_blank\" rel=\"noopener noreferrer\"><noscript><img decoding=\"async\" src=\"http:\/\/einheit-bernburg.de\/off\/images\/redsys\/link.gif\" alt border=\"0\"><\/noscript><img decoding=\"async\" src=\"data:image\/gif;base64,R0lGODlhAQABAIAAAAAAAP\/\/\/yH5BAEAAAAALAAAAAABAAEAAAIBRAA7\" alt border=\"0\" data-src=\"http:\/\/einheit-bernburg.de\/off\/images\/redsys\/link.gif\" class=\" lazyload\"><\/a><a href=\"https:\/\/einheit-bernburg.de\/content\/wp-content\/uploads\/2024\/08\/RTP-NW-2024-2025-Final-1.pdf\"> RTP NW 2024-2025 Kreis<\/a>&nbsp;&nbsp; <a class=\"submenu\" href=\"http:\/\/www.fussball.de\/spieltagsuebersicht\/landesliga-a-jun-staffel-6-sachsen-anhalt-a-junioren-landesliga-a-junioren-saison1516-sachsen-anhalt\/-\/staffel\/01OPP4VDC8000001VV0AG813VSIPV1RQ-G#!\/section\/stage\" target=\"_blank\" rel=\"noopener noreferrer\"><noscript><img decoding=\"async\" src=\"http:\/\/einheit-bernburg.de\/off\/images\/redsys\/link.gif\" alt border=\"0\"><\/noscript><img decoding=\"async\" src=\"data:image\/gif;base64,R0lGODlhAQABAIAAAAAAAP\/\/\/yH5BAEAAAAALAAAAAABAAEAAAIBRAA7\" alt border=\"0\" data-src=\"http:\/\/einheit-bernburg.de\/off\/images\/redsys\/link.gif\" class=\" lazyload\"><\/a>&nbsp; <a href=\"https:\/\/einheit-bernburg.de\/content\/wp-content\/uploads\/2024\/12\/Finale-Ausschreibung-Herren-NW-2024-2025-SR-1.pdf\">Ausschreibung-Herren u. Nachwuchs 2024-25<\/a><\/p>\n<hr>\n<h3>Kreisoberliga<\/h3>\n<p><span style=\"text-decoration: underline;\"><strong>01.06.2025<\/strong> Ansto\u00df: <strong>11:00 Uhr<\/strong><\/span><br>\nSG Schneidlingen\/Cochstedt (9er) &#8211; SV Einheit Bernburg II.&nbsp;<strong>1:2 (1:1)<br>\n<a href=\"https:\/\/einheit-bernburg.de\/content\/wp-content\/uploads\/2025\/06\/B2-Saisonfazit.jpg\"><noscript><img decoding=\"async\" class=\"alignnone size-medium wp-image-41519\" src=\"https:\/\/einheit-bernburg.de\/content\/wp-content\/uploads\/2025\/06\/B2-Saisonfazit-300x188.jpg\" alt width=\"300\" height=\"188\" srcset=\"https:\/\/einheit-bernburg.de\/content\/wp-content\/uploads\/2025\/06\/B2-Saisonfazit-300x188.jpg 300w, https:\/\/einheit-bernburg.de\/content\/wp-content\/uploads\/2025\/06\/B2-Saisonfazit-1024x642.jpg 1024w, https:\/\/einheit-bernburg.de\/content\/wp-content\/uploads\/2025\/06\/B2-Saisonfazit-768x482.jpg 768w, https:\/\/einheit-bernburg.de\/content\/wp-content\/uploads\/2025\/06\/B2-Saisonfazit-1080x678.jpg 1080w, https:\/\/einheit-bernburg.de\/content\/wp-content\/uploads\/2025\/06\/B2-Saisonfazit.jpg 1500w\" sizes=\"(max-width: 300px) 100vw, 300px\"><\/noscript><img decoding=\"async\" class=\"alignnone size-medium wp-image-41519 lazyload\" src=\"data:image\/svg+xml,%3Csvg%20xmlns%3D%22http%3A%2F%2Fwww.w3.org%2F2000%2Fsvg%22%20viewBox%3D%220%200%20300%20188%22%3E%3C%2Fsvg%3E\" alt width=\"300\" height=\"188\" srcset=\"data:image\/svg+xml,%3Csvg%20xmlns%3D%22http%3A%2F%2Fwww.w3.org%2F2000%2Fsvg%22%20viewBox%3D%220%200%20300%20188%22%3E%3C%2Fsvg%3E 300w\" sizes=\"(max-width: 300px) 100vw, 300px\" data-srcset=\"https:\/\/einheit-bernburg.de\/content\/wp-content\/uploads\/2025\/06\/B2-Saisonfazit-300x188.jpg 300w, https:\/\/einheit-bernburg.de\/content\/wp-content\/uploads\/2025\/06\/B2-Saisonfazit-1024x642.jpg 1024w, https:\/\/einheit-bernburg.de\/content\/wp-content\/uploads\/2025\/06\/B2-Saisonfazit-768x482.jpg 768w, https:\/\/einheit-bernburg.de\/content\/wp-content\/uploads\/2025\/06\/B2-Saisonfazit-1080x678.jpg 1080w, https:\/\/einheit-bernburg.de\/content\/wp-content\/uploads\/2025\/06\/B2-Saisonfazit.jpg 1500w\" data-src=\"https:\/\/einheit-bernburg.de\/content\/wp-content\/uploads\/2025\/06\/B2-Saisonfazit-300x188.jpg\"><\/a><br>\n<\/strong><\/p>\n<div dir=\"auto\"><strong>Starke Mannschaftsleistungen am Saisonende<\/strong><\/div>\n<div dir=\"auto\">In den letzten f\u00fcnf Saisonspielen \u00fcberzeugte unser junges B2-Team mit gutem, ansehnlichen und mitrei\u00dfenden Fu\u00dfball. Drei Siege konnten eingefahren werden. Wobei man auch bei den zwei Niederlagen einen starken Entwicklungssprung bei allen Spielern erkennen konnte, der vielleicht auch durch den Abgang einiger Teammitglieder die keine &#8222;Einheiter-Jungs&#8220; mehr sein wollten, ausgel\u00f6st wurde. Nach dem Motto: &#8222;jetzt erst recht&#8220; wurde im 9er Model und ohne Unterst\u00fctzung von &#8222;oben&#8220; gek\u00e4mpft, kombiniert und gedribbelt. Einfach mit viel Mut bzw. Trotz&nbsp; Erfolge errungen. Wir Trainer fanden dies sehr erstaunlich&nbsp; und die Fans freuten sich. Gerade im letzten Saisonspiel in Cochstedt \u00fcberzeugten die Jungs. Von Luca Littig im Tor mit gehaltenen &#8222;Elfer&#8220;, \u00fcber die B\u00e4renstarken Gino und Ahmad in der Abwehr, dem alles \u00fcberragenden Rawan, bis hin zu den Teamleadern Luca Schwarz und Janik Demir &#8211; einfach Klasse. Mit einem 2:1 Ausw\u00e4rtssieg Platz 8 gesichert. Wer h\u00e4tte das gedacht. Man kann eigentlich zufrieden in die Sommerpause gehen und die neue Spielzeit mit personeller Unterst\u00fctzung duch SV 08 Baalberge II. mit neuem Elan angehen. Nat\u00fcrlich dann wieder im 11er Normal-Model.<br>\nDanke nochmal an alle Eltern und Fans f\u00fcr die Unterst\u00fctzung in der abgelaufenen Saison. Wir w\u00fcnschen allen einen sch\u00f6nen Urlaub&#8230;&#8230;<br>\n<em>Ein Spiel steht allerdings noch aus, das bei Lok Aschersleben, von dem wir noch keinen Termin haben.<\/em><\/div>\n<hr>\n<p><span style=\"text-decoration: underline;\"><strong>29.05.2025<\/strong> Ansto\u00df: <strong>11:00 Uhr<\/strong><\/span><br>\nSV Lok Aschersleben &#8211; SV Einheit Bernburg II. <strong>abgesetzt<\/strong><\/p>\n<hr>\n<p><span style=\"text-decoration: underline;\"><span style=\"color: #000000; text-decoration: underline;\"><strong>27.05.2025<\/strong><\/span> Ansto\u00df: <strong>17:30 Uhr<\/strong><\/span><br>\nSV Einheit Bernburg II. &#8211; JSG Bebitz\/Alsleben\/K\u00f6nnern\/Drohndorf <strong>5:2 (1:1)<\/strong><\/p>\n<hr>\n<p><span style=\"text-decoration: underline;\"><strong>25.05.2025<\/strong> Ansto\u00df: <strong>11:00 Uhr<\/strong><\/span><br>\nSV Einheit Bernburg II. &#8211; SV Pl\u00f6tzkau 1921 <strong>1:12 (0:5)<\/strong><\/p>\n<hr>\n<p><span style=\"text-decoration: underline;\"><strong>11.05.2025<\/strong> Ansto\u00df: <strong>11:00 Uhr<\/strong><\/span><br>\nSV Einheit Bernburg II. &#8211; FSV Wespen <strong>3:2 (1:2)<\/strong><\/p>\n<div dir=\"auto\"><strong>Starker Auftritt unserer B2<\/strong><\/div>\n<div dir=\"auto\">Mit einer sehr guten Mannschaftsleistung konnten unsere personell stark gebeutelten B2- Junioren einen 3:2 Heimsieg gegen den FSV Wespen erringen. Tapferkeit und gute Traingsleistungen in letzter Zeit machen Hoffnung auf weitere Punkte und Erfolgserlebnisse in der Liga.<br>\n<strong>Im Kader waren:<\/strong><\/div>\n<div dir=\"auto\">\n<p>Janik, Luca L.(C), Franz, Lenny, Rawan, Gino, Serdar, Ahmad, Yaroslav,&nbsp; Luca S., Erik<\/p>\n<hr>\n<\/div>\n<p><span style=\"text-decoration: underline;\"><strong>27.04.2025<\/strong> Ansto\u00df: <strong>09:30 Uhr<\/strong><\/span><br>\nSV Einheit Bernburg II. &#8211; SC Bernburg II. <strong>1:8 (0:4)<\/strong><\/p>\n<hr>\n<p><span style=\"text-decoration: underline;\"><strong>06.04.2025<\/strong> Ansto\u00df: <strong>11:00 Uhr<\/strong><\/span><br>\nSV Einheit Bernburg II. &#8211; JSG Bebitz\/Alsleben\/K\u00f6nnern\/Drohndorf <strong>abgesetzt<\/strong><\/p>\n<hr>\n<p><span style=\"text-decoration: underline;\"><strong>30.03.2025<\/strong> Ansto\u00df: <strong>09:30 Uhr<\/strong><\/span><br>\nSV Einheit Bernburg II. &#8211; SG TSG Calbe\/ Barby <strong>0:13 (0:7)<\/strong><\/p>\n<hr>\n<p><span style=\"text-decoration: underline;\"><strong>23.03.2025<\/strong> Ansto\u00df: <strong>11:00 Uhr<\/strong><\/span><br>\nSV Einheit Bernburg II. &#8211; TSV Blau-Weiss 49 Eggersdorf <strong>0:8 (0:6)<\/strong><\/p>\n<hr>\n<p><span style=\"text-decoration: underline;\"><strong>09.03.2025<\/strong> Ansto\u00df: <strong>11:00 Uhr<\/strong><\/span><br>\nSV Einheit Bernburg II. &#8211; Union 1861 Sch\u00f6nebeck <strong>0:18 (0:7)<\/strong><\/p>\n<hr>\n<h3>Hallenturniere<\/h3>\n<p><span style=\"text-decoration: underline;\"><strong>Samstag, 25.01.2025 &#8211; Hallenturnier des TuS Bebitz 1927<\/strong><\/span><br>\nBeginn: <strong>15:00 Uhr<\/strong>&nbsp; Anreise: 14:15 Uhr<br>\nSpielort: Turnhalle K\u00f6nnern, Rudolf &#8211; Breidscheid &#8211; Platz 16, 06420 K\u00f6nnern<\/p>\n<p><strong>Informationen zum Ausgang des Turniers &#8211; <span style=\"color: #ff0000;\">Fehlanzeige<\/span>! \ud83d\ude25&nbsp;<\/strong><\/p>\n<hr>\n<h3>Hallenkreismeisterschaft 2024\/25<\/h3>\n<p><a href=\"https:\/\/einheit-bernburg.de\/content\/wp-content\/uploads\/2024\/11\/Ausschreibung-HKM-2024-25-B-Junioren.pdf\">Ausschreibung HKM 2024-25 B Junioren<\/a><\/p>\n<p><span style=\"text-decoration: underline;\"><strong>HKM-Vorrunde der B2-Junioren:<\/strong><\/span><br>\nSamstag,<strong> 14.12.2024<\/strong> Beginn: <strong>13:00<\/strong> <strong>Uhr<\/strong> \u2013 WEMA-Sporthalle Aschersleben<\/p>\n<p><strong>Endstand Staffel A:<\/strong><br>\n<strong>1.<\/strong>SG Calbe\/Barby, <strong>2.<\/strong>SV 09 Sta\u00dffurt, <strong>3.<\/strong>SG Baalberge\/Neuborna,<br>\n<strong>4.<\/strong>SV Einheit Bernburg II, <strong>5.<\/strong>SG Bebitz\/K\u00f6nnern\/Alsleben\/Drohndorf-Mehringen<br>\n<em><br>\nDie Pl\u00e4tze 1 , 2 u. 3 haben sich f\u00fcr die Endrunde qualifiziert.<br>\n<a href=\"https:\/\/www.fussball.de\/spieltagsuebersicht\/hallenturnier-kreis-salzland-b-junioren-hallen-kreisturnier-b-junioren-saison2425-sachsen-anhalt\/-\/staffel\/02PSA7Q2ES000000VS5489B2VSE05932-C#!\/\">(Alle Spiele &#8211; Staffeln \/ Tabellen)<\/a><\/em><\/p>\n<hr>\n<h3>Kreisoberliga<\/h3>\n<p><span style=\"text-decoration: underline;\"><strong>01.12.2024<\/strong> Ansto\u00df: <strong>11:00 Uhr<\/strong><\/span><br>\nSV Einheit Bernburg &#8211; SG Baalberge <strong>0:10 (0:4)<\/strong><\/p>\n<hr>\n<p><span style=\"text-decoration: underline;\"><strong>10.11.2024<\/strong> Ansto\u00df: <strong>11:00 Uhr<\/strong><\/span><br>\nSV Einheit Bernburg &#8211; SG Schneidlingen\/Cochstedt (9er) <strong>3:1 (2:0)<\/strong><\/p>\n<hr>\n<p><span style=\"text-decoration: underline;\"><strong>01.11.2024<\/strong> Ansto\u00df: <strong>18:30 Uhr<\/strong><\/span><br>\nSV Pl\u00f6tzkau 1921 \u2013 SV Einheit Bernburg <strong>11:0 (6:0)<\/strong><\/p>\n<hr>\n<p><span style=\"text-decoration: underline;\"><strong>27.10.2024<\/strong> Ansto\u00df: <strong>11:00 Uhr<\/strong><\/span><br>\nSV Einheit Bernburg &#8211; SV Lok Aschersleben <strong>0:5 (0:1)<br>\n<\/strong><\/p>\n<div dir=\"auto\"><strong>Klare Heimniederlage&nbsp;<\/strong><\/div>\n<div dir=\"auto\">Mit 0:5 Toren in einem fairen Fu\u00dfballspiel unterlagen unsere B2-Jungs 2 bis 3 Tore zu hoch gegen die Gastmannschaft aus Aschersleben. Deutliche Verbesserungen einiger Spieler und gute Ans\u00e4tze waren zu sehen. Darauf kann aufgebaut werden.<\/div>\n<div dir=\"auto\"><\/div>\n<div dir=\"auto\"><strong>Kader:<\/strong> Janik (Tw), Franz,&nbsp; Lenny,&nbsp; Arin,&nbsp; Luca S.,&nbsp; Rawan,&nbsp; Gino,&nbsp; Senay,&nbsp; Lukas, Luca L.(C) Jakob, Serschan, Ahmad und Erik<\/div>\n<hr>\n<p><span style=\"text-decoration: underline;\"><strong>19.10.2024<\/strong> Ansto\u00df: <strong>11:00 Uhr<\/strong><\/span><br>\nFSV Wespen &#8211; SV Einheit Bernburg <strong>4:0 (4:0)<\/strong><\/p>\n<hr>\n<p><span style=\"text-decoration: underline;\"><strong>12.10.2024<\/strong> Ansto\u00df: <strong>10:30 Uhr<\/strong><\/span><br>\nSV Einheit Bernburg &#8211; SC Bernburg <strong>1:4 (0:4)<\/strong><\/p>\n<hr>\n<p><span style=\"text-decoration: underline;\"><strong>28.09.2024<\/strong> Ansto\u00df: <strong>10:30 Uhr <\/strong>&#8211; Sportplatz Alsleben<\/span><br>\nJSG Bebitz\/Alsleben\/K\u00f6nnern\/Drohndorf &#8211; SV Einheit Bernburg <strong>0:8 (0:4)<br>\n<\/strong><strong><a href=\"https:\/\/einheit-bernburg.de\/content\/wp-content\/uploads\/2024\/09\/B2-2.jpg\"><noscript><img decoding=\"async\" class=\"alignnone size-medium wp-image-38669\" src=\"https:\/\/einheit-bernburg.de\/content\/wp-content\/uploads\/2024\/09\/B2-2-300x200.jpg\" alt width=\"300\" height=\"200\" srcset=\"https:\/\/einheit-bernburg.de\/content\/wp-content\/uploads\/2024\/09\/B2-2-300x200.jpg 300w, https:\/\/einheit-bernburg.de\/content\/wp-content\/uploads\/2024\/09\/B2-2-1024x683.jpg 1024w, https:\/\/einheit-bernburg.de\/content\/wp-content\/uploads\/2024\/09\/B2-2-768x512.jpg 768w, https:\/\/einheit-bernburg.de\/content\/wp-content\/uploads\/2024\/09\/B2-2-1080x720.jpg 1080w, https:\/\/einheit-bernburg.de\/content\/wp-content\/uploads\/2024\/09\/B2-2.jpg 1500w\" sizes=\"(max-width: 300px) 100vw, 300px\"><\/noscript><img decoding=\"async\" class=\"alignnone size-medium wp-image-38669 lazyload\" src=\"data:image\/svg+xml,%3Csvg%20xmlns%3D%22http%3A%2F%2Fwww.w3.org%2F2000%2Fsvg%22%20viewBox%3D%220%200%20300%20200%22%3E%3C%2Fsvg%3E\" alt width=\"300\" height=\"200\" srcset=\"data:image\/svg+xml,%3Csvg%20xmlns%3D%22http%3A%2F%2Fwww.w3.org%2F2000%2Fsvg%22%20viewBox%3D%220%200%20300%20200%22%3E%3C%2Fsvg%3E 300w\" sizes=\"(max-width: 300px) 100vw, 300px\" data-srcset=\"https:\/\/einheit-bernburg.de\/content\/wp-content\/uploads\/2024\/09\/B2-2-300x200.jpg 300w, https:\/\/einheit-bernburg.de\/content\/wp-content\/uploads\/2024\/09\/B2-2-1024x683.jpg 1024w, https:\/\/einheit-bernburg.de\/content\/wp-content\/uploads\/2024\/09\/B2-2-768x512.jpg 768w, https:\/\/einheit-bernburg.de\/content\/wp-content\/uploads\/2024\/09\/B2-2-1080x720.jpg 1080w, https:\/\/einheit-bernburg.de\/content\/wp-content\/uploads\/2024\/09\/B2-2.jpg 1500w\" data-src=\"https:\/\/einheit-bernburg.de\/content\/wp-content\/uploads\/2024\/09\/B2-2-300x200.jpg\"> <\/a><a href=\"https:\/\/einheit-bernburg.de\/content\/wp-content\/uploads\/2024\/09\/B2-5.jpg\"><noscript><img decoding=\"async\" class=\"alignnone size-medium wp-image-38673\" src=\"https:\/\/einheit-bernburg.de\/content\/wp-content\/uploads\/2024\/09\/B2-5-300x200.jpg\" alt width=\"300\" height=\"200\" srcset=\"https:\/\/einheit-bernburg.de\/content\/wp-content\/uploads\/2024\/09\/B2-5-300x200.jpg 300w, https:\/\/einheit-bernburg.de\/content\/wp-content\/uploads\/2024\/09\/B2-5-1024x683.jpg 1024w, https:\/\/einheit-bernburg.de\/content\/wp-content\/uploads\/2024\/09\/B2-5-768x512.jpg 768w, https:\/\/einheit-bernburg.de\/content\/wp-content\/uploads\/2024\/09\/B2-5-1080x720.jpg 1080w, https:\/\/einheit-bernburg.de\/content\/wp-content\/uploads\/2024\/09\/B2-5.jpg 1500w\" sizes=\"(max-width: 300px) 100vw, 300px\"><\/noscript><img decoding=\"async\" class=\"alignnone size-medium wp-image-38673 lazyload\" src=\"data:image\/svg+xml,%3Csvg%20xmlns%3D%22http%3A%2F%2Fwww.w3.org%2F2000%2Fsvg%22%20viewBox%3D%220%200%20300%20200%22%3E%3C%2Fsvg%3E\" alt width=\"300\" height=\"200\" srcset=\"data:image\/svg+xml,%3Csvg%20xmlns%3D%22http%3A%2F%2Fwww.w3.org%2F2000%2Fsvg%22%20viewBox%3D%220%200%20300%20200%22%3E%3C%2Fsvg%3E 300w\" sizes=\"(max-width: 300px) 100vw, 300px\" data-srcset=\"https:\/\/einheit-bernburg.de\/content\/wp-content\/uploads\/2024\/09\/B2-5-300x200.jpg 300w, https:\/\/einheit-bernburg.de\/content\/wp-content\/uploads\/2024\/09\/B2-5-1024x683.jpg 1024w, https:\/\/einheit-bernburg.de\/content\/wp-content\/uploads\/2024\/09\/B2-5-768x512.jpg 768w, https:\/\/einheit-bernburg.de\/content\/wp-content\/uploads\/2024\/09\/B2-5-1080x720.jpg 1080w, https:\/\/einheit-bernburg.de\/content\/wp-content\/uploads\/2024\/09\/B2-5.jpg 1500w\" data-src=\"https:\/\/einheit-bernburg.de\/content\/wp-content\/uploads\/2024\/09\/B2-5-300x200.jpg\"><\/a><\/strong><\/p>\n<p><strong>Erster Saisonsieg f\u00fcr die B2.<\/strong><br>\nAllerdings konnte dieser nur so gelingen, durch die freundliche Unterst\u00fctzung einiger Jungs aus B1 des Vereins (Landesliga). Die war spielfrei und so konnten die Hammermann-Sch\u00fctzlinge davon profitieren. So soll es auch sein. Dazu hat man auch u. a. zwei Mannschaften im Verein &#8211; so holt man sich zus\u00e4tzliche Spielpraxis und die 2.Mannschaft bekam ihr Erfolgserlebnis. Die Tore f\u00fcr unsere Farben erzielten Denis Connor Hein (2), Damiano Zavatta (2), Eric M\u00fcller (2), Luca Schwarz und Rocco Scheffler (je 1).<\/p>\n<p><em>Einige Spielszenen<\/em><br>\n<a href=\"https:\/\/einheit-bernburg.de\/content\/wp-content\/uploads\/2024\/09\/B2-1.jpg\"><noscript><img decoding=\"async\" class=\"alignnone wp-image-38674 size-thumbnail\" src=\"https:\/\/einheit-bernburg.de\/content\/wp-content\/uploads\/2024\/09\/B2-1-150x150.jpg\" alt width=\"150\" height=\"150\"><\/noscript><img decoding=\"async\" class=\"alignnone wp-image-38674 size-thumbnail lazyload\" src=\"data:image\/svg+xml,%3Csvg%20xmlns%3D%22http%3A%2F%2Fwww.w3.org%2F2000%2Fsvg%22%20viewBox%3D%220%200%20150%20150%22%3E%3C%2Fsvg%3E\" alt width=\"150\" height=\"150\" data-src=\"https:\/\/einheit-bernburg.de\/content\/wp-content\/uploads\/2024\/09\/B2-1-150x150.jpg\"><\/a> <a href=\"https:\/\/einheit-bernburg.de\/content\/wp-content\/uploads\/2024\/09\/B2-3.jpg\"><noscript><img decoding=\"async\" class=\"alignnone wp-image-38671 size-medium\" src=\"https:\/\/einheit-bernburg.de\/content\/wp-content\/uploads\/2024\/09\/B2-3-300x200.jpg\" alt width=\"300\" height=\"200\" srcset=\"https:\/\/einheit-bernburg.de\/content\/wp-content\/uploads\/2024\/09\/B2-3-300x200.jpg 300w, https:\/\/einheit-bernburg.de\/content\/wp-content\/uploads\/2024\/09\/B2-3-1024x683.jpg 1024w, https:\/\/einheit-bernburg.de\/content\/wp-content\/uploads\/2024\/09\/B2-3-768x512.jpg 768w, https:\/\/einheit-bernburg.de\/content\/wp-content\/uploads\/2024\/09\/B2-3-1080x720.jpg 1080w, https:\/\/einheit-bernburg.de\/content\/wp-content\/uploads\/2024\/09\/B2-3.jpg 1500w\" sizes=\"(max-width: 300px) 100vw, 300px\"><\/noscript><img decoding=\"async\" class=\"alignnone wp-image-38671 size-medium lazyload\" src=\"data:image\/svg+xml,%3Csvg%20xmlns%3D%22http%3A%2F%2Fwww.w3.org%2F2000%2Fsvg%22%20viewBox%3D%220%200%20300%20200%22%3E%3C%2Fsvg%3E\" alt width=\"300\" height=\"200\" srcset=\"data:image\/svg+xml,%3Csvg%20xmlns%3D%22http%3A%2F%2Fwww.w3.org%2F2000%2Fsvg%22%20viewBox%3D%220%200%20300%20200%22%3E%3C%2Fsvg%3E 300w\" sizes=\"(max-width: 300px) 100vw, 300px\" data-srcset=\"https:\/\/einheit-bernburg.de\/content\/wp-content\/uploads\/2024\/09\/B2-3-300x200.jpg 300w, https:\/\/einheit-bernburg.de\/content\/wp-content\/uploads\/2024\/09\/B2-3-1024x683.jpg 1024w, https:\/\/einheit-bernburg.de\/content\/wp-content\/uploads\/2024\/09\/B2-3-768x512.jpg 768w, https:\/\/einheit-bernburg.de\/content\/wp-content\/uploads\/2024\/09\/B2-3-1080x720.jpg 1080w, https:\/\/einheit-bernburg.de\/content\/wp-content\/uploads\/2024\/09\/B2-3.jpg 1500w\" data-src=\"https:\/\/einheit-bernburg.de\/content\/wp-content\/uploads\/2024\/09\/B2-3-300x200.jpg\"><\/a><a href=\"https:\/\/einheit-bernburg.de\/content\/wp-content\/uploads\/2024\/09\/B2-4.jpg\"> <noscript><img decoding=\"async\" class=\"alignnone wp-image-38672 size-thumbnail\" src=\"https:\/\/einheit-bernburg.de\/content\/wp-content\/uploads\/2024\/09\/B2-4-150x150.jpg\" alt width=\"150\" height=\"150\"><\/noscript><img decoding=\"async\" class=\"alignnone wp-image-38672 size-thumbnail lazyload\" src=\"data:image\/svg+xml,%3Csvg%20xmlns%3D%22http%3A%2F%2Fwww.w3.org%2F2000%2Fsvg%22%20viewBox%3D%220%200%20150%20150%22%3E%3C%2Fsvg%3E\" alt width=\"150\" height=\"150\" data-src=\"https:\/\/einheit-bernburg.de\/content\/wp-content\/uploads\/2024\/09\/B2-4-150x150.jpg\"> <\/a><\/p>\n<hr>\n<p><span style=\"text-decoration: underline;\"><strong>15.09.2024<\/strong> Ansto\u00df: <strong>10:30 Uhr<\/strong><\/span><br>\nSG TSG Calbe\/ Barby &#8211; SV Einheit Bernburg <strong>12:0 (9:0)<\/strong><\/p>\n<hr>\n<p><span style=\"text-decoration: underline;\"><strong>07.09.2024<\/strong> Ansto\u00df: <strong>11:00 Uhr<\/strong><\/span><br>\nTSV Blau-Weiss 49 Eggersdorf &#8211; SV Einheit Bernburg <strong>9:0 (6:0)<\/strong><\/p>\n<hr>\n<p><span style=\"text-decoration: underline;\"><strong>01.09.2024<\/strong> Ansto\u00df: <strong>11:00 Uhr<\/strong><\/span><br>\nUnion 1861 Sch\u00f6nebeck &#8211; SV Einheit Bernburg <strong>17:0 (8:0)<\/strong><\/p>\n<hr>\n<p><strong>25.08.2024<\/strong> &#8211; Einheit II. spielfrei<\/p>\n<hr>\n<p><span style=\"text-decoration: underline;\"><strong>18.08.2024<\/strong> Ansto\u00df: <strong>11:00 Uhr<\/strong><\/span><br>\nSG Baalberge &#8211; SV Einheit Bernburg II <strong>11:1 (5:1)<\/strong><\/p>\n<hr>\n<p>&nbsp;<\/p>\n","protected":false},"excerpt":{"rendered":"<p>SV Einheit Bernburg II. Kreisoberliga 2024\/25 Hinten v.l.: Eric M\u00fcller, Luca Littig, Lenny Zabel, Arin Aziz, Jannik Demir, Yaroslav Naidenko, Luca Schwarz, Franz Hammermann Vorn v.l.: Serschan Mehmedi, Gino Baake, Rawan Ismael, Senay Merhawi, Lucas Fiedler, Ahmad Fadel Kader u. Zielstellung Spielplan u. Tabelle RTP NW 2024-2025 Kreis&nbsp;&nbsp; &nbsp; Ausschreibung-Herren u. Nachwuchs 2024-25 Kreisoberliga 01.06.2025 [&hellip;]<\/p>\n","protected":false},"author":3,"featured_media":0,"parent":41860,"menu_order":5,"comment_status":"closed","ping_status":"closed","template":"","meta":{"footnotes":""},"_links":{"self":[{"href":"https:\/\/einheit-bernburg.de\/content\/index.php?rest_route=\/wp\/v2\/pages\/41996"}],"collection":[{"href":"https:\/\/einheit-bernburg.de\/content\/index.php?rest_route=\/wp\/v2\/pages"}],"about":[{"href":"https:\/\/einheit-bernburg.de\/content\/index.php?rest_route=\/wp\/v2\/types\/page"}],"author":[{"embeddable":true,"href":"https:\/\/einheit-bernburg.de\/content\/index.php?rest_route=\/wp\/v2\/users\/3"}],"replies":[{"embeddable":true,"href":"https:\/\/einheit-bernburg.de\/content\/index.php?rest_route=%2Fwp%2Fv2%2Fcomments&post=41996"}],"version-history":[{"count":2,"href":"https:\/\/einheit-bernburg.de\/content\/index.php?rest_route=\/wp\/v2\/pages\/41996\/revisions"}],"predecessor-version":[{"id":42009,"href":"https:\/\/einheit-bernburg.de\/content\/index.php?rest_route=\/wp\/v2\/pages\/41996\/revisions\/42009"}],"up":[{"embeddable":true,"href":"https:\/\/einheit-bernburg.de\/content\/index.php?rest_route=\/wp\/v2\/pages\/41860"}],"wp:attachment":[{"href":"https:\/\/einheit-bernburg.de\/content\/index.php?rest_route=%2Fwp%2Fv2%2Fmedia&parent=41996"}],"curies":[{"name":"wp","href":"https:\/\/api.w.org\/{rel}","templated":true}]}}