{"id":42214,"date":"2025-08-05T13:48:17","date_gmt":"2025-08-05T11:48:17","guid":{"rendered":"https:\/\/einheit-bernburg.de\/content\/?page_id=42214"},"modified":"2025-08-05T13:48:17","modified_gmt":"2025-08-05T11:48:17","slug":"kader-u-zielstellung-e2-junioren","status":"publish","type":"page","link":"https:\/\/einheit-bernburg.de\/content\/?page_id=42214","title":{"rendered":"Archiv Kader u. Zielstellung D-Junioren 2024\/25"},"content":{"rendered":"<h1 class=\"aufm\">SV Einheit Bernburg<\/h1>\n<h3>1.Kreisklasse St. 1 \u2013 2024\/25<\/h3>\n<p>Die Mannschaft bleibt, wie schon in den letzten Jahren kaderm\u00e4\u00dfig weitestgehend zusammen Ist aber nun eine Jahrgangsmannschaft bestehend aus \u00e4lteren D &#8211; Spielern. Nach einem schwierigen ersten Jahr in dieser Altersklasse, in dem das Team erst in den letzten Wochen sein wahres Leistungsverm\u00f6gen zeigte, soll in dieser Saison diese Steigerung fortgesetzt werden. Allerdings mussten auch zwei Spieler altersm\u00e4\u00dfig hoch in die C &#8211; Junioren und einer wechselte zum SC Bernburg in die Landesliga.<br \/>\nWir w\u00fcnschen dem gesamten Team\u00a0 viel Erfolg! <strong>Neuer Text folgt in K\u00fcrze!<\/strong><\/p>\n<hr \/>\n<div class=\"su-table su-table-alternate\">\n<table style=\"width: 54.8861%\">\n<tbody>\n<tr>\n<td style=\"width: 24.8466%\"><strong>Ansprechpartner<\/strong><\/td>\n<td style=\"width: 73.9264%\">Lothar Kral (Jugendleiter)<br \/>\nTel.: 03471 \/ 311868\u00a0\u00a0 Mobil: 0162 \/ 435 66 23<\/td>\n<\/tr>\n<tr>\n<td style=\"width: 24.8466%\"><strong>Trainingszeit<\/strong><\/td>\n<td style=\"width: 73.9264%\">Mo u. Mi 16:30 Uhr &#8211; 18:00 Uhr Einheit &#8211; Sportplatz<\/td>\n<\/tr>\n<tr>\n<td style=\"width: 24.8466%\"><strong>\u00a0<\/strong><\/td>\n<td style=\"width: 73.9264%\"><strong>Winter<\/strong><\/td>\n<\/tr>\n<tr>\n<td style=\"width: 24.8466%\"><strong>Hallentraining<br \/>\n<\/strong><\/td>\n<td style=\"width: 73.9264%\">Montag 16:00 Uhr &#8211; 17:30 Uhr Sporthalle T\u00f6pferwiese<br \/>\n04.11.2024 &#8211; 10.03.2025<\/td>\n<\/tr>\n<tr>\n<td style=\"width: 24.8466%\"><strong>Kunstrasen<br \/>\n<\/strong><\/td>\n<td style=\"width: 73.9264%\">Mittwoch 16:30 Uhr &#8211; 18:00 Uhr<\/td>\n<\/tr>\n<tr>\n<td style=\"width: 24.8466%\"><strong>Trainer<\/strong><\/td>\n<td style=\"width: 73.9264%\">Raik M\u00fcller\u00a0\u00a0\u00a0\u00a0\u00a0\u00a0\u00a0\u00a0\u00a0\u00a0\u00a0\u00a0\u00a0\u00a0\u00a0\u00a0 Mobil: 0176 &#8211; 960 108 33<\/td>\n<\/tr>\n<tr>\n<td style=\"width: 24.8466%\"><strong>Co &#8211; Trainer<\/strong><\/td>\n<td style=\"width: 73.9264%\"><span style=\"color: #333333\"><a class=\"commLink\" style=\"color: #333333\" title=\"0151-701 927 30\" data-atip=\"commlink::mobile||C|A\" data-commdata=\"{&quot;type&quot;:&quot;mobile&quot;,&quot;number&quot;:&quot;004915170192730&quot;}\" data-l_mouse_cl=\"ServiceCommunication::handleCommLinkClick\"><span lang=\"EN-US\">Torsten Schreier \u00a0\u00a0\u00a0\u00a0\u00a0\u00a0 Mobil: 0151 &#8211; 651 265 82<\/span>\u00a0<\/a><\/span><\/td>\n<\/tr>\n<tr>\n<td style=\"width: 24.8466%\"><strong>Co &#8211; Trainer<br \/>\n<\/strong><\/td>\n<td style=\"width: 73.9264%\"><span lang=\"EN-US\" style=\"color: #333333\">Andreas Pfau \u00a0\u00a0\u00a0\u00a0\u00a0\u00a0\u00a0\u00a0\u00a0\u00a0\u00a0\u00a0 Mobil: <a class=\"commLink\" style=\"color: #333333\" title=\"0160 - 529 91 89\" data-atip=\"commlink::mobile||C|A\" data-commdata=\"{&quot;type&quot;:&quot;mobile&quot;,&quot;number&quot;:&quot;00491605299189&quot;}\" data-l_mouse_cl=\"ServiceCommunication::handleCommLinkClick\">0160 &#8211; 529 91 89 <\/a><\/span><\/td>\n<\/tr>\n<tr>\n<td style=\"width: 24.8466%\"><strong>Zielstellung<\/strong><\/td>\n<td style=\"width: 73.9264%\">Die Mannschaft einfach nur weiter entwickeln u. als j\u00fcngerer Jahrgang in der D-Jugend Tritt fasseen.<\/td>\n<\/tr>\n<\/tbody>\n<\/table>\n<\/div>\n<hr \/>\n<h3>Kader<\/h3>\n\n<table id=\"tablepress-133\" class=\"tablepress tablepress-id-133\">\n<thead>\n<tr class=\"row-1 odd\">\n\t<th class=\"column-1\">Atallah<\/th><th class=\"column-2\">Read<\/th><th class=\"column-3\">2013<\/th><th class=\"column-4\">SV Einheit<\/th>\n<\/tr>\n<\/thead>\n<tbody>\n<tr class=\"row-2 even\">\n\t<td class=\"column-1\">Bachmann<\/td><td class=\"column-2\">Tim<\/td><td class=\"column-3\">2013<\/td><td class=\"column-4\">SV Einheit<\/td>\n<\/tr>\n<tr class=\"row-3 odd\">\n\t<td class=\"column-1\">Bahn<\/td><td class=\"column-2\">Jeremy<\/td><td class=\"column-3\">2013<\/td><td class=\"column-4\">SV Einheit<\/td>\n<\/tr>\n<tr class=\"row-4 even\">\n\t<td class=\"column-1\">Br\u00fcning<\/td><td class=\"column-2\">Jonas<\/td><td class=\"column-3\">2013<\/td><td class=\"column-4\">SV Einheit<\/td>\n<\/tr>\n<tr class=\"row-5 odd\">\n\t<td class=\"column-1\">Dasoky<\/td><td class=\"column-2\">Ghith<\/td><td class=\"column-3\">2013<\/td><td class=\"column-4\">SV Einheit SYR<\/td>\n<\/tr>\n<tr class=\"row-6 even\">\n\t<td class=\"column-1\">Falke <\/td><td class=\"column-2\">Dean<\/td><td class=\"column-3\">2013<\/td><td class=\"column-4\">SV Einheit<\/td>\n<\/tr>\n<tr class=\"row-7 odd\">\n\t<td class=\"column-1\">Filmon<\/td><td class=\"column-2\">Riebson<\/td><td class=\"column-3\">2013<\/td><td class=\"column-4\">SV Einheit ER<\/td>\n<\/tr>\n<tr class=\"row-8 even\">\n\t<td class=\"column-1\">Grauenhorst<\/td><td class=\"column-2\">Oscar<\/td><td class=\"column-3\">2013<\/td><td class=\"column-4\">SV Einheit<\/td>\n<\/tr>\n<tr class=\"row-9 odd\">\n\t<td class=\"column-1\">Gul Shahi<\/td><td class=\"column-2\">Mohammad Yousyf<\/td><td class=\"column-3\">2013<\/td><td class=\"column-4\">SC Bernburg AFG<\/td>\n<\/tr>\n<tr class=\"row-10 even\">\n\t<td class=\"column-1\">Hankel<\/td><td class=\"column-2\">Aaliyah Shaleen<\/td><td class=\"column-3\">2012<\/td><td class=\"column-4\">SV Einheit<\/td>\n<\/tr>\n<tr class=\"row-11 odd\">\n\t<td class=\"column-1\">Hartenstein<\/td><td class=\"column-2\">Lukas<\/td><td class=\"column-3\">2012<\/td><td class=\"column-4\">SV Einheit<\/td>\n<\/tr>\n<tr class=\"row-12 even\">\n\t<td class=\"column-1\">Kirchhof<\/td><td class=\"column-2\">Theo<\/td><td class=\"column-3\">2013<\/td><td class=\"column-4\">SV Einheit<\/td>\n<\/tr>\n<tr class=\"row-13 odd\">\n\t<td class=\"column-1\">Krause<\/td><td class=\"column-2\">Yannik Elias<\/td><td class=\"column-3\">2013<\/td><td class=\"column-4\">SV Einheit<\/td>\n<\/tr>\n<tr class=\"row-14 even\">\n\t<td class=\"column-1\">Maa\u00df<\/td><td class=\"column-2\">Bastian<\/td><td class=\"column-3\">2013<\/td><td class=\"column-4\">SV Einheit<\/td>\n<\/tr>\n<tr class=\"row-15 odd\">\n\t<td class=\"column-1\">Muradi<\/td><td class=\"column-2\">Abdullah<\/td><td class=\"column-3\">2013<\/td><td class=\"column-4\">SV Einheit<\/td>\n<\/tr>\n<tr class=\"row-16 even\">\n\t<td class=\"column-1\">Osman<\/td><td class=\"column-2\">Mohamad<\/td><td class=\"column-3\">2012<\/td><td class=\"column-4\">SV Einheit<\/td>\n<\/tr>\n<tr class=\"row-17 odd\">\n\t<td class=\"column-1\">Pfau<\/td><td class=\"column-2\">Moritz<\/td><td class=\"column-3\">2013<\/td><td class=\"column-4\">SV Einheit<\/td>\n<\/tr>\n<tr class=\"row-18 even\">\n\t<td class=\"column-1\">Plikhtiak<\/td><td class=\"column-2\">Ostap<\/td><td class=\"column-3\">2012<\/td><td class=\"column-4\">SV Einheit<\/td>\n<\/tr>\n<tr class=\"row-19 odd\">\n\t<td class=\"column-1\">Sch\u00f6nberner<\/td><td class=\"column-2\">Lucas<\/td><td class=\"column-3\">2013<\/td><td class=\"column-4\">SV Einheit<\/td>\n<\/tr>\n<tr class=\"row-20 even\">\n\t<td class=\"column-1\">Schreier<\/td><td class=\"column-2\">Timon<\/td><td class=\"column-3\">2013<\/td><td class=\"column-4\">SV Einheit<\/td>\n<\/tr>\n<tr class=\"row-21 odd\">\n\t<td class=\"column-1\">Wenzel<\/td><td class=\"column-2\">Valentin<\/td><td class=\"column-3\">2013<\/td><td class=\"column-4\">SV Einheit<\/td>\n<\/tr>\n<\/tbody>\n<\/table>\n\n","protected":false},"excerpt":{"rendered":"<p>SV Einheit Bernburg 1.Kreisklasse St. 1 \u2013 2024\/25 Die Mannschaft bleibt, wie schon in den letzten Jahren kaderm\u00e4\u00dfig weitestgehend zusammen Ist aber nun eine Jahrgangsmannschaft bestehend aus \u00e4lteren D &#8211; Spielern. Nach einem schwierigen ersten Jahr in dieser Altersklasse, in dem das Team erst in den letzten Wochen sein wahres Leistungsverm\u00f6gen zeigte, soll in dieser [&hellip;]<\/p>\n","protected":false},"author":3,"featured_media":0,"parent":42207,"menu_order":0,"comment_status":"closed","ping_status":"closed","template":"","meta":{"footnotes":""},"_links":{"self":[{"href":"https:\/\/einheit-bernburg.de\/content\/index.php?rest_route=\/wp\/v2\/pages\/42214"}],"collection":[{"href":"https:\/\/einheit-bernburg.de\/content\/index.php?rest_route=\/wp\/v2\/pages"}],"about":[{"href":"https:\/\/einheit-bernburg.de\/content\/index.php?rest_route=\/wp\/v2\/types\/page"}],"author":[{"embeddable":true,"href":"https:\/\/einheit-bernburg.de\/content\/index.php?rest_route=\/wp\/v2\/users\/3"}],"replies":[{"embeddable":true,"href":"https:\/\/einheit-bernburg.de\/content\/index.php?rest_route=%2Fwp%2Fv2%2Fcomments&post=42214"}],"version-history":[{"count":1,"href":"https:\/\/einheit-bernburg.de\/content\/index.php?rest_route=\/wp\/v2\/pages\/42214\/revisions"}],"predecessor-version":[{"id":42216,"href":"https:\/\/einheit-bernburg.de\/content\/index.php?rest_route=\/wp\/v2\/pages\/42214\/revisions\/42216"}],"up":[{"embeddable":true,"href":"https:\/\/einheit-bernburg.de\/content\/index.php?rest_route=\/wp\/v2\/pages\/42207"}],"wp:attachment":[{"href":"https:\/\/einheit-bernburg.de\/content\/index.php?rest_route=%2Fwp%2Fv2%2Fmedia&parent=42214"}],"curies":[{"name":"wp","href":"https:\/\/api.w.org\/{rel}","templated":true}]}}