{"id":42238,"date":"2025-08-05T13:55:09","date_gmt":"2025-08-05T11:55:09","guid":{"rendered":"https:\/\/einheit-bernburg.de\/content\/?page_id=42238"},"modified":"2025-08-05T13:55:09","modified_gmt":"2025-08-05T11:55:09","slug":"kader-u-zielstellung-g-junioren-sv-einheit-bernburg","status":"publish","type":"page","link":"https:\/\/einheit-bernburg.de\/content\/?page_id=42238","title":{"rendered":"Archiv Kader u. Zielstellung E1 \u2013 Junioren 2024\/25"},"content":{"rendered":"<h1 class=\"aufm\">SV Einheit Bernburg I.<\/h1>\n<h3 class=\"aufm\">1.Kreisklasse &#8211; Staffel 4 &#8211; Meisterrunde<\/h3>\n<p>Die E1 der Saison 2024\/25 ist fast identisch mit der E2 der vergangenen Saison und damit ein gewachsenes Kollekiv, das sich auzeichnet durch absolute Zuverl\u00e4ssigkeit, Trainingsflei\u00df und Zielstrebigkeit. Diese Mannschaft w\u00e4chst schon seit dem Bambini-Alter und entsprechend kann man dies auch dem derzeitigen Entwicklungsstand entnehmen. Aus dem Vorjahrskader verst\u00e4rken Max Pega und Alexander Ru\u00df (beide Pei\u00dfen) und Taras Melnychuk die E2, um auch gleichzeitig auf mehr Spielpraxis zu kommen. Aber auch zum Kader der E1 gibt es schon wieder Neuanmeldungen und das zeugt davon, dass die gute Arbeit im E &#8211; u. F &#8211; Junioren Bereich des SV Einheit bzw. mit unserem Spielgemeinschaftspartner Eintracht Blau-Gelb Pei\u00dfen auch nach au\u00dfen hin nicht verborgen bleibt.<br \/>\nMit verantwortlich ist auch hier die kontinuierliche und nachhaltige Trainingsarbeit um das Funktionsteam Lothar Kral, Mathias Leidel, Dirk Seewald und G\u00fcnter Ernst.<br \/>\n<strong>Wir w\u00fcnschen den Trainern mit ihrem Kollektiv eine erfolgreiche Saison.<\/strong><\/p>\n<div class=\"su-table su-table-alternate\">\n<table style=\"width: 58.348%;height: 360px\">\n<tbody>\n<tr style=\"height: 96px\">\n<td style=\"width: 23.1374%;height: 96px\"><strong>Ansprechpartner<\/strong><\/td>\n<td style=\"width: 75.6144%;height: 96px\"><strong>Lothar Kral<\/strong> (Jugendleiter)<br \/>\nFestnetz: 03471 &#8211; 311868, Mobil: 0162 &#8211; 435 66 23<\/td>\n<\/tr>\n<tr style=\"height: 48px\">\n<td style=\"width: 23.1374%;height: 48px\"><strong>Trainingszeiten<\/strong><\/td>\n<td style=\"width: 75.6144%;height: 48px\">Di u. Do 16:30 Uhr &#8211; 18:00 Uhr Einheit &#8211; Sportplatz<\/td>\n<\/tr>\n<tr style=\"height: 24px\">\n<td style=\"width: 23.1374%;height: 24px\"><strong>Hallentraining<br \/>\n<\/strong><\/td>\n<td style=\"width: 75.6144%;height: 24px\"><span style=\"color: #00000a\">Donnerstag 16:00 Uhr &#8211; 17:30 Uhr\u00a0 Sporthalle T\u00f6pferwiese<br \/>\n14.11.2024 &#8211; 13.03.2025<br \/>\n<\/span><\/td>\n<\/tr>\n<tr style=\"height: 24px\">\n<td style=\"width: 23.1374%;height: 24px\"><strong>Kunstrasen<\/strong><\/td>\n<td style=\"width: 75.6144%;height: 24px\">Dienstag 16:30 Uhr &#8211; 18:00 Uhr<\/td>\n<\/tr>\n<tr style=\"height: 24px\">\n<td style=\"width: 23.1374%;height: 24px\"><strong><span style=\"color: #333333\">Mannschaftsleiter<\/span><\/strong><\/td>\n<td style=\"width: 75.6144%;height: 24px\">Lothar Kral \u00a0 \u00a0\u00a0 \u00a0 \u00a0\u00a0\u00a0\u00a0\u00a0\u00a0\u00a0\u00a0\u00a0\u00a0 <span lang=\"EN-US\">Mobil: 0162 &#8211; 435 66 23<\/span><\/td>\n<\/tr>\n<tr style=\"height: 24px\">\n<td style=\"width: 23.1374%;height: 24px\"><strong>Trainer<br \/>\n<\/strong><\/td>\n<td style=\"width: 75.6144%;height: 24px\"><span lang=\"EN-US\">Mathias Leidel \u00a0\u00a0\u00a0\u00a0\u00a0\u00a0\u00a0\u00a0\u00a0\u00a0\u00a0 Mobil: 0170 &#8211; 722 71 68<\/span><\/td>\n<\/tr>\n<tr style=\"height: 24px\">\n<td style=\"width: 23.1374%;height: 24px\"><strong>Co &#8211; Trainer<\/strong><\/td>\n<td style=\"width: 75.6144%;height: 24px\"><span lang=\"EN-US\">Dirk Seewald\u00a0\u00a0\u00a0\u00a0\u00a0\u00a0\u00a0\u00a0\u00a0\u00a0\u00a0\u00a0\u00a0\u00a0\u00a0 Mobil: 0172 &#8211; 365 72 82<\/span><\/td>\n<\/tr>\n<tr style=\"height: 24px\">\n<td style=\"width: 23.1374%;height: 24px\"><strong>TW &#8211; Trainer<br \/>\n<\/strong><\/td>\n<td style=\"width: 75.6144%;height: 24px\"><span lang=\"EN-US\"> G\u00fcnter Ernst\u00a0\u00a0\u00a0\u00a0\u00a0\u00a0\u00a0\u00a0\u00a0\u00a0\u00a0\u00a0\u00a0\u00a0\u00a0 Mobil: 0162 &#8211; 402 33 47<\/span><\/td>\n<\/tr>\n<tr style=\"height: 48px\">\n<td style=\"width: 23.1374%;height: 48px\"><strong>Zielstellung<\/strong><\/td>\n<td style=\"width: 75.6144%;height: 48px\">Um die Kreismeisterschaft ein gewichtiges Wort mitreden.<\/td>\n<\/tr>\n<\/tbody>\n<\/table>\n<\/div>\n<hr \/>\n<h3>Kader<\/h3>\n\n<table id=\"tablepress-134\" class=\"tablepress tablepress-id-134\">\n<thead>\n<tr class=\"row-1 odd\">\n\t<th class=\"column-1\">Name<\/th><th class=\"column-2\">Vorname<\/th><th class=\"column-3\">Jahrgang<\/th><th class=\"column-4\">Herkunft<\/th>\n<\/tr>\n<\/thead>\n<tbody>\n<tr class=\"row-2 even\">\n\t<td class=\"column-1\">Aliyev<\/td><td class=\"column-2\">\u00d6sal<\/td><td class=\"column-3\">2015<\/td><td class=\"column-4\">SV Einheit \/ Aserbaidschan<\/td>\n<\/tr>\n<tr class=\"row-3 odd\">\n\t<td class=\"column-1\">Ballerstein<\/td><td class=\"column-2\">Leander<\/td><td class=\"column-3\">2014<\/td><td class=\"column-4\">SV Einheit<\/td>\n<\/tr>\n<tr class=\"row-4 even\">\n\t<td class=\"column-1\">Becker<\/td><td class=\"column-2\">Lenny<\/td><td class=\"column-3\">\"014<\/td><td class=\"column-4\">SV Einheit<\/td>\n<\/tr>\n<tr class=\"row-5 odd\">\n\t<td class=\"column-1\">Brauns<\/td><td class=\"column-2\">Bennet<\/td><td class=\"column-3\">2014<\/td><td class=\"column-4\">SV Einheit<\/td>\n<\/tr>\n<tr class=\"row-6 even\">\n\t<td class=\"column-1\">Ehrich<\/td><td class=\"column-2\">Ruben<\/td><td class=\"column-3\">2014<\/td><td class=\"column-4\">SV Einheit<\/td>\n<\/tr>\n<tr class=\"row-7 odd\">\n\t<td class=\"column-1\">Fischer<\/td><td class=\"column-2\">Niklas<\/td><td class=\"column-3\">2014<\/td><td class=\"column-4\">SV Einheit<\/td>\n<\/tr>\n<tr class=\"row-8 even\">\n\t<td class=\"column-1\">Horst<\/td><td class=\"column-2\">Paul<\/td><td class=\"column-3\">2014<\/td><td class=\"column-4\">SV Einheit<\/td>\n<\/tr>\n<tr class=\"row-9 odd\">\n\t<td class=\"column-1\">Kl\u00f6pzig<\/td><td class=\"column-2\">Emil<\/td><td class=\"column-3\">2014<\/td><td class=\"column-4\">SV Einheit<\/td>\n<\/tr>\n<tr class=\"row-10 even\">\n\t<td class=\"column-1\">Leschik<\/td><td class=\"column-2\">Sebastian<\/td><td class=\"column-3\">2014<\/td><td class=\"column-4\">SV Einheit<\/td>\n<\/tr>\n<tr class=\"row-11 odd\">\n\t<td class=\"column-1\">Negash<\/td><td class=\"column-2\">Mussa<\/td><td class=\"column-3\">2014<\/td><td class=\"column-4\">SV Einheit \/ Eritrea<\/td>\n<\/tr>\n<tr class=\"row-12 even\">\n\t<td class=\"column-1\">Safi<\/td><td class=\"column-2\">Mohammad Omar<\/td><td class=\"column-3\">2014<\/td><td class=\"column-4\">SV Einheit \/ AFG<\/td>\n<\/tr>\n<tr class=\"row-13 odd\">\n\t<td class=\"column-1\">Schmelzer<\/td><td class=\"column-2\">Davin<\/td><td class=\"column-3\">2014<\/td><td class=\"column-4\">SV Einheit<\/td>\n<\/tr>\n<tr class=\"row-14 even\">\n\t<td class=\"column-1\">Seewald<\/td><td class=\"column-2\">Dominik<\/td><td class=\"column-3\">2014<\/td><td class=\"column-4\">SV Einheit<\/td>\n<\/tr>\n<tr class=\"row-15 odd\">\n\t<td class=\"column-1\">Tila<\/td><td class=\"column-2\">Fernando<\/td><td class=\"column-3\">2014<\/td><td class=\"column-4\">SV Einheit \/ Albanien<\/td>\n<\/tr>\n<tr class=\"row-16 even\">\n\t<td class=\"column-1\">Schwarz<\/td><td class=\"column-2\">Oskar<\/td><td class=\"column-3\">2014<\/td><td class=\"column-4\">Eintracht Pei\u00dfen<\/td>\n<\/tr>\n<tr class=\"row-17 odd\">\n\t<td class=\"column-1\"><\/td><td class=\"column-2\"><\/td><td class=\"column-3\"><\/td><td class=\"column-4\"><\/td>\n<\/tr>\n<\/tbody>\n<\/table>\n\n<p><strong>Zug\u00e4nge: <\/strong>\u00d6sal Aliyev (Aserbaidschan), Lennard L\u00fcth (SC Bernburg)<br \/>\n<strong>Abg\u00e4nge: <\/strong>Pepe Zetsch (Abmeldung)<strong>, <\/strong>Max Pega, Alexander Ru\u00df<strong>, <\/strong>Taras Melnychuk (alle E2)<strong><br \/>\n<\/strong><\/p>\n","protected":false},"excerpt":{"rendered":"<p>SV Einheit Bernburg I. 1.Kreisklasse &#8211; Staffel 4 &#8211; Meisterrunde Die E1 der Saison 2024\/25 ist fast identisch mit der E2 der vergangenen Saison und damit ein gewachsenes Kollekiv, das sich auzeichnet durch absolute Zuverl\u00e4ssigkeit, Trainingsflei\u00df und Zielstrebigkeit. Diese Mannschaft w\u00e4chst schon seit dem Bambini-Alter und entsprechend kann man dies auch dem derzeitigen Entwicklungsstand entnehmen. [&hellip;]<\/p>\n","protected":false},"author":3,"featured_media":0,"parent":42229,"menu_order":0,"comment_status":"closed","ping_status":"closed","template":"","meta":{"footnotes":""},"_links":{"self":[{"href":"https:\/\/einheit-bernburg.de\/content\/index.php?rest_route=\/wp\/v2\/pages\/42238"}],"collection":[{"href":"https:\/\/einheit-bernburg.de\/content\/index.php?rest_route=\/wp\/v2\/pages"}],"about":[{"href":"https:\/\/einheit-bernburg.de\/content\/index.php?rest_route=\/wp\/v2\/types\/page"}],"author":[{"embeddable":true,"href":"https:\/\/einheit-bernburg.de\/content\/index.php?rest_route=\/wp\/v2\/users\/3"}],"replies":[{"embeddable":true,"href":"https:\/\/einheit-bernburg.de\/content\/index.php?rest_route=%2Fwp%2Fv2%2Fcomments&post=42238"}],"version-history":[{"count":1,"href":"https:\/\/einheit-bernburg.de\/content\/index.php?rest_route=\/wp\/v2\/pages\/42238\/revisions"}],"predecessor-version":[{"id":42239,"href":"https:\/\/einheit-bernburg.de\/content\/index.php?rest_route=\/wp\/v2\/pages\/42238\/revisions\/42239"}],"up":[{"embeddable":true,"href":"https:\/\/einheit-bernburg.de\/content\/index.php?rest_route=\/wp\/v2\/pages\/42229"}],"wp:attachment":[{"href":"https:\/\/einheit-bernburg.de\/content\/index.php?rest_route=%2Fwp%2Fv2%2Fmedia&parent=42238"}],"curies":[{"name":"wp","href":"https:\/\/api.w.org\/{rel}","templated":true}]}}