{"id":42254,"date":"2025-08-05T13:58:40","date_gmt":"2025-08-05T11:58:40","guid":{"rendered":"https:\/\/einheit-bernburg.de\/content\/?page_id=42254"},"modified":"2025-08-05T13:58:40","modified_gmt":"2025-08-05T11:58:40","slug":"kader-u-zielstellung-g-junioren-sv-einheit-bernburg","status":"publish","type":"page","link":"https:\/\/einheit-bernburg.de\/content\/?page_id=42254","title":{"rendered":"Archiv Kader u. Zielstellung E2 \u2013 Junioren 2024\/25"},"content":{"rendered":"<h1 class=\"aufm\">SV Einheit Bernburg II.<\/h1>\n<h3 class=\"aufm\">1.Kreisklasse &#8211; Staffel 6 &#8211; Meisterrunde<\/h3>\n<p>Die E2 &#8211; Junioren der Saison 2024\/25 rekrutiert haupts\u00e4chlich aus dem 2015ner Jahrgang der letztj\u00e4hrigen F-Junioren unserer Spielgemeinschaft Einheit Bbg.\/ Eintracht Pei\u00dfen. Dazu kommen zur Verst\u00e4rkung noch 3 Spieler des Jahrgangs 2014, die gleichzeitig mehr Spielzeit als in der E1 bekommen sollen. Alles in allem ist dieser haupts\u00e4chlich j\u00fcngere E-Junioren Jahrgang ebenfalls mit sehr talentierten Spielern best\u00fcckt, die \u00e4hnlich der vorj\u00e4hrigen E2 ihren Weg gehen werden.<br \/>\nF\u00fcr die weitere positive Entwicklung dieses Teams sollten die sehr engagierten Trainer Stephan R\u00fchlicke (Pei\u00dfen) und Florian Stein ein sicherer Garant sein.<strong><br \/>\nWir w\u00fcnschen den Trainern mit ihrem Kollektiv eine erfolgreiche Saison.<\/strong><\/p>\n<div class=\"su-table su-table-alternate\">\n<table style=\"width: 78.0468%\">\n<tbody>\n<tr>\n<td style=\"width: 22.8216%\"><strong>Ansprechpartner<\/strong><\/td>\n<td style=\"width: 76.072%\"><strong>Lothar Kral<\/strong> (Jugendleiter &#8211; Einheit)<br \/>\nFestnetz 03471 &#8211; 311898,\u00a0 Mobil: 0162 &#8211; 435 66 23<br \/>\n<strong>Phillip Krebs<\/strong> (Jugendleiter-Eintracht)<br \/>\nMobil: 0173 \/ 695 11 50<\/td>\n<\/tr>\n<tr>\n<td style=\"width: 22.8216%\"><strong>Trainingszeit<\/strong><\/td>\n<td style=\"width: 76.072%\">Di\u00a0 16:30 Uhr \u2013 18:00 Uhr Einheit &#8211; Sportplatz<br \/>\nDo 16:30 Uhr \u2013 18:00 Uhr Eintracht &#8211; Sportplatz Pei\u00dfen<\/td>\n<\/tr>\n<tr>\n<td style=\"width: 22.8216%\"><strong>Hallentraining<br \/>\n<\/strong><\/td>\n<td style=\"width: 76.072%\"><span style=\"color: #00000a\">Dienstag 16:00 Uhr &#8211; 18:00 Uhr\u00a0 Sporthalle Goethe-Schule<br \/>\n15.10.2024 &#8211; 18.03.2025<br \/>\n<\/span>Freitag 17:00 Uhr &#8211; 18:30 Uhr Sporthalle T\u00f6pferwiese<br \/>\n01.11.2024 &#8211; 14.03.2025<\/td>\n<\/tr>\n<tr>\n<td style=\"width: 22.8216%\"><strong>Kunstrasen<\/strong><\/td>\n<td style=\"width: 76.072%\">Di 16:30 Uhr &#8211; 18:00 Uhr mit E1 oder Do in Pei\u00dfen<\/td>\n<\/tr>\n<tr>\n<td style=\"width: 22.8216%\"><strong>Trainer<\/strong><\/td>\n<td style=\"width: 76.072%\"><span lang=\"EN-US\">Stephan R\u00fchlicke\u00a0\u00a0\u00a0\u00a0\u00a0\u00a0\u00a0\u00a0 Mobil: 0163 \u2013 554 49 39<\/span><\/td>\n<\/tr>\n<tr>\n<td style=\"width: 22.8216%\"><strong>Trainer<\/strong><\/td>\n<td style=\"width: 76.072%\"><span lang=\"EN-US\">Florian Stein\u00a0\u00a0\u00a0\u00a0\u00a0\u00a0\u00a0\u00a0\u00a0\u00a0\u00a0\u00a0\u00a0\u00a0\u00a0\u00a0\u00a0 Mobil: 0179 \u2013 104 36 92<\/span><\/td>\n<\/tr>\n<tr>\n<td style=\"width: 22.8216%\"><strong>Co &#8211; Trainer<br \/>\n<\/strong><\/td>\n<td style=\"width: 76.072%\"><span lang=\"EN-US\">\u00a0<\/span><\/td>\n<\/tr>\n<tr>\n<td style=\"width: 22.8216%\"><strong>Zielstellung<\/strong><\/td>\n<td style=\"width: 76.072%\">Sich als fast komplett j\u00fcngerer Jahrgang behaupten u. sich spietechnisch weiter entwickeln<\/td>\n<\/tr>\n<\/tbody>\n<\/table>\n<\/div>\n<hr \/>\n<h3>Kader<\/h3>\n\n<table id=\"tablepress-135\" class=\"tablepress tablepress-id-135\">\n<thead>\n<tr class=\"row-1 odd\">\n\t<th class=\"column-1\">Name<\/th><th class=\"column-2\">Vorname<\/th><th class=\"column-3\">Jahrgang<\/th><th class=\"column-4\">Herkunft<\/th><th class=\"column-5\"><\/th><th class=\"column-6\"><\/th><th class=\"column-7\"><\/th><th class=\"column-8\"><\/th>\n<\/tr>\n<\/thead>\n<tbody>\n<tr class=\"row-2 even\">\n\t<td class=\"column-1\">Apel<\/td><td class=\"column-2\">Finn<\/td><td class=\"column-3\">2014<\/td><td class=\"column-4\">SV Einheit<\/td><td class=\"column-5\"><\/td><td class=\"column-6\"><\/td><td class=\"column-7\"><\/td><td class=\"column-8\"><\/td>\n<\/tr>\n<tr class=\"row-3 odd\">\n\t<td class=\"column-1\">Leschik<\/td><td class=\"column-2\">Sebastian<\/td><td class=\"column-3\">2014<\/td><td class=\"column-4\">SV Einheit<\/td><td class=\"column-5\"><\/td><td class=\"column-6\"><\/td><td class=\"column-7\"><\/td><td class=\"column-8\"><\/td>\n<\/tr>\n<tr class=\"row-4 even\">\n\t<td class=\"column-1\">L\u00fcth<\/td><td class=\"column-2\">Lennart<\/td><td class=\"column-3\">2014<\/td><td class=\"column-4\">SC Bernburg<\/td><td class=\"column-5\"><\/td><td class=\"column-6\"><\/td><td class=\"column-7\"><\/td><td class=\"column-8\"><\/td>\n<\/tr>\n<tr class=\"row-5 odd\">\n\t<td class=\"column-1\">Melnychuk<\/td><td class=\"column-2\">Taras<\/td><td class=\"column-3\">2014<\/td><td class=\"column-4\">SV Einheit \/ Ukraine<\/td><td class=\"column-5\"><\/td><td class=\"column-6\"><\/td><td class=\"column-7\"><\/td><td class=\"column-8\"><\/td>\n<\/tr>\n<tr class=\"row-6 even\">\n\t<td class=\"column-1\">Pega<\/td><td class=\"column-2\">Max<\/td><td class=\"column-3\">2014<\/td><td class=\"column-4\">Eintracht Pei\u00dfen<\/td><td class=\"column-5\"><\/td><td class=\"column-6\"><\/td><td class=\"column-7\"><\/td><td class=\"column-8\"><\/td>\n<\/tr>\n<tr class=\"row-7 odd\">\n\t<td class=\"column-1\">Ru\u00df<\/td><td class=\"column-2\">Alexander<\/td><td class=\"column-3\">2014<\/td><td class=\"column-4\">Eintracht Pei\u00dfen<\/td><td class=\"column-5\"><\/td><td class=\"column-6\"><\/td><td class=\"column-7\"><\/td><td class=\"column-8\"><\/td>\n<\/tr>\n<tr class=\"row-8 even\">\n\t<td class=\"column-1\">F\u00fcrtig<\/td><td class=\"column-2\">Jan - Luis<\/td><td class=\"column-3\">2015<\/td><td class=\"column-4\">SV Einheit<\/td><td class=\"column-5\"><\/td><td class=\"column-6\"><\/td><td class=\"column-7\"><\/td><td class=\"column-8\"><\/td>\n<\/tr>\n<tr class=\"row-9 odd\">\n\t<td class=\"column-1\">J\u00f6rdens<\/td><td class=\"column-2\">Leon Jason<\/td><td class=\"column-3\">2015<\/td><td class=\"column-4\">SV Einheit<\/td><td class=\"column-5\"><\/td><td class=\"column-6\"><\/td><td class=\"column-7\"><\/td><td class=\"column-8\"><\/td>\n<\/tr>\n<tr class=\"row-10 even\">\n\t<td class=\"column-1\">Herold <\/td><td class=\"column-2\">Flynn<\/td><td class=\"column-3\">2015<\/td><td class=\"column-4\"> SV Einheit<\/td><td class=\"column-5\"><\/td><td class=\"column-6\"><\/td><td class=\"column-7\"><\/td><td class=\"column-8\"><\/td>\n<\/tr>\n<tr class=\"row-11 odd\">\n\t<td class=\"column-1\">Maiwald<\/td><td class=\"column-2\">Oliver<\/td><td class=\"column-3\">2015<\/td><td class=\"column-4\">SV Einheit<\/td><td class=\"column-5\"><\/td><td class=\"column-6\"><\/td><td class=\"column-7\"><\/td><td class=\"column-8\"><\/td>\n<\/tr>\n<tr class=\"row-12 even\">\n\t<td class=\"column-1\">Brauns <\/td><td class=\"column-2\">Emil<\/td><td class=\"column-3\">2015<\/td><td class=\"column-4\">Eintracht Pei\u00dfen<\/td><td class=\"column-5\"><\/td><td class=\"column-6\"><\/td><td class=\"column-7\"><\/td><td class=\"column-8\"><\/td>\n<\/tr>\n<tr class=\"row-13 odd\">\n\t<td class=\"column-1\">Nowak<\/td><td class=\"column-2\">Michel<\/td><td class=\"column-3\">2015<\/td><td class=\"column-4\">Eintracht Pei\u00dfen<\/td><td class=\"column-5\"><\/td><td class=\"column-6\"><\/td><td class=\"column-7\"><\/td><td class=\"column-8\"><\/td>\n<\/tr>\n<tr class=\"row-14 even\">\n\t<td class=\"column-1\">Redemske<\/td><td class=\"column-2\">Yannik<\/td><td class=\"column-3\">2015<\/td><td class=\"column-4\">Eintracht Pei\u00dfen<\/td><td class=\"column-5\"><\/td><td class=\"column-6\"><\/td><td class=\"column-7\"><\/td><td class=\"column-8\"><\/td>\n<\/tr>\n<tr class=\"row-15 odd\">\n\t<td class=\"column-1\">Rehse<\/td><td class=\"column-2\">Johan<\/td><td class=\"column-3\">2015<\/td><td class=\"column-4\">SV Einheit<\/td><td class=\"column-5\"><\/td><td class=\"column-6\"><\/td><td class=\"column-7\"><\/td><td class=\"column-8\"><\/td>\n<\/tr>\n<tr class=\"row-16 even\">\n\t<td class=\"column-1\">Wiltner<\/td><td class=\"column-2\">Ben<\/td><td class=\"column-3\">2015<\/td><td class=\"column-4\">SV Einheit<\/td><td class=\"column-5\"><\/td><td class=\"column-6\"><\/td><td class=\"column-7\"><\/td><td class=\"column-8\"><\/td>\n<\/tr>\n<tr class=\"row-17 odd\">\n\t<td class=\"column-1\">Neumeister<\/td><td class=\"column-2\">Noah Joel<\/td><td class=\"column-3\">2016<\/td><td class=\"column-4\">SV Einheit<\/td><td class=\"column-5\"><\/td><td class=\"column-6\"><\/td><td class=\"column-7\"><\/td><td class=\"column-8\"><\/td>\n<\/tr>\n<tr class=\"row-18 even\">\n\t<td class=\"column-1\"><\/td><td class=\"column-2\"><\/td><td class=\"column-3\"><\/td><td class=\"column-4\"><\/td><td class=\"column-5\"><\/td><td class=\"column-6\"><\/td><td class=\"column-7\"><\/td><td class=\"column-8\"><\/td>\n<\/tr>\n<\/tbody>\n<\/table>\n\n<p><strong>Zug\u00e4nge: <\/strong>Finn Adam (Neuling), Taras Melnychuk, Max Pega, Alexander Ru\u00df (alle E1)<strong><br \/>\n<\/strong><\/p>\n<p><strong>Abg\u00e4nge: <\/strong><strong><br \/>\n<\/strong><\/p>\n","protected":false},"excerpt":{"rendered":"<p>SV Einheit Bernburg II. 1.Kreisklasse &#8211; Staffel 6 &#8211; Meisterrunde Die E2 &#8211; Junioren der Saison 2024\/25 rekrutiert haupts\u00e4chlich aus dem 2015ner Jahrgang der letztj\u00e4hrigen F-Junioren unserer Spielgemeinschaft Einheit Bbg.\/ Eintracht Pei\u00dfen. Dazu kommen zur Verst\u00e4rkung noch 3 Spieler des Jahrgangs 2014, die gleichzeitig mehr Spielzeit als in der E1 bekommen sollen. Alles in allem [&hellip;]<\/p>\n","protected":false},"author":3,"featured_media":0,"parent":42245,"menu_order":0,"comment_status":"closed","ping_status":"closed","template":"","meta":{"footnotes":""},"_links":{"self":[{"href":"https:\/\/einheit-bernburg.de\/content\/index.php?rest_route=\/wp\/v2\/pages\/42254"}],"collection":[{"href":"https:\/\/einheit-bernburg.de\/content\/index.php?rest_route=\/wp\/v2\/pages"}],"about":[{"href":"https:\/\/einheit-bernburg.de\/content\/index.php?rest_route=\/wp\/v2\/types\/page"}],"author":[{"embeddable":true,"href":"https:\/\/einheit-bernburg.de\/content\/index.php?rest_route=\/wp\/v2\/users\/3"}],"replies":[{"embeddable":true,"href":"https:\/\/einheit-bernburg.de\/content\/index.php?rest_route=%2Fwp%2Fv2%2Fcomments&post=42254"}],"version-history":[{"count":1,"href":"https:\/\/einheit-bernburg.de\/content\/index.php?rest_route=\/wp\/v2\/pages\/42254\/revisions"}],"predecessor-version":[{"id":42255,"href":"https:\/\/einheit-bernburg.de\/content\/index.php?rest_route=\/wp\/v2\/pages\/42254\/revisions\/42255"}],"up":[{"embeddable":true,"href":"https:\/\/einheit-bernburg.de\/content\/index.php?rest_route=\/wp\/v2\/pages\/42245"}],"wp:attachment":[{"href":"https:\/\/einheit-bernburg.de\/content\/index.php?rest_route=%2Fwp%2Fv2%2Fmedia&parent=42254"}],"curies":[{"name":"wp","href":"https:\/\/api.w.org\/{rel}","templated":true}]}}