{"id":42289,"date":"2025-08-05T15:27:21","date_gmt":"2025-08-05T13:27:21","guid":{"rendered":"https:\/\/einheit-bernburg.de\/content\/?page_id=42289"},"modified":"2025-11-04T11:36:43","modified_gmt":"2025-11-04T10:36:43","slug":"kader-u-zielstellung-g-junioren-sv-einheit-bernburg","status":"publish","type":"page","link":"https:\/\/einheit-bernburg.de\/content\/?page_id=42289","title":{"rendered":"Kader u. Zielstellung E-Junioren"},"content":{"rendered":"<h1 class=\"aufm\">SV Einheit Bernburg<\/h1>\n<h3>1.Kreisklasse<\/h3>\n<p>Diese Mannschaft geht haupts\u00e4chlich hervor aus den F &#8211; Junioren des letzten Spieljahres, in welchem sie eine sehr positive Entwicklung genommen haben. Daran gilt es jetzt anzukn\u00fcpfen. Die Pei\u00dfener Spieler spielen jetzt als Gastspieler beim SV Einheit.<br \/>\nDie Voraussetzung f\u00fcr den Spielbetrieb sind nun aber f\u00fcr die meisten Mannschaftsmitglieder neu. Es wird auf dem Halbfeld eines Gro\u00dffeldplatzes gespielt und die Startaufstellung besteht jetzt aus einem Torwart und 7 Feldspielern. Au\u00dferdem werden Siege und Niederlagen jetzt in einer Tabelle festgehalten und es gibt nun keine FairPlay Turnierform mehr, sondern pro Wochenende nur ein Spiel meist im Wechsel heim &#8211; ausw\u00e4rtsw\u00e4rts, welches dann in zwei Halbzeiten zu je 25 Minuten ausgetragen wird. Als haupts\u00e4chlich j\u00fcngerer Jahrgang werden es unsere Kinder erstmal nicht einfach haben zu bestehen, aber sie werden unter der bew\u00e4hrten Anleitung von Cheftrainer Andreas Kre\u00df und den inzwischen langj\u00e4hrigen Co-Trainern Matthias Griese und Frank Huth ihren Weg gehen.<br \/>\n<strong>Wir w\u00fcnschen dem gesamten Kollektiv gutes Gelingen in der neuen Altersklasse und viel Erfolg!<\/strong><\/p>\n<hr \/>\n<div class=\"su-table su-table-alternate\">\n<table style=\"width: 89.658%;height: 408px\">\n<tbody>\n<tr style=\"height: 72px\">\n<td style=\"width: 25%;height: 72px\"><strong>Ansprechpartner<\/strong><\/td>\n<td style=\"width: 74.084%;height: 72px\">Lothar Kral (Jugendleiter &#8211; Einheit)<br \/>\nTel.: 03471 \/ 311868, Mobil: 0162 \/ 435 66 23<br \/>\nPhilipp Krebs (Jugendleiter &#8211; Pei\u00dfen) Mobil: 0173 \/ 695 11 50<\/td>\n<\/tr>\n<tr style=\"height: 96px\">\n<td style=\"width: 25%;height: 96px\"><strong>Trainingszeiten<\/strong><\/td>\n<td style=\"width: 74.084%;height: 96px\">Montag \u00a0\u00a0\u00a0\u00a0 16:30 Uhr &#8211; 18:00 Uhr\u00a0\u00a0\u00a0 Sportplatz &#8211; Pei\u00dfen<br \/>\nMittwoch\u00a0\u00a0 16:00 Uhr &#8211; 17:30 Uhr\u00a0\u00a0\u00a0 Einheit &#8211; Sportplatz<span style=\"color: #0000ff\"><em><br \/>\n<\/em><\/span><\/td>\n<\/tr>\n<tr style=\"height: 96px\">\n<td style=\"width: 25%;height: 96px\"><strong>Hallentraining<\/strong><\/td>\n<td style=\"width: 74.084%;height: 96px\">Freitag: 17:00 Uhr &#8211; 18:30 Uhr Sporthalle T\u00f6pferwiese<br \/>\n07.11.2025 &#8211; 13.03.2026<\/td>\n<\/tr>\n<tr style=\"height: 24px\">\n<td style=\"width: 25%;height: 24px\"><strong>Trainer<\/strong><\/td>\n<td style=\"width: 74.084%;height: 24px\"><span lang=\"EN-US\">Andreas Kre\u00df \u00a0\u00a0\u00a0\u00a0\u00a0\u00a0\u00a0\u00a0\u00a0\u00a0\u00a0\u00a0\u00a0\u00a0 Mobil: 0163 &#8211; 554 49 39<\/span><\/td>\n<\/tr>\n<tr style=\"height: 24px\">\n<td style=\"width: 25%;height: 24px\"><strong> Co &#8211; Trainer<\/strong><\/td>\n<td style=\"width: 74.084%;height: 24px\">Matthias Griese\u00a0\u00a0\u00a0\u00a0\u00a0\u00a0\u00a0\u00a0\u00a0\u00a0\u00a0 Mobil: 0177 &#8211; 785 67 02<\/td>\n<\/tr>\n<tr>\n<td style=\"width: 25%\"><strong>\u00a0<\/strong><\/td>\n<td style=\"width: 74.084%\">Frank Huth\u00a0\u00a0\u00a0\u00a0\u00a0\u00a0\u00a0\u00a0\u00a0\u00a0\u00a0\u00a0\u00a0\u00a0\u00a0\u00a0\u00a0\u00a0\u00a0 Mobil: 0152 &#8211; 228 947 92<\/td>\n<\/tr>\n<tr style=\"height: 24px\">\n<td style=\"width: 25%;height: 24px\"><strong>Mannschaftsleiter<\/strong><\/td>\n<td style=\"width: 74.084%;height: 24px\"><\/td>\n<\/tr>\n<tr style=\"height: 48px\">\n<td style=\"width: 25%;height: 48px\"><strong>Zielstellung<\/strong><\/td>\n<td style=\"width: 74.084%;height: 48px\">Sich in der neuen Altersklasse mit ihren neuen Herausforderungen gew\u00f6hnen.<\/td>\n<\/tr>\n<\/tbody>\n<\/table>\n<\/div>\n<hr \/>\n<h3>Kader<\/h3>\n\n<table id=\"tablepress-146\" class=\"tablepress tablepress-id-146\" aria-describedby=\"tablepress-146-description\">\n<thead>\n<tr class=\"row-1 odd\">\n\t<th class=\"column-1\">Name<\/th><th class=\"column-2\">Vorname<\/th><th class=\"column-3\">Jahrgang<\/th><th class=\"column-4\">Herkunft<\/th><th class=\"column-5\"><\/th><th class=\"column-6\"><\/th><th class=\"column-7\"><\/th><th class=\"column-8\"><\/th>\n<\/tr>\n<\/thead>\n<tbody>\n<tr class=\"row-2 even\">\n\t<td class=\"column-1\">Al Ali<\/td><td class=\"column-2\">Muhammad<\/td><td class=\"column-3\">2016<\/td><td class=\"column-4\">Einheit<\/td><td class=\"column-5\"><\/td><td class=\"column-6\"><\/td><td class=\"column-7\"><\/td><td class=\"column-8\"><\/td>\n<\/tr>\n<tr class=\"row-3 odd\">\n\t<td class=\"column-1\">Al Ali<\/td><td class=\"column-2\">Walid<\/td><td class=\"column-3\">2016<\/td><td class=\"column-4\">Einheit<\/td><td class=\"column-5\"><\/td><td class=\"column-6\"><\/td><td class=\"column-7\"><\/td><td class=\"column-8\"><\/td>\n<\/tr>\n<tr class=\"row-4 even\">\n\t<td class=\"column-1\">Alisch<\/td><td class=\"column-2\">Jonas<\/td><td class=\"column-3\">2016<\/td><td class=\"column-4\">Einheit<\/td><td class=\"column-5\"><\/td><td class=\"column-6\"><\/td><td class=\"column-7\"><\/td><td class=\"column-8\"><\/td>\n<\/tr>\n<tr class=\"row-5 odd\">\n\t<td class=\"column-1\">Brauns<\/td><td class=\"column-2\">Emil<\/td><td class=\"column-3\">2016<\/td><td class=\"column-4\">GS Pei\u00dfen<\/td><td class=\"column-5\"><\/td><td class=\"column-6\"><\/td><td class=\"column-7\"><\/td><td class=\"column-8\"><\/td>\n<\/tr>\n<tr class=\"row-6 even\">\n\t<td class=\"column-1\">Friesen<\/td><td class=\"column-2\">Noah<\/td><td class=\"column-3\">2016<\/td><td class=\"column-4\">Einheit<\/td><td class=\"column-5\"><\/td><td class=\"column-6\"><\/td><td class=\"column-7\"><\/td><td class=\"column-8\"><\/td>\n<\/tr>\n<tr class=\"row-7 odd\">\n\t<td class=\"column-1\">Hayne<\/td><td class=\"column-2\">Edgar<\/td><td class=\"column-3\">2016<\/td><td class=\"column-4\">Einheit<\/td><td class=\"column-5\"><\/td><td class=\"column-6\"><\/td><td class=\"column-7\"><\/td><td class=\"column-8\"><\/td>\n<\/tr>\n<tr class=\"row-8 even\">\n\t<td class=\"column-1\">Henschel<\/td><td class=\"column-2\">Ben Luca<\/td><td class=\"column-3\">2016<\/td><td class=\"column-4\">Einheit<\/td><td class=\"column-5\"><\/td><td class=\"column-6\"><\/td><td class=\"column-7\"><\/td><td class=\"column-8\"><\/td>\n<\/tr>\n<tr class=\"row-9 odd\">\n\t<td class=\"column-1\">Lindenau<\/td><td class=\"column-2\">Luca<\/td><td class=\"column-3\">2016<\/td><td class=\"column-4\">Einheit \/ Zg. v. SC Bbg.<\/td><td class=\"column-5\"><\/td><td class=\"column-6\"><\/td><td class=\"column-7\"><\/td><td class=\"column-8\"><\/td>\n<\/tr>\n<tr class=\"row-10 even\">\n\t<td class=\"column-1\">Overkamp<\/td><td class=\"column-2\">Ben<\/td><td class=\"column-3\">2016<\/td><td class=\"column-4\">Einheit<\/td><td class=\"column-5\"><\/td><td class=\"column-6\"><\/td><td class=\"column-7\"><\/td><td class=\"column-8\"><\/td>\n<\/tr>\n<tr class=\"row-11 odd\">\n\t<td class=\"column-1\">Neumeister<\/td><td class=\"column-2\">Noah Joel<\/td><td class=\"column-3\">2016<\/td><td class=\"column-4\">Einheit<\/td><td class=\"column-5\"><\/td><td class=\"column-6\"><\/td><td class=\"column-7\"><\/td><td class=\"column-8\"><\/td>\n<\/tr>\n<tr class=\"row-12 even\">\n\t<td class=\"column-1\">Schade<\/td><td class=\"column-2\">Felix<\/td><td class=\"column-3\">2016<\/td><td class=\"column-4\">Einheit<\/td><td class=\"column-5\"><\/td><td class=\"column-6\"><\/td><td class=\"column-7\"><\/td><td class=\"column-8\"><\/td>\n<\/tr>\n<tr class=\"row-13 odd\">\n\t<td class=\"column-1\">Siegmann<\/td><td class=\"column-2\">Jacob<\/td><td class=\"column-3\">2016<\/td><td class=\"column-4\">Einheit<\/td><td class=\"column-5\"><\/td><td class=\"column-6\"><\/td><td class=\"column-7\"><\/td><td class=\"column-8\"><\/td>\n<\/tr>\n<tr class=\"row-14 even\">\n\t<td class=\"column-1\">Sperlich<\/td><td class=\"column-2\">Karl Frederik<\/td><td class=\"column-3\">2016<\/td><td class=\"column-4\">Einheit<\/td><td class=\"column-5\"><\/td><td class=\"column-6\"><\/td><td class=\"column-7\"><\/td><td class=\"column-8\"><\/td>\n<\/tr>\n<tr class=\"row-15 odd\">\n\t<td class=\"column-1\">Theege<\/td><td class=\"column-2\">Ben Lothar<\/td><td class=\"column-3\">2016<\/td><td class=\"column-4\">Einheit<\/td><td class=\"column-5\"><\/td><td class=\"column-6\"><\/td><td class=\"column-7\"><\/td><td class=\"column-8\"><\/td>\n<\/tr>\n<tr class=\"row-16 even\">\n\t<td class=\"column-1\">Huth<\/td><td class=\"column-2\">Jakob<\/td><td class=\"column-3\">2016<\/td><td class=\"column-4\">GS Pei\u00dfen<\/td><td class=\"column-5\"><\/td><td class=\"column-6\"><\/td><td class=\"column-7\"><\/td><td class=\"column-8\"><\/td>\n<\/tr>\n<tr class=\"row-17 odd\">\n\t<td class=\"column-1\">Pelka<\/td><td class=\"column-2\">Hannes<\/td><td class=\"column-3\">2016<\/td><td class=\"column-4\">GS Pei\u00dfen<\/td><td class=\"column-5\"><\/td><td class=\"column-6\"><\/td><td class=\"column-7\"><\/td><td class=\"column-8\"><\/td>\n<\/tr>\n<tr class=\"row-18 even\">\n\t<td class=\"column-1\">Sarig\u00fcl<\/td><td class=\"column-2\">Ysuf Amed<\/td><td class=\"column-3\">2016<\/td><td class=\"column-4\">Einheit \/ TUR<\/td><td class=\"column-5\"><\/td><td class=\"column-6\"><\/td><td class=\"column-7\"><\/td><td class=\"column-8\"><\/td>\n<\/tr>\n<tr class=\"row-19 odd\">\n\t<td class=\"column-1\">Schulz<\/td><td class=\"column-2\">Ole<\/td><td class=\"column-3\">2016<\/td><td class=\"column-4\">GS Pei\u00dfen<\/td><td class=\"column-5\"><\/td><td class=\"column-6\"><\/td><td class=\"column-7\"><\/td><td class=\"column-8\"><\/td>\n<\/tr>\n<tr class=\"row-20 even\">\n\t<td class=\"column-1\">Grill<\/td><td class=\"column-2\">Tom<\/td><td class=\"column-3\">2017<\/td><td class=\"column-4\">Einheit<\/td><td class=\"column-5\"><\/td><td class=\"column-6\"><\/td><td class=\"column-7\"><\/td><td class=\"column-8\"><\/td>\n<\/tr>\n<tr class=\"row-21 odd\">\n\t<td class=\"column-1\">Krebs<\/td><td class=\"column-2\">Lion<\/td><td class=\"column-3\">2017<\/td><td class=\"column-4\">Einheit<\/td><td class=\"column-5\"><\/td><td class=\"column-6\"><\/td><td class=\"column-7\"><\/td><td class=\"column-8\"><\/td>\n<\/tr>\n<tr class=\"row-22 even\">\n\t<td class=\"column-1\">Sattler<\/td><td class=\"column-2\">Tobi<\/td><td class=\"column-3\">2017<\/td><td class=\"column-4\">Einheit<\/td><td class=\"column-5\"><\/td><td class=\"column-6\"><\/td><td class=\"column-7\"><\/td><td class=\"column-8\"><\/td>\n<\/tr>\n<\/tbody>\n<\/table>\n<span id=\"tablepress-146-description\" class=\"tablepress-table-description tablepress-table-description-id-146\"><\/span>\n\n","protected":false},"excerpt":{"rendered":"<p>SV Einheit Bernburg 1.Kreisklasse Diese Mannschaft geht haupts\u00e4chlich hervor aus den F &#8211; Junioren des letzten Spieljahres, in welchem sie eine sehr positive Entwicklung genommen haben. Daran gilt es jetzt anzukn\u00fcpfen. Die Pei\u00dfener Spieler spielen jetzt als Gastspieler beim SV Einheit. Die Voraussetzung f\u00fcr den Spielbetrieb sind nun aber f\u00fcr die meisten Mannschaftsmitglieder neu. Es [&hellip;]<\/p>\n","protected":false},"author":3,"featured_media":0,"parent":42279,"menu_order":0,"comment_status":"closed","ping_status":"closed","template":"","meta":{"footnotes":""},"_links":{"self":[{"href":"https:\/\/einheit-bernburg.de\/content\/index.php?rest_route=\/wp\/v2\/pages\/42289"}],"collection":[{"href":"https:\/\/einheit-bernburg.de\/content\/index.php?rest_route=\/wp\/v2\/pages"}],"about":[{"href":"https:\/\/einheit-bernburg.de\/content\/index.php?rest_route=\/wp\/v2\/types\/page"}],"author":[{"embeddable":true,"href":"https:\/\/einheit-bernburg.de\/content\/index.php?rest_route=\/wp\/v2\/users\/3"}],"replies":[{"embeddable":true,"href":"https:\/\/einheit-bernburg.de\/content\/index.php?rest_route=%2Fwp%2Fv2%2Fcomments&post=42289"}],"version-history":[{"count":5,"href":"https:\/\/einheit-bernburg.de\/content\/index.php?rest_route=\/wp\/v2\/pages\/42289\/revisions"}],"predecessor-version":[{"id":43561,"href":"https:\/\/einheit-bernburg.de\/content\/index.php?rest_route=\/wp\/v2\/pages\/42289\/revisions\/43561"}],"up":[{"embeddable":true,"href":"https:\/\/einheit-bernburg.de\/content\/index.php?rest_route=\/wp\/v2\/pages\/42279"}],"wp:attachment":[{"href":"https:\/\/einheit-bernburg.de\/content\/index.php?rest_route=%2Fwp%2Fv2%2Fmedia&parent=42289"}],"curies":[{"name":"wp","href":"https:\/\/api.w.org\/{rel}","templated":true}]}}