{"id":42313,"date":"2025-08-05T15:35:49","date_gmt":"2025-08-05T13:35:49","guid":{"rendered":"https:\/\/einheit-bernburg.de\/content\/?page_id=42313"},"modified":"2025-08-05T15:35:49","modified_gmt":"2025-08-05T13:35:49","slug":"kader-u-zielstellung-g-junioren-sv-einheit-bernburg","status":"publish","type":"page","link":"https:\/\/einheit-bernburg.de\/content\/?page_id=42313","title":{"rendered":"Archiv Kader u. Zielstellung G-Junioren 2024\/25"},"content":{"rendered":"<h1 class=\"aufm\">Spg. Einheit Bernburg-Eintracht B\/G Pei\u00dfen<\/h1>\n<h3>Bambini Fair-Play &#8211; Liga 2024\/25<\/h3>\n<p><strong>Es tut sich wieder was bei uns &#8211; Wir bieten wieder Bambini-Training an<\/strong><br \/>\nUnsere Spielgemeinschaft Einheit Bernburg \/ Eintracht Pei\u00dfen hatte in der zur\u00fcckliegenden Saison Probleme, eine Mannschaft f\u00fcr den Bambini-Bereich aufzubauen, weil es schwer war, nach dem R\u00fcckzug aus Altersgr\u00fcnden von TR Lothar Kral, einen \u00dcbungsleiter f\u00fcr die Kinder zu finden. Und genau damit steht und f\u00e4llt der Aufbau eines solchen Teams. Inzwischen ist man in unserem Lager f\u00fcndig geworden. Stephan R\u00fchlicke (einer der Trainer der E2-Junioren) hat sich der Sache zus\u00e4tzlich angenommen, weil er in der Altersgruppe jetzt auch seinen j\u00fcngeren Sohn an das Fu\u00dfballspielen heranf\u00fchren m\u00f6chte. Dazu haben sich mit Tobias Bl\u00e4ttermann, sowie Niclas Falbe zwei weitere Vatis gefunden, die auch aktive Fu\u00dfballer sind und\u00a0 sich nun gemeinsam als Trio um die Allerj\u00fcngsten unserer beiden Vereine k\u00fcmmern wollen.<br \/>\nKommen Nachfragen von Eltern m\u00fcssen wir also nun nicht mehr absagen bzw. die Kinder an andere Vereine verweisen. Das ist f\u00fcr die sportliche F\u00fchrung unserer SG jetzt erstmal sehr beruhigend, kann man doch eine entstandene L\u00fccke wieder schlie\u00dfen.<br \/>\nGesucht werden Kinder haupts\u00e4chlich <strong>ab Jahrgang 2018<\/strong> und j\u00fcnger. Da es sich um eine absolute Anf\u00e4ngergruppe handeln wird, ist erstmal geplant , mit den Kids nur zu trainieren, ehe \u00fcber die Eingliederung in den Spielbetrieb des Verbandes nachgedacht wird. Im Vordergrund soll erstmal nur der Spa\u00df stehen und das spielerische Heranf\u00fchren an den Fu\u00dfballsport. Wird das Training von Eltern mit ihren Kindern gut angenommen, wird ab Fr\u00fchjahr 2025 auch \u00fcber eine zweite Trainingszeit (evtl. dann auf dem Einheit-Sportplatz) nachgedacht.<br \/>\n<span style=\"color: #0000ff;\"><strong>Also liebe Eltern, es tut sich wieder etwas in unserer Spielgemeinschaft. Macht Gebrauch von unserem Trainingsangebot und kommt mit Euren Kindern vorbei zum Schnuppern!<\/strong><\/span><\/p>\n<hr \/>\n<div class=\"su-table su-table-alternate\">\n<table style=\"width: 89.658%;height: 456px\">\n<tbody>\n<tr style=\"height: 72px\">\n<td style=\"width: 25%;height: 72px\"><strong>Ansprechpartner<\/strong><\/td>\n<td style=\"width: 74.084%;height: 72px\">Lothar Kral (Jugendleiter &#8211; Einheit)<br \/>\nTel.: 03471 \/ 311868, Mobil: 0162 \/ 435 66 23<br \/>\nPhilipp Krebs (Jugendleiter &#8211; Pei\u00dfen) Mobil: 0173 \/ 695 11 50<\/td>\n<\/tr>\n<tr style=\"height: 120px\">\n<td style=\"width: 25%;height: 120px\"><strong>Trainingszeiten<\/strong><\/td>\n<td style=\"width: 74.084%;height: 120px\">Donnerstag: 16:00 Uhr &#8211; 17:00 Uhr Sportplatz &#8211; Pei\u00dfen<br \/>\n<span style=\"color: #0000ff\"><em>F\u00fcr Pei\u00dfener u. Bernburger Kinder besteht jederzeit die M\u00f6glichkeit <strong>am jeweiligen Training des Partnervereins<\/strong> teilzunehmen.<br \/>\n<\/em><\/span><\/td>\n<\/tr>\n<tr style=\"height: 72px\">\n<td style=\"width: 25%;height: 72px\"><strong>Hallentraining<\/strong><\/td>\n<td style=\"width: 74.084%;height: 72px\">Dienstag 16:00 Uhr &#8211; 18:00 Uhr\u00a0 Sporthalle Goethe-Schule<br \/>\n15.10.2024 &#8211; 18.03.2025<strong><br \/>\n<\/strong><strong>Zeitraum:\u00a0 <\/strong>15.10.2024 bis 18.03.2025<\/td>\n<\/tr>\n<tr style=\"height: 24px\">\n<td style=\"width: 25%;height: 24px\"><strong>Trainer\u00a0\u00a0\u00a0\u00a0\u00a0\u00a0\u00a0\u00a0\u00a0\u00a0\u00a0\u00a0 Pei\u00dfen<\/strong>\/Einheit<strong><br \/>\n<\/strong><\/td>\n<td style=\"width: 74.084%;height: 24px\"><span lang=\"EN-US\">Stephan R\u00fchlicke\u00a0\u00a0\u00a0\u00a0\u00a0\u00a0\u00a0\u00a0\u00a0\u00a0\u00a0\u00a0\u00a0\u00a0\u00a0\u00a0\u00a0\u00a0\u00a0\u00a0\u00a0\u00a0 Mobil: 0163 &#8211; 554 49 39<\/span><\/td>\n<\/tr>\n<tr style=\"height: 24px\">\n<td style=\"width: 25%;height: 24px\"><strong>Co &#8211; Trainer \u00a0 \u00a0<\/strong> <strong>Pei\u00dfen<\/strong>\/Einheit<strong><br \/>\n<\/strong><\/td>\n<td style=\"width: 74.084%;height: 24px\"><span lang=\"EN-US\">Tobias Bl\u00e4ttermann \u00a0\u00a0\u00a0\u00a0\u00a0\u00a0\u00a0\u00a0\u00a0\u00a0\u00a0\u00a0\u00a0\u00a0\u00a0\u00a0\u00a0 Mobil: 0172 &#8211; 320 40 44<br \/>\n<\/span><\/td>\n<\/tr>\n<tr style=\"height: 24px\">\n<td style=\"width: 25%;height: 24px\"><strong>Co &#8211; Trainer\u00a0\u00a0\u00a0\u00a0 Pei\u00dfen<\/strong>\/Einheit<\/td>\n<td style=\"width: 74.084%;height: 24px\"><span lang=\"EN-US\">\u00a0Niclas Falbe \u00a0\u00a0\u00a0\u00a0\u00a0\u00a0\u00a0\u00a0\u00a0\u00a0\u00a0\u00a0\u00a0\u00a0\u00a0\u00a0\u00a0\u00a0\u00a0\u00a0\u00a0\u00a0\u00a0\u00a0\u00a0\u00a0\u00a0\u00a0\u00a0\u00a0 Mobil: 0157 &#8211; 749 100 47<br \/>\n<\/span><\/td>\n<\/tr>\n<tr style=\"height: 24px\">\n<td style=\"width: 25%;height: 24px\"><strong>Anmerkung<\/strong><\/td>\n<td style=\"width: 74.084%;height: 24px\">Die SG Pei\u00dfen &#8211; Einheit ist dabei, ein Bambini-Team aufzubauen \/ zun\u00e4chst findet nur Training statt<\/td>\n<\/tr>\n<tr style=\"height: 48px\">\n<td style=\"width: 25%;height: 48px\"><strong>Zielstellung<\/strong><\/td>\n<td style=\"width: 74.084%;height: 48px\">Den Kindern spielerisch das Fu\u00dfballspielen vermitteln, wobei jederzeit der Spa\u00df im Vordergrund stehen soll und muss.<\/td>\n<\/tr>\n<\/tbody>\n<\/table>\n<\/div>\n<hr \/>\n<h3>Kader<\/h3>\n\n<table id=\"tablepress-137\" class=\"tablepress tablepress-id-137\" aria-describedby=\"tablepress-137-description\">\n<thead>\n<tr class=\"row-1 odd\">\n\t<th class=\"column-1\">Name<\/th><th class=\"column-2\">Vorname<\/th><th class=\"column-3\">Jahrgang<\/th><th class=\"column-4\">Herkunft<\/th><th class=\"column-5\"><\/th><th class=\"column-6\"><\/th><th class=\"column-7\"><\/th><th class=\"column-8\"><\/th>\n<\/tr>\n<\/thead>\n<tbody>\n<tr class=\"row-2 even\">\n\t<td class=\"column-1\">Friesen<\/td><td class=\"column-2\">Ben<\/td><td class=\"column-3\">2019<\/td><td class=\"column-4\">SV Einheit<\/td><td class=\"column-5\"><\/td><td class=\"column-6\"><\/td><td class=\"column-7\"><\/td><td class=\"column-8\"><\/td>\n<\/tr>\n<tr class=\"row-3 odd\">\n\t<td class=\"column-1\"><\/td><td class=\"column-2\"><\/td><td class=\"column-3\"><\/td><td class=\"column-4\"><\/td><td class=\"column-5\"><\/td><td class=\"column-6\"><\/td><td class=\"column-7\"><\/td><td class=\"column-8\"><\/td>\n<\/tr>\n<tr class=\"row-4 even\">\n\t<td class=\"column-1\"><\/td><td class=\"column-2\"><\/td><td class=\"column-3\"><\/td><td class=\"column-4\"><\/td><td class=\"column-5\"><\/td><td class=\"column-6\"><\/td><td class=\"column-7\"><\/td><td class=\"column-8\"><\/td>\n<\/tr>\n<tr class=\"row-5 odd\">\n\t<td class=\"column-1\"><\/td><td class=\"column-2\"><\/td><td class=\"column-3\"><\/td><td class=\"column-4\"><\/td><td class=\"column-5\"><\/td><td class=\"column-6\"><\/td><td class=\"column-7\"><\/td><td class=\"column-8\"><\/td>\n<\/tr>\n<tr class=\"row-6 even\">\n\t<td class=\"column-1\"><\/td><td class=\"column-2\"><\/td><td class=\"column-3\"><\/td><td class=\"column-4\"><\/td><td class=\"column-5\"><\/td><td class=\"column-6\"><\/td><td class=\"column-7\"><\/td><td class=\"column-8\"><\/td>\n<\/tr>\n<tr class=\"row-7 odd\">\n\t<td class=\"column-1\"><\/td><td class=\"column-2\"><\/td><td class=\"column-3\"><\/td><td class=\"column-4\"><\/td><td class=\"column-5\"><\/td><td class=\"column-6\"><\/td><td class=\"column-7\"><\/td><td class=\"column-8\"><\/td>\n<\/tr>\n<tr class=\"row-8 even\">\n\t<td class=\"column-1\"><\/td><td class=\"column-2\"><\/td><td class=\"column-3\"><\/td><td class=\"column-4\"><\/td><td class=\"column-5\"><\/td><td class=\"column-6\"><\/td><td class=\"column-7\"><\/td><td class=\"column-8\"><\/td>\n<\/tr>\n<tr class=\"row-9 odd\">\n\t<td class=\"column-1\"><\/td><td class=\"column-2\"><\/td><td class=\"column-3\"><\/td><td class=\"column-4\"><\/td><td class=\"column-5\"><\/td><td class=\"column-6\"><\/td><td class=\"column-7\"><\/td><td class=\"column-8\"><\/td>\n<\/tr>\n<tr class=\"row-10 even\">\n\t<td class=\"column-1\"><\/td><td class=\"column-2\"><\/td><td class=\"column-3\"><\/td><td class=\"column-4\"><\/td><td class=\"column-5\"><\/td><td class=\"column-6\"><\/td><td class=\"column-7\"><\/td><td class=\"column-8\"><\/td>\n<\/tr>\n<tr class=\"row-11 odd\">\n\t<td class=\"column-1\"><\/td><td class=\"column-2\"><\/td><td class=\"column-3\"><\/td><td class=\"column-4\"><\/td><td class=\"column-5\"><\/td><td class=\"column-6\"><\/td><td class=\"column-7\"><\/td><td class=\"column-8\"><\/td>\n<\/tr>\n<\/tbody>\n<\/table>\n<span id=\"tablepress-137-description\" class=\"tablepress-table-description tablepress-table-description-id-137\"><\/span>\n\n","protected":false},"excerpt":{"rendered":"<p>Spg. Einheit Bernburg-Eintracht B\/G Pei\u00dfen Bambini Fair-Play &#8211; Liga 2024\/25 Es tut sich wieder was bei uns &#8211; Wir bieten wieder Bambini-Training an Unsere Spielgemeinschaft Einheit Bernburg \/ Eintracht Pei\u00dfen hatte in der zur\u00fcckliegenden Saison Probleme, eine Mannschaft f\u00fcr den Bambini-Bereich aufzubauen, weil es schwer war, nach dem R\u00fcckzug aus Altersgr\u00fcnden von TR Lothar Kral, [&hellip;]<\/p>\n","protected":false},"author":3,"featured_media":0,"parent":42304,"menu_order":0,"comment_status":"closed","ping_status":"closed","template":"","meta":{"footnotes":""},"_links":{"self":[{"href":"https:\/\/einheit-bernburg.de\/content\/index.php?rest_route=\/wp\/v2\/pages\/42313"}],"collection":[{"href":"https:\/\/einheit-bernburg.de\/content\/index.php?rest_route=\/wp\/v2\/pages"}],"about":[{"href":"https:\/\/einheit-bernburg.de\/content\/index.php?rest_route=\/wp\/v2\/types\/page"}],"author":[{"embeddable":true,"href":"https:\/\/einheit-bernburg.de\/content\/index.php?rest_route=\/wp\/v2\/users\/3"}],"replies":[{"embeddable":true,"href":"https:\/\/einheit-bernburg.de\/content\/index.php?rest_route=%2Fwp%2Fv2%2Fcomments&post=42313"}],"version-history":[{"count":1,"href":"https:\/\/einheit-bernburg.de\/content\/index.php?rest_route=\/wp\/v2\/pages\/42313\/revisions"}],"predecessor-version":[{"id":42314,"href":"https:\/\/einheit-bernburg.de\/content\/index.php?rest_route=\/wp\/v2\/pages\/42313\/revisions\/42314"}],"up":[{"embeddable":true,"href":"https:\/\/einheit-bernburg.de\/content\/index.php?rest_route=\/wp\/v2\/pages\/42304"}],"wp:attachment":[{"href":"https:\/\/einheit-bernburg.de\/content\/index.php?rest_route=%2Fwp%2Fv2%2Fmedia&parent=42313"}],"curies":[{"name":"wp","href":"https:\/\/api.w.org\/{rel}","templated":true}]}}