{"id":442,"date":"2015-09-23T16:30:42","date_gmt":"2015-09-23T14:30:42","guid":{"rendered":"http:\/\/einheit-bernburg.de\/content\/?page_id=442"},"modified":"2021-06-30T08:20:33","modified_gmt":"2021-06-30T06:20:33","slug":"kader-u-zielstellung-c-junioren","status":"publish","type":"page","link":"https:\/\/einheit-bernburg.de\/content\/?page_id=442","title":{"rendered":"Archiv Kader u. Zielstellung C1-Junioren 2020\/21"},"content":{"rendered":"<h1>TV Askania Bernburg<\/h1>\n<h3>Landesliga Staffel 2 &#8211; 2020\/21<\/h3>\n<p>\u201eMit dem Ende der Saison 2019\/2020 haben uns mit Niklas Sack, Niclas Wilhelm, Luis Riechert, Sebastian Jende und Philip Schwarze spielstarke und wertvolle St\u00fctzen altersbedingt verlassen m\u00fcssen. Wir w\u00fcnschen diesen Spielern alles Gute f\u00fcr ihren sportlichen Weg in der kommenden Saison bei der B1 und freuen uns nat\u00fcrlich auch schon auf eine Wiederaufnahme des Trainings mit Ihnen im Jahr 2021\/2022.<br \/>\nOben genannte Abg\u00e4nge aus dem Team haben nat\u00fcrlich Auswirkungen auf die Spielzeit 2020\/2021. Es wird sicherlich einige Umstellungen in der Mannschaft geben.<br \/>\nMit den Spielern aus der D1, die unser Team verst\u00e4rken werden, erhoffen wir uns eine Platzierung wenigstens im Mittelfeld der Staffel. Wir wissen, dass die anstehende Saison kr\u00e4ftezehrend sein wird und dass der vorhanden Kader sein Bestes geben muss.<br \/>\nSpieler der Jahrg\u00e4nge 2006\/2007, die in den vergangenen Jahren bisher auch schon unter der Leitung der Trainern im Team gespielt haben, werden hier ihre Leistungen steigern m\u00fcssen, um nicht nur den Klassenerhalt zu sichern, sondern oben genanntes Ziel zu verwirklichen.<br \/>\nWenn die Bereitschaft und der Wille bei jedem einzelnen Spieler vorhanden sind, beim Training und in den Spielen immer alles zu geben und als kompaktes Team spielstark und nach den taktischen Vorgaben der Trainer agieren zu wollen, dann wird die Saison 2020\/2021 sicherlich ein spannendes und durchaus auch ein erfolgreiches Spieljahr f\u00fcr die C1 Mannschaft.\u201c<br \/>\nWir w\u00fcnschen den Trainern Dirk Hellmann und Matthias Hobusch mit ihrem Kollektiv viel Erfolg!<\/p>\n<hr \/>\n<div class=\"su-table su-table-alternate\">\n<table>\n<tbody>\n<tr>\n<td style=\"width: 25%\"><strong>Ansprechpartner<\/strong><\/td>\n<td>Markus Becker (Jugendleiter &#8211; Askania)\u00a0\u00a0\u00a0\u00a0\u00a0 Mobil: 0160 \/ 973 796 29<\/p>\n<p>Lothar Kral (Sportlicher Leiter &#8211; Einheit)<br \/>\nTel.: 03471 \/ 311868, Mobil: 0162 \/ 435 66 23<\/td>\n<\/tr>\n<tr>\n<td style=\"width: 25%\"><strong>Trainingszeit<\/strong><\/td>\n<td>Di u. Do, jeweils 17:00 Uhr &#8211; 18:30 Uhr Askania-Platz<\/td>\n<\/tr>\n<tr>\n<td style=\"width: 25%\"><strong>\u00a0<\/strong><\/td>\n<td><strong>Winter<\/strong><\/td>\n<\/tr>\n<tr>\n<td style=\"width: 25%\"><strong>Hallentraining<br \/>\n<\/strong><\/td>\n<td>Donnerstag 18:00 Uhr &#8211; 19:30 Uhr &#8222;Eichenweg&#8220;<br \/>\nab 29.10.2020<\/td>\n<\/tr>\n<tr>\n<td style=\"width: 25%\"><strong>Kunstrasen<br \/>\n<\/strong><\/td>\n<td>Dienstag u. Donnerstag 17:00 Uhr &#8211; 18:00 Uhr<\/td>\n<\/tr>\n<tr>\n<td style=\"width: 25%\"><strong>Trainer<\/strong><\/td>\n<td>Matthias Hobusch\u00a0 Mobil: 0178 \u2013 212 77 04<\/p>\n<p>Dirk Hellmann<\/td>\n<\/tr>\n<tr>\n<td style=\"width: 25%\"><strong>Betreuer<\/strong><\/td>\n<td><\/td>\n<\/tr>\n<tr>\n<td style=\"width: 25%\"><strong>Zielstellung<\/strong><\/td>\n<td>wenigstens ein Platz im Mittelfeldplatz<\/td>\n<\/tr>\n<\/tbody>\n<\/table>\n<\/div>\n<hr \/>\n<h3>Kader<\/h3>\n\n<table id=\"tablepress-83\" class=\"tablepress tablepress-id-83\">\n<thead>\n<tr class=\"row-1 odd\">\n\t<th class=\"column-1\">Name<\/th><th class=\"column-2\">Vorname<\/th><th class=\"column-3\">Jahrgang<\/th><th class=\"column-4\">Herkunft<\/th><th class=\"column-5\"><\/th><th class=\"column-6\"><\/th><th class=\"column-7\"><\/th><th class=\"column-8\"><\/th>\n<\/tr>\n<\/thead>\n<tbody>\n<tr class=\"row-2 even\">\n\t<td class=\"column-1\">B\u00f6hlert<\/td><td class=\"column-2\">Fynn<\/td><td class=\"column-3\">2006<\/td><td class=\"column-4\">SV Einheit<\/td><td class=\"column-5\"><\/td><td class=\"column-6\"><\/td><td class=\"column-7\"><\/td><td class=\"column-8\"><\/td>\n<\/tr>\n<tr class=\"row-3 odd\">\n\t<td class=\"column-1\">Conrad<\/td><td class=\"column-2\">Anton<\/td><td class=\"column-3\">2006<\/td><td class=\"column-4\">SV Einheit<\/td><td class=\"column-5\"><\/td><td class=\"column-6\"><\/td><td class=\"column-7\"><\/td><td class=\"column-8\"><\/td>\n<\/tr>\n<tr class=\"row-4 even\">\n\t<td class=\"column-1\">Eisfeld<\/td><td class=\"column-2\">Fritz<\/td><td class=\"column-3\">2006<\/td><td class=\"column-4\">TV Askania<\/td><td class=\"column-5\"><\/td><td class=\"column-6\"><\/td><td class=\"column-7\"><\/td><td class=\"column-8\"><\/td>\n<\/tr>\n<tr class=\"row-5 odd\">\n\t<td class=\"column-1\">G\u00fcnther<\/td><td class=\"column-2\">Timo<\/td><td class=\"column-3\">2006<\/td><td class=\"column-4\">TV Askania<\/td><td class=\"column-5\"><\/td><td class=\"column-6\"><\/td><td class=\"column-7\"><\/td><td class=\"column-8\"><\/td>\n<\/tr>\n<tr class=\"row-6 even\">\n\t<td class=\"column-1\">Hellmann<\/td><td class=\"column-2\">Florian<\/td><td class=\"column-3\">2006<\/td><td class=\"column-4\">TV Askania<\/td><td class=\"column-5\"><\/td><td class=\"column-6\"><\/td><td class=\"column-7\"><\/td><td class=\"column-8\"><\/td>\n<\/tr>\n<tr class=\"row-7 odd\">\n\t<td class=\"column-1\">Hobusch<\/td><td class=\"column-2\">Erik<\/td><td class=\"column-3\">2006<\/td><td class=\"column-4\">TV Askania<\/td><td class=\"column-5\"><\/td><td class=\"column-6\"><\/td><td class=\"column-7\"><\/td><td class=\"column-8\"><\/td>\n<\/tr>\n<tr class=\"row-8 even\">\n\t<td class=\"column-1\">R\u00f6der <\/td><td class=\"column-2\">Fynn Maurice<\/td><td class=\"column-3\">2006<\/td><td class=\"column-4\">TV Askania<\/td><td class=\"column-5\"><\/td><td class=\"column-6\"><\/td><td class=\"column-7\"><\/td><td class=\"column-8\"><\/td>\n<\/tr>\n<tr class=\"row-9 odd\">\n\t<td class=\"column-1\"><\/td><td class=\"column-2\"><\/td><td class=\"column-3\"><\/td><td class=\"column-4\"><\/td><td class=\"column-5\"><\/td><td class=\"column-6\"><\/td><td class=\"column-7\"><\/td><td class=\"column-8\"><\/td>\n<\/tr>\n<tr class=\"row-10 even\">\n\t<td class=\"column-1\">Beck<\/td><td class=\"column-2\">Elias Pascal<\/td><td class=\"column-3\">2007<\/td><td class=\"column-4\">SV Einheit<\/td><td class=\"column-5\"><\/td><td class=\"column-6\"><\/td><td class=\"column-7\"><\/td><td class=\"column-8\"><\/td>\n<\/tr>\n<tr class=\"row-11 odd\">\n\t<td class=\"column-1\">Kumbu<\/td><td class=\"column-2\">Tyler<\/td><td class=\"column-3\">2007<\/td><td class=\"column-4\">TV Askania<\/td><td class=\"column-5\"><\/td><td class=\"column-6\"><\/td><td class=\"column-7\"><\/td><td class=\"column-8\"><\/td>\n<\/tr>\n<tr class=\"row-12 even\">\n\t<td class=\"column-1\">Sidorov<\/td><td class=\"column-2\">Mihai Alexandru<\/td><td class=\"column-3\">2007<\/td><td class=\"column-4\">TV Askania<\/td><td class=\"column-5\"><\/td><td class=\"column-6\"><\/td><td class=\"column-7\"><\/td><td class=\"column-8\"><\/td>\n<\/tr>\n<tr class=\"row-13 odd\">\n\t<td class=\"column-1\">Schmidt<\/td><td class=\"column-2\">Maurice<\/td><td class=\"column-3\">2007<\/td><td class=\"column-4\">TV Askania<\/td><td class=\"column-5\"><\/td><td class=\"column-6\"><\/td><td class=\"column-7\"><\/td><td class=\"column-8\"><\/td>\n<\/tr>\n<tr class=\"row-14 even\">\n\t<td class=\"column-1\">Schneider<\/td><td class=\"column-2\">Jeremy<\/td><td class=\"column-3\">2007<\/td><td class=\"column-4\">TV Askania<\/td><td class=\"column-5\"><\/td><td class=\"column-6\"><\/td><td class=\"column-7\"><\/td><td class=\"column-8\"><\/td>\n<\/tr>\n<tr class=\"row-15 odd\">\n\t<td class=\"column-1\">Kremin <\/td><td class=\"column-2\">Pius - Steffen<\/td><td class=\"column-3\">2007<\/td><td class=\"column-4\">GS Schw.-Gelb Bernburg<\/td><td class=\"column-5\"><\/td><td class=\"column-6\"><\/td><td class=\"column-7\"><\/td><td class=\"column-8\"><\/td>\n<\/tr>\n<tr class=\"row-16 even\">\n\t<td class=\"column-1\">Wiesner <\/td><td class=\"column-2\">Maximilian<\/td><td class=\"column-3\">2007<\/td><td class=\"column-4\">GS Schw.-Gelb Bernburg<\/td><td class=\"column-5\"><\/td><td class=\"column-6\"><\/td><td class=\"column-7\"><\/td><td class=\"column-8\"><\/td>\n<\/tr>\n<\/tbody>\n<\/table>\n\n","protected":false},"excerpt":{"rendered":"<p>TV Askania Bernburg Landesliga Staffel 2 &#8211; 2020\/21 \u201eMit dem Ende der Saison 2019\/2020 haben uns mit Niklas Sack, Niclas Wilhelm, Luis Riechert, Sebastian Jende und Philip Schwarze spielstarke und wertvolle St\u00fctzen altersbedingt verlassen m\u00fcssen. Wir w\u00fcnschen diesen Spielern alles Gute f\u00fcr ihren sportlichen Weg in der kommenden Saison bei der B1 und freuen uns [&hellip;]<\/p>\n","protected":false},"author":3,"featured_media":0,"parent":39,"menu_order":0,"comment_status":"closed","ping_status":"closed","template":"","meta":{"footnotes":""},"_links":{"self":[{"href":"https:\/\/einheit-bernburg.de\/content\/index.php?rest_route=\/wp\/v2\/pages\/442"}],"collection":[{"href":"https:\/\/einheit-bernburg.de\/content\/index.php?rest_route=\/wp\/v2\/pages"}],"about":[{"href":"https:\/\/einheit-bernburg.de\/content\/index.php?rest_route=\/wp\/v2\/types\/page"}],"author":[{"embeddable":true,"href":"https:\/\/einheit-bernburg.de\/content\/index.php?rest_route=\/wp\/v2\/users\/3"}],"replies":[{"embeddable":true,"href":"https:\/\/einheit-bernburg.de\/content\/index.php?rest_route=%2Fwp%2Fv2%2Fcomments&post=442"}],"version-history":[{"count":40,"href":"https:\/\/einheit-bernburg.de\/content\/index.php?rest_route=\/wp\/v2\/pages\/442\/revisions"}],"predecessor-version":[{"id":26542,"href":"https:\/\/einheit-bernburg.de\/content\/index.php?rest_route=\/wp\/v2\/pages\/442\/revisions\/26542"}],"up":[{"embeddable":true,"href":"https:\/\/einheit-bernburg.de\/content\/index.php?rest_route=\/wp\/v2\/pages\/39"}],"wp:attachment":[{"href":"https:\/\/einheit-bernburg.de\/content\/index.php?rest_route=%2Fwp%2Fv2%2Fmedia&parent=442"}],"curies":[{"name":"wp","href":"https:\/\/api.w.org\/{rel}","templated":true}]}}