{"id":555,"date":"2015-09-29T13:26:00","date_gmt":"2015-09-29T11:26:00","guid":{"rendered":"http:\/\/einheit-bernburg.de\/content\/?page_id=555"},"modified":"2021-07-05T02:17:19","modified_gmt":"2021-07-05T00:17:19","slug":"kader-u-zielstellung-d1-junioren","status":"publish","type":"page","link":"https:\/\/einheit-bernburg.de\/content\/?page_id=555","title":{"rendered":"Archiv Kader u. Zielstellung D1-Junioren 2020\/21"},"content":{"rendered":"<h1>SG Einheit Bernburg \/ Askania Bernburg<\/h1>\n<h3>Landesliga Staffel 2 \u2013 2020\/21<\/h3>\n<p>Nach so manchen Up and Downs in den Wochen der Vorbereitung, hat sich nun endlich ein Trainergespann gefunden, welches die Mannschaft durch die neue Saison\u00a0 begleiten und f\u00fchren wird. Matthias Lorenz ist, nach einem Jahr Pause, der neue Cheftrainer des Teams, der die Jungs bereits erfolgreich \u00fcber vier Jahre,\u00a0 bis zum Ende der E &#8211; Junioren f\u00fchrte. Ihm zur Seite stehen ihm die beiden Trainer der letztj\u00e4hrigen D3 &#8211; Junioren.<br \/>\nEinher geht nat\u00fcrlich auch, wie jedes Jahr beim Nachwuchs, dass einige Leistungstr\u00e4ger altersm\u00e4\u00dfig den Staffelsieger der Landesliga Staffel 2 in Richtung C-Junioren verlassen mussten und j\u00fcngere aus Team der D3-Junioren der Vorsaison r\u00fccken nach. Jedenfalls wird dieses Team wieder ein leistungsf\u00e4higes Team mit jeder Menge fu\u00dfballerischen Potentials sein.<br \/>\nGetreu dem Motto, &#8222;Was lange w\u00e4hrt, wird gut&#8220;, w\u00fcnschen wir dem gesamten Kollektiv ein erfolgreiches neues Spieljahr.<br \/>\nWir danken dem letztj\u00e4hrigen Trainerteam um Christian Podstawka f\u00fcr die geleistete sehr gute und erfolgreiche Arbeit mit dieser Mannschaft und w\u00fcnschen ihm bei der Meisterung neuer Aufgaben viel Erfolg!<\/p>\n<hr \/>\n<div class=\"su-table su-table-alternate\">\n<table style=\"height: 336px\">\n<tbody>\n<tr style=\"height: 120px\">\n<td style=\"width: 152.167px;height: 120px\"><strong>Ansprechpartner<\/strong><\/td>\n<td style=\"height: 120px;width: 464.167px\">Lothar Kral (Sportlicher Leiter &#8211; Einheit)<br \/>\nTel.: 03471 \/ 311868, Mobil: 0162 \/ 435 66 23Markus Becker (Jugendleiter &#8211; Askania) Mobil: 0160 \/ 973 796 29<\/td>\n<\/tr>\n<tr style=\"height: 72px\">\n<td style=\"width: 152.167px;height: 72px\"><strong>Trainingszeit<\/strong><\/td>\n<td style=\"height: 72px;width: 464.167px\">Dienstag\u00a0\u00a0\u00a0 \u00a0\u00a0\u00a0 17:00 &#8211; 18:30 Uhr Einheit- Sportplatz<br \/>\nDonnerstag \u00a0 17:00 &#8211; 18:30 Uhr Einheit &#8211; Sportplatz<\/td>\n<\/tr>\n<tr>\n<td style=\"width: 152.167px\"><strong>\u00a0<\/strong><\/td>\n<td style=\"width: 464.167px\"><strong>Winter<\/strong><\/td>\n<\/tr>\n<tr style=\"height: 24px\">\n<td style=\"width: 152.167px;height: 24px\"><strong>Kunstrasen<br \/>\n<\/strong><\/td>\n<td style=\"height: 24px;width: 464.167px\">Dienstag u. Donnerstag 17:00 Uhr &#8211; 18:00 Uhr<br \/>\nab Mitte Oktober Sparkassen-Arena des TV Askania<\/td>\n<\/tr>\n<tr style=\"height: 24px\">\n<td style=\"width: 152.167px;height: 24px\"><strong>Hallentraining<br \/>\n<\/strong><\/td>\n<td style=\"height: 24px;width: 464.167px\">Donnerstag 18:00 Uhr \u2013 19:30 Uhr \u201cEichenweg\u201d<br \/>\nab 29.10.2020<\/td>\n<\/tr>\n<tr style=\"height: 24px\">\n<td style=\"width: 152.167px;height: 24px\"><strong>Trainer<\/strong><\/td>\n<td style=\"height: 24px;width: 464.167px\">Matthias Lorenz\u00a0\u00a0\u00a0 Mobil: 0173 \/ 561 26 37<\/td>\n<\/tr>\n<tr style=\"height: 24px\">\n<td style=\"width: 152.167px;height: 24px\"><strong>Co &#8211; Trainer<br \/>\n<\/strong><\/td>\n<td style=\"height: 24px;width: 464.167px\">Gernot P\u00fclicher\u00a0\u00a0\u00a0\u00a0 Mobil: 0157 \/ 375 556 34<\/td>\n<\/tr>\n<tr style=\"height: 24px\">\n<td style=\"width: 152.167px;height: 24px\"><strong>Co &#8211; Trainer<\/strong><\/td>\n<td style=\"height: 24px;width: 464.167px\">Martin Weile\u00a0\u00a0\u00a0\u00a0\u00a0\u00a0\u00a0\u00a0\u00a0 Mobil: 0177 \/ 777 19 62<\/td>\n<\/tr>\n<tr style=\"height: 24px\">\n<td style=\"width: 152.167px;height: 24px\"><strong>Zielstellung<\/strong><\/td>\n<td style=\"height: 24px;width: 464.167px\"><\/td>\n<\/tr>\n<\/tbody>\n<\/table>\n<\/div>\n<hr \/>\n<h3>Kader<\/h3>\n\n<table id=\"tablepress-86\" class=\"tablepress tablepress-id-86\">\n<thead>\n<tr class=\"row-1 odd\">\n\t<th class=\"column-1\">Name<\/th><th class=\"column-2\">Vorname<\/th><th class=\"column-3\">Jahrgang<\/th><th class=\"column-4\">Vereinszugeh\u00f6rigkeit<\/th>\n<\/tr>\n<\/thead>\n<tbody>\n<tr class=\"row-2 even\">\n\t<td class=\"column-1\">Deckert<\/td><td class=\"column-2\">Julian Bernd<\/td><td class=\"column-3\">2008<\/td><td class=\"column-4\">Askania<\/td>\n<\/tr>\n<tr class=\"row-3 odd\">\n\t<td class=\"column-1\">Drefs<\/td><td class=\"column-2\">Leonard<\/td><td class=\"column-3\">2008<\/td><td class=\"column-4\">Einheit<\/td>\n<\/tr>\n<tr class=\"row-4 even\">\n\t<td class=\"column-1\">F\u00fctz<\/td><td class=\"column-2\">Martin<\/td><td class=\"column-3\">2008<\/td><td class=\"column-4\">Einheit<\/td>\n<\/tr>\n<tr class=\"row-5 odd\">\n\t<td class=\"column-1\">G\u00fcnther<\/td><td class=\"column-2\">Julius<\/td><td class=\"column-3\">2009<\/td><td class=\"column-4\">Einheit<\/td>\n<\/tr>\n<tr class=\"row-6 even\">\n\t<td class=\"column-1\">Kersten<\/td><td class=\"column-2\">Hannes<\/td><td class=\"column-3\">2008<\/td><td class=\"column-4\">Einheit<\/td>\n<\/tr>\n<tr class=\"row-7 odd\">\n\t<td class=\"column-1\">Kohl<\/td><td class=\"column-2\">William<\/td><td class=\"column-3\">2008<\/td><td class=\"column-4\">Einheit<\/td>\n<\/tr>\n<tr class=\"row-8 even\">\n\t<td class=\"column-1\">Kommritz<\/td><td class=\"column-2\">Bennit<\/td><td class=\"column-3\">2008<\/td><td class=\"column-4\">Einheit<\/td>\n<\/tr>\n<tr class=\"row-9 odd\">\n\t<td class=\"column-1\">Letz<\/td><td class=\"column-2\">Finn<\/td><td class=\"column-3\">2008<\/td><td class=\"column-4\">Einheit \/ Neuzugang von Germania Halberstadt II.<\/td>\n<\/tr>\n<tr class=\"row-10 even\">\n\t<td class=\"column-1\">Lorenz<\/td><td class=\"column-2\">Maurice<\/td><td class=\"column-3\">2008<\/td><td class=\"column-4\">Einheit<\/td>\n<\/tr>\n<tr class=\"row-11 odd\">\n\t<td class=\"column-1\">Malz<\/td><td class=\"column-2\">Lenny<\/td><td class=\"column-3\">2008<\/td><td class=\"column-4\">Einheit<\/td>\n<\/tr>\n<tr class=\"row-12 even\">\n\t<td class=\"column-1\">Stahmann<\/td><td class=\"column-2\">Louis<\/td><td class=\"column-3\">2008<\/td><td class=\"column-4\">Askania<\/td>\n<\/tr>\n<tr class=\"row-13 odd\">\n\t<td class=\"column-1\"><\/td><td class=\"column-2\"><\/td><td class=\"column-3\"><\/td><td class=\"column-4\"><\/td>\n<\/tr>\n<tr class=\"row-14 even\">\n\t<td class=\"column-1\">Hein<\/td><td class=\"column-2\">Dennis Connor<\/td><td class=\"column-3\">2008<\/td><td class=\"column-4\">Einheit<\/td>\n<\/tr>\n<tr class=\"row-15 odd\">\n\t<td class=\"column-1\">Ochsendorf<\/td><td class=\"column-2\">Nico Sven<\/td><td class=\"column-3\">2008<\/td><td class=\"column-4\">Einheit<\/td>\n<\/tr>\n<tr class=\"row-16 even\">\n\t<td class=\"column-1\">Scheffler<\/td><td class=\"column-2\">Rocco<\/td><td class=\"column-3\">2009<\/td><td class=\"column-4\">Askania<\/td>\n<\/tr>\n<tr class=\"row-17 odd\">\n\t<td class=\"column-1\">Ulrich<\/td><td class=\"column-2\">John Jason<\/td><td class=\"column-3\">2008<\/td><td class=\"column-4\">Askania<\/td>\n<\/tr>\n<tr class=\"row-18 even\">\n\t<td class=\"column-1\">Zavatta<\/td><td class=\"column-2\">Cosimo Damiano<\/td><td class=\"column-3\">2008<\/td><td class=\"column-4\">Askania<\/td>\n<\/tr>\n<\/tbody>\n<\/table>\n\n","protected":false},"excerpt":{"rendered":"<p>SG Einheit Bernburg \/ Askania Bernburg Landesliga Staffel 2 \u2013 2020\/21 Nach so manchen Up and Downs in den Wochen der Vorbereitung, hat sich nun endlich ein Trainergespann gefunden, welches die Mannschaft durch die neue Saison\u00a0 begleiten und f\u00fchren wird. Matthias Lorenz ist, nach einem Jahr Pause, der neue Cheftrainer des Teams, der die Jungs [&hellip;]<\/p>\n","protected":false},"author":3,"featured_media":0,"parent":171,"menu_order":0,"comment_status":"closed","ping_status":"closed","template":"","meta":{"footnotes":""},"_links":{"self":[{"href":"https:\/\/einheit-bernburg.de\/content\/index.php?rest_route=\/wp\/v2\/pages\/555"}],"collection":[{"href":"https:\/\/einheit-bernburg.de\/content\/index.php?rest_route=\/wp\/v2\/pages"}],"about":[{"href":"https:\/\/einheit-bernburg.de\/content\/index.php?rest_route=\/wp\/v2\/types\/page"}],"author":[{"embeddable":true,"href":"https:\/\/einheit-bernburg.de\/content\/index.php?rest_route=\/wp\/v2\/users\/3"}],"replies":[{"embeddable":true,"href":"https:\/\/einheit-bernburg.de\/content\/index.php?rest_route=%2Fwp%2Fv2%2Fcomments&post=555"}],"version-history":[{"count":33,"href":"https:\/\/einheit-bernburg.de\/content\/index.php?rest_route=\/wp\/v2\/pages\/555\/revisions"}],"predecessor-version":[{"id":26571,"href":"https:\/\/einheit-bernburg.de\/content\/index.php?rest_route=\/wp\/v2\/pages\/555\/revisions\/26571"}],"up":[{"embeddable":true,"href":"https:\/\/einheit-bernburg.de\/content\/index.php?rest_route=\/wp\/v2\/pages\/171"}],"wp:attachment":[{"href":"https:\/\/einheit-bernburg.de\/content\/index.php?rest_route=%2Fwp%2Fv2%2Fmedia&parent=555"}],"curies":[{"name":"wp","href":"https:\/\/api.w.org\/{rel}","templated":true}]}}