{"id":560,"date":"2015-09-30T14:22:17","date_gmt":"2015-09-30T12:22:17","guid":{"rendered":"http:\/\/einheit-bernburg.de\/content\/?page_id=560"},"modified":"2024-08-06T10:04:23","modified_gmt":"2024-08-06T08:04:23","slug":"kader-u-zielstellung-f1-junioren","status":"publish","type":"page","link":"https:\/\/einheit-bernburg.de\/content\/?page_id=560","title":{"rendered":"Archiv Kader u. Zielstellung D2-Junioren 2023\/24"},"content":{"rendered":"<h1 class=\"aufm\">SV Einheit Bernburg II.<\/h1>\n<h3>1.Kreisklasse St. 2 &#8211; 2023\/24<\/h3>\n<p>Diese Mannschaft wurde gebildet aus dem \u00e4lteren Jahrgang der letztj\u00e4hrigen 25k\u00f6pfigen E &#8211; Junioren und ist nun eine Mannschaft Jahrgang 2012 bei den D &#8211; Junioren. Als j\u00fcngerer jahrgang wird es erstmal hei\u00dfen in der neuen Altersklasse Tritt zu fassen, denn das Tempo wird h\u00f6her sein und man kann schon auf k\u00f6rperlich sehr \u00fcberlegene Gegner treffen.<br \/>\n<strong>W<\/strong><strong>ir w\u00fcnschen dem gesamten Kollektiv\u00a0 f\u00fcr das neue Spieljahr gutes Gelingen und viel Erfolg!<\/strong><\/p>\n<hr \/>\n<div class=\"su-table su-table-alternate\">\n<table style=\"height: 216px\">\n<tbody>\n<tr style=\"height: 72px\">\n<td style=\"width: 158px;height: 72px\"><strong>Ansprechpartner<\/strong><\/td>\n<td style=\"width: 476px;height: 72px\">Lothar Kral (Jugendleiter)<br \/>\nTel.: 03471 \/ 311868, Mobil: 0162 \/ 435 66 23<\/td>\n<\/tr>\n<tr style=\"height: 24px\">\n<td style=\"width: 158px;height: 24px\"><strong>Trainingszeit<\/strong><\/td>\n<td style=\"width: 476px;height: 24px\">Mittwoch u. Freitag\u00a0 16:30 Uhr &#8211; 18:00 Uhr Einheit &#8211; Sportplatz<\/td>\n<\/tr>\n<tr>\n<td style=\"width: 158px\"><strong>\u00a0<\/strong><\/td>\n<td style=\"width: 476px\"><strong>Winter<\/strong><\/td>\n<\/tr>\n<tr style=\"height: 24px\">\n<td style=\"width: 158px;height: 24px\"><strong>Hallentraining<br \/>\n<\/strong><\/td>\n<td style=\"width: 476px;height: 24px\">Montag 17:30 Uhr &#8211; 19:00 Uhr Sporthalle &#8222;T\u00f6pferwiese&#8220;<br \/>\n06.11.2023 &#8211; 11.03.2024<\/td>\n<\/tr>\n<tr style=\"height: 24px\">\n<td style=\"width: 158px;height: 24px\"><strong>Kunstrasen<br \/>\n<\/strong><\/td>\n<td style=\"width: 476px;height: 24px\"><\/td>\n<\/tr>\n<tr style=\"height: 24px\">\n<td style=\"width: 158px;height: 24px\"><strong>Trainer<\/strong><\/td>\n<td style=\"width: 476px;height: 24px\">Maik M\u00fcller:\u00a0\u00a0\u00a0\u00a0\u00a0\u00a0\u00a0\u00a0\u00a0\u00a0\u00a0\u00a0 Mobil: 0174 \/ 320 70 71<\/td>\n<\/tr>\n<tr style=\"height: 24px\">\n<td style=\"width: 158px;height: 24px\"><strong>Co &#8211; Trainer<\/strong><\/td>\n<td style=\"width: 476px;height: 24px\">Jens Hartenstein\u00a0\u00a0\u00a0\u00a0\u00a0 Mobil: 0178 \/ 352 25 17<\/td>\n<\/tr>\n<tr>\n<td style=\"width: 158px\"><strong>Co &#8211; Trainer<br \/>\n<\/strong><\/td>\n<td style=\"width: 476px\">Hannes Kersten<\/td>\n<\/tr>\n<tr style=\"height: 24px\">\n<td style=\"width: 158px;height: 24px\"><strong>Zielstellung<\/strong><\/td>\n<td style=\"width: 476px;height: 24px\">In der neuen Altersklasse etablieren und eine gute Rolle spielen<\/td>\n<\/tr>\n<\/tbody>\n<\/table>\n<\/div>\n<hr \/>\n<h3>Kader<\/h3>\n\n<table id=\"tablepress-121\" class=\"tablepress tablepress-id-121\">\n<thead>\n<tr class=\"row-1 odd\">\n\t<th class=\"column-1\">Name<\/th><th class=\"column-2\">Vorname<\/th><th class=\"column-3\">Jahrgang<\/th><th class=\"column-4\">Herkunft<\/th>\n<\/tr>\n<\/thead>\n<tbody>\n<tr class=\"row-2 even\">\n\t<td class=\"column-1\">Eckert<\/td><td class=\"column-2\">Paul<\/td><td class=\"column-3\">2011<\/td><td class=\"column-4\">SV 08 Baalberge<\/td>\n<\/tr>\n<tr class=\"row-3 odd\">\n\t<td class=\"column-1\">Alsleben<\/td><td class=\"column-2\">John Damon<\/td><td class=\"column-3\">2012<\/td><td class=\"column-4\">SV Einheit<\/td>\n<\/tr>\n<tr class=\"row-4 even\">\n\t<td class=\"column-1\">Fischer<\/td><td class=\"column-2\">Elias<\/td><td class=\"column-3\">2012<\/td><td class=\"column-4\">SV Einheit<\/td>\n<\/tr>\n<tr class=\"row-5 odd\">\n\t<td class=\"column-1\">Fr\u00f6hlich<\/td><td class=\"column-2\">Julius<\/td><td class=\"column-3\">2012<\/td><td class=\"column-4\">Schwarz-Gelb Bernburg<\/td>\n<\/tr>\n<tr class=\"row-6 even\">\n\t<td class=\"column-1\">Hartenstein<\/td><td class=\"column-2\">Lukas<\/td><td class=\"column-3\">2012<\/td><td class=\"column-4\">SV Einheit<\/td>\n<\/tr>\n<tr class=\"row-7 odd\">\n\t<td class=\"column-1\">Ho<\/td><td class=\"column-2\">Gia Bao<\/td><td class=\"column-3\">2012<\/td><td class=\"column-4\">SV Einheit<\/td>\n<\/tr>\n<tr class=\"row-8 even\">\n\t<td class=\"column-1\">M\u00fcller<\/td><td class=\"column-2\">Raphael<\/td><td class=\"column-3\">2012<\/td><td class=\"column-4\">SV Einheit<\/td>\n<\/tr>\n<tr class=\"row-9 odd\">\n\t<td class=\"column-1\">Osman<\/td><td class=\"column-2\">Mohammad<\/td><td class=\"column-3\">2012<\/td><td class=\"column-4\">SV Einheit<\/td>\n<\/tr>\n<tr class=\"row-10 even\">\n\t<td class=\"column-1\">Ozeir<\/td><td class=\"column-2\">Yannis<\/td><td class=\"column-3\">2012<\/td><td class=\"column-4\">Dresdner SC<\/td>\n<\/tr>\n<tr class=\"row-11 odd\">\n\t<td class=\"column-1\">Pfeiffer<\/td><td class=\"column-2\">Ben<\/td><td class=\"column-3\">2012<\/td><td class=\"column-4\">SV Einheit<\/td>\n<\/tr>\n<tr class=\"row-12 even\">\n\t<td class=\"column-1\">Reinhardt<\/td><td class=\"column-2\">Max<\/td><td class=\"column-3\">2012<\/td><td class=\"column-4\">SV Einheit<\/td>\n<\/tr>\n<tr class=\"row-13 odd\">\n\t<td class=\"column-1\">Timplan<\/td><td class=\"column-2\">Felix<\/td><td class=\"column-3\">2012<\/td><td class=\"column-4\">SV Einheit<\/td>\n<\/tr>\n<tr class=\"row-14 even\">\n\t<td class=\"column-1\">Werg<\/td><td class=\"column-2\">Paul<\/td><td class=\"column-3\">2012<\/td><td class=\"column-4\">SV Einheit<\/td>\n<\/tr>\n<tr class=\"row-15 odd\">\n\t<td class=\"column-1\">Schmidl<\/td><td class=\"column-2\">Stepan<\/td><td class=\"column-3\">2012<\/td><td class=\"column-4\">SV Einheit<\/td>\n<\/tr>\n<tr class=\"row-16 even\">\n\t<td class=\"column-1\"><\/td><td class=\"column-2\"><\/td><td class=\"column-3\"><\/td><td class=\"column-4\"><\/td>\n<\/tr>\n<\/tbody>\n<\/table>\n\n","protected":false},"excerpt":{"rendered":"<p>SV Einheit Bernburg II. 1.Kreisklasse St. 2 &#8211; 2023\/24 Diese Mannschaft wurde gebildet aus dem \u00e4lteren Jahrgang der letztj\u00e4hrigen 25k\u00f6pfigen E &#8211; Junioren und ist nun eine Mannschaft Jahrgang 2012 bei den D &#8211; Junioren. Als j\u00fcngerer jahrgang wird es erstmal hei\u00dfen in der neuen Altersklasse Tritt zu fassen, denn das Tempo wird h\u00f6her sein [&hellip;]<\/p>\n","protected":false},"author":3,"featured_media":0,"parent":330,"menu_order":0,"comment_status":"closed","ping_status":"closed","template":"","meta":{"footnotes":""},"_links":{"self":[{"href":"https:\/\/einheit-bernburg.de\/content\/index.php?rest_route=\/wp\/v2\/pages\/560"}],"collection":[{"href":"https:\/\/einheit-bernburg.de\/content\/index.php?rest_route=\/wp\/v2\/pages"}],"about":[{"href":"https:\/\/einheit-bernburg.de\/content\/index.php?rest_route=\/wp\/v2\/types\/page"}],"author":[{"embeddable":true,"href":"https:\/\/einheit-bernburg.de\/content\/index.php?rest_route=\/wp\/v2\/users\/3"}],"replies":[{"embeddable":true,"href":"https:\/\/einheit-bernburg.de\/content\/index.php?rest_route=%2Fwp%2Fv2%2Fcomments&post=560"}],"version-history":[{"count":69,"href":"https:\/\/einheit-bernburg.de\/content\/index.php?rest_route=\/wp\/v2\/pages\/560\/revisions"}],"predecessor-version":[{"id":37886,"href":"https:\/\/einheit-bernburg.de\/content\/index.php?rest_route=\/wp\/v2\/pages\/560\/revisions\/37886"}],"up":[{"embeddable":true,"href":"https:\/\/einheit-bernburg.de\/content\/index.php?rest_route=\/wp\/v2\/pages\/330"}],"wp:attachment":[{"href":"https:\/\/einheit-bernburg.de\/content\/index.php?rest_route=%2Fwp%2Fv2%2Fmedia&parent=560"}],"curies":[{"name":"wp","href":"https:\/\/api.w.org\/{rel}","templated":true}]}}