{"id":561,"date":"2015-09-30T14:25:43","date_gmt":"2015-09-30T12:25:43","guid":{"rendered":"http:\/\/einheit-bernburg.de\/content\/?page_id=561"},"modified":"2020-08-04T11:12:04","modified_gmt":"2020-08-04T09:12:04","slug":"kader-u-zielstellung-f2-junioren","status":"publish","type":"page","link":"https:\/\/einheit-bernburg.de\/content\/?page_id=561","title":{"rendered":"Archiv Kader u. Zielstellung E2-Junioren 2019\/20"},"content":{"rendered":"<h1 class=\"aufm\">TV Askania Bernburg<\/h1>\n<h3>Kreisklasse Staffel 1 &#8211; 2019\/20<\/h3>\n<p>Die Sch\u00fctzlinge des Trainergespanns Thomas Golembowski \/ Stafan H\u00e4dermann r\u00fccken geschlossen eine Altersklasse h\u00f6her. Das hei\u00dft, auch die Spieler, die noch bei den F &#8211; Junioren verblieben w\u00e4ren, r\u00fccken mit auf, weil man die Mannschaft einfach nicht auseinanderrei\u00dfen wollte. Mal sehen, wie sich diese Ma\u00dfnahme bew\u00e4hren wird.<br \/>\n<strong>Wir w\u00fcnschen dem gesamten Team viel Erfolg f\u00fcr das neue Spieljahr!<\/strong><\/p>\n<hr \/>\n<div class=\"su-table su-table-alternate\">\n<table>\n<tbody>\n<tr>\n<td style=\"width: 25%\"><strong>Ansprechpartner<\/strong><\/td>\n<td>Markus Becker (Jugendleiter &#8211; Askania) Mobil: 0160 \/ 973 796 29<\/p>\n<p>Lothar Kral (Sportlicher Leiter &#8211; Einheit)<br \/>\nTel.: 03471 \/ 311868, Mobil: 0162 \/ 435 66 23<\/td>\n<\/tr>\n<tr>\n<td style=\"width: 25%\"><strong>Trainingszeit<\/strong><\/td>\n<td>Montag u. Mittwoch \u00a0\u00a0\u00a0\u00a0\u00a0 16:30 Uhr &#8211; 18:00 Uhr Askania- Sportplatz<\/td>\n<\/tr>\n<tr>\n<td style=\"width: 25%\"><strong>Hallentraining<br \/>\n<\/strong><\/td>\n<td><\/td>\n<\/tr>\n<tr>\n<td style=\"width: 25%\"><strong>Kunstrasen<br \/>\n<\/strong><\/td>\n<td><\/td>\n<\/tr>\n<tr>\n<td style=\"width: 25%\"><strong>Trainer<\/strong><\/td>\n<td>Roland Golembowski\u00a0\u00a0\u00a0\u00a0\u00a0 Mobil: 0151 \/ 219 086 49<\/td>\n<\/tr>\n<tr>\n<td style=\"width: 25%\"><strong>Co &#8211; Trainer<br \/>\n<\/strong><\/td>\n<td>Stefan H\u00e4dermann\u00a0\u00a0\u00a0\u00a0\u00a0\u00a0\u00a0\u00a0\u00a0 Mobil: 0151 \/ 208 333 43<\/td>\n<\/tr>\n<tr>\n<td style=\"width: 25%\"><strong>Zielstellung<\/strong><\/td>\n<td>Bei den E-Junioren Fu\u00df fassen und sich weiter entwickeln<\/td>\n<\/tr>\n<\/tbody>\n<\/table>\n<\/div>\n<hr \/>\n<h3>Kader<\/h3>\n\n<table id=\"tablepress-78\" class=\"tablepress tablepress-id-78\">\n<thead>\n<tr class=\"row-1 odd\">\n\t<th class=\"column-1\">Name<\/th><th class=\"column-2\">Vorname<\/th><th class=\"column-3\">Jahrgang<\/th><th class=\"column-4\">Herkunft<\/th><th class=\"column-5\"><\/th><th class=\"column-6\"><\/th><th class=\"column-7\"><\/th><th class=\"column-8\"><\/th><th class=\"column-9\"><\/th>\n<\/tr>\n<\/thead>\n<tbody>\n<tr class=\"row-2 even\">\n\t<td class=\"column-1\">Algabagbe<br \/>\n<\/td><td class=\"column-2\">Faisal<\/td><td class=\"column-3\">2010<\/td><td class=\"column-4\">Askania<\/td><td class=\"column-5\"><\/td><td class=\"column-6\"><\/td><td class=\"column-7\"><\/td><td class=\"column-8\"><\/td><td class=\"column-9\"><\/td>\n<\/tr>\n<tr class=\"row-3 odd\">\n\t<td class=\"column-1\">Eyyubov<\/td><td class=\"column-2\">Ayaz<\/td><td class=\"column-3\">2009<\/td><td class=\"column-4\"> Askania<\/td><td class=\"column-5\"><\/td><td class=\"column-6\"><\/td><td class=\"column-7\"><\/td><td class=\"column-8\"><\/td><td class=\"column-9\"><\/td>\n<\/tr>\n<tr class=\"row-4 even\">\n\t<td class=\"column-1\">Batov<\/td><td class=\"column-2\">Adam<\/td><td class=\"column-3\">2009<\/td><td class=\"column-4\">Askania<\/td><td class=\"column-5\"><\/td><td class=\"column-6\"><\/td><td class=\"column-7\"><\/td><td class=\"column-8\"><\/td><td class=\"column-9\"><\/td>\n<\/tr>\n<tr class=\"row-5 odd\">\n\t<td class=\"column-1\">Eckert<\/td><td class=\"column-2\">Paul-Dietrich<\/td><td class=\"column-3\">2011<\/td><td class=\"column-4\">Askania<\/td><td class=\"column-5\"><\/td><td class=\"column-6\"><\/td><td class=\"column-7\"><\/td><td class=\"column-8\"><\/td><td class=\"column-9\"><\/td>\n<\/tr>\n<tr class=\"row-6 even\">\n\t<td class=\"column-1\">Fiedler<\/td><td class=\"column-2\">Lucas<\/td><td class=\"column-3\">2010<\/td><td class=\"column-4\">Askania<\/td><td class=\"column-5\"><\/td><td class=\"column-6\"><\/td><td class=\"column-7\"><\/td><td class=\"column-8\"><\/td><td class=\"column-9\"><\/td>\n<\/tr>\n<tr class=\"row-7 odd\">\n\t<td class=\"column-1\">Golembowski<br \/>\n<\/td><td class=\"column-2\">Christoph-Envic<br \/>\n<\/td><td class=\"column-3\">2010<\/td><td class=\"column-4\">Askania<\/td><td class=\"column-5\"><\/td><td class=\"column-6\"><\/td><td class=\"column-7\"><\/td><td class=\"column-8\"><\/td><td class=\"column-9\"><\/td>\n<\/tr>\n<tr class=\"row-8 even\">\n\t<td class=\"column-1\">H\u00e4dermann<\/td><td class=\"column-2\">Robert<\/td><td class=\"column-3\">2011<\/td><td class=\"column-4\">Askania<\/td><td class=\"column-5\"><\/td><td class=\"column-6\"><\/td><td class=\"column-7\"><\/td><td class=\"column-8\"><\/td><td class=\"column-9\"><\/td>\n<\/tr>\n<tr class=\"row-9 odd\">\n\t<td class=\"column-1\">Heller<\/td><td class=\"column-2\">Arne<\/td><td class=\"column-3\">2010<\/td><td class=\"column-4\">Askania<\/td><td class=\"column-5\"><\/td><td class=\"column-6\"><\/td><td class=\"column-7\"><\/td><td class=\"column-8\"><\/td><td class=\"column-9\"><\/td>\n<\/tr>\n<tr class=\"row-10 even\">\n\t<td class=\"column-1\">Sasse<\/td><td class=\"column-2\">Oscar<\/td><td class=\"column-3\">2010<\/td><td class=\"column-4\">Askania<\/td><td class=\"column-5\"><\/td><td class=\"column-6\"><\/td><td class=\"column-7\"><\/td><td class=\"column-8\"><\/td><td class=\"column-9\"><\/td>\n<\/tr>\n<tr class=\"row-11 odd\">\n\t<td class=\"column-1\">Schmidt<\/td><td class=\"column-2\">Luca<\/td><td class=\"column-3\">2011<\/td><td class=\"column-4\">Askania<\/td><td class=\"column-5\"><\/td><td class=\"column-6\"><\/td><td class=\"column-7\"><\/td><td class=\"column-8\"><\/td><td class=\"column-9\"><\/td>\n<\/tr>\n<tr class=\"row-12 even\">\n\t<td class=\"column-1\">Sehic<\/td><td class=\"column-2\">Vedad<\/td><td class=\"column-3\">2011<\/td><td class=\"column-4\">Askania<\/td><td class=\"column-5\"><\/td><td class=\"column-6\"><\/td><td class=\"column-7\"><\/td><td class=\"column-8\"><\/td><td class=\"column-9\"><\/td>\n<\/tr>\n<tr class=\"row-13 odd\">\n\t<td class=\"column-1\">Sonnenburg<\/td><td class=\"column-2\">Paul-Emil<\/td><td class=\"column-3\">2010<\/td><td class=\"column-4\">Askania<\/td><td class=\"column-5\"><\/td><td class=\"column-6\"><\/td><td class=\"column-7\"><\/td><td class=\"column-8\"><\/td><td class=\"column-9\"><\/td>\n<\/tr>\n<tr class=\"row-14 even\">\n\t<td class=\"column-1\">Szlack<br \/>\n<\/td><td class=\"column-2\">Jonas<\/td><td class=\"column-3\">2010<\/td><td class=\"column-4\">Askania<\/td><td class=\"column-5\"><\/td><td class=\"column-6\"><\/td><td class=\"column-7\"><\/td><td class=\"column-8\"><\/td><td class=\"column-9\"><\/td>\n<\/tr>\n<tr class=\"row-15 odd\">\n\t<td class=\"column-1\">Wirth<\/td><td class=\"column-2\">Tim-Luca<\/td><td class=\"column-3\">2010<\/td><td class=\"column-4\">Askania<\/td><td class=\"column-5\"><\/td><td class=\"column-6\"><\/td><td class=\"column-7\"><\/td><td class=\"column-8\"><\/td><td class=\"column-9\"><\/td>\n<\/tr>\n<\/tbody>\n<\/table>\n\n","protected":false},"excerpt":{"rendered":"<p>TV Askania Bernburg Kreisklasse Staffel 1 &#8211; 2019\/20 Die Sch\u00fctzlinge des Trainergespanns Thomas Golembowski \/ Stafan H\u00e4dermann r\u00fccken geschlossen eine Altersklasse h\u00f6her. Das hei\u00dft, auch die Spieler, die noch bei den F &#8211; Junioren verblieben w\u00e4ren, r\u00fccken mit auf, weil man die Mannschaft einfach nicht auseinanderrei\u00dfen wollte. Mal sehen, wie sich diese Ma\u00dfnahme bew\u00e4hren wird. [&hellip;]<\/p>\n","protected":false},"author":3,"featured_media":0,"parent":331,"menu_order":0,"comment_status":"closed","ping_status":"closed","template":"","meta":{"footnotes":""},"_links":{"self":[{"href":"https:\/\/einheit-bernburg.de\/content\/index.php?rest_route=\/wp\/v2\/pages\/561"}],"collection":[{"href":"https:\/\/einheit-bernburg.de\/content\/index.php?rest_route=\/wp\/v2\/pages"}],"about":[{"href":"https:\/\/einheit-bernburg.de\/content\/index.php?rest_route=\/wp\/v2\/types\/page"}],"author":[{"embeddable":true,"href":"https:\/\/einheit-bernburg.de\/content\/index.php?rest_route=\/wp\/v2\/users\/3"}],"replies":[{"embeddable":true,"href":"https:\/\/einheit-bernburg.de\/content\/index.php?rest_route=%2Fwp%2Fv2%2Fcomments&post=561"}],"version-history":[{"count":34,"href":"https:\/\/einheit-bernburg.de\/content\/index.php?rest_route=\/wp\/v2\/pages\/561\/revisions"}],"predecessor-version":[{"id":24123,"href":"https:\/\/einheit-bernburg.de\/content\/index.php?rest_route=\/wp\/v2\/pages\/561\/revisions\/24123"}],"up":[{"embeddable":true,"href":"https:\/\/einheit-bernburg.de\/content\/index.php?rest_route=\/wp\/v2\/pages\/331"}],"wp:attachment":[{"href":"https:\/\/einheit-bernburg.de\/content\/index.php?rest_route=%2Fwp%2Fv2%2Fmedia&parent=561"}],"curies":[{"name":"wp","href":"https:\/\/api.w.org\/{rel}","templated":true}]}}