{"id":563,"date":"2015-09-30T14:31:10","date_gmt":"2015-09-30T12:31:10","guid":{"rendered":"http:\/\/einheit-bernburg.de\/content\/?page_id=563"},"modified":"2018-07-27T09:45:44","modified_gmt":"2018-07-27T07:45:44","slug":"kader-u-zielstellung-g-junioren-tv-askania-bernburg","status":"publish","type":"page","link":"https:\/\/einheit-bernburg.de\/content\/?page_id=563","title":{"rendered":"Archiv Kader u. Zielstellung G-Junioren TV Askania Bernburg 2017\/18"},"content":{"rendered":"<h1 class=\"aufm\">TV Askania Bernburg<\/h1>\n<h3>2017\/18<\/h3>\n<p>Auch der TV Askania Bernburg m\u00f6chte wieder eine Bambinimannschaft aufbauen. Ein Trainer daf\u00fcr st\u00e4nde mit Enrico Pietzsch auch schon zur Verf\u00fcgung. Bei Interesse kann man sich unter unten stehenden Telefonnummern erkundigen.<br \/>\nSollte der Aufbau einer Mannschaft beim TVA in diesem jahr nicht gelingen, besteht f\u00fcr interessierte Jungs und M\u00e4dels die M\u00f6glichkeit beim Kooperationspartner SV Einheit (Sportplatz an der &#8222;T\u00f6pferwiese&#8220; unterhalb des Bernburger Schlosses) zu trainerieren &#8211; siehe auch auf dieser Homepage unter G- Junioren Einheit.<\/p>\n<hr \/>\n<div class=\"su-table su-table-alternate\">\n<table>\n<tbody>\n<tr>\n<td style=\"width: 25%\"><strong>Ansprechpartner<\/strong><\/td>\n<td>Markus Becker (Jugendleiter &#8211; Askania) Mobil: 0160 \/ 973 796 29<\/td>\n<\/tr>\n<tr>\n<td style=\"width: 25%\"><strong>Trainingszeit<br \/>\n<\/strong><\/td>\n<td>? &#8211; Askania &#8211; Sportplatz<\/td>\n<\/tr>\n<tr>\n<td style=\"width: 25%\"><strong>Hallentraining<\/strong><\/td>\n<td><\/td>\n<\/tr>\n<tr>\n<td style=\"width: 25%\"><strong>Trainer<\/strong><\/td>\n<td>Enrico Pietzsch\u00a0 Mobil: <span class=\"st\">0177 \/ 894 39 16<\/span><\/td>\n<\/tr>\n<tr>\n<td style=\"width: 25%\"><strong>Co &#8211; Trainer<\/strong><\/td>\n<td><\/td>\n<\/tr>\n<tr>\n<td style=\"width: 25%\"><strong>Zielstellung<\/strong><\/td>\n<td>Spa\u00df und Spielfreude am Fu\u00dfballspiel entwickeln und f\u00f6rdern<\/td>\n<\/tr>\n<\/tbody>\n<\/table>\n<\/div>\n<hr \/>\n<h3>Kader<\/h3>\n<p>&nbsp;<\/p>\n","protected":false},"excerpt":{"rendered":"<p>TV Askania Bernburg 2017\/18 Auch der TV Askania Bernburg m\u00f6chte wieder eine Bambinimannschaft aufbauen. Ein Trainer daf\u00fcr st\u00e4nde mit Enrico Pietzsch auch schon zur Verf\u00fcgung. Bei Interesse kann man sich unter unten stehenden Telefonnummern erkundigen. Sollte der Aufbau einer Mannschaft beim TVA in diesem jahr nicht gelingen, besteht f\u00fcr interessierte Jungs und M\u00e4dels die M\u00f6glichkeit [&hellip;]<\/p>\n","protected":false},"author":3,"featured_media":0,"parent":334,"menu_order":0,"comment_status":"closed","ping_status":"closed","template":"","meta":{"footnotes":""},"_links":{"self":[{"href":"https:\/\/einheit-bernburg.de\/content\/index.php?rest_route=\/wp\/v2\/pages\/563"}],"collection":[{"href":"https:\/\/einheit-bernburg.de\/content\/index.php?rest_route=\/wp\/v2\/pages"}],"about":[{"href":"https:\/\/einheit-bernburg.de\/content\/index.php?rest_route=\/wp\/v2\/types\/page"}],"author":[{"embeddable":true,"href":"https:\/\/einheit-bernburg.de\/content\/index.php?rest_route=\/wp\/v2\/users\/3"}],"replies":[{"embeddable":true,"href":"https:\/\/einheit-bernburg.de\/content\/index.php?rest_route=%2Fwp%2Fv2%2Fcomments&post=563"}],"version-history":[{"count":13,"href":"https:\/\/einheit-bernburg.de\/content\/index.php?rest_route=\/wp\/v2\/pages\/563\/revisions"}],"predecessor-version":[{"id":14568,"href":"https:\/\/einheit-bernburg.de\/content\/index.php?rest_route=\/wp\/v2\/pages\/563\/revisions\/14568"}],"up":[{"embeddable":true,"href":"https:\/\/einheit-bernburg.de\/content\/index.php?rest_route=\/wp\/v2\/pages\/334"}],"wp:attachment":[{"href":"https:\/\/einheit-bernburg.de\/content\/index.php?rest_route=%2Fwp%2Fv2%2Fmedia&parent=563"}],"curies":[{"name":"wp","href":"https:\/\/api.w.org\/{rel}","templated":true}]}}