{"id":7940,"date":"2017-07-06T10:30:48","date_gmt":"2017-07-06T08:30:48","guid":{"rendered":"http:\/\/einheit-bernburg.de\/content\/?page_id=7940"},"modified":"2017-07-06T10:30:48","modified_gmt":"2017-07-06T08:30:48","slug":"archiv-kader-u-zielstellung-2-herren-201617","status":"publish","type":"page","link":"https:\/\/einheit-bernburg.de\/content\/?page_id=7940","title":{"rendered":"Archiv Kader u. Zielstellung 2. Herren 2016\/17"},"content":{"rendered":"<h1>SV Einheit Bernburg II.<\/h1>\n<h3>2. Kreisklasse Staffel 1 \u2013 2016\/17<\/h3>\n<p>Die Kreisklassen wurden wurden f\u00fcr die neue Saison umstruktuiert. So gibt es ab dem Spieljahr 2016\/17 wieder, neben der 1.Kreisklasse, auch eine 2.Kreisklasse. Um die 1.Kreisklasse zu erhalten, h\u00e4tte unsere 2.Mannschaft mindestens den 7.Platz erreichen m\u00fcssen. Leider langte es nur zu Platz 9.<br \/>\nSo spielt man nun in der laufenden Saison in der 2.Kreisklasse Staffel 1. Man wird sich neu formieren m\u00fcssen und sehen, wozu es in dieser Spielklasse mit dem vorhandenen Kader reichen wird.<br \/>\nHoffen wir, dass die 1.Mannschaft von gr\u00f6\u00dferen Veretzungen weitestgehend verschont bleibt, damit sie die Zweite bei dem Vorhaben einen Platz im oberen Mittelfeld zu erobern unterst\u00fctzen kann.<\/p>\n<p>Wir w\u00fcnschen der Mannschaft mit ihrem F\u00fchrungsduo Hans &#8211; Dieter Bunk und Egon Knauft ein erfolgreiches Spieljahr 2015\/16.<\/p>\n<hr \/>\n<div class=\"su-table su-table-alternate\">\n<table>\n<tbody>\n<tr>\n<td style=\"width: 25%\"><strong>Ansprechpartner<\/strong><\/td>\n<td>Lothar Kral (Sportlicher Leiter)<br \/>\nTel.: 03471\/311868, Mobil: 0177 \/ 939 42 32<\/td>\n<\/tr>\n<tr>\n<td style=\"width: 25%\"><strong>Trainingszeit<\/strong><\/td>\n<td>Dienstag u. Donnerstag 18:30 &#8211; 20:00 Uhr (Einheitplatz)<\/td>\n<\/tr>\n<tr>\n<td style=\"width: 25%\"><strong>Trainer<\/strong><\/td>\n<td>Hans &#8211; Dieter Bunk \u00a0\u00a0 Mobil: 0152 \/ 539 093 92<\/td>\n<\/tr>\n<tr>\n<td style=\"width: 25%\"><strong>Betreuer<\/strong><\/td>\n<td>Egon Knauft\u00a0\u00a0 \u00a0\u00a0\u00a0\u00a0\u00a0\u00a0\u00a0\u00a0\u00a0\u00a0\u00a0\u00a0 Mobil: 0176 \/ 341 624 40<\/td>\n<\/tr>\n<tr>\n<td style=\"width: 25%\"><strong>Zielstellung<\/strong><\/td>\n<td>vorderer Mittelfeldplatz<\/td>\n<\/tr>\n<\/tbody>\n<\/table>\n<\/div>\n<hr \/>\n<h3>Kader<\/h3>\n\n<table id=\"tablepress-19\" class=\"tablepress tablepress-id-19\">\n<thead>\n<tr class=\"row-1 odd\">\n\t<th class=\"column-1\">Lfd.Nr.<\/th><th class=\"column-2\">Name<\/th><th class=\"column-3\">Vorname<\/th><th class=\"column-4\">Geb.-Datum<\/th><th class=\"column-5\">Zug\u00e4nge (woher)<\/th>\n<\/tr>\n<\/thead>\n<tbody>\n<tr class=\"row-2 even\">\n\t<td class=\"column-1\">1<\/td><td class=\"column-2\">Apel<\/td><td class=\"column-3\">Michael<\/td><td class=\"column-4\">03.12.1990<\/td><td class=\"column-5\"><\/td>\n<\/tr>\n<tr class=\"row-3 odd\">\n\t<td class=\"column-1\">2<\/td><td class=\"column-2\">Beume<\/td><td class=\"column-3\">Christian<\/td><td class=\"column-4\">18.03.1991<\/td><td class=\"column-5\"><\/td>\n<\/tr>\n<tr class=\"row-4 even\">\n\t<td class=\"column-1\">3<\/td><td class=\"column-2\">Bleicher <\/td><td class=\"column-3\">Nico<\/td><td class=\"column-4\">03.04.1995<\/td><td class=\"column-5\">Schwarz-Gelb Bernburg<\/td>\n<\/tr>\n<tr class=\"row-5 odd\">\n\t<td class=\"column-1\">4<\/td><td class=\"column-2\">Busch<\/td><td class=\"column-3\">Roland<\/td><td class=\"column-4\">20.02.1980<\/td><td class=\"column-5\"><\/td>\n<\/tr>\n<tr class=\"row-6 even\">\n\t<td class=\"column-1\">5<\/td><td class=\"column-2\">Dietrich<\/td><td class=\"column-3\">Kevin<\/td><td class=\"column-4\">02.12.1995<\/td><td class=\"column-5\">TV Askania Bernburg<\/td>\n<\/tr>\n<tr class=\"row-7 odd\">\n\t<td class=\"column-1\">6<\/td><td class=\"column-2\">Dilz<\/td><td class=\"column-3\">Christian<\/td><td class=\"column-4\">11.05.1979<\/td><td class=\"column-5\">Bernburger FC<\/td>\n<\/tr>\n<tr class=\"row-8 even\">\n\t<td class=\"column-1\">7<\/td><td class=\"column-2\">Eggert<\/td><td class=\"column-3\">Steffen<\/td><td class=\"column-4\">16.10.1970<\/td><td class=\"column-5\">Alte Herren<\/td>\n<\/tr>\n<tr class=\"row-9 odd\">\n\t<td class=\"column-1\">8<\/td><td class=\"column-2\">Engelke<\/td><td class=\"column-3\">Sebastian<\/td><td class=\"column-4\">08.02.1983<\/td><td class=\"column-5\"><\/td>\n<\/tr>\n<tr class=\"row-10 even\">\n\t<td class=\"column-1\">9<\/td><td class=\"column-2\">Henke<\/td><td class=\"column-3\">Alexander<\/td><td class=\"column-4\">29.04.1991<\/td><td class=\"column-5\">reaktiviert<\/td>\n<\/tr>\n<tr class=\"row-11 odd\">\n\t<td class=\"column-1\">10<\/td><td class=\"column-2\">Henke<\/td><td class=\"column-3\">Christoph<\/td><td class=\"column-4\">12.12.1983<\/td><td class=\"column-5\"><\/td>\n<\/tr>\n<tr class=\"row-12 even\">\n\t<td class=\"column-1\">11<\/td><td class=\"column-2\">Henke<\/td><td class=\"column-3\">Sebastian<\/td><td class=\"column-4\">02.12.1982<\/td><td class=\"column-5\"><\/td>\n<\/tr>\n<tr class=\"row-13 odd\">\n\t<td class=\"column-1\">12<\/td><td class=\"column-2\">Henze <\/td><td class=\"column-3\">Daniel<\/td><td class=\"column-4\">15.04.1975<\/td><td class=\"column-5\"><\/td>\n<\/tr>\n<tr class=\"row-14 even\">\n\t<td class=\"column-1\">13<\/td><td class=\"column-2\">Jethon<\/td><td class=\"column-3\">Bj\u00f6rn<\/td><td class=\"column-4\">30.04.1993<\/td><td class=\"column-5\"><\/td>\n<\/tr>\n<tr class=\"row-15 odd\">\n\t<td class=\"column-1\">14<\/td><td class=\"column-2\">Kinzuraschwili<\/td><td class=\"column-3\">Henry<\/td><td class=\"column-4\">06.05.1991<\/td><td class=\"column-5\"><\/td>\n<\/tr>\n<tr class=\"row-16 even\">\n\t<td class=\"column-1\">15<\/td><td class=\"column-2\">Kral<\/td><td class=\"column-3\">David<\/td><td class=\"column-4\">23.02.1978<\/td><td class=\"column-5\"><\/td>\n<\/tr>\n<tr class=\"row-17 odd\">\n\t<td class=\"column-1\">16<\/td><td class=\"column-2\">Kupka <\/td><td class=\"column-3\">Leroy<\/td><td class=\"column-4\">10.05.1997<\/td><td class=\"column-5\"><\/td>\n<\/tr>\n<tr class=\"row-18 even\">\n\t<td class=\"column-1\">17<\/td><td class=\"column-2\">Mehrholz<\/td><td class=\"column-3\">Philipp<\/td><td class=\"column-4\">07.01.1992<\/td><td class=\"column-5\"><\/td>\n<\/tr>\n<tr class=\"row-19 odd\">\n\t<td class=\"column-1\">18<\/td><td class=\"column-2\">Merkel<\/td><td class=\"column-3\">Marcel<\/td><td class=\"column-4\">22.02.1986<\/td><td class=\"column-5\"><\/td>\n<\/tr>\n<tr class=\"row-20 even\">\n\t<td class=\"column-1\">19<\/td><td class=\"column-2\">Meyer<\/td><td class=\"column-3\">Eric<\/td><td class=\"column-4\">28.02.1992<\/td><td class=\"column-5\"><\/td>\n<\/tr>\n<tr class=\"row-21 odd\">\n\t<td class=\"column-1\">20<\/td><td class=\"column-2\">Neumann<\/td><td class=\"column-3\">Sven<\/td><td class=\"column-4\">17.04.1996<\/td><td class=\"column-5\">Schwarz-Gelb Bernburg<\/td>\n<\/tr>\n<tr class=\"row-22 even\">\n\t<td class=\"column-1\">21<\/td><td class=\"column-2\">Nielsen<\/td><td class=\"column-3\">Alexander<\/td><td class=\"column-4\">08.01.1990<\/td><td class=\"column-5\"><\/td>\n<\/tr>\n<tr class=\"row-23 odd\">\n\t<td class=\"column-1\">22<\/td><td class=\"column-2\">Rehfeld<\/td><td class=\"column-3\">Thorsten<\/td><td class=\"column-4\">03.04.1977<\/td><td class=\"column-5\"><\/td>\n<\/tr>\n<tr class=\"row-24 even\">\n\t<td class=\"column-1\">23<\/td><td class=\"column-2\">R\u00f6diger<\/td><td class=\"column-3\">Marc<\/td><td class=\"column-4\">16.09.1976<\/td><td class=\"column-5\"><\/td>\n<\/tr>\n<tr class=\"row-25 odd\">\n\t<td class=\"column-1\">24<\/td><td class=\"column-2\">Schmidt<\/td><td class=\"column-3\">Andy<\/td><td class=\"column-4\">19.04.1992<\/td><td class=\"column-5\"><\/td>\n<\/tr>\n<tr class=\"row-26 even\">\n\t<td class=\"column-1\">25<\/td><td class=\"column-2\">Souschek<\/td><td class=\"column-3\">Jonas<\/td><td class=\"column-4\">29.12.1997<\/td><td class=\"column-5\"><\/td>\n<\/tr>\n<tr class=\"row-27 odd\">\n\t<td class=\"column-1\">26<\/td><td class=\"column-2\">Voigt<\/td><td class=\"column-3\">Ren\u00e9<\/td><td class=\"column-4\">21.02.1986<\/td><td class=\"column-5\"><\/td>\n<\/tr>\n<tr class=\"row-28 even\">\n\t<td class=\"column-1\">27<\/td><td class=\"column-2\">Wiltner<\/td><td class=\"column-3\">Marc Steven<\/td><td class=\"column-4\">07.08.1997<\/td><td class=\"column-5\"> <\/td>\n<\/tr>\n<tr class=\"row-29 odd\">\n\t<td class=\"column-1\">28<\/td><td class=\"column-2\">Zipfel<\/td><td class=\"column-3\">Julien<\/td><td class=\"column-4\">11.07.1994<\/td><td class=\"column-5\"><\/td>\n<\/tr>\n<\/tbody>\n<\/table>\n\n<h3>Abg\u00e4nge:<\/h3>\n<p>Robert Beck, Philipp Mehrholz (beide 1.Mannschaft), Daniel B\u00f6hm (BSC Biendorf), Rick Beyreuther (SG Gr\u00fcn-Wei\u00df Beesenlaublingen), Stefan Goldhorn (TSV Preu\u00dflitz), Peter Henze (SV Blau-Wei\u00df K\u00f6nnern), Ricardo Apel (Laufbahn beendet)<\/p>\n","protected":false},"excerpt":{"rendered":"<p>SV Einheit Bernburg II. 2. Kreisklasse Staffel 1 \u2013 2016\/17 Die Kreisklassen wurden wurden f\u00fcr die neue Saison umstruktuiert. So gibt es ab dem Spieljahr 2016\/17 wieder, neben der 1.Kreisklasse, auch eine 2.Kreisklasse. Um die 1.Kreisklasse zu erhalten, h\u00e4tte unsere 2.Mannschaft mindestens den 7.Platz erreichen m\u00fcssen. Leider langte es nur zu Platz 9. So spielt [&hellip;]<\/p>\n","protected":false},"author":3,"featured_media":0,"parent":7898,"menu_order":0,"comment_status":"closed","ping_status":"closed","template":"","meta":{"footnotes":""},"_links":{"self":[{"href":"https:\/\/einheit-bernburg.de\/content\/index.php?rest_route=\/wp\/v2\/pages\/7940"}],"collection":[{"href":"https:\/\/einheit-bernburg.de\/content\/index.php?rest_route=\/wp\/v2\/pages"}],"about":[{"href":"https:\/\/einheit-bernburg.de\/content\/index.php?rest_route=\/wp\/v2\/types\/page"}],"author":[{"embeddable":true,"href":"https:\/\/einheit-bernburg.de\/content\/index.php?rest_route=\/wp\/v2\/users\/3"}],"replies":[{"embeddable":true,"href":"https:\/\/einheit-bernburg.de\/content\/index.php?rest_route=%2Fwp%2Fv2%2Fcomments&post=7940"}],"version-history":[{"count":1,"href":"https:\/\/einheit-bernburg.de\/content\/index.php?rest_route=\/wp\/v2\/pages\/7940\/revisions"}],"predecessor-version":[{"id":7941,"href":"https:\/\/einheit-bernburg.de\/content\/index.php?rest_route=\/wp\/v2\/pages\/7940\/revisions\/7941"}],"up":[{"embeddable":true,"href":"https:\/\/einheit-bernburg.de\/content\/index.php?rest_route=\/wp\/v2\/pages\/7898"}],"wp:attachment":[{"href":"https:\/\/einheit-bernburg.de\/content\/index.php?rest_route=%2Fwp%2Fv2%2Fmedia&parent=7940"}],"curies":[{"name":"wp","href":"https:\/\/api.w.org\/{rel}","templated":true}]}}