{"id":8229,"date":"2017-08-07T13:36:55","date_gmt":"2017-08-07T11:36:55","guid":{"rendered":"http:\/\/einheit-bernburg.de\/content\/?page_id=8229"},"modified":"2017-08-07T13:41:33","modified_gmt":"2017-08-07T11:41:33","slug":"archiv-kader-u-zielstellung-a-junioren-201617","status":"publish","type":"page","link":"https:\/\/einheit-bernburg.de\/content\/?page_id=8229","title":{"rendered":"Archiv Kader u. Zielstellung A-Junioren 2016\/17"},"content":{"rendered":"<h1>TV Askania Bernburg<\/h1>\n<h3>Landesliga Staffel 6 &#8211; 2016\/17<\/h3>\n<p>Die bisherigen Trainer in dieser Altersklasse haben aus verschiedenen Gr\u00fcnden ihre Trainerlaufbahn vorerst beendet. Schade eigentlich, denn sie leisteten in den vergangenen Jahren tolle Arbeit und daf\u00fcr danken wir ihnen sehr. Im letzten Spieljahr f\u00fchrten sie die A &#8211; Junioren der KOOP Askania-Einheit in der Landesliga Staffel 6 zum Vizemeistertitel.<br \/>\nIn aktuellen Spieljahr werden A &#8211; Junioren vom neuen Trainergespann Kevin Ninschkewitz und Trainerroutenier R\u00fcdiger Elze auf die Jagd nach Punkten geschickt &#8211; dieses Mal in der Staffel 5 der Landesliga, aber nicht weniger aussichtsreich als in der Vorsaison. Schlie\u00dflich r\u00fcckt fast der gesamte Verbandsliga B-Juniorenkader der letzten Saison in die h\u00f6here Altersklasse auf und gesellt sich um verbliebene Leistungstr\u00e4ger wie Maximilian Pabst oder Hannes Bader, um zwei Beispiele zu nennen.<br \/>\nDieser Kader sollte eigentlich \u00fcber gen\u00fcgend Potential verf\u00fcgen, um wieder eine gro\u00dfartige Saison spielen zu k\u00f6nnen.<\/p>\n<p><em>Dazu w\u00fcnschen dem neuen Trainergespann und seiner Mannschaft viel Erfolg!<\/em><\/p>\n<hr \/>\n<div class=\"su-table su-table-alternate\">\n<table>\n<tbody>\n<tr>\n<td style=\"width: 25%\"><strong>Ansprechpartner<\/strong><\/td>\n<td>Lothar Kral (Sportlicher Leiter)<br \/>\nTel.: 03471\/311868, Mobil: 0177 \/ 939 42 32Markus Becker (Jugendleiter &#8211; Askania)\u00a0\u00a0\u00a0\u00a0\u00a0 Mobil: 0160 \/ 973 796 29<\/td>\n<\/tr>\n<tr>\n<td style=\"width: 25%\"><strong>Trainingszeit<\/strong><\/td>\n<td>Mittwoch u. Freitag jeweils 17:30 Uhr &#8211; 19:00 Uhr Askania &#8211; Sportplatz<\/td>\n<\/tr>\n<tr>\n<td style=\"width: 25%\"><strong>Trainer<\/strong><\/td>\n<td>Kevin Ninschkewitz \u00a0\u00a0\u00a0\u00a0\u00a0\u00a0\u00a0\u00a0 Mobil: 0178 \/ 689 26 64<\/p>\n<p>R\u00fcdiger Elze \u00a0\u00a0\u00a0\u00a0\u00a0\u00a0\u00a0\u00a0\u00a0\u00a0\u00a0\u00a0\u00a0\u00a0\u00a0\u00a0\u00a0\u00a0\u00a0\u00a0\u00a0 Mobil: 0163 \/ 302 92 96<\/td>\n<\/tr>\n<tr>\n<td style=\"width: 25%\"><strong>Betreuer<\/strong><\/td>\n<td><\/td>\n<\/tr>\n<tr>\n<td style=\"width: 25%\"><strong>Zielstellung<\/strong><\/td>\n<td><\/td>\n<\/tr>\n<\/tbody>\n<\/table>\n<\/div>\n<hr \/>\n<h3>Kader<\/h3>\n\n<table id=\"tablepress-29\" class=\"tablepress tablepress-id-29\">\n<thead>\n<tr class=\"row-1 odd\">\n\t<th class=\"column-1\">Name<\/th><th class=\"column-2\">Vorname<\/th><th class=\"column-3\">Geb.-Datum<\/th><th class=\"column-4\">Herkunft<\/th>\n<\/tr>\n<\/thead>\n<tbody>\n<tr class=\"row-2 even\">\n\t<td class=\"column-1\">Bader<\/td><td class=\"column-2\">Hannes<\/td><td class=\"column-3\">31.10.1998<\/td><td class=\"column-4\">Askania<\/td>\n<\/tr>\n<tr class=\"row-3 odd\">\n\t<td class=\"column-1\">B\u00f6ttcher <\/td><td class=\"column-2\">Helmut<\/td><td class=\"column-3\">31.03.1999<\/td><td class=\"column-4\">Askania<\/td>\n<\/tr>\n<tr class=\"row-4 even\">\n\t<td class=\"column-1\">Christiansen<\/td><td class=\"column-2\">Benjamin<\/td><td class=\"column-3\">19.12.1999<\/td><td class=\"column-4\">Askania<\/td>\n<\/tr>\n<tr class=\"row-5 odd\">\n\t<td class=\"column-1\">Denisenko<\/td><td class=\"column-2\">Evgeni<\/td><td class=\"column-3\">22.05.1999<\/td><td class=\"column-4\">Askania<\/td>\n<\/tr>\n<tr class=\"row-6 even\">\n\t<td class=\"column-1\">Donath<\/td><td class=\"column-2\">Jonas<\/td><td class=\"column-3\">09.03.1999<\/td><td class=\"column-4\">Askania<\/td>\n<\/tr>\n<tr class=\"row-7 odd\">\n\t<td class=\"column-1\">Ehrhardt<\/td><td class=\"column-2\">Andreas<\/td><td class=\"column-3\">10.08.1999<\/td><td class=\"column-4\">Askania<\/td>\n<\/tr>\n<tr class=\"row-8 even\">\n\t<td class=\"column-1\">Janek<\/td><td class=\"column-2\">Niclas<\/td><td class=\"column-3\">01.04.1998<\/td><td class=\"column-4\">Einheit<\/td>\n<\/tr>\n<tr class=\"row-9 odd\">\n\t<td class=\"column-1\">Kniesche<\/td><td class=\"column-2\">Karl<\/td><td class=\"column-3\">22.02.1998<\/td><td class=\"column-4\">Askania<\/td>\n<\/tr>\n<tr class=\"row-10 even\">\n\t<td class=\"column-1\">Lange<\/td><td class=\"column-2\">Calvin<\/td><td class=\"column-3\">07.10.1999<\/td><td class=\"column-4\">Askania<\/td>\n<\/tr>\n<tr class=\"row-11 odd\">\n\t<td class=\"column-1\">Luthe<\/td><td class=\"column-2\">Vincent<\/td><td class=\"column-3\">06.06.1999<\/td><td class=\"column-4\">Askania<\/td>\n<\/tr>\n<tr class=\"row-12 even\">\n\t<td class=\"column-1\">Pabst<\/td><td class=\"column-2\">Maximilian<\/td><td class=\"column-3\">05.03.1998<\/td><td class=\"column-4\">Einheit<\/td>\n<\/tr>\n<tr class=\"row-13 odd\">\n\t<td class=\"column-1\">Reimer<\/td><td class=\"column-2\">Lucas<\/td><td class=\"column-3\">11.02.1998<\/td><td class=\"column-4\">Einheit<\/td>\n<\/tr>\n<tr class=\"row-14 even\">\n\t<td class=\"column-1\">Nietschmann<\/td><td class=\"column-2\">Nils<\/td><td class=\"column-3\">03.10.1999<\/td><td class=\"column-4\">Einheit<\/td>\n<\/tr>\n<tr class=\"row-15 odd\">\n\t<td class=\"column-1\">Pietzsch<\/td><td class=\"column-2\">Hannes<\/td><td class=\"column-3\">09.11.1999<\/td><td class=\"column-4\">Askania<\/td>\n<\/tr>\n<tr class=\"row-16 even\">\n\t<td class=\"column-1\">Pullner<\/td><td class=\"column-2\">Robby<\/td><td class=\"column-3\">05.03.1999<\/td><td class=\"column-4\">Askania<\/td>\n<\/tr>\n<tr class=\"row-17 odd\">\n\t<td class=\"column-1\">R\u00fcger<\/td><td class=\"column-2\">Ruven<\/td><td class=\"column-3\">02.12.1999<\/td><td class=\"column-4\">Askania<\/td>\n<\/tr>\n<tr class=\"row-18 even\">\n\t<td class=\"column-1\">Schulze<\/td><td class=\"column-2\">Dennis<\/td><td class=\"column-3\">06.12.1998<\/td><td class=\"column-4\">Askania<\/td>\n<\/tr>\n<tr class=\"row-19 odd\">\n\t<td class=\"column-1\">Tore<\/td><td class=\"column-2\">Mohammed Al - Ali<\/td><td class=\"column-3\">05.12.1998<\/td><td class=\"column-4\">GS SV Pl\u00f6tzkau<\/td>\n<\/tr>\n<tr class=\"row-20 even\">\n\t<td class=\"column-1\">Wasserberg<\/td><td class=\"column-2\">Jan Eric<\/td><td class=\"column-3\">19.12.1999<\/td><td class=\"column-4\">GS Schw.-Gelb Bernburg<\/td>\n<\/tr>\n<tr class=\"row-21 odd\">\n\t<td class=\"column-1\">Westphal<\/td><td class=\"column-2\">Kay Uwe<\/td><td class=\"column-3\"> 08.08.1999<\/td><td class=\"column-4\">Askania<\/td>\n<\/tr>\n<tr class=\"row-22 even\">\n\t<td class=\"column-1\">W\u00fcnsch<\/td><td class=\"column-2\">Dominic<\/td><td class=\"column-3\">25.04.1999<\/td><td class=\"column-4\">Askania<\/td>\n<\/tr>\n<\/tbody>\n<\/table>\n\n","protected":false},"excerpt":{"rendered":"<p>TV Askania Bernburg Landesliga Staffel 6 &#8211; 2016\/17 Die bisherigen Trainer in dieser Altersklasse haben aus verschiedenen Gr\u00fcnden ihre Trainerlaufbahn vorerst beendet. Schade eigentlich, denn sie leisteten in den vergangenen Jahren tolle Arbeit und daf\u00fcr danken wir ihnen sehr. Im letzten Spieljahr f\u00fchrten sie die A &#8211; Junioren der KOOP Askania-Einheit in der Landesliga Staffel [&hellip;]<\/p>\n","protected":false},"author":3,"featured_media":0,"parent":8214,"menu_order":0,"comment_status":"closed","ping_status":"closed","template":"","meta":{"footnotes":""},"_links":{"self":[{"href":"https:\/\/einheit-bernburg.de\/content\/index.php?rest_route=\/wp\/v2\/pages\/8229"}],"collection":[{"href":"https:\/\/einheit-bernburg.de\/content\/index.php?rest_route=\/wp\/v2\/pages"}],"about":[{"href":"https:\/\/einheit-bernburg.de\/content\/index.php?rest_route=\/wp\/v2\/types\/page"}],"author":[{"embeddable":true,"href":"https:\/\/einheit-bernburg.de\/content\/index.php?rest_route=\/wp\/v2\/users\/3"}],"replies":[{"embeddable":true,"href":"https:\/\/einheit-bernburg.de\/content\/index.php?rest_route=%2Fwp%2Fv2%2Fcomments&post=8229"}],"version-history":[{"count":3,"href":"https:\/\/einheit-bernburg.de\/content\/index.php?rest_route=\/wp\/v2\/pages\/8229\/revisions"}],"predecessor-version":[{"id":8245,"href":"https:\/\/einheit-bernburg.de\/content\/index.php?rest_route=\/wp\/v2\/pages\/8229\/revisions\/8245"}],"up":[{"embeddable":true,"href":"https:\/\/einheit-bernburg.de\/content\/index.php?rest_route=\/wp\/v2\/pages\/8214"}],"wp:attachment":[{"href":"https:\/\/einheit-bernburg.de\/content\/index.php?rest_route=%2Fwp%2Fv2%2Fmedia&parent=8229"}],"curies":[{"name":"wp","href":"https:\/\/api.w.org\/{rel}","templated":true}]}}