{"id":8234,"date":"2017-08-07T13:42:13","date_gmt":"2017-08-07T11:42:13","guid":{"rendered":"http:\/\/einheit-bernburg.de\/content\/?page_id=8234"},"modified":"2017-08-07T13:42:13","modified_gmt":"2017-08-07T11:42:13","slug":"archiv-b-junioren-201617","status":"publish","type":"page","link":"https:\/\/einheit-bernburg.de\/content\/?page_id=8234","title":{"rendered":"Archiv B-Junioren 2016\/17"},"content":{"rendered":"<h1 class=\"aufm\">Spg. Askania Bernburg\/Einheit Bernburg<\/h1>\n<h3 class=\"aufm\">Verbandsliga Staffel S\u00fcd &#8211; 2016\/17<\/h3>\n<p><a href=\"http:\/\/einheit-bernburg.de\/content\/wp-content\/uploads\/2015\/09\/B-Jun._2016-17_21.08.16.jpg\"><noscript><img decoding=\"async\" class=\"alignnone wp-image-4656 size-large\" src=\"http:\/\/einheit-bernburg.de\/content\/wp-content\/uploads\/2015\/09\/B-Jun._2016-17_21.08.16-1024x682.jpg\" alt=\"B-Jun._2016-17_21.08.16\" width=\"1024\" height=\"682\" srcset=\"https:\/\/einheit-bernburg.de\/content\/wp-content\/uploads\/2015\/09\/B-Jun._2016-17_21.08.16.jpg 1024w, https:\/\/einheit-bernburg.de\/content\/wp-content\/uploads\/2015\/09\/B-Jun._2016-17_21.08.16-300x200.jpg 300w, https:\/\/einheit-bernburg.de\/content\/wp-content\/uploads\/2015\/09\/B-Jun._2016-17_21.08.16-768x512.jpg 768w\" sizes=\"(max-width: 1024px) 100vw, 1024px\"><\/noscript><img decoding=\"async\" class=\"alignnone wp-image-4656 size-large lazyload\" src=\"data:image\/svg+xml,%3Csvg%20xmlns%3D%22http%3A%2F%2Fwww.w3.org%2F2000%2Fsvg%22%20viewBox%3D%220%200%201024%20682%22%3E%3C%2Fsvg%3E\" alt=\"B-Jun._2016-17_21.08.16\" width=\"1024\" height=\"682\" srcset=\"data:image\/svg+xml,%3Csvg%20xmlns%3D%22http%3A%2F%2Fwww.w3.org%2F2000%2Fsvg%22%20viewBox%3D%220%200%201024%20682%22%3E%3C%2Fsvg%3E 1024w\" sizes=\"(max-width: 1024px) 100vw, 1024px\" data-srcset=\"https:\/\/einheit-bernburg.de\/content\/wp-content\/uploads\/2015\/09\/B-Jun._2016-17_21.08.16.jpg 1024w, https:\/\/einheit-bernburg.de\/content\/wp-content\/uploads\/2015\/09\/B-Jun._2016-17_21.08.16-300x200.jpg 300w, https:\/\/einheit-bernburg.de\/content\/wp-content\/uploads\/2015\/09\/B-Jun._2016-17_21.08.16-768x512.jpg 768w\" data-src=\"http:\/\/einheit-bernburg.de\/content\/wp-content\/uploads\/2015\/09\/B-Jun._2016-17_21.08.16-1024x682.jpg\"><\/a><br>\n<span style=\"text-decoration: underline;\">Hintere Reihe v.l.:<br>\n<\/span>Justin Schynawa, Steven Christmann, Niklas Walcer<br>\n<span style=\"text-decoration: underline;\">Mittlere Reihe v.l.:<\/span><br>\nHenry Schachner (TR), Dustin Frederic Siewertsen, Justus Kalberlah, Til Nachtigal, Erik Bertram, Sebastian Fischer, Maximilian Klausnitzer, Tom Vosshans, Mario Schwarz, Tim Apel, Michael Kalberlah (BT), Robert Knorre<br>\n<span style=\"text-decoration: underline;\">Vordere reihe v.l.:<\/span><br>\nFabian Buhrau, Eddie K\u00fcmmel, Tim Schmalenberg, Aaron Koudelka, Robin Jagusch, Tri Hoang Le<\/p>\n<hr>\n<p><a class=\"submenu\" href=\"http:\/\/einheit-bernburg.de\/content\/?page_id=8241\" target=\"_blank\" rel=\"noopener\"><noscript><img decoding=\"async\" src=\"http:\/\/einheit-bernburg.de\/off\/images\/redsys\/link.gif\" alt border=\"0\"><\/noscript><img decoding=\"async\" src=\"data:image\/gif;base64,R0lGODlhAQABAIAAAAAAAP\/\/\/yH5BAEAAAAALAAAAAABAAEAAAIBRAA7\" alt border=\"0\" data-src=\"http:\/\/einheit-bernburg.de\/off\/images\/redsys\/link.gif\" class=\" lazyload\">&nbsp;Kader u. Zielstellung<\/a><\/p>\n<p><a class=\"submenu\" href=\"http:\/\/www.fussball.de\/spieltagsuebersicht\/-\/staffel\/01O997A0L0000000VV0AG812VSA71GHH-G#!\/section\/stage\" target=\"_blank\" rel=\"noopener\"><noscript><img decoding=\"async\" src=\"http:\/\/einheit-bernburg.de\/off\/images\/redsys\/link.gif\" alt border=\"0\"><\/noscript><img decoding=\"async\" src=\"data:image\/gif;base64,R0lGODlhAQABAIAAAAAAAP\/\/\/yH5BAEAAAAALAAAAAABAAEAAAIBRAA7\" alt border=\"0\" data-src=\"http:\/\/einheit-bernburg.de\/off\/images\/redsys\/link.gif\" class=\" lazyload\"><\/a> <a href=\"http:\/\/www.fussball.de\/spieltagsuebersicht\/b-junioren-verbandsliga-staffel-sued-sachsen-anhalt-b-junioren-verbandsliga-b-junioren-saison1617-sachsen-anhalt\/-\/staffel\/01S47MBUFC000001VS54898EVTAHLVK3-G#!\/section\/matches\">Spielplan u. Tabelle Verbandsliga Vorrunde S\u00fcd<\/a><\/p>\n<p><a class=\"submenu\" href=\"http:\/\/www.fussball.de\/spieltagsuebersicht\/landesliga-a-jun-staffel-6-sachsen-anhalt-a-junioren-landesliga-a-junioren-saison1516-sachsen-anhalt\/-\/staffel\/01OPP4VDC8000001VV0AG813VSIPV1RQ-G#!\/section\/stage\" target=\"_blank\" rel=\"noopener\"><noscript><img decoding=\"async\" src=\"http:\/\/einheit-bernburg.de\/off\/images\/redsys\/link.gif\" alt border=\"0\"><\/noscript><img decoding=\"async\" src=\"data:image\/gif;base64,R0lGODlhAQABAIAAAAAAAP\/\/\/yH5BAEAAAAALAAAAAABAAEAAAIBRAA7\" alt border=\"0\" data-src=\"http:\/\/einheit-bernburg.de\/off\/images\/redsys\/link.gif\" class=\" lazyload\"><\/a> <a href=\"http:\/\/einheit-bernburg.de\/content\/wp-content\/uploads\/2015\/08\/Ausschreibung-Nachwuchs-2016-17.pdf\">Ausschreibung Nachwuchs 2016-17<\/a><\/p>\n<p><a class=\"submenu\" href=\"http:\/\/www.fussball.de\/spieltagsuebersicht\/landesliga-a-jun-staffel-6-sachsen-anhalt-a-junioren-landesliga-a-junioren-saison1516-sachsen-anhalt\/-\/staffel\/01OPP4VDC8000001VV0AG813VSIPV1RQ-G#!\/section\/stage\" target=\"_blank\" rel=\"noopener\"><noscript><img decoding=\"async\" src=\"http:\/\/einheit-bernburg.de\/off\/images\/redsys\/link.gif\" alt border=\"0\"><\/noscript><img decoding=\"async\" src=\"data:image\/gif;base64,R0lGODlhAQABAIAAAAAAAP\/\/\/yH5BAEAAAAALAAAAAABAAEAAAIBRAA7\" alt border=\"0\" data-src=\"http:\/\/einheit-bernburg.de\/off\/images\/redsys\/link.gif\" class=\" lazyload\"><\/a><a href=\"http:\/\/einheit-bernburg.de\/content\/wp-content\/uploads\/2015\/08\/RTP-NW-2016-2017.pdf\"> RTP NW 2016-2017<\/a><\/p>\n<hr>\n<h1 class=\"aufm\">News u. Spielberichte<\/h1>\n<h3><span style=\"text-decoration: underline;\">Testspiele<\/span><\/h3>\n<p>29.07.2017 Ansto\u00df: 10:30 Uhr Union 1861 Svh\u00f6nebeck &#8211; SG Askania\/Einheit <strong>2:0 (1:0)<\/strong><br>\n06.08.2017 Ansto\u00df: 13:30 Uhr SG Askania\/Einheit &#8211; VfB Fallersleben <strong>abgesetzt<\/strong><\/p>\n<hr>\n<hr>\n<p><span style=\"text-decoration: underline;\"><strong>Testspiel vereinbahrt:<\/strong><\/span><br>\nTermin: <strong>19.02.2017<\/strong>&nbsp; Ansto\u00df: <strong>13:00 Uhr<\/strong><br>\n<strong>SV Aufbau-Empor Ost Magdeburg &#8211; Spg. Askania Bernburg\/Einheit Bernburg<br>\n<\/strong><\/p>\n<hr>\n<p><span style=\"text-decoration: underline;\"><strong>07.01.2017 Vereinsinternes Hallenturnier des SV Einheit Bernburg<\/strong><\/span><\/p>\n<p><a href=\"http:\/\/einheit-bernburg.de\/content\/wp-content\/uploads\/2015\/08\/Vereinsinternes-2017-7.jpg\"><noscript><img decoding=\"async\" class=\"alignnone size-medium wp-image-6091\" src=\"http:\/\/einheit-bernburg.de\/content\/wp-content\/uploads\/2015\/08\/Vereinsinternes-2017-7-300x200.jpg\" alt width=\"300\" height=\"200\" srcset=\"https:\/\/einheit-bernburg.de\/content\/wp-content\/uploads\/2015\/08\/Vereinsinternes-2017-7-300x200.jpg 300w, https:\/\/einheit-bernburg.de\/content\/wp-content\/uploads\/2015\/08\/Vereinsinternes-2017-7-768x512.jpg 768w, https:\/\/einheit-bernburg.de\/content\/wp-content\/uploads\/2015\/08\/Vereinsinternes-2017-7-1024x683.jpg 1024w, https:\/\/einheit-bernburg.de\/content\/wp-content\/uploads\/2015\/08\/Vereinsinternes-2017-7-1080x720.jpg 1080w\" sizes=\"(max-width: 300px) 100vw, 300px\"><\/noscript><img decoding=\"async\" class=\"alignnone size-medium wp-image-6091 lazyload\" src=\"data:image\/svg+xml,%3Csvg%20xmlns%3D%22http%3A%2F%2Fwww.w3.org%2F2000%2Fsvg%22%20viewBox%3D%220%200%20300%20200%22%3E%3C%2Fsvg%3E\" alt width=\"300\" height=\"200\" srcset=\"data:image\/svg+xml,%3Csvg%20xmlns%3D%22http%3A%2F%2Fwww.w3.org%2F2000%2Fsvg%22%20viewBox%3D%220%200%20300%20200%22%3E%3C%2Fsvg%3E 300w\" sizes=\"(max-width: 300px) 100vw, 300px\" data-srcset=\"https:\/\/einheit-bernburg.de\/content\/wp-content\/uploads\/2015\/08\/Vereinsinternes-2017-7-300x200.jpg 300w, https:\/\/einheit-bernburg.de\/content\/wp-content\/uploads\/2015\/08\/Vereinsinternes-2017-7-768x512.jpg 768w, https:\/\/einheit-bernburg.de\/content\/wp-content\/uploads\/2015\/08\/Vereinsinternes-2017-7-1024x683.jpg 1024w, https:\/\/einheit-bernburg.de\/content\/wp-content\/uploads\/2015\/08\/Vereinsinternes-2017-7-1080x720.jpg 1080w\" data-src=\"http:\/\/einheit-bernburg.de\/content\/wp-content\/uploads\/2015\/08\/Vereinsinternes-2017-7-300x200.jpg\"><\/a> <a href=\"http:\/\/einheit-bernburg.de\/content\/wp-content\/uploads\/2015\/08\/Vereinsinternes-2017-2.jpg\"><noscript><img decoding=\"async\" class=\"alignnone size-medium wp-image-6090\" src=\"http:\/\/einheit-bernburg.de\/content\/wp-content\/uploads\/2015\/08\/Vereinsinternes-2017-2-300x200.jpg\" alt width=\"300\" height=\"200\" srcset=\"https:\/\/einheit-bernburg.de\/content\/wp-content\/uploads\/2015\/08\/Vereinsinternes-2017-2-300x200.jpg 300w, https:\/\/einheit-bernburg.de\/content\/wp-content\/uploads\/2015\/08\/Vereinsinternes-2017-2-768x512.jpg 768w, https:\/\/einheit-bernburg.de\/content\/wp-content\/uploads\/2015\/08\/Vereinsinternes-2017-2-1024x683.jpg 1024w, https:\/\/einheit-bernburg.de\/content\/wp-content\/uploads\/2015\/08\/Vereinsinternes-2017-2-1080x720.jpg 1080w\" sizes=\"(max-width: 300px) 100vw, 300px\"><\/noscript><img decoding=\"async\" class=\"alignnone size-medium wp-image-6090 lazyload\" src=\"data:image\/svg+xml,%3Csvg%20xmlns%3D%22http%3A%2F%2Fwww.w3.org%2F2000%2Fsvg%22%20viewBox%3D%220%200%20300%20200%22%3E%3C%2Fsvg%3E\" alt width=\"300\" height=\"200\" srcset=\"data:image\/svg+xml,%3Csvg%20xmlns%3D%22http%3A%2F%2Fwww.w3.org%2F2000%2Fsvg%22%20viewBox%3D%220%200%20300%20200%22%3E%3C%2Fsvg%3E 300w\" sizes=\"(max-width: 300px) 100vw, 300px\" data-srcset=\"https:\/\/einheit-bernburg.de\/content\/wp-content\/uploads\/2015\/08\/Vereinsinternes-2017-2-300x200.jpg 300w, https:\/\/einheit-bernburg.de\/content\/wp-content\/uploads\/2015\/08\/Vereinsinternes-2017-2-768x512.jpg 768w, https:\/\/einheit-bernburg.de\/content\/wp-content\/uploads\/2015\/08\/Vereinsinternes-2017-2-1024x683.jpg 1024w, https:\/\/einheit-bernburg.de\/content\/wp-content\/uploads\/2015\/08\/Vereinsinternes-2017-2-1080x720.jpg 1080w\" data-src=\"http:\/\/einheit-bernburg.de\/content\/wp-content\/uploads\/2015\/08\/Vereinsinternes-2017-2-300x200.jpg\"><\/a><br>\nDie B &#8211; Junioren schlagen sich unter den M\u00e4nnern beim Traditionsturnier des SV Einheit pr\u00e4chtig und belegen einen ausgezeichneten 3.Platz.<br>\n<a href=\"http:\/\/einheit-bernburg.de\/content\/wp-content\/uploads\/2015\/08\/Ergebnis\u00fcbersicht-Vereinsinternes-Hallenturnier-2017.pdf\">Ergebnis\u00fcbersicht Vereinsinternes Hallenturnier 2017<\/a><\/p>\n<hr>\n<h3><span style=\"text-decoration: underline;\">Hallenkreismeisterschaft 2016\/17<\/span><\/h3>\n<p>Termin: <strong>18.12.2016<\/strong>&nbsp; Beginn: <strong>10:00 Uhr&nbsp;<\/strong> Spielort: Sporthalle, BSZ Sch\u00f6nebeck &#8211; Frohse<\/p>\n<p><span style=\"text-decoration: underline;\">Teilnehmer:<\/span><br>\nLok Aschersleben, SG Askania\/Einheit Bernburg, Schwarz\/Gelb Bernburg, SG K\u00f6nnern\/Baalberge, SG Seeland\/Winningen, Union Sch\u00f6nebeck I, Union Sch\u00f6nebeck II<\/p>\n<p><em>Die ersatzgeschw\u00e4chte Mannschaft der KOOP holt Bronze. Kreismeister wird Union Sch\u00f6nebeck.<br>\n<a href=\"http:\/\/www.fussball.de\/spieltagsuebersicht\/hallenmeisterschaft-kreis-salzland-b-junioren-hallen-kreisturnier-b-junioren-saison1617-sachsen-anhalt\/-\/staffel\/01SAOD2AMG000000VS548985VUFKCMOG-C#!\/section\/matches\">(Ergebnisse u. Tabelle)<\/a><br>\n<\/em><\/p>\n<hr>\n<p><span style=\"text-decoration: underline;\"><strong>Sachsen-Anhalt Pokal 1.Runde ausgelost:<\/strong><\/span><br>\nTermin: 14.08.2016 Ansto\u00df: 11:00 Uhr<br>\n<strong>Spg. Askania Bernburg-Einheit Bernburg &#8211; Hallescher FC U17 0:5 (0:2)<br>\n<\/strong><em><a href=\"http:\/\/www.fussball.de\/spieltagsuebersicht\/fsa-pokal-sachsen-anhalt-fsa-b-junioren-pokal-b-junioren-saison1617-sachsen-anhalt\/-\/staffel\/01SJNU0DPC000000VS54898EVT9SILN7-C#!\/section\/matches\">(1.Runde Sachsen-Anhalt Pokal im \u00dcberblick)<\/a><\/em><strong><br>\n<\/strong><\/p>\n<hr>\n<p><strong>Im Spieljahr 2016\/17 werden die B &#8211; Junioren der KOOP Askania &#8211; Einheit unter dem Namen Spg. TV Askania Bernburg-SV Einheit Bernburg in der Verbandsliga auflaufen.<br>\n<\/strong><\/p>\n<p><strong><span style=\"text-decoration: underline;\">Vorbereitungsspiele:<\/span><\/strong><\/p>\n<p>So, 31.07.2016 Ansto\u00df: 11:00 Uhr Askania-Einheit &#8211;&nbsp; SC Beuna <strong>abgesagt<\/strong><br>\nMi, 03.08.2016 Ansto\u00df: 18:00 Uhr Askania-Einheit &#8211; SV Blau-Wei\u00df D\u00f6lau <strong>4:0 (3:0) <\/strong><em><a href=\"http:\/\/einheit-bernburg.de\/content\/wp-content\/uploads\/2015\/09\/Pressebericht2-840005033-1.pdf\">(Statistik)<br>\n<\/a><\/em>So, 07.08.2016 Ansto\u00df: 10:30 Uhr Askanai-Einheit &#8211; Magdeburger SV B\u00f6rde <strong>0:2 (0:1)<\/strong><em> <a href=\"http:\/\/einheit-bernburg.de\/content\/wp-content\/uploads\/2015\/09\/Pressebericht2-840005026-1.pdf\">(Statistik)<\/a><\/em><\/p>\n<hr>\n<p>&nbsp;<\/p>\n","protected":false},"excerpt":{"rendered":"<p>Spg. Askania Bernburg\/Einheit Bernburg Verbandsliga Staffel S\u00fcd &#8211; 2016\/17 Hintere Reihe v.l.: Justin Schynawa, Steven Christmann, Niklas Walcer Mittlere Reihe v.l.: Henry Schachner (TR), Dustin Frederic Siewertsen, Justus Kalberlah, Til Nachtigal, Erik Bertram, Sebastian Fischer, Maximilian Klausnitzer, Tom Vosshans, Mario Schwarz, Tim Apel, Michael Kalberlah (BT), Robert Knorre Vordere reihe v.l.: Fabian Buhrau, Eddie K\u00fcmmel, [&hellip;]<\/p>\n","protected":false},"author":3,"featured_media":0,"parent":7890,"menu_order":3,"comment_status":"closed","ping_status":"closed","template":"","meta":{"footnotes":""},"_links":{"self":[{"href":"https:\/\/einheit-bernburg.de\/content\/index.php?rest_route=\/wp\/v2\/pages\/8234"}],"collection":[{"href":"https:\/\/einheit-bernburg.de\/content\/index.php?rest_route=\/wp\/v2\/pages"}],"about":[{"href":"https:\/\/einheit-bernburg.de\/content\/index.php?rest_route=\/wp\/v2\/types\/page"}],"author":[{"embeddable":true,"href":"https:\/\/einheit-bernburg.de\/content\/index.php?rest_route=\/wp\/v2\/users\/3"}],"replies":[{"embeddable":true,"href":"https:\/\/einheit-bernburg.de\/content\/index.php?rest_route=%2Fwp%2Fv2%2Fcomments&post=8234"}],"version-history":[{"count":2,"href":"https:\/\/einheit-bernburg.de\/content\/index.php?rest_route=\/wp\/v2\/pages\/8234\/revisions"}],"predecessor-version":[{"id":8246,"href":"https:\/\/einheit-bernburg.de\/content\/index.php?rest_route=\/wp\/v2\/pages\/8234\/revisions\/8246"}],"up":[{"embeddable":true,"href":"https:\/\/einheit-bernburg.de\/content\/index.php?rest_route=\/wp\/v2\/pages\/7890"}],"wp:attachment":[{"href":"https:\/\/einheit-bernburg.de\/content\/index.php?rest_route=%2Fwp%2Fv2%2Fmedia&parent=8234"}],"curies":[{"name":"wp","href":"https:\/\/api.w.org\/{rel}","templated":true}]}}