{"id":8241,"date":"2017-08-07T13:39:24","date_gmt":"2017-08-07T11:39:24","guid":{"rendered":"http:\/\/einheit-bernburg.de\/content\/?page_id=8241"},"modified":"2017-08-07T13:40:33","modified_gmt":"2017-08-07T11:40:33","slug":"archiv-kader-u-zielstellung-b-junioren-201617","status":"publish","type":"page","link":"https:\/\/einheit-bernburg.de\/content\/?page_id=8241","title":{"rendered":"Archiv Kader u. Zielstellung B-Junioren 2016\/17"},"content":{"rendered":"<h1>TV Askania Bernburg<\/h1>\n<h3>Verbandsliga &#8211; 2016\/17<\/h3>\n<p>In ihr erstes Verbandsligajahr 2015\/16 starteten die Jungs um Trainer Henry Schachner furios. So hielt sich die Mannschaft im ersten Drittel der Saison best\u00e4ndig im oberen Tabellendrittel und k\u00e4mpfte gar um einen Spitzenplatz. Mit zunehmender Saisondauer relativierte sich das Ganze. Verletzungen und auch pers\u00f6nliche Strafen waren mit daf\u00fcr verantwortlich, dass letztlich der Kader zu d\u00fcnn war, um das angeschlagene Niveau zu halten. Am Ende landete das Team auf einem 10.Platz und sicherte damit souver\u00e4n den Klassenerhalt.<br \/>\nIn der aktuellen Saison ist der Kader erheblich gr\u00f6\u00dfer, aber auch die Qualit\u00e4t? Es wird sich zeigen &#8211; \u00fcber gen\u00fcgend Potential verf\u00fcgt diese Mannschaft, um erneut die Klasse zu halten oder mehr?<\/p>\n<hr \/>\n<div class=\"su-table su-table-alternate\">\n<table>\n<tbody>\n<tr>\n<td style=\"width: 25%\"><strong>Ansprechpartner<\/strong><\/td>\n<td>Lothar Kral (Sportlicher Leiter)<br \/>\nTel.: 03471 \/ 311868, Mobil: 0177 \/ 939 42 32Markus Becker (Jugendleiter &#8211; Askania) Mobil: 0160 \/ 973 796 29<\/td>\n<\/tr>\n<tr>\n<td style=\"width: 25%\"><strong>Trainingszeit<\/strong><\/td>\n<td>Montag, Dienstag u. Donnerstag 16:30 Uhr &#8211; 18:30 Uhr Askania &#8211; Sportplatz<\/td>\n<\/tr>\n<tr>\n<td style=\"width: 25%\"><strong>Trainer<\/strong><\/td>\n<td>Henry Schachner\u00a0\u00a0\u00a0\u00a0\u00a0\u00a0\u00a0\u00a0\u00a0\u00a0\u00a0\u00a0\u00a0\u00a0 Mobil: 0163 \/ 302 92 96<\/td>\n<\/tr>\n<tr>\n<td style=\"width: 25%\"><strong>Co &#8211; Trainer<\/strong><\/td>\n<td>Michael Kalberlah \u00a0 \u00a0\u00a0 \u00a0\u00a0\u00a0\u00a0\u00a0\u00a0 Mobil: 0151 \/ 282 023 71<\/td>\n<\/tr>\n<tr>\n<td style=\"width: 25%\"><strong>Betreuer<\/strong><\/td>\n<td><\/td>\n<\/tr>\n<tr>\n<td style=\"width: 25%\"><strong>Zielstellung<\/strong><\/td>\n<td>Klassenerhalt<\/td>\n<\/tr>\n<\/tbody>\n<\/table>\n<\/div>\n<hr \/>\n<h3>Kader<\/h3>\n\n<table id=\"tablepress-30\" class=\"tablepress tablepress-id-30\">\n<thead>\n<tr class=\"row-1 odd\">\n\t<th class=\"column-1\">Name<\/th><th class=\"column-2\">Vorname<\/th><th class=\"column-3\">Geb. - Datum<\/th><th class=\"column-4\">Vereinszugeh\u00f6rigkeit<\/th><th class=\"column-5\"><\/th><th class=\"column-6\"><\/th><th class=\"column-7\"><\/th><th class=\"column-8\"><\/th>\n<\/tr>\n<\/thead>\n<tbody>\n<tr class=\"row-2 even\">\n\t<td class=\"column-1\">Apel<\/td><td class=\"column-2\">Tim<\/td><td class=\"column-3\">31.08.2000<\/td><td class=\"column-4\">SV Einheit Bernburg<\/td><td class=\"column-5\"><\/td><td class=\"column-6\"><\/td><td class=\"column-7\"><\/td><td class=\"column-8\"><\/td>\n<\/tr>\n<tr class=\"row-3 odd\">\n\t<td class=\"column-1\">Bertram<\/td><td class=\"column-2\">Erik<\/td><td class=\"column-3\">14.06.2000<\/td><td class=\"column-4\">SV Einheit Bernburg<\/td><td class=\"column-5\"><\/td><td class=\"column-6\"><\/td><td class=\"column-7\"><\/td><td class=\"column-8\"><\/td>\n<\/tr>\n<tr class=\"row-4 even\">\n\t<td class=\"column-1\">Brendel<\/td><td class=\"column-2\">Kevin<\/td><td class=\"column-3\">21.04.2000<\/td><td class=\"column-4\">TV Askania Bernburg<\/td><td class=\"column-5\"><\/td><td class=\"column-6\"><\/td><td class=\"column-7\"><\/td><td class=\"column-8\"><\/td>\n<\/tr>\n<tr class=\"row-5 odd\">\n\t<td class=\"column-1\">Buju<\/td><td class=\"column-2\">Raul Alexandru<\/td><td class=\"column-3\">06.02.2001<\/td><td class=\"column-4\">TV Askania Bernburg<\/td><td class=\"column-5\"><\/td><td class=\"column-6\"><\/td><td class=\"column-7\"><\/td><td class=\"column-8\"><\/td>\n<\/tr>\n<tr class=\"row-6 even\">\n\t<td class=\"column-1\">Christmann<\/td><td class=\"column-2\">Steven<\/td><td class=\"column-3\">08.06.2001<\/td><td class=\"column-4\">TV Askania Bernburg<\/td><td class=\"column-5\"><\/td><td class=\"column-6\"><\/td><td class=\"column-7\"><\/td><td class=\"column-8\"><\/td>\n<\/tr>\n<tr class=\"row-7 odd\">\n\t<td class=\"column-1\">Fischer<\/td><td class=\"column-2\">Sebastian<\/td><td class=\"column-3\">31.01.2001<\/td><td class=\"column-4\">TV Askania Bernburg<\/td><td class=\"column-5\"><\/td><td class=\"column-6\"><\/td><td class=\"column-7\"><\/td><td class=\"column-8\"><\/td>\n<\/tr>\n<tr class=\"row-8 even\">\n\t<td class=\"column-1\">Jagusch<\/td><td class=\"column-2\">Robin<\/td><td class=\"column-3\">17.11.2001<\/td><td class=\"column-4\">SV Einheit Bernburg<\/td><td class=\"column-5\"><\/td><td class=\"column-6\"><\/td><td class=\"column-7\"><\/td><td class=\"column-8\"><\/td>\n<\/tr>\n<tr class=\"row-9 odd\">\n\t<td class=\"column-1\">Kalberlah<\/td><td class=\"column-2\">Justus<\/td><td class=\"column-3\">12.07.2001<\/td><td class=\"column-4\">TV Askania Bernburg<\/td><td class=\"column-5\"><\/td><td class=\"column-6\"><\/td><td class=\"column-7\"><\/td><td class=\"column-8\"><\/td>\n<\/tr>\n<tr class=\"row-10 even\">\n\t<td class=\"column-1\">Klausnitzer<\/td><td class=\"column-2\">Maximilian<\/td><td class=\"column-3\">12.02.2000<\/td><td class=\"column-4\">TV Askania Bernburg<\/td><td class=\"column-5\"><\/td><td class=\"column-6\"><\/td><td class=\"column-7\"><\/td><td class=\"column-8\"><\/td>\n<\/tr>\n<tr class=\"row-11 odd\">\n\t<td class=\"column-1\">Knorre<\/td><td class=\"column-2\">Robert<\/td><td class=\"column-3\">05.08.2000<\/td><td class=\"column-4\">TV Askania Bernburg<\/td><td class=\"column-5\"><\/td><td class=\"column-6\"><\/td><td class=\"column-7\"><\/td><td class=\"column-8\"><\/td>\n<\/tr>\n<tr class=\"row-12 even\">\n\t<td class=\"column-1\">Koudelka<\/td><td class=\"column-2\">Aaron<\/td><td class=\"column-3\">02.03.2000<\/td><td class=\"column-4\">TV Askania Bernburg<\/td><td class=\"column-5\"><\/td><td class=\"column-6\"><\/td><td class=\"column-7\"><\/td><td class=\"column-8\"><\/td>\n<\/tr>\n<tr class=\"row-13 odd\">\n\t<td class=\"column-1\">K\u00fcmmel<\/td><td class=\"column-2\">Eddie<\/td><td class=\"column-3\">02.01.2000<\/td><td class=\"column-4\">SV Einheit Bernburg<\/td><td class=\"column-5\"><\/td><td class=\"column-6\"><\/td><td class=\"column-7\"><\/td><td class=\"column-8\"><\/td>\n<\/tr>\n<tr class=\"row-14 even\">\n\t<td class=\"column-1\">Le<\/td><td class=\"column-2\">Tri Hoang<\/td><td class=\"column-3\">14.09.2000<\/td><td class=\"column-4\">TV Askania Bernburg<\/td><td class=\"column-5\"><\/td><td class=\"column-6\"><\/td><td class=\"column-7\"><\/td><td class=\"column-8\"><\/td>\n<\/tr>\n<tr class=\"row-15 odd\">\n\t<td class=\"column-1\">Meyer<\/td><td class=\"column-2\">Philipp<\/td><td class=\"column-3\">15.12.2000<\/td><td class=\"column-4\">TV Askania Bernburg<\/td><td class=\"column-5\"><\/td><td class=\"column-6\"><\/td><td class=\"column-7\"><\/td><td class=\"column-8\"><\/td>\n<\/tr>\n<tr class=\"row-16 even\">\n\t<td class=\"column-1\">Nachtigal<\/td><td class=\"column-2\">Til<\/td><td class=\"column-3\">21.08.2000<\/td><td class=\"column-4\">TV Askania Bernburg<\/td><td class=\"column-5\"><\/td><td class=\"column-6\"><\/td><td class=\"column-7\"><\/td><td class=\"column-8\"><\/td>\n<\/tr>\n<tr class=\"row-17 odd\">\n\t<td class=\"column-1\">Salehzada<\/td><td class=\"column-2\">Mohammad Wais<\/td><td class=\"column-3\">15.01.2000<\/td><td class=\"column-4\">SV Einheit Bernburg<\/td><td class=\"column-5\"><\/td><td class=\"column-6\"><\/td><td class=\"column-7\"><\/td><td class=\"column-8\"><\/td>\n<\/tr>\n<tr class=\"row-18 even\">\n\t<td class=\"column-1\">Schmalenberg<\/td><td class=\"column-2\">Tim<\/td><td class=\"column-3\">10.09.2001<\/td><td class=\"column-4\">SV Einheit Bernburg<\/td><td class=\"column-5\"><\/td><td class=\"column-6\"><\/td><td class=\"column-7\"><\/td><td class=\"column-8\"><\/td>\n<\/tr>\n<tr class=\"row-19 odd\">\n\t<td class=\"column-1\">Schwarz<\/td><td class=\"column-2\">Mario<\/td><td class=\"column-3\">18.03.2001<\/td><td class=\"column-4\">SV Einheit Bernburg<\/td><td class=\"column-5\"><\/td><td class=\"column-6\"><\/td><td class=\"column-7\"><\/td><td class=\"column-8\"><\/td>\n<\/tr>\n<tr class=\"row-20 even\">\n\t<td class=\"column-1\">Schynawa<\/td><td class=\"column-2\">Justin Philip<\/td><td class=\"column-3\">26.09.2000<\/td><td class=\"column-4\">SV Einheit Bernburg<\/td><td class=\"column-5\"><\/td><td class=\"column-6\"><\/td><td class=\"column-7\"><\/td><td class=\"column-8\"><\/td>\n<\/tr>\n<tr class=\"row-21 odd\">\n\t<td class=\"column-1\">Siewertsen<\/td><td class=\"column-2\">Dustin Frederic<\/td><td class=\"column-3\">17.02.2001<\/td><td class=\"column-4\">SV Einheit BErnburg<\/td><td class=\"column-5\"><\/td><td class=\"column-6\"><\/td><td class=\"column-7\"><\/td><td class=\"column-8\"><\/td>\n<\/tr>\n<tr class=\"row-22 even\">\n\t<td class=\"column-1\">Vosshans<\/td><td class=\"column-2\">Tom<\/td><td class=\"column-3\">02.01.2000<\/td><td class=\"column-4\">TV Askania Bernburg<\/td><td class=\"column-5\"><\/td><td class=\"column-6\"><\/td><td class=\"column-7\"><\/td><td class=\"column-8\"><\/td>\n<\/tr>\n<tr class=\"row-23 odd\">\n\t<td class=\"column-1\">Walcer<\/td><td class=\"column-2\">Niklas<\/td><td class=\"column-3\">03.09.2000<\/td><td class=\"column-4\">TV Askania Bernburg<\/td><td class=\"column-5\"><\/td><td class=\"column-6\"><\/td><td class=\"column-7\"><\/td><td class=\"column-8\"><\/td>\n<\/tr>\n<tr class=\"row-24 even\">\n\t<td class=\"column-1\">Westphal<\/td><td class=\"column-2\">Tobias<\/td><td class=\"column-3\">17.07.2001<\/td><td class=\"column-4\">SV Einheit Bernburg<\/td><td class=\"column-5\"><\/td><td class=\"column-6\"><\/td><td class=\"column-7\"><\/td><td class=\"column-8\"><\/td>\n<\/tr>\n<\/tbody>\n<\/table>\n\n","protected":false},"excerpt":{"rendered":"<p>TV Askania Bernburg Verbandsliga &#8211; 2016\/17 In ihr erstes Verbandsligajahr 2015\/16 starteten die Jungs um Trainer Henry Schachner furios. So hielt sich die Mannschaft im ersten Drittel der Saison best\u00e4ndig im oberen Tabellendrittel und k\u00e4mpfte gar um einen Spitzenplatz. Mit zunehmender Saisondauer relativierte sich das Ganze. Verletzungen und auch pers\u00f6nliche Strafen waren mit daf\u00fcr verantwortlich, [&hellip;]<\/p>\n","protected":false},"author":3,"featured_media":0,"parent":8234,"menu_order":0,"comment_status":"closed","ping_status":"closed","template":"","meta":{"footnotes":""},"_links":{"self":[{"href":"https:\/\/einheit-bernburg.de\/content\/index.php?rest_route=\/wp\/v2\/pages\/8241"}],"collection":[{"href":"https:\/\/einheit-bernburg.de\/content\/index.php?rest_route=\/wp\/v2\/pages"}],"about":[{"href":"https:\/\/einheit-bernburg.de\/content\/index.php?rest_route=\/wp\/v2\/types\/page"}],"author":[{"embeddable":true,"href":"https:\/\/einheit-bernburg.de\/content\/index.php?rest_route=\/wp\/v2\/users\/3"}],"replies":[{"embeddable":true,"href":"https:\/\/einheit-bernburg.de\/content\/index.php?rest_route=%2Fwp%2Fv2%2Fcomments&post=8241"}],"version-history":[{"count":2,"href":"https:\/\/einheit-bernburg.de\/content\/index.php?rest_route=\/wp\/v2\/pages\/8241\/revisions"}],"predecessor-version":[{"id":8243,"href":"https:\/\/einheit-bernburg.de\/content\/index.php?rest_route=\/wp\/v2\/pages\/8241\/revisions\/8243"}],"up":[{"embeddable":true,"href":"https:\/\/einheit-bernburg.de\/content\/index.php?rest_route=\/wp\/v2\/pages\/8234"}],"wp:attachment":[{"href":"https:\/\/einheit-bernburg.de\/content\/index.php?rest_route=%2Fwp%2Fv2%2Fmedia&parent=8241"}],"curies":[{"name":"wp","href":"https:\/\/api.w.org\/{rel}","templated":true}]}}