{"id":8322,"date":"2017-08-08T13:46:49","date_gmt":"2017-08-08T11:46:49","guid":{"rendered":"http:\/\/einheit-bernburg.de\/content\/?page_id=8322"},"modified":"2017-08-08T13:46:49","modified_gmt":"2017-08-08T11:46:49","slug":"archiv-d1-junioren-201617","status":"publish","type":"page","link":"https:\/\/einheit-bernburg.de\/content\/?page_id=8322","title":{"rendered":"Archiv D1-Junioren 2016\/17"},"content":{"rendered":"<h1 class=\"aufm\">TV Askania Bernburg<\/h1>\n<p><strong>Verbands-Talentliga S\u00fcd &#8211; 2016\/17<\/strong><\/p>\n<p><a href=\"http:\/\/einheit-bernburg.de\/content\/wp-content\/uploads\/2015\/09\/D1-Jun._TL_2016-17_01.09.16.jpg\"><noscript><img decoding=\"async\" class=\"alignnone wp-image-4664 size-full\" src=\"http:\/\/einheit-bernburg.de\/content\/wp-content\/uploads\/2015\/09\/D1-Jun._TL_2016-17_01.09.16.jpg\" alt=\"D1-Jun._TL_2016-17_01.09.16\" width=\"1024\" height=\"682\" srcset=\"https:\/\/einheit-bernburg.de\/content\/wp-content\/uploads\/2015\/09\/D1-Jun._TL_2016-17_01.09.16.jpg 1024w, https:\/\/einheit-bernburg.de\/content\/wp-content\/uploads\/2015\/09\/D1-Jun._TL_2016-17_01.09.16-300x200.jpg 300w, https:\/\/einheit-bernburg.de\/content\/wp-content\/uploads\/2015\/09\/D1-Jun._TL_2016-17_01.09.16-768x512.jpg 768w\" sizes=\"(max-width: 1024px) 100vw, 1024px\"><\/noscript><img decoding=\"async\" class=\"alignnone wp-image-4664 size-full lazyload\" src=\"data:image\/svg+xml,%3Csvg%20xmlns%3D%22http%3A%2F%2Fwww.w3.org%2F2000%2Fsvg%22%20viewBox%3D%220%200%201024%20682%22%3E%3C%2Fsvg%3E\" alt=\"D1-Jun._TL_2016-17_01.09.16\" width=\"1024\" height=\"682\" srcset=\"data:image\/svg+xml,%3Csvg%20xmlns%3D%22http%3A%2F%2Fwww.w3.org%2F2000%2Fsvg%22%20viewBox%3D%220%200%201024%20682%22%3E%3C%2Fsvg%3E 1024w\" sizes=\"(max-width: 1024px) 100vw, 1024px\" data-srcset=\"https:\/\/einheit-bernburg.de\/content\/wp-content\/uploads\/2015\/09\/D1-Jun._TL_2016-17_01.09.16.jpg 1024w, https:\/\/einheit-bernburg.de\/content\/wp-content\/uploads\/2015\/09\/D1-Jun._TL_2016-17_01.09.16-300x200.jpg 300w, https:\/\/einheit-bernburg.de\/content\/wp-content\/uploads\/2015\/09\/D1-Jun._TL_2016-17_01.09.16-768x512.jpg 768w\" data-src=\"http:\/\/einheit-bernburg.de\/content\/wp-content\/uploads\/2015\/09\/D1-Jun._TL_2016-17_01.09.16.jpg\"><\/a><\/p>\n<p><span style=\"text-decoration: underline;\">Hintere Reihe v.l.:<\/span><br>\nMatthias Oehme (Trainer), Finn Jaenicke, Niklas Besecke, Jonas Marx, Vincent B\u00f6rsch,<br>\n<span style=\"text-decoration: underline;\">Mittlere reihe v.l.:<\/span><br>\nLuis Riechert, Luca Bindszus , Niclas Wilhelm, Arthur Krishteyn , Nikolais Tolias, Maurice Gutowski, Justin <span class=\"cmp_parsed_location\" data-ce-class=\"Locations\" data-cmp_parsed_location_name=\"Buchholz\" data-cmp_parsed_location_weather=\"K03353005\" data-cmp_parsed_location_other=\"10\">Buchholz<\/span> , Leon J\u00fcrges , Mirko Sch\u00f6ssler (Betreuer)<br>\n<span style=\"text-decoration: underline;\">Vorn v.l.:<\/span><br>\nLaurin Sch\u00f6ssler , Pepe Streithoff , Fynn R\u00f6der, Fabrice Bartelt, Marc R\u00f6sener , Niklas Sack<\/p>\n<hr>\n<p><a class=\"submenu\" href=\"http:\/\/einheit-bernburg.de\/content\/?page_id=8339\" target=\"_blank\" rel=\"noopener\"><noscript><img decoding=\"async\" src=\"http:\/\/einheit-bernburg.de\/off\/images\/redsys\/link.gif\" alt border=\"0\"><\/noscript><img decoding=\"async\" src=\"data:image\/gif;base64,R0lGODlhAQABAIAAAAAAAP\/\/\/yH5BAEAAAAALAAAAAABAAEAAAIBRAA7\" alt border=\"0\" data-src=\"http:\/\/einheit-bernburg.de\/off\/images\/redsys\/link.gif\" class=\" lazyload\">&nbsp;Kader u. Zielstellung<\/a><\/p>\n<p><noscript><img decoding=\"async\" src=\"http:\/\/einheit-bernburg.de\/off\/images\/redsys\/link.gif\" alt border=\"0\"><\/noscript><img decoding=\"async\" src=\"data:image\/gif;base64,R0lGODlhAQABAIAAAAAAAP\/\/\/yH5BAEAAAAALAAAAAABAAEAAAIBRAA7\" alt border=\"0\" data-src=\"http:\/\/einheit-bernburg.de\/off\/images\/redsys\/link.gif\" class=\" lazyload\"> <a href=\"http:\/\/www.fussball.de\/spieltagsuebersicht\/verbands-talentliga-sued-sachsen-anhalt-d-junioren-verbandsliga-d-junioren-saison1617-sachsen-anhalt\/-\/staffel\/01SD05DPLK000001VS54898EVUVM2J7N-G#!\/section\/mediastream\">Ergebnisse u. Tabelle &#8211; Vorrunde S\u00fcd<\/a><\/p>\n<hr>\n<h1>News u. Spielberichte<\/h1>\n<hr>\n<h3><span style=\"text-decoration: underline;\">Testspiele:<\/span><\/h3>\n<p><strong>FSA-Pokal Qualifikation 1.Rd.<\/strong><br>\n13.08.2017 Ansto\u00df: 11.00 Uhr TVA &#8211; SV Fortuna Magdeburg<\/p>\n<hr>\n<p>16.02.2017 Ansto\u00df: 17:30 Uhr&nbsp; Blankenburger FV (H) <strong>6:0 (2:0)<\/strong><br>\n23.02.2017 Ansto\u00df: 17:00 Uhr VfB Ottersleben (H) <strong>abgesagt<\/strong><br>\n26.02.2017 Ansto\u00df: 11:00 Uhr VfB IMO Merseburg (Punktspiel)<\/p>\n<hr>\n<h3><span style=\"text-decoration: underline;\"><strong>Hallenturniere 2016\/17<\/strong><\/span><\/h3>\n<p><span style=\"text-decoration: underline;\"><strong>12.02.2017 Hallenturnier beim JFV Sandersdorf\/Thalheim<\/strong><\/span><br>\nBeginn: <strong>10:00 Uhr<\/strong>&nbsp; Anrseise: 09:15 Uhr&nbsp; Ende: ca. 15:00 Uhr<\/p>\n<hr>\n<p><span style=\"text-decoration: underline;\"><strong>05.02.2017 Hallenturnier beim VfB Germania Halberstadt<\/strong><\/span><br>\nBeginn: <strong>10:00 Uhr<\/strong>&nbsp; Ende: ca. 16:00 Uhr<\/p>\n<hr>\n<p><span style=\"text-decoration: underline;\"><strong>22.01.2017 Hallenturnier beim FC Gr\u00fcn-Wei\u00df Piesteritz<\/strong><\/span><br>\nBeginn: <strong>09:00 Uhr<br>\n<\/strong><\/p>\n<hr>\n<p><span style=\"text-decoration: underline;\"><strong>15.01.2017 2.Bernburger Genossenschafts-Cup der KOOP Askania-Einheit Bernburg<\/strong><\/span><br>\nBeginn: <strong>13:30 Uhr&nbsp; <\/strong>Spielort: Sporthalle &#8222;Eichenweg&#8220;<br>\n<a href=\"http:\/\/einheit-bernburg.de\/content\/wp-content\/uploads\/2015\/08\/Plakat_Hallenturniere_2017_rot_1-1.jpg\"><noscript><img decoding=\"async\" class=\"alignnone size-medium wp-image-6178\" src=\"http:\/\/einheit-bernburg.de\/content\/wp-content\/uploads\/2015\/08\/Plakat_Hallenturniere_2017_rot_1-1-212x300.jpg\" alt width=\"212\" height=\"300\" srcset=\"https:\/\/einheit-bernburg.de\/content\/wp-content\/uploads\/2015\/08\/Plakat_Hallenturniere_2017_rot_1-1-212x300.jpg 212w, https:\/\/einheit-bernburg.de\/content\/wp-content\/uploads\/2015\/08\/Plakat_Hallenturniere_2017_rot_1-1-768x1087.jpg 768w, https:\/\/einheit-bernburg.de\/content\/wp-content\/uploads\/2015\/08\/Plakat_Hallenturniere_2017_rot_1-1-724x1024.jpg 724w, https:\/\/einheit-bernburg.de\/content\/wp-content\/uploads\/2015\/08\/Plakat_Hallenturniere_2017_rot_1-1.jpg 1080w\" sizes=\"(max-width: 212px) 100vw, 212px\"><\/noscript><img decoding=\"async\" class=\"alignnone size-medium wp-image-6178 lazyload\" src=\"data:image\/svg+xml,%3Csvg%20xmlns%3D%22http%3A%2F%2Fwww.w3.org%2F2000%2Fsvg%22%20viewBox%3D%220%200%20212%20300%22%3E%3C%2Fsvg%3E\" alt width=\"212\" height=\"300\" srcset=\"data:image\/svg+xml,%3Csvg%20xmlns%3D%22http%3A%2F%2Fwww.w3.org%2F2000%2Fsvg%22%20viewBox%3D%220%200%20212%20300%22%3E%3C%2Fsvg%3E 212w\" sizes=\"(max-width: 212px) 100vw, 212px\" data-srcset=\"https:\/\/einheit-bernburg.de\/content\/wp-content\/uploads\/2015\/08\/Plakat_Hallenturniere_2017_rot_1-1-212x300.jpg 212w, https:\/\/einheit-bernburg.de\/content\/wp-content\/uploads\/2015\/08\/Plakat_Hallenturniere_2017_rot_1-1-768x1087.jpg 768w, https:\/\/einheit-bernburg.de\/content\/wp-content\/uploads\/2015\/08\/Plakat_Hallenturniere_2017_rot_1-1-724x1024.jpg 724w, https:\/\/einheit-bernburg.de\/content\/wp-content\/uploads\/2015\/08\/Plakat_Hallenturniere_2017_rot_1-1.jpg 1080w\" data-src=\"http:\/\/einheit-bernburg.de\/content\/wp-content\/uploads\/2015\/08\/Plakat_Hallenturniere_2017_rot_1-1-212x300.jpg\"><br>\n<\/a><strong>Ein sehr guter 3.Platz f\u00fcr unser Talenteliga-Team gegn starke Konkurrenz<\/strong><\/p>\n<p><span style=\"text-decoration: underline;\">Spielerkader D1:<\/span><br>\nFynn R\u00f6der, Luca Bindszus (2), Leon J\u00f6rges (3), Jonas Marx (2), Friedrich Stolze (3), Pepe Streithoff (3), Niklas Sack (2), Arthur Krishteyn (2), Nikos Tolias (2)<br>\n<em><a href=\"http:\/\/einheit-bernburg.de\/content\/wp-content\/uploads\/2015\/09\/Kurzbericht-D1-Jun..pdf\">Kurzbericht D1-Jun.<\/a><\/em><\/p>\n<p><span style=\"text-decoration: underline;\">Endstand:<\/span><br>\n<strong>1.<\/strong>VfL Halle 96, <strong>2.<\/strong>JFV Wei\u00dfenfels, <strong>3.<\/strong>TV Askania Bernburg, <strong>4.<\/strong>SV Dessau 05, <strong>5.<\/strong>SV 09 Sta\u00dffurt, <strong>6.<\/strong>SG 1948 Reppichau, <strong>7.<\/strong>SV Leipzig S\u00fcd,&nbsp;<strong>8.<\/strong>VfB Germania Halberstadt<br>\n<em><a href=\"http:\/\/einheit-bernburg.de\/content\/wp-content\/uploads\/2015\/09\/Ausschreibung-D1-Junioren_15-01-17.pdf\">Ausschreibung<br>\n<\/a><a href=\"http:\/\/einheit-bernburg.de\/content\/wp-content\/uploads\/2015\/09\/Ergebnisse_D1-Junioren-1.pdf\">Ergebnisse_D1-Junioren<\/a><\/em><\/p>\n<p><strong>Bester Spieler &amp; Bester Torsch\u00fctze:<\/strong> Niklas Mieth (<span class=\"cmp_parsed_location\" data-cmp_parsed_location_name=\"Dessau\" data-cmp_parsed_location_weather=\"K15101000\" data-cmp_parsed_location_other=\"0\" data-ce-class=\"Locations\">Dessau<\/span>, 3 Stimmen, 5 Tore)<br>\n<strong>Bester Torh\u00fcter:<\/strong> Lea D\u00f6hlert (<span class=\"cmp_parsed_location\" data-cmp_parsed_location_name=\"Sta\u00dffurt\" data-cmp_parsed_location_weather=\"K15352035\" data-cmp_parsed_location_other=\"0\" data-ce-class=\"Locations\">Sta\u00dffurt<\/span>, 3 Stimmen)<\/p>\n<hr>\n<p><span style=\"text-decoration: underline;\"><strong>2.Amme Weihnachts-Cup des BSV Halle-Ammendorf &#8211; 2.Platz<\/strong><\/span><br>\nTermin: <strong>18.12.2016<\/strong> Beginn: <strong>09:30 Uhr<\/strong> Anreise: 08:45 Uhr<br>\nSpielort: Sporthalle Wettin, Neue Schulstr. 6a, 06193 Wettin &#8211; L\u00f6bej\u00fcn OT Wettin<br>\n<em><a href=\"http:\/\/einheit-bernburg.de\/content\/wp-content\/uploads\/2015\/09\/D-Jugend-Turnierausschreibung-zum-Weihnachtscup-BSV-Halle-Ammendorfpdf.pdf\">Turnierausschreibung<br>\n<\/a><\/em><em><a href=\"http:\/\/www.fupa.net\/liga\/2amme-weihnachtscup-der-d-jugend\">Spielplan<br>\n<\/a><a href=\"http:\/\/einheit-bernburg.de\/content\/wp-content\/uploads\/2015\/09\/Ergebnis\u00fcbersicht-D-Jug..pdf\">Ergebnis\u00fcbersicht D-Jug.<\/a><\/em><\/p>\n<hr>\n<p><span style=\"text-decoration: underline;\"><strong>Sachsen-Anhalt Pokal 1.Runde <\/strong><\/span><br>\nTermin: 21.08.2016 Ansto\u00df: 11:00 Uhr<br>\n<strong>Blankenburger FV I. &#8211; TV Askania Bernburg 4:5 (2:0)<\/strong><br>\n<em><a href=\"http:\/\/www.fussball.de\/spieltagsuebersicht\/pokal-d-junioren-sachsen-anhalt-fsa-d-junioren-pokal-d-junioren-saison1617-sachsen-anhalt\/-\/staffel\/01SJE2F5U8000000VS54898EVT9SILN7-C#!\/section\/matches\">(1.Runde Sachsen-Anhalt Pokal im \u00dcberblick)<\/a><\/em><\/p>\n<hr>\n<h3><span style=\"text-decoration: underline;\"><strong>Vorbereitungsspiele der D1 &#8211; Junioren\/TL:<\/strong><\/span><\/h3>\n<p>Sa, 06.08.&nbsp; Ansto\u00df: 11:00 Uhr &#8211; TV Askania <span class=\"cmp_parsed_location\" data-ce-class=\"Locations\" data-cmp_parsed_location_name=\"Bernburg\" data-cmp_parsed_location_weather=\"K15153006\" data-cmp_parsed_location_other=\"0\">Bernburg<\/span> &#8211; MSV B\u00f6rde <strong>1:3 (0:1)<\/strong><br>\nMi, 10.08.&nbsp; Ansto\u00df: 17:30 Uhr &#8211; TV Akania <span class=\"cmp_parsed_location\" data-ce-class=\"Locations\" data-cmp_parsed_location_name=\"Bernburg\" data-cmp_parsed_location_weather=\"K15153006\" data-cmp_parsed_location_other=\"0\">Bernburg<\/span> &#8211; VfB Ottersleben&nbsp;<strong>4:3 (2:2) <\/strong><em><a href=\"http:\/\/einheit-bernburg.de\/content\/wp-content\/uploads\/2015\/09\/Pressebericht2-840029007-1.pdf\">(Statistik)<\/a><\/em><br>\nMi, 17.08.&nbsp; Ansto\u00df: 18:00 Uhr &#8211; TV Askania <span class=\"cmp_parsed_location\" data-ce-class=\"Locations\" data-cmp_parsed_location_name=\"Bernburg\" data-cmp_parsed_location_weather=\"K15153006\" data-cmp_parsed_location_other=\"0\">Bernburg<\/span> &#8211; SG Gernrode\/Rieder <strong>9:1 (6:0) <\/strong><em><a href=\"http:\/\/einheit-bernburg.de\/content\/wp-content\/uploads\/2015\/09\/Pressebericht2-840029008.pdf\">(Statistik)<\/a><\/em><strong><br>\n<\/strong>Do, 25.08. Ansto\u00df: 18:00 Uhr &#8211; 1.FC Magdeburg U12 &#8211; TV Askania Bernburg <strong>3:5 (2:2)<\/strong><\/p>\n<p><span style=\"text-decoration: underline;\">So, 14.08. Beginn: 11:30 Uhr Blitzturnier mit vier Mannschaften (Sparkassen-Arena)<br>\n<strong>1.Platz f\u00fcr das Talenteliga &#8211; Team des TV Askania<\/strong><br>\n<a href=\"http:\/\/einheit-bernburg.de\/content\/wp-content\/uploads\/2015\/09\/Blitzturnier-D1-Jun.-14.08.16.jpg\"><noscript><img decoding=\"async\" class=\"alignnone size-medium wp-image-4269\" src=\"http:\/\/einheit-bernburg.de\/content\/wp-content\/uploads\/2015\/09\/Blitzturnier-D1-Jun.-14.08.16-212x300.jpg\" alt=\"Blitzturnier D1-Jun.-14.08.16\" width=\"212\" height=\"300\" srcset=\"https:\/\/einheit-bernburg.de\/content\/wp-content\/uploads\/2015\/09\/Blitzturnier-D1-Jun.-14.08.16-212x300.jpg 212w, https:\/\/einheit-bernburg.de\/content\/wp-content\/uploads\/2015\/09\/Blitzturnier-D1-Jun.-14.08.16-768x1086.jpg 768w, https:\/\/einheit-bernburg.de\/content\/wp-content\/uploads\/2015\/09\/Blitzturnier-D1-Jun.-14.08.16-724x1024.jpg 724w, https:\/\/einheit-bernburg.de\/content\/wp-content\/uploads\/2015\/09\/Blitzturnier-D1-Jun.-14.08.16-1080x1528.jpg 1080w, https:\/\/einheit-bernburg.de\/content\/wp-content\/uploads\/2015\/09\/Blitzturnier-D1-Jun.-14.08.16.jpg 1448w\" sizes=\"(max-width: 212px) 100vw, 212px\"><\/noscript><img decoding=\"async\" class=\"alignnone size-medium wp-image-4269 lazyload\" src=\"data:image\/svg+xml,%3Csvg%20xmlns%3D%22http%3A%2F%2Fwww.w3.org%2F2000%2Fsvg%22%20viewBox%3D%220%200%20212%20300%22%3E%3C%2Fsvg%3E\" alt=\"Blitzturnier D1-Jun.-14.08.16\" width=\"212\" height=\"300\" srcset=\"data:image\/svg+xml,%3Csvg%20xmlns%3D%22http%3A%2F%2Fwww.w3.org%2F2000%2Fsvg%22%20viewBox%3D%220%200%20212%20300%22%3E%3C%2Fsvg%3E 212w\" sizes=\"(max-width: 212px) 100vw, 212px\" data-srcset=\"https:\/\/einheit-bernburg.de\/content\/wp-content\/uploads\/2015\/09\/Blitzturnier-D1-Jun.-14.08.16-212x300.jpg 212w, https:\/\/einheit-bernburg.de\/content\/wp-content\/uploads\/2015\/09\/Blitzturnier-D1-Jun.-14.08.16-768x1086.jpg 768w, https:\/\/einheit-bernburg.de\/content\/wp-content\/uploads\/2015\/09\/Blitzturnier-D1-Jun.-14.08.16-724x1024.jpg 724w, https:\/\/einheit-bernburg.de\/content\/wp-content\/uploads\/2015\/09\/Blitzturnier-D1-Jun.-14.08.16-1080x1528.jpg 1080w, https:\/\/einheit-bernburg.de\/content\/wp-content\/uploads\/2015\/09\/Blitzturnier-D1-Jun.-14.08.16.jpg 1448w\" data-src=\"http:\/\/einheit-bernburg.de\/content\/wp-content\/uploads\/2015\/09\/Blitzturnier-D1-Jun.-14.08.16-212x300.jpg\"><\/a><\/span><br>\n<strong>Spielplan:<\/strong><br>\n11:30 Uhr TV Askania <span class=\"cmp_parsed_location\" data-ce-class=\"Locations\" data-cmp_parsed_location_name=\"Bernburg\" data-cmp_parsed_location_weather=\"K15153006\" data-cmp_parsed_location_other=\"0\">Bernburg<\/span> \u2013 VfB Germania <span class=\"cmp_parsed_location\" data-ce-class=\"Locations\" data-cmp_parsed_location_name=\"Halberstadt\" data-cmp_parsed_location_weather=\"K15357017\" data-cmp_parsed_location_other=\"0\">Halberstadt <strong>2:1<\/strong><\/span><br>\n12:00 Uhr VFL <span class=\"cmp_parsed_location\" data-ce-class=\"Locations\" data-cmp_parsed_location_name=\"Wolfsburg\" data-cmp_parsed_location_weather=\"K03103000\" data-cmp_parsed_location_other=\"0\">Wolfsburg<\/span> U10 \u2013 RB <span class=\"cmp_parsed_location\" data-ce-class=\"Locations\" data-cmp_parsed_location_name=\"Leipzig\" data-cmp_parsed_location_weather=\"K14365000\" data-cmp_parsed_location_other=\"0\">Leipzig<\/span> U10<br>\n12:30 Uhr TV Askania <span class=\"cmp_parsed_location\" data-ce-class=\"Locations\" data-cmp_parsed_location_name=\"Bernburg\" data-cmp_parsed_location_weather=\"K15153006\" data-cmp_parsed_location_other=\"0\">Bernburg<\/span> &#8211; RB <span class=\"cmp_parsed_location\" data-ce-class=\"Locations\" data-cmp_parsed_location_name=\"Leipzig\" data-cmp_parsed_location_weather=\"K14365000\" data-cmp_parsed_location_other=\"0\">Leipzig<\/span> U10 <strong>2:2<\/strong><br>\n13:00 Uhr VfB Germania <span class=\"cmp_parsed_location\" data-ce-class=\"Locations\" data-cmp_parsed_location_name=\"Halberstadt\" data-cmp_parsed_location_weather=\"K15357017\" data-cmp_parsed_location_other=\"0\">Halberstadt<\/span> \u2013 VFL <span class=\"cmp_parsed_location\" data-ce-class=\"Locations\" data-cmp_parsed_location_name=\"Wolfsburg\" data-cmp_parsed_location_weather=\"K03103000\" data-cmp_parsed_location_other=\"0\">Wolfsburg<\/span> U10<br>\n13:30 Uhr VFL <span class=\"cmp_parsed_location\" data-ce-class=\"Locations\" data-cmp_parsed_location_name=\"Wolfsburg\" data-cmp_parsed_location_weather=\"K03103000\" data-cmp_parsed_location_other=\"0\">Wolfsburg<\/span> U10 &#8211; TV Askania <span class=\"cmp_parsed_location\" data-ce-class=\"Locations\" data-cmp_parsed_location_name=\"Bernburg\" data-cmp_parsed_location_weather=\"K15153006\" data-cmp_parsed_location_other=\"0\">Bernburg <strong>0:1<\/strong><\/span><br>\n14:00 Uhr RB <span class=\"cmp_parsed_location\" data-ce-class=\"Locations\" data-cmp_parsed_location_name=\"Leipzig\" data-cmp_parsed_location_weather=\"K14365000\" data-cmp_parsed_location_other=\"0\">Leipzig<\/span> U10 \u2013 VfB Germania <span class=\"cmp_parsed_location\" data-ce-class=\"Locations\" data-cmp_parsed_location_name=\"Halberstadt\" data-cmp_parsed_location_weather=\"K15357017\" data-cmp_parsed_location_other=\"0\">Halberstadt<br>\n<\/span><\/p>\n<hr>\n<p>&nbsp;<\/p>\n","protected":false},"excerpt":{"rendered":"<p>TV Askania Bernburg Verbands-Talentliga S\u00fcd &#8211; 2016\/17 Hintere Reihe v.l.: Matthias Oehme (Trainer), Finn Jaenicke, Niklas Besecke, Jonas Marx, Vincent B\u00f6rsch, Mittlere reihe v.l.: Luis Riechert, Luca Bindszus , Niclas Wilhelm, Arthur Krishteyn , Nikolais Tolias, Maurice Gutowski, Justin Buchholz , Leon J\u00fcrges , Mirko Sch\u00f6ssler (Betreuer) Vorn v.l.: Laurin Sch\u00f6ssler , Pepe Streithoff , [&hellip;]<\/p>\n","protected":false},"author":3,"featured_media":0,"parent":7890,"menu_order":6,"comment_status":"closed","ping_status":"closed","template":"","meta":{"footnotes":""},"_links":{"self":[{"href":"https:\/\/einheit-bernburg.de\/content\/index.php?rest_route=\/wp\/v2\/pages\/8322"}],"collection":[{"href":"https:\/\/einheit-bernburg.de\/content\/index.php?rest_route=\/wp\/v2\/pages"}],"about":[{"href":"https:\/\/einheit-bernburg.de\/content\/index.php?rest_route=\/wp\/v2\/types\/page"}],"author":[{"embeddable":true,"href":"https:\/\/einheit-bernburg.de\/content\/index.php?rest_route=\/wp\/v2\/users\/3"}],"replies":[{"embeddable":true,"href":"https:\/\/einheit-bernburg.de\/content\/index.php?rest_route=%2Fwp%2Fv2%2Fcomments&post=8322"}],"version-history":[{"count":2,"href":"https:\/\/einheit-bernburg.de\/content\/index.php?rest_route=\/wp\/v2\/pages\/8322\/revisions"}],"predecessor-version":[{"id":8342,"href":"https:\/\/einheit-bernburg.de\/content\/index.php?rest_route=\/wp\/v2\/pages\/8322\/revisions\/8342"}],"up":[{"embeddable":true,"href":"https:\/\/einheit-bernburg.de\/content\/index.php?rest_route=\/wp\/v2\/pages\/7890"}],"wp:attachment":[{"href":"https:\/\/einheit-bernburg.de\/content\/index.php?rest_route=%2Fwp%2Fv2%2Fmedia&parent=8322"}],"curies":[{"name":"wp","href":"https:\/\/api.w.org\/{rel}","templated":true}]}}