{"id":8487,"date":"2017-08-08T13:55:12","date_gmt":"2017-08-08T11:55:12","guid":{"rendered":"http:\/\/einheit-bernburg.de\/content\/?page_id=8487"},"modified":"2017-08-08T13:55:12","modified_gmt":"2017-08-08T11:55:12","slug":"archiv-kader-u-zielstellung-e1-junioren-201617","status":"publish","type":"page","link":"https:\/\/einheit-bernburg.de\/content\/?page_id=8487","title":{"rendered":"Archiv Kader u. Zielstellung E1-Junioren 2016\/17"},"content":{"rendered":"<h1 class=\"aufm\">SV Einheit Bernburg<\/h1>\n<h3>1.Kreisklasse St. 2 &#8211; 2016\/17<\/h3>\n<p>Als F &#8211; Junioren kn\u00fcpfte diese Mannschaft an die gro\u00dfen Traditionen des SV Einheit in dieser Altersklasse an und wurde in der abgelaufenen Saison Kreismeister. Nun gilt es eine Altersklasse h\u00f6her, bei den E &#8211; Junioren zu bestehen. Um die Leistungen weiter zu steigern und allen Spielern in den Spielen gr\u00f6\u00dfere Spielanteile gew\u00e4hren zu k\u00f6nnen, hat sich die sportliche Leitung der KOOP Askania-Einheit dazu entschlossen, ein drittes E &#8211; Junioren Team in die laufende Saison zu schicken, was bedeutet, dass die Kader der einzelnen Mannschaften entsprechend verkleinert wurden.<br \/>\nWir d\u00fcrfen nun gespannt sein, wie schnell sich die Jungs finden werden, wobei der Kader der E1 &#8211; Junioren ausschlie\u00dflich aus dem j\u00fcngeren E &#8211; Juniorenjahrgang besteht.<br \/>\n<em>Wir w\u00fcnschen dem Trainerkollektiv und seiner Mannschaft f\u00fcr das neue Spieljahr viel Erfolg!<\/em><\/p>\n<hr \/>\n<div class=\"su-table su-table-alternate\">\n<table>\n<tbody>\n<tr>\n<td style=\"width: 25%\"><strong>Ansprechpartner<\/strong><\/td>\n<td>Lothar Kral (Sportlicher Leiter &#8211; Einheit)<br \/>\nTel.: 03471 \/ 311868, Mobil: 0177 \/ 939 42 32<\/p>\n<p>Markus Becker (Jugendleiter &#8211; Askania) Mobil: 0160 \/ 973 796 29<\/td>\n<\/tr>\n<tr>\n<td style=\"width: 25%\"><strong>Trainingszeit<\/strong><\/td>\n<td>Dienstag 16:30 Uhr &#8211; 18:00 Uhr Einheit &#8211; Sportplatz<\/p>\n<p>Freitag\u00a0 16:00 Uhr &#8211; 18:00 Uhr Einheit &#8211; Sportplatz<\/td>\n<\/tr>\n<tr>\n<td style=\"width: 25%\"><strong>Trainer<\/strong><\/td>\n<td>Maik M\u00fcller\u00a0\u00a0\u00a0\u00a0\u00a0\u00a0\u00a0\u00a0\u00a0\u00a0\u00a0\u00a0\u00a0\u00a0\u00a0 Mobil: 0174 \/ 320 70 71<\/td>\n<\/tr>\n<tr>\n<td style=\"width: 25%\"><strong>Co &#8211; Trainer<\/strong><\/td>\n<td>Torsten Walkewitz\u00a0\u00a0\u00a0 Mobil:\u00a0 0177 \/ 334 31 62<\/td>\n<\/tr>\n<tr>\n<td style=\"width: 25%\"><strong>Zielstellung<\/strong><\/td>\n<td>\u00a0Platz 8 in der Kreismeisterschaft, Endrunde der Hallenkreismeisterschaft und im Pokal bis ins Viertelfinale.<\/td>\n<\/tr>\n<\/tbody>\n<\/table>\n<\/div>\n<hr \/>\n<h3>Kader<\/h3>\n\n<table id=\"tablepress-27\" class=\"tablepress tablepress-id-27\">\n<thead>\n<tr class=\"row-1 odd\">\n\t<th class=\"column-1\">Name<\/th><th class=\"column-2\">Vorname<\/th><th class=\"column-3\">Geb.-Datum<\/th><th class=\"column-4\">Herkunft<\/th><th class=\"column-5\"><\/th><th class=\"column-6\"><\/th><th class=\"column-7\"><\/th><th class=\"column-8\"><\/th><th class=\"column-9\"><\/th>\n<\/tr>\n<\/thead>\n<tbody>\n<tr class=\"row-2 even\">\n\t<td class=\"column-1\">Gemende<\/td><td class=\"column-2\">Felix<\/td><td class=\"column-3\">2007<\/td><td class=\"column-4\">SV Einheit<\/td><td class=\"column-5\"><\/td><td class=\"column-6\"><\/td><td class=\"column-7\"><\/td><td class=\"column-8\"><\/td><td class=\"column-9\"><\/td>\n<\/tr>\n<tr class=\"row-3 odd\">\n\t<td class=\"column-1\">Hammermann<\/td><td class=\"column-2\">Theodor Albert<\/td><td class=\"column-3\">2007<\/td><td class=\"column-4\">SV Einheit<\/td><td class=\"column-5\"><\/td><td class=\"column-6\"><\/td><td class=\"column-7\"><\/td><td class=\"column-8\"><\/td><td class=\"column-9\"><\/td>\n<\/tr>\n<tr class=\"row-4 even\">\n\t<td class=\"column-1\">Henze<\/td><td class=\"column-2\">Lucas<\/td><td class=\"column-3\">2007<\/td><td class=\"column-4\">SV Einheit<\/td><td class=\"column-5\"><\/td><td class=\"column-6\"><\/td><td class=\"column-7\"><\/td><td class=\"column-8\"><\/td><td class=\"column-9\"><\/td>\n<\/tr>\n<tr class=\"row-5 odd\">\n\t<td class=\"column-1\">Kropf<\/td><td class=\"column-2\">Gino Maurice<\/td><td class=\"column-3\">2006<\/td><td class=\"column-4\">SV Einheit<\/td><td class=\"column-5\"><\/td><td class=\"column-6\"><\/td><td class=\"column-7\"><\/td><td class=\"column-8\"><\/td><td class=\"column-9\"><\/td>\n<\/tr>\n<tr class=\"row-6 even\">\n\t<td class=\"column-1\">Krug<\/td><td class=\"column-2\">Yves Jason<\/td><td class=\"column-3\">2008<\/td><td class=\"column-4\">SV Einheit<br \/>\nNeuzugang 1.FSV Nienburg<\/td><td class=\"column-5\"><\/td><td class=\"column-6\"><\/td><td class=\"column-7\"><\/td><td class=\"column-8\"><\/td><td class=\"column-9\"><\/td>\n<\/tr>\n<tr class=\"row-7 odd\">\n\t<td class=\"column-1\">M\u00fcller<\/td><td class=\"column-2\">Jakob<\/td><td class=\"column-3\">2007<\/td><td class=\"column-4\">SV Einheit<\/td><td class=\"column-5\"><\/td><td class=\"column-6\"><\/td><td class=\"column-7\"><\/td><td class=\"column-8\"><\/td><td class=\"column-9\"><\/td>\n<\/tr>\n<tr class=\"row-8 even\">\n\t<td class=\"column-1\">M\u00fcller<\/td><td class=\"column-2\">Vincent<\/td><td class=\"column-3\">2007<\/td><td class=\"column-4\">SV Einheit<\/td><td class=\"column-5\"><\/td><td class=\"column-6\"><\/td><td class=\"column-7\"><\/td><td class=\"column-8\"><\/td><td class=\"column-9\"><\/td>\n<\/tr>\n<tr class=\"row-9 odd\">\n\t<td class=\"column-1\">Richter<\/td><td class=\"column-2\">Janne Till<\/td><td class=\"column-3\">2007<\/td><td class=\"column-4\">SV Einheit<\/td><td class=\"column-5\"><\/td><td class=\"column-6\"><\/td><td class=\"column-7\"><\/td><td class=\"column-8\"><\/td><td class=\"column-9\"><\/td>\n<\/tr>\n<tr class=\"row-10 even\">\n\t<td class=\"column-1\">Schaaf<\/td><td class=\"column-2\">Dennis<\/td><td class=\"column-3\">2007<\/td><td class=\"column-4\">SV Einheit<\/td><td class=\"column-5\"><\/td><td class=\"column-6\"><\/td><td class=\"column-7\"><\/td><td class=\"column-8\"><\/td><td class=\"column-9\"><\/td>\n<\/tr>\n<tr class=\"row-11 odd\">\n\t<td class=\"column-1\">Schneider<\/td><td class=\"column-2\">Jeremy<\/td><td class=\"column-3\">2007<\/td><td class=\"column-4\">SV Einheit<\/td><td class=\"column-5\"><\/td><td class=\"column-6\"><\/td><td class=\"column-7\"><\/td><td class=\"column-8\"><\/td><td class=\"column-9\"><\/td>\n<\/tr>\n<tr class=\"row-12 even\">\n\t<td class=\"column-1\">Schoon<\/td><td class=\"column-2\">Christian<\/td><td class=\"column-3\">2007<\/td><td class=\"column-4\">SV Einheit<\/td><td class=\"column-5\"><\/td><td class=\"column-6\"><\/td><td class=\"column-7\"><\/td><td class=\"column-8\"><\/td><td class=\"column-9\"><\/td>\n<\/tr>\n<\/tbody>\n<\/table>\n\n","protected":false},"excerpt":{"rendered":"<p>SV Einheit Bernburg 1.Kreisklasse St. 2 &#8211; 2016\/17 Als F &#8211; Junioren kn\u00fcpfte diese Mannschaft an die gro\u00dfen Traditionen des SV Einheit in dieser Altersklasse an und wurde in der abgelaufenen Saison Kreismeister. Nun gilt es eine Altersklasse h\u00f6her, bei den E &#8211; Junioren zu bestehen. Um die Leistungen weiter zu steigern und allen Spielern [&hellip;]<\/p>\n","protected":false},"author":3,"featured_media":0,"parent":8406,"menu_order":0,"comment_status":"closed","ping_status":"closed","template":"","meta":{"footnotes":""},"_links":{"self":[{"href":"https:\/\/einheit-bernburg.de\/content\/index.php?rest_route=\/wp\/v2\/pages\/8487"}],"collection":[{"href":"https:\/\/einheit-bernburg.de\/content\/index.php?rest_route=\/wp\/v2\/pages"}],"about":[{"href":"https:\/\/einheit-bernburg.de\/content\/index.php?rest_route=\/wp\/v2\/types\/page"}],"author":[{"embeddable":true,"href":"https:\/\/einheit-bernburg.de\/content\/index.php?rest_route=\/wp\/v2\/users\/3"}],"replies":[{"embeddable":true,"href":"https:\/\/einheit-bernburg.de\/content\/index.php?rest_route=%2Fwp%2Fv2%2Fcomments&post=8487"}],"version-history":[{"count":1,"href":"https:\/\/einheit-bernburg.de\/content\/index.php?rest_route=\/wp\/v2\/pages\/8487\/revisions"}],"predecessor-version":[{"id":8488,"href":"https:\/\/einheit-bernburg.de\/content\/index.php?rest_route=\/wp\/v2\/pages\/8487\/revisions\/8488"}],"up":[{"embeddable":true,"href":"https:\/\/einheit-bernburg.de\/content\/index.php?rest_route=\/wp\/v2\/pages\/8406"}],"wp:attachment":[{"href":"https:\/\/einheit-bernburg.de\/content\/index.php?rest_route=%2Fwp%2Fv2%2Fmedia&parent=8487"}],"curies":[{"name":"wp","href":"https:\/\/api.w.org\/{rel}","templated":true}]}}