{"id":8589,"date":"2017-08-08T14:06:24","date_gmt":"2017-08-08T12:06:24","guid":{"rendered":"http:\/\/einheit-bernburg.de\/content\/?page_id=8589"},"modified":"2017-08-08T14:06:24","modified_gmt":"2017-08-08T12:06:24","slug":"archiv-kader-u-zielstellung-e3-junioren-201617","status":"publish","type":"page","link":"https:\/\/einheit-bernburg.de\/content\/?page_id=8589","title":{"rendered":"Archiv Kader u. Zielstellung E3-Junioren 2016\/17"},"content":{"rendered":"<h1 class=\"aufm\">Spg. Askania \/ Einheit Bernburg III.<\/h1>\n<h3>1. Kreisklasse Staffel 2 \u2013 2016\/17<\/h3>\n<p>Seit den G &#8211; Junioren spielt dieses Team inzwischen zusammen und ist eine gefestigte Einheit. Es sollte in diesem Spieljahr die st\u00e4rkste E &#8211; Junioren Mannschaft der KOOP Askania-Einheit sein, auch wenn der Kader im Augenblick, durch die Abg\u00e4nge on Jakub Gawlik (Polen) und Jannik Jennert (D3)&nbsp;&nbsp; etwas d\u00fcnn wirkt. Im vergangenen Spieljahr belegte diese Mannschaft als komplett j\u00fcngerer Jahrgang einen sehr guten 9.Platz und erreicht die Endrunde der HKM.<br>\nIn dieser Saison sollte zun\u00e4chst der Staffelsieg m\u00f6glich sein, der dann berechtigt, in den Playoffs um die Kreismeisterschaft zu spielen.<\/p>\n<p><em>Wir w\u00fcnschen der Mannschaft um die Trainer Daniel Henze, Karsten Smandek und David Sonntag viel Erfolg f\u00fcr das neue Spieljahr!<\/em><\/p>\n<hr>\n<div class=\"su-table su-table-alternate\">\n<table>\n<tbody>\n<tr>\n<td style=\"width: 25%\"><strong>Ansprechpartner<\/strong><\/td>\n<td>Lothar Kral (Sportlicher Leiter &#8211; Einheit)<br>\nTel.: 03471 \/ 311868, Mobil: 0177 \/ 939 42 32Markus Becker (Jugendleiter &#8211; Askania) Mobil: 0160 \/ 973 796 29<\/td>\n<\/tr>\n<tr>\n<td style=\"width: 25%\"><strong>Trainingszeit<\/strong><\/td>\n<td>Dienstag&nbsp;&nbsp;&nbsp;&nbsp;&nbsp;&nbsp;&nbsp;&nbsp;&nbsp; 16:30 Uhr &#8211; 18:00 Uhr Askania &#8211; Sportplatz\n<p>Donnerstag &nbsp;&nbsp;&nbsp; 16:30 Uhr &#8211; 18:00 Uhr Askania &#8211; Sportplatz<\/p><\/td>\n<\/tr>\n<tr>\n<td style=\"width: 25%\"><strong>Trainer<\/strong><\/td>\n<td>Daniel Henze&nbsp;&nbsp;&nbsp;&nbsp;&nbsp;&nbsp;&nbsp;&nbsp;&nbsp;&nbsp;&nbsp;&nbsp;&nbsp; Mobil: 0163 \/ 269 70 57&nbsp; Tel.: 3471 \/ 642 382\n<p>Karsten Smandek&nbsp;&nbsp;&nbsp;&nbsp;&nbsp; Mobil: 0173 \/ 369 67 87<\/p><\/td>\n<\/tr>\n<tr>\n<td style=\"width: 25%\"><strong>Co &#8211; Trainer<\/strong><\/td>\n<td>David Sonntag&nbsp;&nbsp;&nbsp;&nbsp;&nbsp;&nbsp;&nbsp;&nbsp;&nbsp;&nbsp;&nbsp; Mobil: 0178 \/ 395 11 06<\/td>\n<\/tr>\n<tr>\n<td style=\"width: 25%\"><strong>Zielstellung<\/strong><\/td>\n<td><\/td>\n<\/tr>\n<\/tbody>\n<\/table>\n<\/div>\n<hr>\n<figure id=\"attachment_652\" aria-describedby=\"caption-attachment-652\" style=\"width: 640px\" class=\"wp-caption alignnone\"><noscript><img decoding=\"async\" class=\"wp-image-652 size-full\" src=\"http:\/\/einheit-bernburg.de\/content\/wp-content\/uploads\/2015\/09\/Trainer_E2-Jun.2015-16.jpg\" alt width=\"640\" height=\"360\" srcset=\"https:\/\/einheit-bernburg.de\/content\/wp-content\/uploads\/2015\/09\/Trainer_E2-Jun.2015-16.jpg 640w, https:\/\/einheit-bernburg.de\/content\/wp-content\/uploads\/2015\/09\/Trainer_E2-Jun.2015-16-300x169.jpg 300w\" sizes=\"(max-width: 640px) 100vw, 640px\"><\/noscript><img decoding=\"async\" class=\"wp-image-652 size-full lazyload\" src=\"data:image\/svg+xml,%3Csvg%20xmlns%3D%22http%3A%2F%2Fwww.w3.org%2F2000%2Fsvg%22%20viewBox%3D%220%200%20640%20360%22%3E%3C%2Fsvg%3E\" alt width=\"640\" height=\"360\" srcset=\"data:image\/svg+xml,%3Csvg%20xmlns%3D%22http%3A%2F%2Fwww.w3.org%2F2000%2Fsvg%22%20viewBox%3D%220%200%20640%20360%22%3E%3C%2Fsvg%3E 640w\" sizes=\"(max-width: 640px) 100vw, 640px\" data-srcset=\"https:\/\/einheit-bernburg.de\/content\/wp-content\/uploads\/2015\/09\/Trainer_E2-Jun.2015-16.jpg 640w, https:\/\/einheit-bernburg.de\/content\/wp-content\/uploads\/2015\/09\/Trainer_E2-Jun.2015-16-300x169.jpg 300w\" data-src=\"http:\/\/einheit-bernburg.de\/content\/wp-content\/uploads\/2015\/09\/Trainer_E2-Jun.2015-16.jpg\"><figcaption id=\"caption-attachment-652\" class=\"wp-caption-text\">Trainer Daniel Henze, Co-Trainer und Mannschaftsbetreuer David Sonntag ,Trainer Karsten Smandek<\/figcaption><\/figure>\n<hr>\n<h3>Kader<\/h3>\n\n<table id=\"tablepress-26\" class=\"tablepress tablepress-id-26\">\n<thead>\n<tr class=\"row-1 odd\">\n\t<th class=\"column-1\">Name<\/th><th class=\"column-2\">Vorname<\/th><th class=\"column-3\">Geb.-Datum<\/th><th class=\"column-4\">Spielerpass<\/th><th class=\"column-5\"><\/th><th class=\"column-6\"><\/th><th class=\"column-7\"><\/th><th class=\"column-8\"><\/th><th class=\"column-9\"><\/th>\n<\/tr>\n<\/thead>\n<tbody>\n<tr class=\"row-2 even\">\n\t<td class=\"column-1\">Beck <\/td><td class=\"column-2\">Elias<\/td><td class=\"column-3\">16.04.2007<\/td><td class=\"column-4\">SV Einheit<\/td><td class=\"column-5\"><\/td><td class=\"column-6\"><\/td><td class=\"column-7\"><\/td><td class=\"column-8\"><\/td><td class=\"column-9\"><\/td>\n<\/tr>\n<tr class=\"row-3 odd\">\n\t<td class=\"column-1\">Eisfeld<\/td><td class=\"column-2\">Fritz<\/td><td class=\"column-3\">15.02.2006<\/td><td class=\"column-4\">TV Askania<\/td><td class=\"column-5\"><\/td><td class=\"column-6\"><\/td><td class=\"column-7\"><\/td><td class=\"column-8\"><\/td><td class=\"column-9\"><\/td>\n<\/tr>\n<tr class=\"row-4 even\">\n\t<td class=\"column-1\">Christoph<\/td><td class=\"column-2\">Bennett<\/td><td class=\"column-3\">19.08.2007<\/td><td class=\"column-4\">SV Einheit<\/td><td class=\"column-5\"><\/td><td class=\"column-6\"><\/td><td class=\"column-7\"><\/td><td class=\"column-8\"><\/td><td class=\"column-9\"><\/td>\n<\/tr>\n<tr class=\"row-5 odd\">\n\t<td class=\"column-1\">Hellmann<\/td><td class=\"column-2\">Florian<\/td><td class=\"column-3\">18.02.2006<\/td><td class=\"column-4\">SV Einheit<\/td><td class=\"column-5\"><\/td><td class=\"column-6\"><\/td><td class=\"column-7\"><\/td><td class=\"column-8\"><\/td><td class=\"column-9\"><\/td>\n<\/tr>\n<tr class=\"row-6 even\">\n\t<td class=\"column-1\">Henze<\/td><td class=\"column-2\">Colin<\/td><td class=\"column-3\">29.08.2006<\/td><td class=\"column-4\">TV Askania<\/td><td class=\"column-5\"><\/td><td class=\"column-6\"><\/td><td class=\"column-7\"><\/td><td class=\"column-8\"><\/td><td class=\"column-9\"><\/td>\n<\/tr>\n<tr class=\"row-7 odd\">\n\t<td class=\"column-1\">Hobusch<\/td><td class=\"column-2\">Eric<\/td><td class=\"column-3\">06.01.2006<\/td><td class=\"column-4\">TV Askania<\/td><td class=\"column-5\"><\/td><td class=\"column-6\"><\/td><td class=\"column-7\"><\/td><td class=\"column-8\"><\/td><td class=\"column-9\"><\/td>\n<\/tr>\n<tr class=\"row-8 even\">\n\t<td class=\"column-1\">Hungler<\/td><td class=\"column-2\">Paul<\/td><td class=\"column-3\">19.06.2006<\/td><td class=\"column-4\">SV Einheit<\/td><td class=\"column-5\"><\/td><td class=\"column-6\"><\/td><td class=\"column-7\"><\/td><td class=\"column-8\"><\/td><td class=\"column-9\"><\/td>\n<\/tr>\n<tr class=\"row-9 odd\">\n\t<td class=\"column-1\">Krahl<\/td><td class=\"column-2\">Kevin<\/td><td class=\"column-3\">04.01.2006<\/td><td class=\"column-4\">GS Ilberstedt<\/td><td class=\"column-5\"><\/td><td class=\"column-6\"><\/td><td class=\"column-7\"><\/td><td class=\"column-8\"><\/td><td class=\"column-9\"><\/td>\n<\/tr>\n<tr class=\"row-10 even\">\n\t<td class=\"column-1\">Laurischk<\/td><td class=\"column-2\">Bjarne<\/td><td class=\"column-3\">29.09.2006<\/td><td class=\"column-4\">SV Einheit<\/td><td class=\"column-5\"><\/td><td class=\"column-6\"><\/td><td class=\"column-7\"><\/td><td class=\"column-8\"><\/td><td class=\"column-9\"><\/td>\n<\/tr>\n<tr class=\"row-11 odd\">\n\t<td class=\"column-1\">Lutze<\/td><td class=\"column-2\">Hannes<\/td><td class=\"column-3\">15.09.2006<\/td><td class=\"column-4\">TV Askania<\/td><td class=\"column-5\"><\/td><td class=\"column-6\"><\/td><td class=\"column-7\"><\/td><td class=\"column-8\"><\/td><td class=\"column-9\"><\/td>\n<\/tr>\n<tr class=\"row-12 even\">\n\t<td class=\"column-1\">Smandek<\/td><td class=\"column-2\">Philip<\/td><td class=\"column-3\">02.06.2006<\/td><td class=\"column-4\">TV Askania<\/td><td class=\"column-5\"><\/td><td class=\"column-6\"><\/td><td class=\"column-7\"><\/td><td class=\"column-8\"><\/td><td class=\"column-9\"><\/td>\n<\/tr>\n<\/tbody>\n<\/table>\n\n","protected":false},"excerpt":{"rendered":"<p>Spg. Askania \/ Einheit Bernburg III. 1. Kreisklasse Staffel 2 \u2013 2016\/17 Seit den G &#8211; Junioren spielt dieses Team inzwischen zusammen und ist eine gefestigte Einheit. Es sollte in diesem Spieljahr die st\u00e4rkste E &#8211; Junioren Mannschaft der KOOP Askania-Einheit sein, auch wenn der Kader im Augenblick, durch die Abg\u00e4nge on Jakub Gawlik (Polen) [&hellip;]<\/p>\n","protected":false},"author":3,"featured_media":0,"parent":8563,"menu_order":0,"comment_status":"closed","ping_status":"closed","template":"","meta":{"footnotes":""},"_links":{"self":[{"href":"https:\/\/einheit-bernburg.de\/content\/index.php?rest_route=\/wp\/v2\/pages\/8589"}],"collection":[{"href":"https:\/\/einheit-bernburg.de\/content\/index.php?rest_route=\/wp\/v2\/pages"}],"about":[{"href":"https:\/\/einheit-bernburg.de\/content\/index.php?rest_route=\/wp\/v2\/types\/page"}],"author":[{"embeddable":true,"href":"https:\/\/einheit-bernburg.de\/content\/index.php?rest_route=\/wp\/v2\/users\/3"}],"replies":[{"embeddable":true,"href":"https:\/\/einheit-bernburg.de\/content\/index.php?rest_route=%2Fwp%2Fv2%2Fcomments&post=8589"}],"version-history":[{"count":1,"href":"https:\/\/einheit-bernburg.de\/content\/index.php?rest_route=\/wp\/v2\/pages\/8589\/revisions"}],"predecessor-version":[{"id":8591,"href":"https:\/\/einheit-bernburg.de\/content\/index.php?rest_route=\/wp\/v2\/pages\/8589\/revisions\/8591"}],"up":[{"embeddable":true,"href":"https:\/\/einheit-bernburg.de\/content\/index.php?rest_route=\/wp\/v2\/pages\/8563"}],"wp:attachment":[{"href":"https:\/\/einheit-bernburg.de\/content\/index.php?rest_route=%2Fwp%2Fv2%2Fmedia&parent=8589"}],"curies":[{"name":"wp","href":"https:\/\/api.w.org\/{rel}","templated":true}]}}