{"id":8685,"date":"2017-08-08T14:11:13","date_gmt":"2017-08-08T12:11:13","guid":{"rendered":"http:\/\/einheit-bernburg.de\/content\/?page_id=8685"},"modified":"2017-08-08T14:11:13","modified_gmt":"2017-08-08T12:11:13","slug":"archiv-kader-u-zielstellung-f1-junioren-201617","status":"publish","type":"page","link":"https:\/\/einheit-bernburg.de\/content\/?page_id=8685","title":{"rendered":"Archiv Kader u. Zielstellung F1-Junioren 2016\/17"},"content":{"rendered":"<h1 class=\"aufm\">SV Einheit Bernburg<\/h1>\n<h3>Kreisklasse &#8211; 2016\/17<\/h3>\n<p>Diese Mannschaft ist nun zum gro\u00dfen Teil das vierte Jahr zusammen und konnte schon bei den G &#8211; Junioren und im vergangenen Spieljahr als F2 &#8211; Junioren der KOOP auf sch\u00f6ne Erfolge zur\u00fcckblicken. Als komplett j\u00fcngerer konnten sie schon beachtliche spielerische und technische F\u00e4higkeiten nachweisen. Neben der gro\u00dfen Veranlagung, die viele Spieler dieser Mannschaft mitbringen, gepaart mit dem an den Tag gelegten Trainingsflei\u00df, sind die j\u00fcngsten Erfolge vor allem auf gro\u00dfe fachliche Kompetenz ihres Trainertrios zur\u00fcckzuf\u00fchren.<br \/>\nIm aktuellen Spieljahr gehen die Kinder als F1 &#8211; Junioren in den Spielbetrieb. Man darf sehr gespannt sein, was dieses Team, nun als \u00e4lterer Jahrgang, in dieser Altersklasse leisten wird. Immerhin ist Einheit Titelverteidiger und auch wenn die Mannschaft mit Moritz F\u00fctz, der den Weg zum Halleschen FC suchte, auf einen ihrer Leistungstr\u00e4ger zuk\u00fcnftig verzichten muss, sollte sie noch \u00fcber gen\u00fcgend Potential verf\u00fcgen, um erneut ein geh\u00f6riges W\u00f6rtchen bei der Vergabe der Kreismeisterschaftsmedaillen mitzureden.<\/p>\n<p><em>Wir w\u00fcnschen dem gesamten Team viel Erfolg f\u00fcr das neue Spieljahr!<\/em><\/p>\n<hr \/>\n<div class=\"su-table su-table-alternate\">\n<table>\n<tbody>\n<tr>\n<td style=\"width: 25%\"><strong>Ansprechpartner<\/strong><\/td>\n<td>Lothar Kral (Sportlicher Leiter)<br \/>\nTel.: 03471 \/ 311868, Mobil: 0177 \/ 939 42 32Markus Becker (Jugendleiter &#8211; Askania) Mobil: 0160 \/ 973 796 29<\/td>\n<\/tr>\n<tr>\n<td style=\"width: 25%\"><strong>Trainingszeit<\/strong><\/td>\n<td>Dienstag u. Freitag 16:30 Uhr &#8211; 18:00 Uhr Einheit &#8211; Sportplatz<\/td>\n<\/tr>\n<tr>\n<td style=\"width: 25%\"><strong>Trainer<\/strong><\/td>\n<td>Mathias Lorenz\u00a0\u00a0\u00a0\u00a0\u00a0\u00a0\u00a0\u00a0\u00a0 Mobil: 0173 \/ 561 26 37<\/p>\n<p>Martin Weile\u00a0\u00a0\u00a0\u00a0\u00a0\u00a0\u00a0\u00a0\u00a0\u00a0\u00a0\u00a0\u00a0 Mobil: 0177 \/ 777 19 62<\/td>\n<\/tr>\n<tr>\n<td style=\"width: 25%\"><strong>Berater<\/strong><\/td>\n<td>Ronny Beier\u00a0\u00a0\u00a0\u00a0\u00a0\u00a0\u00a0\u00a0\u00a0\u00a0\u00a0\u00a0\u00a0\u00a0 Mobil: 0172 \/ 341 30 50<\/td>\n<\/tr>\n<tr>\n<td style=\"width: 25%\"><strong>Zielstellung<\/strong><\/td>\n<td>Kreisoberliga spielen u. Medaillenplatz bei der KM<\/td>\n<\/tr>\n<\/tbody>\n<\/table>\n<\/div>\n<hr \/>\n<h3>Kader<\/h3>\n\n<table id=\"tablepress-31\" class=\"tablepress tablepress-id-31\">\n<thead>\n<tr class=\"row-1 odd\">\n\t<th class=\"column-1\">Name<\/th><th class=\"column-2\">Vorname<\/th><th class=\"column-3\">Jahrgang<\/th><th class=\"column-4\">Herkunft<\/th><th class=\"column-5\"><\/th><th class=\"column-6\"><\/th><th class=\"column-7\"><\/th><th class=\"column-8\"><\/th>\n<\/tr>\n<\/thead>\n<tbody>\n<tr class=\"row-2 even\">\n\t<td class=\"column-1\">Bergmann<\/td><td class=\"column-2\">Neo Jan<\/td><td class=\"column-3\">2008<\/td><td class=\"column-4\">SV Einheit<\/td><td class=\"column-5\"><\/td><td class=\"column-6\"><\/td><td class=\"column-7\"><\/td><td class=\"column-8\"><\/td>\n<\/tr>\n<tr class=\"row-3 odd\">\n\t<td class=\"column-1\">Drefs<\/td><td class=\"column-2\">Leonard<\/td><td class=\"column-3\">2008<\/td><td class=\"column-4\">SV Einheit<\/td><td class=\"column-5\"><\/td><td class=\"column-6\"><\/td><td class=\"column-7\"><\/td><td class=\"column-8\"><\/td>\n<\/tr>\n<tr class=\"row-4 even\">\n\t<td class=\"column-1\">G\u00fcnther<\/td><td class=\"column-2\">Julius<\/td><td class=\"column-3\">2009<\/td><td class=\"column-4\">SV Einheit<\/td><td class=\"column-5\"><\/td><td class=\"column-6\"><\/td><td class=\"column-7\"><\/td><td class=\"column-8\"><\/td>\n<\/tr>\n<tr class=\"row-5 odd\">\n\t<td class=\"column-1\">Heute<\/td><td class=\"column-2\">Paolo - Moris<\/td><td class=\"column-3\">2008<\/td><td class=\"column-4\">Schwarz-Gelb BBG<\/td><td class=\"column-5\"><\/td><td class=\"column-6\"><\/td><td class=\"column-7\"><\/td><td class=\"column-8\"><\/td>\n<\/tr>\n<tr class=\"row-6 even\">\n\t<td class=\"column-1\">Kersten<\/td><td class=\"column-2\">Hannes<\/td><td class=\"column-3\">2008<\/td><td class=\"column-4\">SV Einheit<\/td><td class=\"column-5\"><\/td><td class=\"column-6\"><\/td><td class=\"column-7\"><\/td><td class=\"column-8\"><\/td>\n<\/tr>\n<tr class=\"row-7 odd\">\n\t<td class=\"column-1\">Kohl<\/td><td class=\"column-2\">William<\/td><td class=\"column-3\">2008<\/td><td class=\"column-4\">SV Einheit<\/td><td class=\"column-5\"><\/td><td class=\"column-6\"><\/td><td class=\"column-7\"><\/td><td class=\"column-8\"><\/td>\n<\/tr>\n<tr class=\"row-8 even\">\n\t<td class=\"column-1\">Kommritz<\/td><td class=\"column-2\">Bennit<\/td><td class=\"column-3\">2008<\/td><td class=\"column-4\">SV Einheit<\/td><td class=\"column-5\"><\/td><td class=\"column-6\"><\/td><td class=\"column-7\"><\/td><td class=\"column-8\"><\/td>\n<\/tr>\n<tr class=\"row-9 odd\">\n\t<td class=\"column-1\">Lorenz<\/td><td class=\"column-2\">Maurice<\/td><td class=\"column-3\">2008<\/td><td class=\"column-4\">SV Einheit<\/td><td class=\"column-5\"><\/td><td class=\"column-6\"><\/td><td class=\"column-7\"><\/td><td class=\"column-8\"><\/td>\n<\/tr>\n<tr class=\"row-10 even\">\n\t<td class=\"column-1\">Malz<\/td><td class=\"column-2\">Lenny Paul<\/td><td class=\"column-3\">2008<\/td><td class=\"column-4\">SV Einheit<\/td><td class=\"column-5\"><\/td><td class=\"column-6\"><\/td><td class=\"column-7\"><\/td><td class=\"column-8\"><\/td>\n<\/tr>\n<tr class=\"row-11 odd\">\n\t<td class=\"column-1\">Ochsendorf<\/td><td class=\"column-2\">Nico Sven<\/td><td class=\"column-3\">2008<\/td><td class=\"column-4\">SV Einheit<\/td><td class=\"column-5\"><\/td><td class=\"column-6\"><\/td><td class=\"column-7\"><\/td><td class=\"column-8\"><\/td>\n<\/tr>\n<tr class=\"row-12 even\">\n\t<td class=\"column-1\">Razavi<\/td><td class=\"column-2\">Amin<\/td><td class=\"column-3\">2008<\/td><td class=\"column-4\">SV Einheit<\/td><td class=\"column-5\"><\/td><td class=\"column-6\"><\/td><td class=\"column-7\"><\/td><td class=\"column-8\"><\/td>\n<\/tr>\n<tr class=\"row-13 odd\">\n\t<td class=\"column-1\">Schneider<\/td><td class=\"column-2\">Paulus Max<\/td><td class=\"column-3\">2008<\/td><td class=\"column-4\">SV Einheit<\/td><td class=\"column-5\"><\/td><td class=\"column-6\"><\/td><td class=\"column-7\"><\/td><td class=\"column-8\"><\/td>\n<\/tr>\n<tr class=\"row-14 even\">\n\t<td class=\"column-1\">Scheffler<\/td><td class=\"column-2\">Rocco<\/td><td class=\"column-3\">2008<\/td><td class=\"column-4\">TV Askania<\/td><td class=\"column-5\"><\/td><td class=\"column-6\"><\/td><td class=\"column-7\"><\/td><td class=\"column-8\"><\/td>\n<\/tr>\n<\/tbody>\n<\/table>\n\n","protected":false},"excerpt":{"rendered":"<p>SV Einheit Bernburg Kreisklasse &#8211; 2016\/17 Diese Mannschaft ist nun zum gro\u00dfen Teil das vierte Jahr zusammen und konnte schon bei den G &#8211; Junioren und im vergangenen Spieljahr als F2 &#8211; Junioren der KOOP auf sch\u00f6ne Erfolge zur\u00fcckblicken. Als komplett j\u00fcngerer konnten sie schon beachtliche spielerische und technische F\u00e4higkeiten nachweisen. Neben der gro\u00dfen Veranlagung, [&hellip;]<\/p>\n","protected":false},"author":3,"featured_media":0,"parent":8594,"menu_order":0,"comment_status":"closed","ping_status":"closed","template":"","meta":{"footnotes":""},"_links":{"self":[{"href":"https:\/\/einheit-bernburg.de\/content\/index.php?rest_route=\/wp\/v2\/pages\/8685"}],"collection":[{"href":"https:\/\/einheit-bernburg.de\/content\/index.php?rest_route=\/wp\/v2\/pages"}],"about":[{"href":"https:\/\/einheit-bernburg.de\/content\/index.php?rest_route=\/wp\/v2\/types\/page"}],"author":[{"embeddable":true,"href":"https:\/\/einheit-bernburg.de\/content\/index.php?rest_route=\/wp\/v2\/users\/3"}],"replies":[{"embeddable":true,"href":"https:\/\/einheit-bernburg.de\/content\/index.php?rest_route=%2Fwp%2Fv2%2Fcomments&post=8685"}],"version-history":[{"count":1,"href":"https:\/\/einheit-bernburg.de\/content\/index.php?rest_route=\/wp\/v2\/pages\/8685\/revisions"}],"predecessor-version":[{"id":8686,"href":"https:\/\/einheit-bernburg.de\/content\/index.php?rest_route=\/wp\/v2\/pages\/8685\/revisions\/8686"}],"up":[{"embeddable":true,"href":"https:\/\/einheit-bernburg.de\/content\/index.php?rest_route=\/wp\/v2\/pages\/8594"}],"wp:attachment":[{"href":"https:\/\/einheit-bernburg.de\/content\/index.php?rest_route=%2Fwp%2Fv2%2Fmedia&parent=8685"}],"curies":[{"name":"wp","href":"https:\/\/api.w.org\/{rel}","templated":true}]}}