{"id":8837,"date":"2017-08-08T14:18:33","date_gmt":"2017-08-08T12:18:33","guid":{"rendered":"http:\/\/einheit-bernburg.de\/content\/?page_id=8837"},"modified":"2017-08-08T14:18:33","modified_gmt":"2017-08-08T12:18:33","slug":"archiv-kader-u-zielstellung-g-junioren-sv-einheit-bernburg-201617","status":"publish","type":"page","link":"https:\/\/einheit-bernburg.de\/content\/?page_id=8837","title":{"rendered":"Archiv Kader u. Zielstellung G-Junioren SV Einheit Bernburg 2016\/17"},"content":{"rendered":"<h1 class=\"aufm\">SV Einheit Bernburg<\/h1>\n<h3>2016\/17<\/h3>\n<p>Ab sofort, vor allem weil die Nachfrage dazu da war, bietet der SV Einheit Bernburg wieder auf dem Einheit \u2013 Sportplatz ein Bambini \u2013 Training (G \u2013 Junioren Jahrgang 2010 und j\u00fcnger) an. Im vergangenen Spieljahr fehlte uns dazu ein Trainer. Diesen haben wir jetzt gefunden. Mit Enrico Erbring haben wir nun einen kompetenten Sportfreund, der selbst seinen Sohn in eine Bambini-Mannschaft mit einbringt. Nun hoffen wir, dass m\u00f6glichst viele Eltern mit ihren Kindern die Gelegenheit nutzen werden, um die Kids\u00a0 spielend und mit viel Spa\u00df an das Fu\u00dfballspielen heranzuf\u00fchren.<br \/>\nInzwischen hat sich mit den beiden Co &#8211; Trainern, Christian M\u00e4nnicke u. Opa Wolfganng Stamm, sowie der Mannschaftsleiterin Lydia Wilhelm, die alle organisatorischen Aufgaben \u00fcbernommen hat, ein echtes Team zusammen gefunden, das den Trainer tatkr\u00e4ftig beim Training und bei den Turnieren unterst\u00fctzt<\/p>\n<p><em>Wir w\u00fcnschen dem Trainer &#8211; u. Betreuerstab viel Erfolg beim Aufbau dieser Bambinimannschaft!<\/em><\/p>\n<hr \/>\n<div class=\"su-table su-table-alternate\">\n<table>\n<tbody>\n<tr>\n<td style=\"width: 25%\"><strong>Ansprechpartner<\/strong><\/td>\n<td>Lothar Kral (Sportlicher Leiter)<\/p>\n<p>Tel.: 03471 \/ 311868, Mobil: 0177 \/ 939 42 32<\/td>\n<\/tr>\n<tr>\n<td style=\"width: 25%\"><strong>Trainingszeit<\/strong><\/td>\n<td>Donnerstag 17:00 Uhr \u2013 18:00 Uhr Einheit \u2013 Sportplatz<\/td>\n<\/tr>\n<tr>\n<td style=\"width: 25%\"><strong>Hallentraining<\/strong><\/td>\n<td>Dienstag 17:00 Uhr &#8211; 18:00 Uhr\u00a0 Sporthalle der Goetheschule (ab 17.10.2016 m\u00f6glich)<\/td>\n<\/tr>\n<tr>\n<td style=\"width: 25%\"><strong>Trainer<\/strong><\/td>\n<td>Enrico Erbring\u00a0 Mobil: 0157-855 671 88<\/td>\n<\/tr>\n<tr>\n<td style=\"width: 25%\"><strong>Co &#8211; Trainer<br \/>\n<\/strong><\/td>\n<td>Christian M\u00e4nnicke Mobil: 0157-877 816 59<\/p>\n<p>Wolfgang Stamm (?)<\/td>\n<\/tr>\n<tr>\n<td style=\"width: 25%\"><strong>Mannschaftsleiterin<\/strong><\/td>\n<td>\u00a0Lydia Wilhelm<\/td>\n<\/tr>\n<tr>\n<td style=\"width: 25%\"><strong>Zielstellung<\/strong><\/td>\n<td>Den Kindern spielrisch das Fu\u00dfballspielen vermitteln, wobei jederzeit der Spa\u00df im Vordergrund stehen soll.<\/td>\n<\/tr>\n<\/tbody>\n<\/table>\n<\/div>\n<hr \/>\n<h3>Kader<\/h3>\n\n<table id=\"tablepress-33\" class=\"tablepress tablepress-id-33\">\n<thead>\n<tr class=\"row-1 odd\">\n\t<th class=\"column-1\">Name<\/th><th class=\"column-2\">Vorname<\/th><th class=\"column-3\">Jahrgang<\/th><th class=\"column-4\">Herkunft<\/th><th class=\"column-5\"><\/th><th class=\"column-6\"><\/th><th class=\"column-7\"><\/th><th class=\"column-8\"><\/th>\n<\/tr>\n<\/thead>\n<tbody>\n<tr class=\"row-2 even\">\n\t<td class=\"column-1\">Angermann<\/td><td class=\"column-2\">Max Elias<\/td><td class=\"column-3\">2011<\/td><td class=\"column-4\">SV Einheit<\/td><td class=\"column-5\"><\/td><td class=\"column-6\"><\/td><td class=\"column-7\"><\/td><td class=\"column-8\"><\/td>\n<\/tr>\n<tr class=\"row-3 odd\">\n\t<td class=\"column-1\">Cichy<\/td><td class=\"column-2\">Konstantin<\/td><td class=\"column-3\">2010<\/td><td class=\"column-4\">SV Einheit<\/td><td class=\"column-5\"><\/td><td class=\"column-6\"><\/td><td class=\"column-7\"><\/td><td class=\"column-8\"><\/td>\n<\/tr>\n<tr class=\"row-4 even\">\n\t<td class=\"column-1\">Focke<\/td><td class=\"column-2\">Ben<\/td><td class=\"column-3\">2011<\/td><td class=\"column-4\">SV Einheit<\/td><td class=\"column-5\"><\/td><td class=\"column-6\"><\/td><td class=\"column-7\"><\/td><td class=\"column-8\"><\/td>\n<\/tr>\n<tr class=\"row-5 odd\">\n\t<td class=\"column-1\">Franke<\/td><td class=\"column-2\">Lennard<\/td><td class=\"column-3\">2012<\/td><td class=\"column-4\">SV Einheit<\/td><td class=\"column-5\"><\/td><td class=\"column-6\"><\/td><td class=\"column-7\"><\/td><td class=\"column-8\"><\/td>\n<\/tr>\n<tr class=\"row-6 even\">\n\t<td class=\"column-1\">Hammermann<\/td><td class=\"column-2\">Franz<\/td><td class=\"column-3\">2010<\/td><td class=\"column-4\">SV Einheit<\/td><td class=\"column-5\"><\/td><td class=\"column-6\"><\/td><td class=\"column-7\"><\/td><td class=\"column-8\"><\/td>\n<\/tr>\n<tr class=\"row-7 odd\">\n\t<td class=\"column-1\">Helmecke<\/td><td class=\"column-2\">Marvin<\/td><td class=\"column-3\">2011<\/td><td class=\"column-4\">SV Einheit <br \/>\nAbm. 30.06.17<\/td><td class=\"column-5\"><\/td><td class=\"column-6\"><\/td><td class=\"column-7\"><\/td><td class=\"column-8\"><\/td>\n<\/tr>\n<tr class=\"row-8 even\">\n\t<td class=\"column-1\">Herrmann<\/td><td class=\"column-2\">Ben - Luca<\/td><td class=\"column-3\">2010<\/td><td class=\"column-4\">SV Einheit<\/td><td class=\"column-5\"><\/td><td class=\"column-6\"><\/td><td class=\"column-7\"><\/td><td class=\"column-8\"><\/td>\n<\/tr>\n<tr class=\"row-9 odd\">\n\t<td class=\"column-1\">Krug<\/td><td class=\"column-2\">Lionel Mathias<\/td><td class=\"column-3\">2011<\/td><td class=\"column-4\">SV Einheit<\/td><td class=\"column-5\"><\/td><td class=\"column-6\"><\/td><td class=\"column-7\"><\/td><td class=\"column-8\"><\/td>\n<\/tr>\n<tr class=\"row-10 even\">\n\t<td class=\"column-1\">Kurth<\/td><td class=\"column-2\">Mateo<\/td><td class=\"column-3\">2010<\/td><td class=\"column-4\">SV Einheit<\/td><td class=\"column-5\"><\/td><td class=\"column-6\"><\/td><td class=\"column-7\"><\/td><td class=\"column-8\"><\/td>\n<\/tr>\n<tr class=\"row-11 odd\">\n\t<td class=\"column-1\">M\u00fcller<\/td><td class=\"column-2\">Toni<\/td><td class=\"column-3\">2011<\/td><td class=\"column-4\">SV Einheit<\/td><td class=\"column-5\"><\/td><td class=\"column-6\"><\/td><td class=\"column-7\"><\/td><td class=\"column-8\"><\/td>\n<\/tr>\n<tr class=\"row-12 even\">\n\t<td class=\"column-1\">Schmucker <\/td><td class=\"column-2\">Malte<\/td><td class=\"column-3\">2011<\/td><td class=\"column-4\">SV Einheit<\/td><td class=\"column-5\"><\/td><td class=\"column-6\"><\/td><td class=\"column-7\"><\/td><td class=\"column-8\"><\/td>\n<\/tr>\n<tr class=\"row-13 odd\">\n\t<td class=\"column-1\">Schmucker<\/td><td class=\"column-2\">Marco<\/td><td class=\"column-3\">2010<\/td><td class=\"column-4\">SV Einheit<\/td><td class=\"column-5\"><\/td><td class=\"column-6\"><\/td><td class=\"column-7\"><\/td><td class=\"column-8\"><\/td>\n<\/tr>\n<tr class=\"row-14 even\">\n\t<td class=\"column-1\">Schreier<\/td><td class=\"column-2\">Timon<\/td><td class=\"column-3\">2013<\/td><td class=\"column-4\">SV Einheit<\/td><td class=\"column-5\"><\/td><td class=\"column-6\"><\/td><td class=\"column-7\"><\/td><td class=\"column-8\"><\/td>\n<\/tr>\n<tr class=\"row-15 odd\">\n\t<td class=\"column-1\">Schulz<\/td><td class=\"column-2\">Max<\/td><td class=\"column-3\">2011<\/td><td class=\"column-4\">SV Einheit<\/td><td class=\"column-5\"><\/td><td class=\"column-6\"><\/td><td class=\"column-7\"><\/td><td class=\"column-8\"><\/td>\n<\/tr>\n<tr class=\"row-16 even\">\n\t<td class=\"column-1\">Sieland<\/td><td class=\"column-2\">Johannes<\/td><td class=\"column-3\">2010<\/td><td class=\"column-4\">SV Einheit<\/td><td class=\"column-5\"><\/td><td class=\"column-6\"><\/td><td class=\"column-7\"><\/td><td class=\"column-8\"><\/td>\n<\/tr>\n<tr class=\"row-17 odd\">\n\t<td class=\"column-1\">Wurg<\/td><td class=\"column-2\">Angelo Kevin<\/td><td class=\"column-3\">2010<\/td><td class=\"column-4\">SV Einheit<\/td><td class=\"column-5\"><\/td><td class=\"column-6\"><\/td><td class=\"column-7\"><\/td><td class=\"column-8\"><\/td>\n<\/tr>\n<tr class=\"row-18 even\">\n\t<td class=\"column-1\">Ziegler<\/td><td class=\"column-2\">Madlen<\/td><td class=\"column-3\">2010<\/td><td class=\"column-4\">SV Einheit<\/td><td class=\"column-5\"><\/td><td class=\"column-6\"><\/td><td class=\"column-7\"><\/td><td class=\"column-8\"><\/td>\n<\/tr>\n<tr class=\"row-19 odd\">\n\t<td class=\"column-1\">Zunder<\/td><td class=\"column-2\">Jeremy Elias<\/td><td class=\"column-3\">2012<\/td><td class=\"column-4\">SV Einheit<\/td><td class=\"column-5\"><\/td><td class=\"column-6\"><\/td><td class=\"column-7\"><\/td><td class=\"column-8\"><\/td>\n<\/tr>\n<tr class=\"row-20 even\">\n\t<td class=\"column-1\"><\/td><td class=\"column-2\"><\/td><td class=\"column-3\"><\/td><td class=\"column-4\"><\/td><td class=\"column-5\"><\/td><td class=\"column-6\"><\/td><td class=\"column-7\"><\/td><td class=\"column-8\"><\/td>\n<\/tr>\n<tr class=\"row-21 odd\">\n\t<td class=\"column-1\">Littig<\/td><td class=\"column-2\">Luca<\/td><td class=\"column-3\">2009<\/td><td class=\"column-4\">SV Einheit<\/td><td class=\"column-5\"><\/td><td class=\"column-6\"><\/td><td class=\"column-7\"><\/td><td class=\"column-8\"><\/td>\n<\/tr>\n<tr class=\"row-22 even\">\n\t<td class=\"column-1\">Raznitsyn<\/td><td class=\"column-2\">Oleksii<\/td><td class=\"column-3\">2009<\/td><td class=\"column-4\"><\/td><td class=\"column-5\"><\/td><td class=\"column-6\"><\/td><td class=\"column-7\"><\/td><td class=\"column-8\"><\/td>\n<\/tr>\n<tr class=\"row-23 odd\">\n\t<td class=\"column-1\">Zabel<\/td><td class=\"column-2\">Lenny<\/td><td class=\"column-3\">2009<\/td><td class=\"column-4\">SV Einheit<\/td><td class=\"column-5\"><\/td><td class=\"column-6\"><\/td><td class=\"column-7\"><\/td><td class=\"column-8\"><\/td>\n<\/tr>\n<\/tbody>\n<\/table>\n\n","protected":false},"excerpt":{"rendered":"<p>SV Einheit Bernburg 2016\/17 Ab sofort, vor allem weil die Nachfrage dazu da war, bietet der SV Einheit Bernburg wieder auf dem Einheit \u2013 Sportplatz ein Bambini \u2013 Training (G \u2013 Junioren Jahrgang 2010 und j\u00fcnger) an. Im vergangenen Spieljahr fehlte uns dazu ein Trainer. Diesen haben wir jetzt gefunden. Mit Enrico Erbring haben wir [&hellip;]<\/p>\n","protected":false},"author":3,"featured_media":0,"parent":8712,"menu_order":0,"comment_status":"closed","ping_status":"closed","template":"","meta":{"footnotes":""},"_links":{"self":[{"href":"https:\/\/einheit-bernburg.de\/content\/index.php?rest_route=\/wp\/v2\/pages\/8837"}],"collection":[{"href":"https:\/\/einheit-bernburg.de\/content\/index.php?rest_route=\/wp\/v2\/pages"}],"about":[{"href":"https:\/\/einheit-bernburg.de\/content\/index.php?rest_route=\/wp\/v2\/types\/page"}],"author":[{"embeddable":true,"href":"https:\/\/einheit-bernburg.de\/content\/index.php?rest_route=\/wp\/v2\/users\/3"}],"replies":[{"embeddable":true,"href":"https:\/\/einheit-bernburg.de\/content\/index.php?rest_route=%2Fwp%2Fv2%2Fcomments&post=8837"}],"version-history":[{"count":1,"href":"https:\/\/einheit-bernburg.de\/content\/index.php?rest_route=\/wp\/v2\/pages\/8837\/revisions"}],"predecessor-version":[{"id":8838,"href":"https:\/\/einheit-bernburg.de\/content\/index.php?rest_route=\/wp\/v2\/pages\/8837\/revisions\/8838"}],"up":[{"embeddable":true,"href":"https:\/\/einheit-bernburg.de\/content\/index.php?rest_route=\/wp\/v2\/pages\/8712"}],"wp:attachment":[{"href":"https:\/\/einheit-bernburg.de\/content\/index.php?rest_route=%2Fwp%2Fv2%2Fmedia&parent=8837"}],"curies":[{"name":"wp","href":"https:\/\/api.w.org\/{rel}","templated":true}]}}