{"id":8860,"date":"2017-08-08T14:20:57","date_gmt":"2017-08-08T12:20:57","guid":{"rendered":"http:\/\/einheit-bernburg.de\/content\/?page_id=8860"},"modified":"2017-08-08T14:20:57","modified_gmt":"2017-08-08T12:20:57","slug":"archiv-kader-u-zielstellung-g-junioren-tv-askania-bernburg-201617","status":"publish","type":"page","link":"https:\/\/einheit-bernburg.de\/content\/?page_id=8860","title":{"rendered":"Archiv Kader u. Zielstellung G-Junioren TV Askania Bernburg 2016\/17"},"content":{"rendered":"<h1 class=\"aufm\">TV Askania Bernburg<\/h1>\n<h3>2016\/17<\/h3>\n<p>Die Bambinis des TV Askania Bernburg laufen in dieser Saison als eigenst\u00e4ndige Mannschaft im Rahmen der KOOP Einheit-Askania auf. Mit Thomas Golembowski hat sich ein neuer Trainer f\u00fcr die Kids gefunden. Die bisherigen Trainer C. B\u00fcttner (Einheit) und H. Schmidt (Askania) gehen mit ihren Kids mit und werden in der Saison 2016\/17 die F2 &#8211; Junioren der KOOP Askania-Einheit Bernburg betreuen.<br \/>\nEltern mit Ihren Kindern, die Interesse und Lust haben spielerisch das Fu\u00dfballspielen zu erlenen und Spa\u00df zu haben, sind nat\u00fcrlich an den Trainingstagen stets zum Schnuppern gern gesehen.<\/p>\n<p>Wir w\u00fcnschen dem neuen Trainer der Askania-Bambinis viel Erfolg f\u00fcr das neue Spieljahr!<\/p>\n<hr \/>\n<div class=\"su-table su-table-alternate\">\n<table>\n<tbody>\n<tr>\n<td style=\"width: 25%\"><strong>Ansprechpartner<\/strong><\/td>\n<td>Markus Becker (Jugendleiter &#8211; Askania) Mobil: 0160 \/ 973 796 29<\/td>\n<\/tr>\n<tr>\n<td style=\"width: 25%\"><strong>Trainingszeit<br \/>\n<\/strong><\/td>\n<td>Montag 16:30 Uhr &#8211; 17:30 Uhr Askania &#8211; Sportplatz<\/td>\n<\/tr>\n<tr>\n<td style=\"width: 25%\"><strong>Hallentraining<\/strong><\/td>\n<td>Mittwoch 17:00 Uhr \u2013 18:00 Uhr\u00a0 Sporthalle der Goetheschule (ab 17.10.2016 m\u00f6glich)<\/td>\n<\/tr>\n<tr>\n<td style=\"width: 25%\"><strong>Trainer<\/strong><\/td>\n<td>Thomas Golembowski\u00a0 Mobil: <span class=\"st\">0177 \/ 688 68 73<\/span><\/td>\n<\/tr>\n<tr>\n<td style=\"width: 25%\"><strong>Co &#8211; Trainer<\/strong><\/td>\n<td><\/td>\n<\/tr>\n<tr>\n<td style=\"width: 25%\"><strong>Zielstellung<\/strong><\/td>\n<td>Spa\u00df und Spielfreude am Fu\u00dfballspiel entwickeln und f\u00f6rdern<\/td>\n<\/tr>\n<\/tbody>\n<\/table>\n<\/div>\n<hr \/>\n<h3>Kader<\/h3>\n<p>&nbsp;<\/p>\n","protected":false},"excerpt":{"rendered":"<p>TV Askania Bernburg 2016\/17 Die Bambinis des TV Askania Bernburg laufen in dieser Saison als eigenst\u00e4ndige Mannschaft im Rahmen der KOOP Einheit-Askania auf. Mit Thomas Golembowski hat sich ein neuer Trainer f\u00fcr die Kids gefunden. Die bisherigen Trainer C. B\u00fcttner (Einheit) und H. Schmidt (Askania) gehen mit ihren Kids mit und werden in der Saison [&hellip;]<\/p>\n","protected":false},"author":3,"featured_media":0,"parent":8841,"menu_order":0,"comment_status":"closed","ping_status":"closed","template":"","meta":{"footnotes":""},"_links":{"self":[{"href":"https:\/\/einheit-bernburg.de\/content\/index.php?rest_route=\/wp\/v2\/pages\/8860"}],"collection":[{"href":"https:\/\/einheit-bernburg.de\/content\/index.php?rest_route=\/wp\/v2\/pages"}],"about":[{"href":"https:\/\/einheit-bernburg.de\/content\/index.php?rest_route=\/wp\/v2\/types\/page"}],"author":[{"embeddable":true,"href":"https:\/\/einheit-bernburg.de\/content\/index.php?rest_route=\/wp\/v2\/users\/3"}],"replies":[{"embeddable":true,"href":"https:\/\/einheit-bernburg.de\/content\/index.php?rest_route=%2Fwp%2Fv2%2Fcomments&post=8860"}],"version-history":[{"count":1,"href":"https:\/\/einheit-bernburg.de\/content\/index.php?rest_route=\/wp\/v2\/pages\/8860\/revisions"}],"predecessor-version":[{"id":8861,"href":"https:\/\/einheit-bernburg.de\/content\/index.php?rest_route=\/wp\/v2\/pages\/8860\/revisions\/8861"}],"up":[{"embeddable":true,"href":"https:\/\/einheit-bernburg.de\/content\/index.php?rest_route=\/wp\/v2\/pages\/8841"}],"wp:attachment":[{"href":"https:\/\/einheit-bernburg.de\/content\/index.php?rest_route=%2Fwp%2Fv2%2Fmedia&parent=8860"}],"curies":[{"name":"wp","href":"https:\/\/api.w.org\/{rel}","templated":true}]}}